{"id":23087,"date":"2017-06-27T06:20:05","date_gmt":"2017-06-27T06:20:05","guid":{"rendered":"https:\/\/agroflex.cz\/kontakte\/"},"modified":"2025-09-19T08:27:25","modified_gmt":"2025-09-19T08:27:25","slug":"kontakte","status":"publish","type":"page","link":"https:\/\/agroflex.cz\/de\/kontakte\/","title":{"rendered":"Kontakte"},"content":{"rendered":"<div class=\"wpb-content-wrapper\"><p>[vc_row equal_height=&#8220;yes&#8220; css_animation=&#8220;fadeIn&#8220; css=&#8220;.vc_custom_1496931930911{margin-right: -40px !important;margin-left: -40px !important;}&#8220;][vc_column offset=&#8220;vc_col-lg-6 vc_col-md-6&#8243; css=&#8220;.vc_custom_1496932335926{border-right-width: 1px !important;padding-top: 20px !important;padding-right: 40px !important;padding-bottom: 10px !important;padding-left: 40px !important;border-right-color: rgba(129,129,129,0.2) !important;border-right-style: solid !important;}&#8220;]\n\t\t<div id=\"wd-5ccd7cd38d0c0\" class=\"title-wrapper wd-wpb wd-set-mb reset-last-child  wd-rs-5ccd7cd38d0c0 wd-title-color-default wd-title-style-bordered text-left vc_custom_1556970713179 wd-underline-colored\">\n\t\t\t\n\t\t\t<div class=\"liner-continer\">\n\t\t\t\t<h4 class=\"woodmart-title-container title  wd-font-weight- wd-fontsize-l\" >KONTAKTIEREN SIE UNS<\/h4>\n\t\t\t\t\t\t\t<\/div>\n\t\t\t\n\t\t\t\n\t\t\t\n\t\t<\/div>\n\t\t\n\t\t\n<div class=\"wpcf7 no-js\" id=\"wpcf7-f13869-o1\" lang=\"cs-CZ\" dir=\"ltr\" data-wpcf7-id=\"13869\">\n<div class=\"screen-reader-response\"><p role=\"status\" aria-live=\"polite\" aria-atomic=\"true\"><\/p> <ul><\/ul><\/div>\n<form action=\"\/de\/wp-json\/wp\/v2\/pages\/23087#wpcf7-f13869-o1\" method=\"post\" class=\"wpcf7-form init\" aria-label=\"Kontaktn\u00ed formul\u00e1\u0159\" novalidate=\"novalidate\" data-status=\"init\">\n<fieldset class=\"hidden-fields-container\"><input type=\"hidden\" name=\"_wpcf7\" value=\"13869\" \/><input type=\"hidden\" name=\"_wpcf7_version\" value=\"6.1.4\" \/><input type=\"hidden\" name=\"_wpcf7_locale\" value=\"cs_CZ\" \/><input type=\"hidden\" name=\"_wpcf7_unit_tag\" value=\"wpcf7-f13869-o1\" \/><input type=\"hidden\" name=\"_wpcf7_container_post\" value=\"0\" \/><input type=\"hidden\" name=\"_wpcf7_posted_data_hash\" value=\"\" \/>\n<\/fieldset>\n<p><label> Va\u0161e jm\u00e9no*<br \/>\n<span class=\"wpcf7-form-control-wrap\" data-name=\"your-name\"><input size=\"40\" maxlength=\"400\" class=\"wpcf7-form-control wpcf7-text wpcf7-validates-as-required\" aria-required=\"true\" aria-invalid=\"false\" value=\"\" type=\"text\" name=\"your-name\" \/><\/span> <\/label>\n<\/p>\n<p><label> V\u00e1\u0161 e-mail*<br \/>\n<span class=\"wpcf7-form-control-wrap\" data-name=\"your-email\"><input size=\"40\" maxlength=\"400\" class=\"wpcf7-form-control wpcf7-email wpcf7-validates-as-required wpcf7-text wpcf7-validates-as-email\" aria-required=\"true\" aria-invalid=\"false\" value=\"\" type=\"email\" name=\"your-email\" \/><\/span> <\/label>\n<\/p>\n<p><label> Telefonn\u00ed \u010d\u00edslo*<br \/>\n<span class=\"wpcf7-form-control-wrap\" data-name=\"tel\"><input size=\"40\" maxlength=\"400\" class=\"wpcf7-form-control wpcf7-tel wpcf7-validates-as-required wpcf7-text wpcf7-validates-as-tel\" aria-required=\"true\" aria-invalid=\"false\" value=\"\" type=\"tel\" name=\"tel\" \/><\/span><\/label>\n<\/p>\n<p><label> P\u0159edm\u011bt<br \/>\n<span class=\"wpcf7-form-control-wrap\" data-name=\"your-subject\"><input size=\"40\" maxlength=\"400\" class=\"wpcf7-form-control wpcf7-text\" aria-invalid=\"false\" value=\"\" type=\"text\" name=\"your-subject\" \/><\/span> <\/label>\n<\/p>\n<p><label> Va\u0161e zpr\u00e1va<br \/>\n<span class=\"wpcf7-form-control-wrap\" data-name=\"your-message\"><textarea cols=\"40\" rows=\"10\" maxlength=\"2000\" class=\"wpcf7-form-control wpcf7-textarea\" aria-invalid=\"false\" name=\"your-message\"><\/textarea><\/span> <\/label>\n<\/p>\n<p><input class=\"wpcf7-form-control wpcf7-submit has-spinner\" type=\"submit\" value=\"Odeslat\" \/>\n<\/p><div class=\"wpcf7-response-output\" aria-hidden=\"true\"><\/div>\n<\/form>\n<\/div>\n[\/vc_column][vc_column offset=&#8220;vc_col-lg-6 vc_col-md-6&#8243; css=&#8220;.vc_custom_1496932331302{padding-top: 20px !important;padding-right: 40px !important;padding-bottom: 10px !important;padding-left: 40px !important;}&#8220;]\n\t\t<div id=\"wd-5ccd7c6d3b8c7\" class=\"title-wrapper wd-wpb wd-set-mb reset-last-child  wd-rs-5ccd7c6d3b8c7 wd-title-color-default wd-title-style-bordered text-left vc_custom_1556970640524 wd-underline-colored\">\n\t\t\t\n\t\t\t<div class=\"liner-continer\">\n\t\t\t\t<h4 class=\"woodmart-title-container title  wd-font-weight- wd-fontsize-l\" >Kontakte<\/h4>\n\t\t\t\t\t\t\t<\/div>\n\t\t\t\n\t\t\t\n\t\t\t\n\t\t<\/div>\n\t\t\n\t\t[vc_row_inner css=&#8220;.vc_custom_1484253288811{margin-bottom: 0px !important;}&#8220;][vc_column_inner width=&#8220;1\/2&#8243;]\t\t\t<div class=\"info-box-wrapper\">\n\t\t\t\t<div id=\"wd-64c93ba56b9d3\" class=\" wd-rs-64c93ba56b9d3 wd-info-box wd-wpb text-left box-icon-align-left box-style- color-scheme- wd-bg-none wd-items-top vc_custom_1690909614971\">\n\t\t\t\t\t\t\t\t\t\t<div class=\"info-box-content\">\n\t\t\t\t\t\t\t\t\t\t\t\t<div class=\"info-box-inner reset-last-child\"><p><strong><span style=\"color: #000000;\">Email:<\/span>  <\/strong><strong>  <\/strong>info@agroflex.cz<\/p>\n<p><span style=\"color: #000000;\"><strong>Technische Fragen,  <\/strong><\/span><br \/>\n<span style=\"color: #000000;\"><strong>Anspruch:<\/strong><\/span><br \/>\n<strong>+420 773 038 555<\/strong><\/p>\n<p><span style=\"color: #333333;\"><strong>Auftr\u00e4ge:<\/strong><br \/>\n<\/span><strong>Tel.: +420 775 535 510<\/strong><\/p>\n<p><strong>Montag &#8211; Freitag: 10.00 &#8211; 16.00 Uhr<\/strong><\/p>\n<\/div>\n\n\t\t\t\t\t\t\t\t\t\t\t<\/div>\n\n\t\t\t\t\t\n\t\t\t\t\t\t\t\t\t<\/div>\n\t\t\t<\/div>\n\t\t\t\t\t<div class=\"info-box-wrapper\">\n\t\t\t\t<div id=\"wd-60900593ef63f\" class=\" wd-rs-60900593ef63f wd-info-box wd-wpb text-left box-icon-align-top box-style- color-scheme- wd-bg-none \">\n\t\t\t\t\t\t\t\t\t\t<div class=\"info-box-content\">\n\t\t\t\t\t\t<h4 class=\"info-box-title title box-title-style-default wd-fontsize-m\">Bankkonto CZK<\/h4>\t\t\t\t\t\t<div class=\"info-box-inner reset-last-child\"><p><span style=\"color: #333333;\">Komer\u010dn\u00ed banka<br \/>\n123-4044450247\/0100<br \/>\nIBAN CZ39 0100 0001 2340 4445 0247<br \/>\nBIC \/ SWIFT KOMBCZPPXXX<\/span><\/p>\n<\/div>\n\n\t\t\t\t\t\t\t\t\t\t\t<\/div>\n\n\t\t\t\t\t\n\t\t\t\t\t\t\t\t\t<\/div>\n\t\t\t<\/div>\n\t\t\t\t\t<div class=\"info-box-wrapper\">\n\t\t\t\t<div id=\"wd-651ae028d7c28\" class=\" wd-rs-651ae028d7c28 wd-info-box wd-wpb text-left box-icon-align-top box-style- color-scheme- wd-bg-none \">\n\t\t\t\t\t\t\t\t\t\t<div class=\"info-box-content\">\n\t\t\t\t\t\t<h4 class=\"info-box-title title box-title-style-default wd-fontsize-m\">EURO-Bankkonto<\/h4>\t\t\t\t\t\t<div class=\"info-box-inner reset-last-child\"><p><span style=\"color: #333333;\">\u010cesk\u00e1 spo\u0159itelna<br \/>\n2209692203\/0800<br \/>\nIBAN CZ88 0800 0000 0022 0969 2203<br \/>\nBIC \/ SWIFT GIBACZPX<br \/>\n<\/span><\/p>\n<\/div>\n\n\t\t\t\t\t\t\t\t\t\t\t<\/div>\n\n\t\t\t\t\t\n\t\t\t\t\t\t\t\t\t<\/div>\n\t\t\t<\/div>\n\t\t[\/vc_column_inner][vc_column_inner width=&#8220;1\/2&#8243;]\t\t\t<div class=\"info-box-wrapper\">\n\t\t\t\t<div id=\"wd-60737142b2e8d\" class=\" wd-rs-60737142b2e8d wd-info-box wd-wpb text-left box-icon-align-left box-style- color-scheme- wd-bg-none wd-items-top vc_custom_1618178388613\">\n\t\t\t\t\t\t\t\t\t\t\t<div class=\"box-icon-wrapper  box-with-icon box-icon-simple\">\n\t\t\t\t\t\t\t<div class=\"info-box-icon\">\n\n\t\t\t\t\t\t\t\n\t\t\t\t\t\t\t\t\t\t\t\t\t\t\t\t\t<img decoding=\"async\" width=\"60\" height=\"60\" src=\"https:\/\/agroflex.cz\/wp-content\/uploads\/2019\/05\/firmy-60x60.jpg\" class=\"attachment-60x60 size-60x60\" alt=\"zahradn\u00ed sklen\u00edky akce\" \/>\t\t\t\t\t\t\t\t\t\t\t\t\t\t\t\n\t\t\t\t\t\t\t<\/div>\n\t\t\t\t\t\t<\/div>\n\t\t\t\t\t\t\t\t\t\t<div class=\"info-box-content\">\n\t\t\t\t\t\t<h4 class=\"info-box-title title box-title-style-default wd-fontsize-m\">Lager<\/h4>\t\t\t\t\t\t<div class=\"info-box-inner reset-last-child\"><p><span style=\"color: #333333;\"><strong>Adresse: <\/strong><\/span> Ma\u0161kova 2351\/1,182<br \/>\n 00 Prag 8<\/p>\n<\/div>\n\n\t\t\t\t\t\t\t\t\t\t\t<\/div>\n\n\t\t\t\t\t\n\t\t\t\t\t\t\t\t\t<\/div>\n\t\t\t<\/div>\n\t\t\t\t\t<div class=\"info-box-wrapper\">\n\t\t\t\t<div id=\"wd-609004fd51dee\" class=\" wd-rs-609004fd51dee wd-info-box wd-wpb text-left box-icon-align-top box-style- color-scheme- wd-bg-none \">\n\t\t\t\t\t\t\t\t\t\t<div class=\"info-box-content\">\n\t\t\t\t\t\t<h4 class=\"info-box-title title box-title-style-default wd-fontsize-m\">Shop-Betreiber<\/h4>\t\t\t\t\t\t<div class=\"info-box-inner reset-last-child\"><p><span style=\"color: #333333;\"><strong><\/strong><br \/>\n www.agroflex.cz<span style=\"color: #333333;\">Agroflex Profi s.r.o<br \/>\nID 28550099<br \/>\nSTEUERNUMMER CZ28550099<\/span><\/span><\/p>\n<p>\n<\/div>\n\n\t\t\t\t\t\t\t\t\t\t\t<\/div>\n\n\t\t\t\t\t\n\t\t\t\t\t\t\t\t\t<\/div>\n\t\t\t<\/div>\n\t\t\t\t\t<div class=\"info-box-wrapper\">\n\t\t\t\t<div id=\"wd-6090054866839\" class=\" wd-rs-6090054866839 wd-info-box wd-wpb text-left box-icon-align-left box-style- color-scheme- wd-bg-none wd-items-top vc_custom_1620051284986\">\n\t\t\t\t\t\t\t\t\t\t<div class=\"info-box-content\">\n\t\t\t\t\t\t<h4 class=\"info-box-title title box-title-style-default wd-fontsize-m\">Eingetragener Sitz - Korrespondenzadresse<\/h4>\t\t\t\t\t\t<div class=\"info-box-inner reset-last-child\"><p><span style=\"color: #333333;\">\u010cern\u00e1 1692\/6, Prag<br \/>\nNov\u00e9 M\u011bsto, 110 00<br \/>\nAgroflex Profi s.r.o.<\/span><\/p>\n<\/div>\n\n\t\t\t\t\t\t\t\t\t\t\t<\/div>\n\n\t\t\t\t\t\n\t\t\t\t\t\t\t\t\t<\/div>\n\t\t\t<\/div>\n\t\t[\/vc_column_inner][\/vc_row_inner]\n\t\t<div id=\"wd-5cd58df2b6511\" class=\"title-wrapper wd-wpb wd-set-mb reset-last-child  wd-rs-5cd58df2b6511 wd-title-color-default wd-title-style-bordered text-left vc_custom_1557499385940 wd-underline-colored\">\n\t\t\t\n\t\t\t<div class=\"liner-continer\">\n\t\t\t\t<h4 class=\"woodmart-title-container title  wd-font-weight- wd-fontsize-l\" >Information<\/h4>\n\t\t\t\t\t\t\t<\/div>\n\t\t\t\n\t\t\t\n\t\t\t\n\t\t<\/div>\n\t\t\n\t\t[vc_column_text text_larger=&#8220;no&#8220; woodmart_inline=&#8220;no&#8220;]Alles rund um Fragen zu Bestellungen, Versand, Reklamationen, etc. erledigen wir unter den oben genannten Kontakten. Wir bieten eine individuelle Herangehensweise und g\u00fcnstige Preise.   <strong>Wir arbeiten mit allen Regionen der Tschechischen Republik und der EU zusammen!<\/strong><\/p>\n<p><span style=\"color: #ff9900;\"><em><strong><a style=\"color: #ff9900;\">Kostenloser Versand \u00fcberall in der Tschechischen Republik &#8211; ab einem Einkaufswert von 11.000 CZK<\/a><\/strong><\/em><\/span><\/p>\n<p><span style=\"color: #ff9900;\"><em><strong>au\u00dferhalb des Territoriums der Tschechischen Republik ab 100 Euro<\/strong><\/em><\/span><\/p>\n<p><span style=\"font-family: verdana, geneva, sans-serif; font-size: 10pt;\">In <span style=\"color: #000000;\"><b class=\"sec\">unserem<\/b> <b class=\"sec\">Lager<\/b><\/span> k\u00f6nnen Sie alle Gew\u00e4chsh\u00e4user, die wir haben, auf der Website sehen. Bitte beachten Sie, dass Sie sich vor einem pers\u00f6nlichen Besuch bitte zuerst telefonisch mit uns in Verbindung setzen, da es zu Fehlzeiten kommen kann. <\/span><\/p>\n<table style=\"width: 517px;\">\n<tbody>\n<tr>\n<td style=\"width: 176.35px;\"><img decoding=\"async\" class=\"wp-image-4949 alignleft\" src=\"https:\/\/agroflex.cz\/wp-content\/uploads\/2019\/11\/IMG-20190618-WA0019.jpg\" alt=\"\" width=\"168\" height=\"126\"><\/td>\n<td style=\"width: 129.267px;\"><img decoding=\"async\" class=\" wp-image-4951 aligncenter\" src=\"https:\/\/agroflex.cz\/wp-content\/uploads\/2019\/11\/Sklenik-Titan-doprava-1.jpeg\" alt=\"\" width=\"100\" height=\"133\"><\/td>\n<td style=\"width: 189.383px;\"><img decoding=\"async\" class=\"alignnone wp-image-5133\" src=\"https:\/\/agroflex.cz\/wp-content\/uploads\/2019\/04\/poliksklad.jpg\" alt=\"\" width=\"102\" height=\"136\"><\/td>\n<\/tr>\n<\/tbody>\n<\/table>\n<p><span style=\"color: #333333; font-family: verdana, geneva, sans-serif; font-size: 10pt;\"><strong>Sind Sie an einer gr\u00f6\u00dferen Anzahl unserer<\/strong> <strong>Produkte<\/strong> interessiert? Schreiben Sie uns und wir erstellen umgehend ein spezielles Preisangebot f\u00fcr Sie. <\/span><\/p>\n<p><span style=\"font-family: verdana, geneva, sans-serif; font-size: 10pt;\">Wir besch\u00e4ftigen uns <strong><a href=\"https:\/\/agroflex.cz\/velkoobchod-zahradni-skleniky\/\">mit GROSSHANDEL<\/a><\/strong> Wir sind direkte Hersteller<\/span>[\/vc_column_text][vc_separator css=&#8220;.vc_custom_1484254145420{margin-bottom: 30px !important;}&#8220;][\/vc_column][\/vc_row]<\/p>\n<\/div>","protected":false},"excerpt":{"rendered":"<p>[vc_row equal_height=&#8220;yes&#8220; css_animation=&#8220;fadeIn&#8220; css=&#8220;.vc_custom_1496931930911{margin-right: -40px !important;margin-left: -40px !important;}&#8220;][vc_column offset=&#8220;vc_col-lg-6 vc_col-md-6&#8243; css=&#8220;.vc_custom_1496932335926{border-right-width: 1px !important;padding-top: 20px !important;padding-right: 40px !important;padding-bottom: 10px !important;padding-left: 40px<\/p>\n","protected":false},"author":1,"featured_media":0,"parent":0,"menu_order":0,"comment_status":"closed","ping_status":"closed","template":"","meta":{"footnotes":""},"class_list":["post-23087","page","type-page","status-publish","hentry"],"_links":{"self":[{"href":"https:\/\/agroflex.cz\/de\/wp-json\/wp\/v2\/pages\/23087","targetHints":{"allow":["GET"]}}],"collection":[{"href":"https:\/\/agroflex.cz\/de\/wp-json\/wp\/v2\/pages"}],"about":[{"href":"https:\/\/agroflex.cz\/de\/wp-json\/wp\/v2\/types\/page"}],"author":[{"embeddable":true,"href":"https:\/\/agroflex.cz\/de\/wp-json\/wp\/v2\/users\/1"}],"replies":[{"embeddable":true,"href":"https:\/\/agroflex.cz\/de\/wp-json\/wp\/v2\/comments?post=23087"}],"version-history":[{"count":0,"href":"https:\/\/agroflex.cz\/de\/wp-json\/wp\/v2\/pages\/23087\/revisions"}],"wp:attachment":[{"href":"https:\/\/agroflex.cz\/de\/wp-json\/wp\/v2\/media?parent=23087"}],"curies":[{"name":"wp","href":"https:\/\/api.w.org\/{rel}","templated":true}]}}