{"id":18231,"date":"2025-07-23T13:24:35","date_gmt":"2025-07-23T13:24:35","guid":{"rendered":"https:\/\/agroflex.cz\/product\/agrofolie-plane-fuer-foliengewaechshaus-abdeckung-fuer-gewaechshaeuser-transparent\/"},"modified":"2025-09-22T14:54:08","modified_gmt":"2025-09-22T14:54:08","slug":"agrofolie-plane-fuer-foliengewaechshaus-abdeckung-fuer-gewaechshaeuser-transparent","status":"publish","type":"product","link":"https:\/\/agroflex.cz\/de\/produkt\/agrofolie-plane-fuer-foliengewaechshaus-abdeckung-fuer-gewaechshaeuser-transparent\/","title":{"rendered":"Agrofilm &#8211; Folienfolie &#8211; Gew\u00e4chshausabdeckung, transparent."},"content":{"rendered":"","protected":false},"excerpt":{"rendered":"<p>UV-best\u00e4ndige Polyethylenfolie f\u00fcr Gew\u00e4chsh\u00e4user, Gew\u00e4chshausabdeckung.<\/p>\n<p>Abmessungen:<\/p>\n<p> &#8211; Breite 600 m<\/p>\n<p> &#8211; L\u00e4nge 100 m<\/p>\n<p> &#8211; Dicke 100 \u03bcm<\/p>\n<p> &#8211; Fl\u00e4che 600 m2<\/p>\n<p> &#8211; farbige transparente<\/p>\n<p>Folie, die zum Abdecken von Bereichen, Folientunneln geeignet ist &#8211; direkte Sonneneinstrahlung f\u00fcr 8 Monate.<\/p>\n","protected":false},"featured_media":18233,"comment_status":"closed","ping_status":"closed","template":"","meta":[],"product_brand":[419],"product_cat":[515,516],"product_tag":[],"class_list":{"0":"post-18231","1":"product","2":"type-product","3":"status-publish","4":"has-post-thumbnail","6":"product_brand-agroflex","7":"product_cat-zubehor","8":"product_cat-agrofolie-transparent","10":"first","11":"instock","12":"sale","13":"taxable","14":"shipping-taxable","15":"purchasable","16":"product-type-simple"},"_links":{"self":[{"href":"https:\/\/agroflex.cz\/de\/wp-json\/wp\/v2\/product\/18231","targetHints":{"allow":["GET"]}}],"collection":[{"href":"https:\/\/agroflex.cz\/de\/wp-json\/wp\/v2\/product"}],"about":[{"href":"https:\/\/agroflex.cz\/de\/wp-json\/wp\/v2\/types\/product"}],"replies":[{"embeddable":true,"href":"https:\/\/agroflex.cz\/de\/wp-json\/wp\/v2\/comments?post=18231"}],"wp:featuredmedia":[{"embeddable":true,"href":"https:\/\/agroflex.cz\/de\/wp-json\/wp\/v2\/media\/18233"}],"wp:attachment":[{"href":"https:\/\/agroflex.cz\/de\/wp-json\/wp\/v2\/media?parent=18231"}],"wp:term":[{"taxonomy":"product_brand","embeddable":true,"href":"https:\/\/agroflex.cz\/de\/wp-json\/wp\/v2\/product_brand?post=18231"},{"taxonomy":"product_cat","embeddable":true,"href":"https:\/\/agroflex.cz\/de\/wp-json\/wp\/v2\/product_cat?post=18231"},{"taxonomy":"product_tag","embeddable":true,"href":"https:\/\/agroflex.cz\/de\/wp-json\/wp\/v2\/product_tag?post=18231"}],"curies":[{"name":"wp","href":"https:\/\/api.w.org\/{rel}","templated":true}]}}