{"id":18364,"date":"2023-09-14T20:21:01","date_gmt":"2023-09-14T20:21:01","guid":{"rendered":"https:\/\/agroflex.cz\/product\/starkes-polycarbonat-gewaechshaus-rimessa-l30v\/"},"modified":"2026-03-30T16:31:13","modified_gmt":"2026-03-30T16:31:13","slug":"starkes-polycarbonat-gewaechshaus-rimessa-l30v","status":"publish","type":"product","link":"https:\/\/agroflex.cz\/de\/produkt\/starkes-polycarbonat-gewaechshaus-rimessa-l30v\/","title":{"rendered":"Starkes Polycarbonat-Gew\u00e4chshaus RIMESSA L30V"},"content":{"rendered":"<div class=\"wpb-content-wrapper\"><p>[vc_row][vc_column][vc_separator style=&#8220;shadow&#8220; border_width=&#8220;5&#8243;][vc_column_text css=&#8220;&#8220; text_larger=&#8220;no&#8220; woodmart_inline=&#8220;no&#8220;]<\/p>\n<h2 style=\"text-align: center;\">Polycarbonat-Gew\u00e4chshaus f\u00fcr Garten RIMESSA L30V<span id=\"1\" class=\"HALYaf KKjvXb\" role=\"tabpanel\"><\/span><\/h2>\n<p><span id=\"1\" class=\"HALYaf KKjvXb\" role=\"tabpanel\"><span class=\"zRhise\"><span class=\"PkjLuf \" title=\"ganzj\u00e4hriges Gew\u00e4chshaus\">Das ganzj\u00e4hrig ge\u00f6ffnete<\/span><\/span><\/span>Pferdegartengew\u00e4chshaus aus Polycarbonat mit einer Kombination aus geraden W\u00e4nden und einem Bogendach RIMESSA L30V ist eine geeignete Wahl f\u00fcr G\u00e4rtner, die eine zuverl\u00e4ssige und langlebige Struktur f\u00fcr den Anbau von Pflanzen suchen.<\/p>\n<p>Die Struktur des Gew\u00e4chshauses besteht aus hochwertigem Stahl, der seine Stabilit\u00e4t und Festigkeit gew\u00e4hrleistet. Die Abdeckung besteht aus strapazierf\u00e4higem Polycarbonat, das die Pflanzen vor \u00fcberm\u00e4\u00dfiger Sonneneinstrahlung sch\u00fctzt und hervorragende Isolationseigenschaften aufweist. Die Montage ist dank des mitgelieferten Anleitungssatzes relativ einfach.  <\/p>\n<p>Der Stahl der Konstruktion wird au\u00dfen und innen mit dem sogenannten Hei\u00dfverfahren verzinkt, wodurch Sie w\u00e4hrend der gesamten Ausbeutung keine Angst vor Rost haben. Als Rohrmaterial wird verzinkter Stahl verwendet. Das Gew\u00e4chshaus hat eine Doppelkonstruktion aus Stahl mit einer Traglast von bis zu 350 kg aus hochwertigem Stahl 40&#215;20 und 20&#215;20 mit einer Dicke von 1 mm. Sie verwenden quadratische Kupplungen (Spider), um die Profile zu verbinden.    <\/p>\n<p>Gew\u00e4chsh\u00e4user dieser Serie sind sehr stark und zuverl\u00e4ssig. Sie sind unter Ber\u00fccksichtigung aller klimatischen Bedingungen konzipiert und halten nicht nur starken Winden mit B\u00f6en von bis zu 40 m\/s, sondern auch einer meterlangen Schneeschicht stand. Die vordere und hintere Front haben Fl\u00fcgelt\u00fcren, jede T\u00fcr enth\u00e4lt L\u00fcftungsfenster. Polycarbonat-Gew\u00e4chshaus beidseitig befahrbar.   <\/p>\n<p>Wir bieten auch eine breitere Variante des Gew\u00e4chshauses <strong><a href=\"https:\/\/agroflex.cz\/produkt\/zahradni-sklenik-agroflex-rimessa-l40\/\"><span style=\"text-decoration: underline;\">Agroflex Rimessa L40<\/span><\/a><\/strong> oder eine noch schmalere Variante der Gew\u00e4chsh\u00e4user <span style=\"text-decoration: underline;\"><strong><a href=\"https:\/\/agroflex.cz\/produkt\/sklenik-z-polykarbonatu-agroflex-rimessa-l25\/\">Rimessa L25<\/a><\/strong><\/span> oder <span style=\"text-decoration: underline;\"><strong><a href=\"https:\/\/agroflex.cz\/produkt\/zahradni-sklenik-agroflex-rimessa-l27\/\">Rimessa L27<\/a> an.<\/strong><\/span>[\/vc_column_text][vc_separator][vc_column_text css=&#8220;&#8220; text_larger=&#8220;no&#8220; woodmart_inline=&#8220;no&#8220;]<\/p>\n<h4 style=\"text-align: center;\">Polycarbonat-Verglasung<\/h4>\n<p>Speziell zertifiziertes Premium-Polycarbonat-Hohlraum f\u00fcr Gartengew\u00e4chsh\u00e4user mit UV-Filter. Der Vorteil dieses Produkts ist seine hohe W\u00e4rmed\u00e4mmung gegen Glas. Best\u00e4ndig gegen mechanische Besch\u00e4digungen, Witterungseinfl\u00fcsse und Hagel. Au\u00dfergew\u00f6hnliche Transluzenz von Polycarbonat (Klarheit &#8211; bis zu 86%).   <\/p>\n<p>Sie k\u00f6nnen aus mehreren Designs w\u00e4hlen, das Gartengew\u00e4chshaus RIMESSA L30V ist mit 4 mm, 6 mm Polycarbonat ausgestattet, das eine st\u00f6rungsfreie und lange Lebensdauer garantiert. F\u00fcr anspruchsvollere Kunden und Profis bieten wir die Versionen des Gartengew\u00e4chshauses RIMESSA L30V an, die mit Polycarbonat von 8 mm bis 10 mm ausgestattet sind. <\/p>\n<p>Polycarbonat wird in einer Rolle geliefert und mit selbstschneidenden Schrauben an der Struktur befestigt.[\/vc_column_text][\/vc_column][\/vc_row][vc_row][vc_column width=&#8220;1\/2&#8243;][vc_separator style=&#8220;shadow&#8220; border_width=&#8220;5&#8243;][vc_text_separator title=&#8220;Empfohlenes Zubeh\u00f6r :&#8220; title_align=&#8220;separator_align_left&#8220; align=&#8220;align_left&#8220;]<div class=\"widget_products \"><div class=\"widget woocommerce widget_products\"><ul class=\"product_list_widget\"><li>\n\t\t<span class=\"widget-product-wrap\">\n\t\t<a href=\"https:\/\/agroflex.cz\/de\/produkt\/aero-100-automatischer-fensteroeffner-fuer-gewaechshaeuser\/\" title=\"AERO-100 Automatischer Fenster\u00f6ffner f\u00fcr Gew\u00e4chsh\u00e4user\" class=\"widget-product-img\">\n\t\t\t<img decoding=\"async\" width=\"300\" height=\"300\" src=\"https:\/\/agroflex.cz\/wp-content\/uploads\/2023\/09\/avtomat2-1-300x300.jpg\" class=\"attachment-woocommerce_thumbnail size-woocommerce_thumbnail\" alt=\"Olejov\u00fd p\u00edst do sklen\u00edku\" srcset=\"https:\/\/agroflex.cz\/wp-content\/uploads\/2023\/09\/avtomat2-1-300x300.jpg 300w, https:\/\/agroflex.cz\/wp-content\/uploads\/2023\/09\/avtomat2-1-150x150.jpg 150w, https:\/\/agroflex.cz\/wp-content\/uploads\/2023\/09\/avtomat2-1-600x600.jpg 600w, https:\/\/agroflex.cz\/wp-content\/uploads\/2023\/09\/avtomat2-1.jpg 690w\" sizes=\"(max-width: 300px) 100vw, 300px\" \/>\t\t<\/a>\n\t\t<span class=\"widget-product-info\">\n\t\t\t<a href=\"https:\/\/agroflex.cz\/de\/produkt\/aero-100-automatischer-fensteroeffner-fuer-gewaechshaeuser\/\" title=\"AERO-100 Automatischer Fenster\u00f6ffner f\u00fcr Gew\u00e4chsh\u00e4user\" class=\"wd-entities-title\">\n\t\t\t\tAERO-100 Automatischer Fenster\u00f6ffner f\u00fcr Gew\u00e4chsh\u00e4user\t\t\t<\/a>\n\t\t\t\t\t\t\t\t\t\t\t\t\t<span class=\"price\"><del aria-hidden=\"true\"><span class=\"woocommerce-Price-amount amount\"><bdi>1 632<span class=\"woocommerce-Price-currencySymbol\">&#75;&#269;<\/span><\/bdi><\/span><\/del> <span class=\"screen-reader-text\">Urspr\u00fcnglicher Preis war: 1 632&#075;&#269;<\/span><ins aria-hidden=\"true\"><span class=\"woocommerce-Price-amount amount\"><bdi>1 531<span class=\"woocommerce-Price-currencySymbol\">&#75;&#269;<\/span><\/bdi><\/span><\/ins><span class=\"screen-reader-text\">Aktueller Preis ist: 1 531&#075;&#269;.<\/span><\/span>\n\t\t<\/span>\n\t<\/span>\n\t<\/li>\n<\/ul><\/div><\/div>[vc_separator style=&#8220;shadow&#8220; border_width=&#8220;5&#8243;][vc_column_text text_larger=&#8220;no&#8220; woodmart_inline=&#8220;no&#8220;]<\/p>\n<h4 style=\"text-align: center;\"><span style=\"color: #000000;\">Parameter des Gew\u00e4chshauses:<\/span><\/h4>\n<table>\n<tbody>\n<tr style=\"height: 24px;\">\n<td style=\"width: 185.867px; height: 24px; text-align: left;\">Art der Konstruktion<\/td>\n<td style=\"width: 243.133px; height: 24px; text-align: right;\">Abnehmbare B\u00f6gen<\/td>\n<\/tr>\n<tr style=\"height: 24px;\">\n<td style=\"width: 185.867px; height: 24px; text-align: left;\">Zul\u00e4ssige Belastung<\/td>\n<td style=\"width: 243.133px; height: 24px; text-align: right;\">350 kg\/m2<\/td>\n<\/tr>\n<tr style=\"height: 24px;\">\n<td style=\"width: 185.867px; height: 24px; text-align: left;\">Breite<\/td>\n<td style=\"width: 243.133px; height: 24px; text-align: right;\">3 m<\/td>\n<\/tr>\n<tr style=\"height: 24px;\">\n<td style=\"width: 185.867px; height: 24px; text-align: left;\">H\u00f6he<\/td>\n<td style=\"width: 243.133px; height: 24px; text-align: right;\">ca. 2,27 m<\/td>\n<\/tr>\n<tr style=\"height: 24px;\">\n<td style=\"width: 185.867px; height: 24px; text-align: left;\">L\u00e4nge (Varianten)<\/td>\n<td style=\"width: 243.133px; height: 24px; text-align: right;\">4,02 m; 6,02 m; 8,02 m; 10,02 m; 12,02 m (l\u00e4nger &#8211; Modulation in 2 m-Schritten m\u00f6glich)<\/td>\n<\/tr>\n<tr style=\"height: 24px;\">\n<td style=\"width: 185.867px; height: 24px; text-align: left;\">Material der Verglasung<\/td>\n<td style=\"width: 243.133px; height: 24px; text-align: right;\">Polycarbonat 4mm, 6mm, 8mm, 10mm<\/td>\n<\/tr>\n<tr style=\"height: 24px;\">\n<td style=\"width: 185.867px; height: 24px; text-align: left;\">Fl\u00e4chengewicht<\/td>\n<td style=\"width: 243.133px; height: 24px; text-align: right;\">800 g\/m2 &#8211; 1700 g\/m2<\/td>\n<\/tr>\n<tr style=\"height: 24px;\">\n<td style=\"width: 185.867px; height: 24px; text-align: left;\">UV-Schutz von<\/td>\n<p> Polycarbonat<\/p>\n<td style=\"width: 243.133px; height: 24px; text-align: right;\">ja<\/td>\n<\/tr>\n<tr style=\"height: 24px;\">\n<td style=\"width: 161.267px; height: 24px; text-align: left;\">Baumaterial<\/td>\n<td style=\"width: 292.733px; height: 24px; text-align: right;\">verzinkter Stahl<\/td>\n<\/tr>\n<tr style=\"height: 24px;\">\n<td style=\"width: 161.267px; height: 24px; text-align: left;\">Interne<\/td>\n<p> Verst\u00e4rkung<\/p>\n<td style=\"width: 292.733px; height: 24px; text-align: right;\"> Doppelstahl 40&#215;20 und 20x20mm<\/td>\n<\/tr>\n<tr style=\"height: 24px;\">\n<td style=\"width: 161.267px; height: 24px; text-align: left;\">Bewehrungsst\u00e4be<\/td>\n<td style=\"width: 292.733px; height: 24px; text-align: right;\">7 Zeilen<\/td>\n<\/tr>\n<tr style=\"height: 24px;\">\n<td style=\"width: 185.867px; height: 24px; text-align: left;\">\n Festigkeit der Stahlwand<\/td>\n<td style=\"width: 243.133px; height: 24px; text-align: right;\">1 mm<\/td>\n<\/tr>\n<tr style=\"height: 35px;\">\n<td style=\"width: 185.867px; height: 35px; text-align: left;\">Abstand zwischen Kurven<\/td>\n<td style=\"width: 243.133px; height: 35px; text-align: right;\">1 Meter<\/td>\n<\/tr>\n<tr style=\"height: 24px;\">\n<td style=\"width: 170.4px; height: 24px; text-align: left;\">Art<\/td>\n<td style=\"width: 268.6px; height: 24px; text-align: right;\">beidseitig befahrbar<\/td>\n<\/tr>\n<tr style=\"height: 24px;\">\n<td style=\"width: 170.4px; height: 24px; text-align: left;\">Haust\u00fcren<\/td>\n<td style=\"width: 268.6px; height: 24px; text-align: right;\">2 Stk.<\/td>\n<\/tr>\n<tr style=\"height: 35px;\">\n<td style=\"width: 170.4px; height: 35px; text-align: left;\">L\u00fcftungs-Fensterfront<\/td>\n<td style=\"width: 268.6px; height: 35px; text-align: right;\">2 Stk.<\/td>\n<\/tr>\n<tr style=\"height: 24px;\">\nVerankerung <\/p>\n<td style=\"width: 185.867px; height: 24px; text-align: left;\">aus<\/td>\n<p> Polycarbonat<\/p>\n<td style=\"width: 243.133px; height: 24px; text-align: right;\">Schrauben mit Unterlegscheiben und Muttern M5<\/td>\n<\/tr>\n<tr style=\"height: 24px;\">\n<td style=\"width: 185.867px; height: 24px; text-align: left;\">Ankerf\u00fc\u00dfe &#8220; T &#8222;<\/td>\n<td style=\"width: 243.133px; height: 24px; text-align: right;\">Im Paket enthalten<\/td>\n<\/tr>\n<tr style=\"height: 24px;\">\n<td style=\"width: 185.867px; height: 24px; text-align: left;\">Basis<\/td>\n<td style=\"width: 243.133px; height: 24px; text-align: right;\">Wir empfehlen<\/td>\n<\/tr>\n<tr style=\"height: 24px;\">\n<td style=\"width: 185.867px; height: 24px; text-align: left;\">Verankerung<\/td>\n<td style=\"width: 243.133px; height: 24px; text-align: right;\">Verwandte <a href=\"https:\/\/agroflex.cz\/kategorie-produktu\/zubehor\/kotveni-skleniku\/\" target=\"_blank\" rel=\"noopener\">Produkte<\/a><\/td>\n<\/tr>\n<tr style=\"height: 24px;\">\n<td style=\"width: 185.867px; height: 24px; text-align: left;\">Garantie aus<\/td>\n<p> Polycarbonat<\/p>\n<td style=\"width: 243.133px; height: 24px; text-align: right;\">10 Jahre<\/td>\n<\/tr>\n<tr style=\"height: 35px;\">\n<td style=\"width: 185.867px; height: 35px; text-align: left;\">Garantie auf die Konstruktion<\/td>\n<td style=\"width: 243.133px; height: 35px; text-align: right;\">5 Jahre<\/td>\n<\/tr>\n<\/tbody>\n<\/table>\n<p><span style=\"font-size: 10pt;\">F\u00fcr den Fall, dass Sie sich nicht um die Montage des notwendigen Gew\u00e4chshauszubeh\u00f6rs k\u00fcmmern m\u00f6chten, bieten wir komplette <a href=\"https:\/\/agroflex.cz\/kategorie-produktu\/zubehor\/sada-prislusenstvi\/\"><strong>verschiedene Sets \/ Sets von Gew\u00e4chshauszubeh\u00f6r an.<\/strong><\/a><\/span>[\/vc_column_text][vc_separator style=&#8220;shadow&#8220; border_width=&#8220;5&#8243;][\/vc_column][vc_column width=&#8220;1\/2&#8243;][vc_separator style=&#8220;shadow&#8220; border_width=&#8220;5&#8243;][vc_column_text text_larger=&#8220;no&#8220; woodmart_inline=&#8220;no&#8220;]<\/p>\n<div class=\"vc_row wpb_row vc_row-fluid\">\n<div class=\"wpb_column vc_column_container vc_col-sm-12\">\n<div class=\"vc_column-inner\">\n<div class=\"wpb_wrapper\">\n<div class=\"wpb_text_column wpb_content_element\">\n<div class=\"wpb_wrapper\">\n<h4 style=\"text-align: center;\">Fundamente f\u00fcr ein Gew\u00e4chshaus<\/h4>\n<p>Um die Haltbarkeit des Gew\u00e4chshauses zu gew\u00e4hrleisten, wird empfohlen, es auf einem vorbereiteten Sockel zu installieren &#8211; einem Fundament, das auf der Grundlage seiner Abmessungen um den Umfang des Sockels hergestellt wird, beispielsweise in Form eines Rahmens mit einer Dicke von 100&#8230; 200 mm, wodurch die Korrosionsaktivit\u00e4t erheblich reduziert wird. Der Rahmen des Gew\u00e4chshauses sollte mit Schrauben oder N\u00e4geln am Fundament befestigt werden, um ein Umkippen bei starkem Wind zu verhindern. <\/p>\n<p>Das Gartengew\u00e4chshaus kann je nach Priorit\u00e4t jedes Kunden befestigt werden, es kann in den Boden eingebaut werden (die Befestigung erfolgt durch Ankerf\u00fc\u00dfe), Holzprismen 10 x 10 cm oder auf einem Betonsockel. Der Rahmen des Gew\u00e4chshauses sollte mit Schrauben oder N\u00e4geln am Fundament befestigt werden, um ein Umkippen unter dem Einfluss starker Windb\u00f6en zu verhindern.  Im Allgemeinen ist jedoch die Verankerung auf einem Betonsockel die bessere Wahl, um die Korrosionsaktivit\u00e4t erheblich zu reduzieren.<\/p>\n<\/div>\n<\/div>\n<\/div>\n<\/div>\n<\/div>\n<\/div>\n<p>[\/vc_column_text]<div class=\"widget_products \"><div class=\"widget woocommerce widget_products\"><ul class=\"product_list_widget\"><li>\n\t\t<span class=\"widget-product-wrap\">\n\t\t<a href=\"https:\/\/agroflex.cz\/de\/produkt\/botanik-blechsockel-fuer-gewaechshaeuser\/\" title=\"Botanik Blechsockel f\u00fcr Gew\u00e4chsh\u00e4user\" class=\"widget-product-img\">\n\t\t\t<img decoding=\"async\" width=\"300\" height=\"300\" src=\"https:\/\/agroflex.cz\/wp-content\/uploads\/2023\/09\/Zakladna-pro-zahradni-skleniky-Agroflex-300x300.jpg\" class=\"attachment-woocommerce_thumbnail size-woocommerce_thumbnail\" alt=\"\" srcset=\"https:\/\/agroflex.cz\/wp-content\/uploads\/2023\/09\/Zakladna-pro-zahradni-skleniky-Agroflex-300x300.jpg 300w, https:\/\/agroflex.cz\/wp-content\/uploads\/2023\/09\/Zakladna-pro-zahradni-skleniky-Agroflex-150x150.jpg 150w\" sizes=\"(max-width: 300px) 100vw, 300px\" \/>\t\t<\/a>\n\t\t<span class=\"widget-product-info\">\n\t\t\t<a href=\"https:\/\/agroflex.cz\/de\/produkt\/botanik-blechsockel-fuer-gewaechshaeuser\/\" title=\"Botanik Blechsockel f\u00fcr Gew\u00e4chsh\u00e4user\" class=\"wd-entities-title\">\n\t\t\t\tBotanik Blechsockel f\u00fcr Gew\u00e4chsh\u00e4user\t\t\t<\/a>\n\t\t\t\t\t\t\t\t\t\t\t\t\t<span class=\"price\"><span class=\"woocommerce-Price-amount amount\" aria-hidden=\"true\"><bdi>968<span class=\"woocommerce-Price-currencySymbol\">&#75;&#269;<\/span><\/bdi><\/span> <span aria-hidden=\"true\"> \u2013 <\/span> <span class=\"woocommerce-Price-amount amount\" aria-hidden=\"true\"><bdi>3 267<span class=\"woocommerce-Price-currencySymbol\">&#75;&#269;<\/span><\/bdi><\/span><span class=\"screen-reader-text\">Preisspanne: 968&#75;&#269; bis 3 267&#75;&#269;<\/span><\/span>\n\t\t<\/span>\n\t<\/span>\n\t<\/li>\n<\/ul><\/div><\/div>[vc_separator style=&#8220;shadow&#8220; border_width=&#8220;5&#8243;][vc_column_text css=&#8220;&#8220; text_larger=&#8220;no&#8220; woodmart_inline=&#8220;no&#8220;]<\/p>\n<div class=\"vc_row wpb_row vc_row-fluid\">\n<div class=\"wpb_column vc_column_container vc_col-sm-12\">\n<div class=\"vc_column-inner\">\n<div class=\"wpb_wrapper\">\n<div class=\"wpb_text_column wpb_content_element\">\n<div class=\"wpb_wrapper\">\n<h5 style=\"text-align: center;\">Halterungen<\/h5>\n<p>Auch die Montage eines Gew\u00e4chshauses ist einfach und erfordert keine besonderen F\u00e4higkeiten. Es wird nur ein minimales Set an Werkzeugen ben\u00f6tigt \u2013 ein Schraubenschl\u00fcssel, ein Schraubendreher, ein Messer. Eine detaillierte Anleitung erhalten Sie zusammen mit dem Gew\u00e4chshaus. Die illustrierte Anleitung wird den Bau eines Gew\u00e4chshauses weiter vereinfachen.   <\/p>\n<p>Wenn Sie keine Zeit f\u00fcr die Installation haben, <a href=\"https:\/\/agroflex.cz\/montaz-skleniku\/\" target=\"_blank\" rel=\"noopener\"><strong>k\u00f6nnen Sie die Installation<\/strong><\/a> bei unseren Spezialisten bestellen, die mit hohem Fachwissen und in k\u00fcrzester Zeit alles f\u00fcr Sie zusammenbauen. Obwohl die Montage des gesamten Gew\u00e4chshauses einfach ist, nimmt es die meiste Zeit in Anspruch, das Polycarbonat zu schneiden, zu kanten und an beiden Vorderseiten des Gew\u00e4chshauses zu montieren. Deshalb bieten wir Ihnen die M\u00f6glichkeit, diesen Teil <a href=\"https:\/\/agroflex.cz\/montaz-skleniku\/\" target=\"_blank\" rel=\"noopener\"><strong>der Montage<\/strong><\/a> zu bestellen, der in unserem Lager durchgef\u00fchrt wird, Sie erhalten vom Spediteur beide Frontseiten mit Polycarbonat gef\u00fcllt.  <\/p>\n<p>Das Gew\u00e4chshaus kann modifiziert werden und die Umsetzung von Erweiterungen ist in Zukunft m\u00f6glich, so dass die theoretische L\u00e4nge des Gew\u00e4chshauses unbegrenzt ist<\/p>\n<\/div>\n<\/div>\n<\/div>\n<\/div>\n<\/div>\n<\/div>\n<p>[\/vc_column_text][vc_separator style=&#8220;shadow&#8220; border_width=&#8220;5&#8243;][vc_column_text woodmart_inline=&#8220;no&#8220; text_larger=&#8220;no&#8220;]<\/p>\n<h4 style=\"text-align: center;\">Alternativen<\/h4>\n<p>[\/vc_column_text]<div class=\"widget_products \"><div class=\"widget woocommerce widget_products\"><ul class=\"product_list_widget\"><li>\n\t\t<span class=\"widget-product-wrap\">\n\t\t<a href=\"https:\/\/agroflex.cz\/de\/produkt\/premium-gewaechshaus-aus-polycarbonat-titan-lux\/\" title=\"Premium-Gew\u00e4chshaus aus Polycarbonat TITAN LUX\" class=\"widget-product-img\">\n\t\t\t<img decoding=\"async\" width=\"300\" height=\"300\" src=\"https:\/\/agroflex.cz\/wp-content\/uploads\/2023\/09\/zahradni-sklenik-300x300.jpg\" class=\"attachment-woocommerce_thumbnail size-woocommerce_thumbnail\" alt=\"polykarbon\u00e1tov\u00fd sklen\u00edk\" \/>\t\t<\/a>\n\t\t<span class=\"widget-product-info\">\n\t\t\t<a href=\"https:\/\/agroflex.cz\/de\/produkt\/premium-gewaechshaus-aus-polycarbonat-titan-lux\/\" title=\"Premium-Gew\u00e4chshaus aus Polycarbonat TITAN LUX\" class=\"wd-entities-title\">\n\t\t\t\tPremium-Gew\u00e4chshaus aus Polycarbonat TITAN LUX\t\t\t<\/a>\n\t\t\t\t\t\t\t<div class=\"star-rating\" role=\"img\" aria-label=\"Bewertet mit 5.00 von 5\"><span style=\"width:100%\">Bewertet mit <strong class=\"rating\">5.00<\/strong> von 5<\/span><\/div>\t\t\t\t\t\t<span class=\"price\"><span class=\"woocommerce-Price-amount amount\" aria-hidden=\"true\"><bdi>22 363<span class=\"woocommerce-Price-currencySymbol\">&#75;&#269;<\/span><\/bdi><\/span> <span aria-hidden=\"true\"> \u2013 <\/span> <span class=\"woocommerce-Price-amount amount\" aria-hidden=\"true\"><bdi>67 086<span class=\"woocommerce-Price-currencySymbol\">&#75;&#269;<\/span><\/bdi><\/span><span class=\"screen-reader-text\">Preisspanne: 22 363&#75;&#269; bis 67 086&#75;&#269;<\/span><\/span>\n\t\t<\/span>\n\t<\/span>\n\t<\/li>\n<\/ul><\/div><\/div>[vc_separator style=&#8220;shadow&#8220; border_width=&#8220;5&#8243;][\/vc_column][\/vc_row]<\/p>\n<\/div>","protected":false},"excerpt":{"rendered":"<p><span style=\"font-size: 10pt;\"><span style=\"color: #ff0000;\"><strong>Nach oben!  <\/strong><\/span>Die Breite des Gew\u00e4chshauses betr\u00e4gt 3 m, die H\u00f6he 2,27 m, die L\u00e4nge ab 2 m. Dieses Gew\u00e4chshaus aus Polycarbonat ist ideal f\u00fcr anspruchsvolle Z\u00fcchter und wurde f\u00fcr den Anbau hoher Pflanzen entwickelt. Er verf\u00fcgt \u00fcber eine ultrastarke, verzinkte Doppelkonstruktion aus St\u00e4hlen. Spezielles Polycarbonat mit UV-Filter ist resistent gegen Hagel. Das Gew\u00e4chshaus ist auch f\u00fcr bergige Gebiete geeignet und widerstandsf\u00e4hig gegen Wind und Schnee.    <\/span><\/p>\n<div class=\"mb-2 flex gap-3 empty:hidden -ml-2\">\n<div class=\"items-center justify-start rounded-xl p-1 flex\">\n<div class=\"flex items-center\"><\/div>\n<\/div>\n<\/div>\n<p><span style=\"font-size: 10pt;\"> <\/span><\/p>\n","protected":false},"featured_media":18372,"comment_status":"open","ping_status":"closed","template":"","meta":[],"product_brand":[419],"product_cat":[480,655,654],"product_tag":[],"class_list":{"0":"post-18364","1":"product","2":"type-product","3":"status-publish","4":"has-post-thumbnail","6":"product_brand-agroflex","7":"product_cat-nicht-kategorisiert","8":"product_cat-gartengewachshauser-veranstaltungen","9":"product_cat-gewachshauser-typ-a","11":"first","12":"onbackorder","13":"sale","14":"taxable","15":"shipping-taxable","16":"purchasable","17":"product-type-variable","18":"has-default-attributes"},"_links":{"self":[{"href":"https:\/\/agroflex.cz\/de\/wp-json\/wp\/v2\/product\/18364","targetHints":{"allow":["GET"]}}],"collection":[{"href":"https:\/\/agroflex.cz\/de\/wp-json\/wp\/v2\/product"}],"about":[{"href":"https:\/\/agroflex.cz\/de\/wp-json\/wp\/v2\/types\/product"}],"replies":[{"embeddable":true,"href":"https:\/\/agroflex.cz\/de\/wp-json\/wp\/v2\/comments?post=18364"}],"wp:featuredmedia":[{"embeddable":true,"href":"https:\/\/agroflex.cz\/de\/wp-json\/wp\/v2\/media\/18372"}],"wp:attachment":[{"href":"https:\/\/agroflex.cz\/de\/wp-json\/wp\/v2\/media?parent=18364"}],"wp:term":[{"taxonomy":"product_brand","embeddable":true,"href":"https:\/\/agroflex.cz\/de\/wp-json\/wp\/v2\/product_brand?post=18364"},{"taxonomy":"product_cat","embeddable":true,"href":"https:\/\/agroflex.cz\/de\/wp-json\/wp\/v2\/product_cat?post=18364"},{"taxonomy":"product_tag","embeddable":true,"href":"https:\/\/agroflex.cz\/de\/wp-json\/wp\/v2\/product_tag?post=18364"}],"curies":[{"name":"wp","href":"https:\/\/api.w.org\/{rel}","templated":true}]}}