{"id":20259,"date":"2025-02-13T20:06:53","date_gmt":"2025-02-13T20:06:53","guid":{"rendered":"https:\/\/agroflex.cz\/product\/modernes-gartengewaechshaus-tulipan-l35h\/"},"modified":"2025-09-22T16:41:45","modified_gmt":"2025-09-22T16:41:45","slug":"modernes-gartengewaechshaus-tulipan-l35h","status":"publish","type":"product","link":"https:\/\/agroflex.cz\/de\/produkt\/modernes-gartengewaechshaus-tulipan-l35h\/","title":{"rendered":"Modernes Gartengew\u00e4chshaus TULIPAN L35H"},"content":{"rendered":"<div class=\"wpb-content-wrapper\"><p>[vc_row][vc_column][vc_separator style=&#8220;shadow&#8220; border_width=&#8220;5&#8243; wd_hide_on_desktop=&#8220;no&#8220; wd_hide_on_tablet=&#8220;no&#8220; wd_hide_on_mobile=&#8220;no&#8220;][\/vc_column][\/vc_row][vc_row][vc_column][vc_column_text css=&#8220;&#8220; woodmart_inline=&#8220;no&#8220; text_larger=&#8220;no&#8220;]<\/p>\n<div class=\"wpb_text_column wpb_content_element\">\n<div class=\"wpb_wrapper\">\n<h2 style=\"text-align: center;\">Polycarbonat-Gew\u00e4chshaus f\u00fcr Garten TULIPAN L35Hybrid  <span id=\"1\" class=\"HALYaf KKjvXb\" role=\"tabpanel\"><\/span><\/h2>\n<p><span id=\"1\" class=\"HALYaf KKjvXb\" role=\"tabpanel\"><span class=\"zRhise\"><span class=\"PkjLuf \" title=\"ganzj\u00e4hriges Gew\u00e4chshaus\">Das ganzj\u00e4hrig ge\u00f6ffnete ungarische<\/span><\/span><\/span>Gartengew\u00e4chshaus aus Polycarbonat mit einer Kombination aus geraden W\u00e4nden und einem Bogendach TULIPAN L35H verf\u00fcgt \u00fcber ein seitliches \u00d6ffnungssystem.<\/p>\n<p data-start=\"0\" data-end=\"15\">H\u00f6he 2,44 m<\/p>\n<ul data-start=\"16\" data-end=\"132\">\n<li data-start=\"16\" data-end=\"56\">bequeme Kultivierung von hohen Pflanzen;<\/li>\n<li data-start=\"57\" data-end=\"132\">stabilisiert die Temperatur in der Arbeitszone (die hei\u00dfeste Luft steigt auf).<\/li>\n<\/ul>\n<p data-start=\"134\" data-end=\"147\">Gerade W\u00e4nde<\/p>\n<ul data-start=\"148\" data-end=\"232\">\n<li data-start=\"148\" data-end=\"206\">Die Pflanzen sind nicht durch eine bogenf\u00f6rmige Form an den Seiten begrenzt;<\/li>\n<li data-start=\"207\" data-end=\"232\">gr\u00f6\u00dferes Gew\u00e4chshausvolumen.<\/li>\n<\/ul>\n<p data-start=\"234\" data-end=\"253\">Gew\u00f6lbtes Dach<\/p>\n<ul>\n<li>Polycarbonat liegt vollst\u00e4ndig auf Biegungen (keine zus\u00e4tzlichen Schnitte und Polycarbonat-Verbindungen, es flie\u00dft nicht);<\/li>\n<li>  Verschiebbare Seitenteile mit einer Breite von 1 Meter.<\/li>\n<\/ul>\n<p>Es kann als Gartengew\u00e4chshaus, Pavillon, Wintergarten oder Poolabdeckung verwendet werden.<\/p>\n<p>Der Stahl der Konstruktion wird au\u00dfen und innen mit dem sogenannten Hei\u00dfverfahren verzinkt, wodurch Sie w\u00e4hrend der gesamten Ausbeutung keine Angst vor Rost haben. Als Rohrmaterial wird verzinkter Stahl verwendet. Das Gew\u00e4chshaus hat eine Doppelkonstruktion aus Stahl mit einer Traglast von bis zu 220 kg aus hochwertigem Stahl 40\u00d720 und 20\u00d720 mit einer Dicke von 1 mm. Polycarbonat-Gew\u00e4chshaus beidseitig befahrbar.    <\/p>\n<\/div>\n<\/div>\n<p>[\/vc_column_text][vc_separator style=&#8220;shadow&#8220; border_width=&#8220;5&#8243; wd_hide_on_desktop=&#8220;no&#8220; wd_hide_on_tablet=&#8220;no&#8220; wd_hide_on_mobile=&#8220;no&#8220;][vc_column_text woodmart_inline=&#8220;no&#8220; text_larger=&#8220;no&#8220;]<\/p>\n<div class=\"wpb_text_column wpb_content_element\">\n<div class=\"wpb_wrapper\">\n<div class=\"vc_row wpb_row vc_row-fluid\">\n<div class=\"wpb_column vc_column_container vc_col-sm-12\">\n<div class=\"vc_column-inner\">\n<div class=\"wpb_wrapper\">\n<div class=\"wpb_text_column wpb_content_element\">\n<div class=\"wpb_wrapper\">\n<h2 style=\"text-align: center;\">Polycarbonat-Verglasung<\/h2>\n<p>Speziell zertifiziertes hohles Polycarbonat f\u00fcr Gartengew\u00e4chsh\u00e4user mit UV-Filter. Der Vorteil dieses Produkts ist seine hohe W\u00e4rmed\u00e4mmung gegen Glas. Best\u00e4ndig gegen mechanische Besch\u00e4digungen, Witterungseinfl\u00fcsse und Hagel. Au\u00dfergew\u00f6hnliche Transluzenz von Polycarbonat (Klarheit \u2013 bis zu 86%). Polycarbonat wird in einer Rolle geliefert und mit selbstschneidenden Schrauben an der Struktur befestigt.<\/p>\n<p>Das hohle Polycarbonat muss f\u00fcr den Winter nicht entfernt werden (das Gew\u00e4chshaus ist f\u00fcr eine hohe Schneelast von bis zu 220 kg\/m2 ausgelegt).<\/p>\n<p>Bewegliche Teile werden montiert geliefert (es muss nur der Griff angeschraubt werden)<\/p>\n<\/div>\n<\/div>\n<\/div>\n<\/div>\n<\/div>\n<\/div>\n<\/div>\n<\/div>\n<p>[\/vc_column_text][\/vc_column][\/vc_row][vc_row][vc_column width=&#8220;1\/2&#8243;][vc_separator style=&#8220;shadow&#8220; border_width=&#8220;5&#8243; wd_hide_on_desktop=&#8220;no&#8220; wd_hide_on_tablet=&#8220;no&#8220; wd_hide_on_mobile=&#8220;no&#8220;][vc_text_separator title=&#8220;Empfohlenes Zubeh\u00f6r :&#8220; title_align=&#8220;separator_align_left&#8220; align=&#8220;align_left&#8220;]<div class=\"widget_products \"><div class=\"widget woocommerce widget_products\"><ul class=\"product_list_widget\"><li>\n\t\t<span class=\"widget-product-wrap\">\n\t\t<a href=\"https:\/\/agroflex.cz\/de\/produkt\/aero-100-automatischer-fensteroeffner-fuer-gewaechshaeuser\/\" title=\"AERO-100 Automatischer Fenster\u00f6ffner f\u00fcr Gew\u00e4chsh\u00e4user\" class=\"widget-product-img\">\n\t\t\t<img decoding=\"async\" width=\"300\" height=\"300\" src=\"https:\/\/agroflex.cz\/wp-content\/uploads\/2023\/09\/avtomat2-1-300x300.jpg\" class=\"attachment-woocommerce_thumbnail size-woocommerce_thumbnail\" alt=\"Olejov\u00fd p\u00edst do sklen\u00edku\" srcset=\"https:\/\/agroflex.cz\/wp-content\/uploads\/2023\/09\/avtomat2-1-300x300.jpg 300w, https:\/\/agroflex.cz\/wp-content\/uploads\/2023\/09\/avtomat2-1-150x150.jpg 150w, https:\/\/agroflex.cz\/wp-content\/uploads\/2023\/09\/avtomat2-1-600x600.jpg 600w, https:\/\/agroflex.cz\/wp-content\/uploads\/2023\/09\/avtomat2-1.jpg 690w\" sizes=\"(max-width: 300px) 100vw, 300px\" \/>\t\t<\/a>\n\t\t<span class=\"widget-product-info\">\n\t\t\t<a href=\"https:\/\/agroflex.cz\/de\/produkt\/aero-100-automatischer-fensteroeffner-fuer-gewaechshaeuser\/\" title=\"AERO-100 Automatischer Fenster\u00f6ffner f\u00fcr Gew\u00e4chsh\u00e4user\" class=\"wd-entities-title\">\n\t\t\t\tAERO-100 Automatischer Fenster\u00f6ffner f\u00fcr Gew\u00e4chsh\u00e4user\t\t\t<\/a>\n\t\t\t\t\t\t\t\t\t\t\t\t\t<span class=\"price\"><del aria-hidden=\"true\"><span class=\"woocommerce-Price-amount amount\"><bdi>1 632<span class=\"woocommerce-Price-currencySymbol\">&#75;&#269;<\/span><\/bdi><\/span><\/del> <span class=\"screen-reader-text\">Urspr\u00fcnglicher Preis war: 1 632&#075;&#269;<\/span><ins aria-hidden=\"true\"><span class=\"woocommerce-Price-amount amount\"><bdi>1 531<span class=\"woocommerce-Price-currencySymbol\">&#75;&#269;<\/span><\/bdi><\/span><\/ins><span class=\"screen-reader-text\">Aktueller Preis ist: 1 531&#075;&#269;.<\/span><\/span>\n\t\t<\/span>\n\t<\/span>\n\t<\/li>\n<\/ul><\/div><\/div>[vc_separator style=&#8220;shadow&#8220; border_width=&#8220;5&#8243; wd_hide_on_desktop=&#8220;no&#8220; wd_hide_on_tablet=&#8220;no&#8220; wd_hide_on_mobile=&#8220;no&#8220;][vc_column_text woodmart_inline=&#8220;no&#8220; text_larger=&#8220;no&#8220;]<\/p>\n<h4 style=\"text-align: center;\"><span style=\"color: #000000;\"><strong>Parameter des Gew\u00e4chshauses:<\/strong><\/span><\/h4>\n<table>\n<tbody>\n<tr style=\"height: 24px;\">\n<td style=\"width: 201px; height: 24px; text-align: left;\">Art der Konstruktion<\/td>\n<td style=\"width: 262px; height: 24px; text-align: right;\">Feste B\u00f6gen<\/td>\n<\/tr>\n<tr style=\"height: 24px;\">\n<td style=\"width: 201px; height: 24px; text-align: left;\">Zul\u00e4ssige Belastung<\/td>\n<td style=\"width: 262px; height: 24px; text-align: right;\">220 kg<\/td>\n<\/tr>\n<tr style=\"height: 24px;\">\n<td style=\"width: 201px; height: 24px; text-align: left;\">Breite<\/td>\n<td style=\"width: 262px; height: 24px; text-align: right;\">3,50 m<\/td>\n<\/tr>\n<tr style=\"height: 24px;\">\n<td style=\"width: 201px; height: 24px; text-align: left;\">H\u00f6he<\/td>\n<td style=\"width: 262px; height: 24px; text-align: right;\">ca. 2,43 m<\/td>\n<\/tr>\n<tr style=\"height: 24px;\">\n<td style=\"width: 201px; height: 24px; text-align: left;\">L\u00e4nge (Varianten)<\/td>\n<td style=\"width: 262px; height: 24px; text-align: right;\">3,95 m; 5,91 m; 7,88 m; 984 m; 11,84 (Verl\u00e4ngerung nach 1.964 m ist auch m\u00f6glich)<\/td>\n<\/tr>\n<tr style=\"height: 24px;\">\n<td style=\"width: 201px; height: 24px; text-align: left;\">Material der Verglasung<\/td>\n<td style=\"width: 262px; height: 24px; text-align: right;\">Polycarbonat 4 mm (Reinheit &#8211; bis zu 86%).<\/td>\n<\/tr>\n<tr style=\"height: 24px;\">\n<td style=\"width: 185.867px; height: 24px; text-align: left;\">Fl\u00e4chengewicht<\/td>\n<td style=\"width: 243.133px; height: 24px; text-align: right;\">800 g\/m2 &#8211; 1700 g\/m2<\/td>\n<\/tr>\n<tr style=\"height: 24px;\">\n<td style=\"width: 185.867px; height: 24px; text-align: left;\">UV-Schutz von<\/td>\n<p> Polycarbonat<\/p>\n<td style=\"width: 243.133px; height: 24px; text-align: right;\">ja<\/td>\n<\/tr>\n<tr style=\"height: 24px;\">\n<td style=\"width: 201px; height: 24px; text-align: left;\">Baumaterial<\/td>\n<td style=\"width: 262px; height: 24px; text-align: right;\"> Verzinkter Stahl &#8211; Jekl quadratisch 40\u044520 \u043c\u043c<\/td>\n<\/tr>\n<tr style=\"height: 24px;\">\n<td style=\"width: 201px; height: 24px; text-align: left;\">\n Festigkeit der Stahlwand<\/td>\n<td style=\"width: 262px; height: 24px; text-align: right;\">1 mm<\/td>\n<\/tr>\n<tr style=\"height: 35px;\">\n<td style=\"width: 201px; height: 35px; text-align: left;\">Abstand zwischen Kurven<\/td>\n<td style=\"width: 262px; height: 35px; text-align: right;\">1 Meter<\/td>\n<\/tr>\n<tr style=\"height: 24px;\">\n<td style=\"width: 201px; height: 24px; text-align: left;\">Art<\/td>\n<td style=\"width: 262px; height: 24px; text-align: right;\">beidseitig befahrbar<\/td>\n<\/tr>\n<tr style=\"height: 24px;\">\n<td style=\"width: 201px; height: 24px; text-align: left;\">Haust\u00fcren<\/td>\n<td style=\"width: 262px; height: 24px; text-align: right;\">2 Stk.<\/td>\n<\/tr>\n<tr style=\"height: 35px;\">\n<td style=\"width: 201px; height: 35px; text-align: left;\">L\u00fcftungs-Fensterfront<\/td>\n<td style=\"width: 262px; height: 35px; text-align: right;\">2 Stk.<\/td>\n<\/tr>\n<tr style=\"height: 24px;\">\nVerankerung <\/p>\n<td style=\"width: 201px; height: 24px; text-align: left;\">aus<\/td>\n<p> Polycarbonat<\/p>\n<td style=\"width: 262px; height: 24px; text-align: right;\">ja<\/td>\n<\/tr>\n<tr style=\"height: 24px;\">\n<td style=\"width: 201px; height: 24px; text-align: left;\">Garantie aus<\/td>\n<p> Polycarbonat<\/p>\n<td style=\"width: 262px; height: 24px; text-align: right;\">10 Jahre<\/td>\n<\/tr>\n<tr style=\"height: 35px;\">\n<td style=\"width: 201px; height: 35px; text-align: left;\">Garantie auf die Konstruktion<\/td>\n<td style=\"width: 262px; height: 35px; text-align: right;\">2 Jahre<\/td>\n<\/tr>\n<tr style=\"height: 24px;\">\n<td style=\"width: 201px; height: 24px; text-align: left;\">Basis<\/td>\n<td style=\"width: 262px; height: 24px; text-align: right;\">notwendig<\/td>\n<\/tr>\n<tr style=\"height: 24px;\">\n<td style=\"width: 185.867px; height: 24px; text-align: left;\">Verankerung im Boden<\/td>\n<td style=\"width: 243.133px; height: 24px; text-align: right;\">Verwandte <a href=\"https:\/\/agroflex.cz\/de\/kategorie-produktu\/gewaechshausverankerung\/\" target=\"_blank\" rel=\"noopener\">Produkte<\/a><\/td>\n<\/tr>\n<\/tbody>\n<\/table>\n<p><span style=\"font-size: 10pt;\">F\u00fcr den Fall, dass Sie sich nicht um die Montage des notwendigen Gew\u00e4chshauszubeh\u00f6rs k\u00fcmmern m\u00f6chten, bieten wir komplette <a href=\"https:\/\/agroflex.cz\/de\/kategorie-produktu\/satz-zubehor\/\"><strong>verschiedene Sets \/ Sets von Gew\u00e4chshauszubeh\u00f6r an.<\/strong><\/a><\/span>[\/vc_column_text][vc_separator style=&#8220;shadow&#8220; border_width=&#8220;5&#8243; wd_hide_on_desktop=&#8220;no&#8220; wd_hide_on_tablet=&#8220;no&#8220; wd_hide_on_mobile=&#8220;no&#8220;][\/vc_column][vc_column width=&#8220;1\/2&#8243;][vc_separator style=&#8220;shadow&#8220; border_width=&#8220;5&#8243; wd_hide_on_desktop=&#8220;no&#8220; wd_hide_on_tablet=&#8220;no&#8220; wd_hide_on_mobile=&#8220;no&#8220;][vc_column_text woodmart_inline=&#8220;no&#8220; text_larger=&#8220;no&#8220;]<\/p>\n<h4 style=\"text-align: center;\">Fundamente f\u00fcr ein Gew\u00e4chshaus<\/h4>\n<p>Um die Haltbarkeit des Gew\u00e4chshauses zu gew\u00e4hrleisten, wird empfohlen, es auf einem vorbereiteten Sockel zu installieren &#8211; einem Fundament, das auf der Grundlage seiner Abmessungen um den Umfang des Sockels hergestellt wird, beispielsweise in Form eines Rahmens mit einer Dicke von 100&#8230; 200 mm, wodurch die Korrosionsaktivit\u00e4t erheblich reduziert wird. Der Rahmen des Gew\u00e4chshauses sollte mit Schrauben oder N\u00e4geln am Fundament befestigt werden, um ein Umkippen bei starkem Wind zu verhindern. <\/p>\n<p>Das Gartengew\u00e4chshaus kann je nach Priorit\u00e4t jedes Kunden befestigt werden, es kann in den Boden eingebaut werden (die Befestigung erfolgt durch Ankerf\u00fc\u00dfe), Holzprismen 10 x 10 cm oder auf einem Betonsockel. Der Rahmen des Gew\u00e4chshauses sollte mit Schrauben oder N\u00e4geln am Fundament befestigt werden, um ein Umkippen unter dem Einfluss starker Windb\u00f6en zu verhindern.  Im Allgemeinen ist jedoch die Verankerung auf einem Betonsockel die bessere Wahl, um die Korrosionsaktivit\u00e4t erheblich zu reduzieren.<\/p>\n<p>.[\/vc_column_text]<div class=\"widget_products \"><div class=\"widget woocommerce widget_products\"><ul class=\"product_list_widget\"><li>\n\t\t<span class=\"widget-product-wrap\">\n\t\t<a href=\"https:\/\/agroflex.cz\/de\/produkt\/botanik-blechsockel-fuer-gewaechshaeuser\/\" title=\"Botanik Blechsockel f\u00fcr Gew\u00e4chsh\u00e4user\" class=\"widget-product-img\">\n\t\t\t<img decoding=\"async\" width=\"300\" height=\"300\" src=\"https:\/\/agroflex.cz\/wp-content\/uploads\/2023\/09\/Zakladna-pro-zahradni-skleniky-Agroflex-300x300.jpg\" class=\"attachment-woocommerce_thumbnail size-woocommerce_thumbnail\" alt=\"\" srcset=\"https:\/\/agroflex.cz\/wp-content\/uploads\/2023\/09\/Zakladna-pro-zahradni-skleniky-Agroflex-300x300.jpg 300w, https:\/\/agroflex.cz\/wp-content\/uploads\/2023\/09\/Zakladna-pro-zahradni-skleniky-Agroflex-150x150.jpg 150w\" sizes=\"(max-width: 300px) 100vw, 300px\" \/>\t\t<\/a>\n\t\t<span class=\"widget-product-info\">\n\t\t\t<a href=\"https:\/\/agroflex.cz\/de\/produkt\/botanik-blechsockel-fuer-gewaechshaeuser\/\" title=\"Botanik Blechsockel f\u00fcr Gew\u00e4chsh\u00e4user\" class=\"wd-entities-title\">\n\t\t\t\tBotanik Blechsockel f\u00fcr Gew\u00e4chsh\u00e4user\t\t\t<\/a>\n\t\t\t\t\t\t\t\t\t\t\t\t\t<span class=\"price\"><span class=\"woocommerce-Price-amount amount\" aria-hidden=\"true\"><bdi>968<span class=\"woocommerce-Price-currencySymbol\">&#75;&#269;<\/span><\/bdi><\/span> <span aria-hidden=\"true\"> \u2013 <\/span> <span class=\"woocommerce-Price-amount amount\" aria-hidden=\"true\"><bdi>3 267<span class=\"woocommerce-Price-currencySymbol\">&#75;&#269;<\/span><\/bdi><\/span><span class=\"screen-reader-text\">Preisspanne: 968&#75;&#269; bis 3 267&#75;&#269;<\/span><\/span>\n\t\t<\/span>\n\t<\/span>\n\t<\/li>\n<\/ul><\/div><\/div>[vc_separator style=&#8220;shadow&#8220; border_width=&#8220;5&#8243; wd_hide_on_desktop=&#8220;no&#8220; wd_hide_on_tablet=&#8220;no&#8220; wd_hide_on_mobile=&#8220;no&#8220;][vc_column_text css=&#8220;&#8220; woodmart_inline=&#8220;no&#8220; text_larger=&#8220;no&#8220;]<\/p>\n<div class=\"vc_row wpb_row vc_row-fluid\">\n<div class=\"wpb_column vc_column_container vc_col-sm-12\">\n<div class=\"vc_column-inner\">\n<div class=\"wpb_wrapper\">\n<div class=\"wpb_text_column wpb_content_element\">\n<div class=\"wpb_wrapper\">\n<h5 style=\"text-align: center;\">Halterungen<\/h5>\n<p>Auch die Montage eines Gew\u00e4chshauses ist einfach und erfordert keine besonderen F\u00e4higkeiten. Es wird nur ein minimales Set an Werkzeugen ben\u00f6tigt \u2013 ein Schraubenschl\u00fcssel, ein Schraubendreher, ein Messer. Eine detaillierte Anleitung erhalten Sie zusammen mit dem Gew\u00e4chshaus. Die illustrierte Anleitung wird den Bau eines Gew\u00e4chshauses weiter vereinfachen.   <\/p>\n<p>Wenn Sie keine Zeit f\u00fcr die Installation haben, <a href=\"https:\/\/agroflex.cz\/de\/montage-des-gewaechshauses\/\" target=\"_blank\" rel=\"noopener\"><strong>k\u00f6nnen Sie die Installation<\/strong><\/a> bei unseren Spezialisten bestellen, die mit hohem Fachwissen und in k\u00fcrzester Zeit alles f\u00fcr Sie zusammenbauen. Obwohl die Montage des gesamten Gew\u00e4chshauses einfach ist, nimmt es die meiste Zeit in Anspruch, das Polycarbonat zu schneiden, zu kanten und an beiden Vorderseiten des Gew\u00e4chshauses zu montieren. Deshalb bieten wir Ihnen die M\u00f6glichkeit, diesen Teil <a href=\"https:\/\/agroflex.cz\/de\/montage-des-gewaechshauses\/\" target=\"_blank\" rel=\"noopener\"><strong>der Montage<\/strong><\/a> zu bestellen, der in unserem Lager durchgef\u00fchrt wird, Sie erhalten vom Spediteur beide Frontseiten mit Polycarbonat gef\u00fcllt. <\/p>\n<p>Das Gew\u00e4chshaus kann modifiziert werden und die Umsetzung von Erweiterungen ist in Zukunft m\u00f6glich, so dass die theoretische L\u00e4nge des Gew\u00e4chshauses unbegrenzt ist<\/p>\n<\/div>\n<\/div>\n<\/div>\n<\/div>\n<\/div>\n<\/div>\n<p>[\/vc_column_text][vc_separator style=&#8220;shadow&#8220; border_width=&#8220;5&#8243; wd_hide_on_desktop=&#8220;no&#8220; wd_hide_on_tablet=&#8220;no&#8220; wd_hide_on_mobile=&#8220;no&#8220;][vc_column_text woodmart_inline=&#8220;no&#8220; text_larger=&#8220;no&#8220;]<\/p>\n<h4 style=\"text-align: center;\">Alternativen<\/h4>\n<p>[\/vc_column_text]<div class=\"widget_products \"><div class=\"widget woocommerce widget_products\"><ul class=\"product_list_widget\"><li>\n\t\t<span class=\"widget-product-wrap\">\n\t\t<a href=\"https:\/\/agroflex.cz\/de\/produkt\/luxus-gewaechshaus-aus-polycarbonat-tulipan\/\" title=\"Luxus-Gew\u00e4chshaus aus Polycarbonat TULIPAN\" class=\"widget-product-img\">\n\t\t\t<img decoding=\"async\" width=\"300\" height=\"300\" src=\"https:\/\/agroflex.cz\/wp-content\/uploads\/2023\/09\/Polykarbonatovy-sklenik-Agroflex-Botanik-Tulipan-MAIN-2-300x300.png\" class=\"attachment-woocommerce_thumbnail size-woocommerce_thumbnail\" alt=\"zahradn\u00ed sklen\u00edk greenhouse polycarbonate zahradn\u00ed sklen\u00edk\" srcset=\"https:\/\/agroflex.cz\/wp-content\/uploads\/2023\/09\/Polykarbonatovy-sklenik-Agroflex-Botanik-Tulipan-MAIN-2-300x300.png 300w, https:\/\/agroflex.cz\/wp-content\/uploads\/2023\/09\/Polykarbonatovy-sklenik-Agroflex-Botanik-Tulipan-MAIN-2-150x150.png 150w\" sizes=\"(max-width: 300px) 100vw, 300px\" \/>\t\t<\/a>\n\t\t<span class=\"widget-product-info\">\n\t\t\t<a href=\"https:\/\/agroflex.cz\/de\/produkt\/luxus-gewaechshaus-aus-polycarbonat-tulipan\/\" title=\"Luxus-Gew\u00e4chshaus aus Polycarbonat TULIPAN\" class=\"wd-entities-title\">\n\t\t\t\tLuxus-Gew\u00e4chshaus aus Polycarbonat TULIPAN\t\t\t<\/a>\n\t\t\t\t\t\t\t\t\t\t\t\t\t<span class=\"price\"><span class=\"woocommerce-Price-amount amount\" aria-hidden=\"true\"><bdi>30 875<span class=\"woocommerce-Price-currencySymbol\">&#75;&#269;<\/span><\/bdi><\/span> <span aria-hidden=\"true\"> \u2013 <\/span> <span class=\"woocommerce-Price-amount amount\" aria-hidden=\"true\"><bdi>73 575<span class=\"woocommerce-Price-currencySymbol\">&#75;&#269;<\/span><\/bdi><\/span><span class=\"screen-reader-text\">Preisspanne: 30 875&#75;&#269; bis 73 575&#75;&#269;<\/span><\/span>\n\t\t<\/span>\n\t<\/span>\n\t<\/li>\n<\/ul><\/div><\/div>[vc_separator style=&#8220;shadow&#8220; border_width=&#8220;5&#8243; wd_hide_on_desktop=&#8220;no&#8220; wd_hide_on_tablet=&#8220;no&#8220; wd_hide_on_mobile=&#8220;no&#8220;][\/vc_column][\/vc_row]<\/p>\n<\/div>","protected":false},"excerpt":{"rendered":"<p><span style=\"color: #ff0000;\"><strong>NACHRICHTEN!<\/strong> <\/span><span style=\"font-size: 10pt;\">Die Breite des Gew\u00e4chshauses betr\u00e4gt 3,5 m, die H\u00f6he 2,43 m, die L\u00e4nge ab 4 m. Dieses praktische und vielseitige Gew\u00e4chshaus aus Polycarbonat ist mit \u00d6ffnungsseiten ausgestattet. Das zertifizierte Polycarbonat mit UV-Filter sorgt f\u00fcr eine Lichtdurchl\u00e4ssigkeit von bis zu 86%.  <\/span><\/p>\n","protected":false},"featured_media":20273,"comment_status":"open","ping_status":"closed","template":"","meta":[],"product_brand":[419],"product_cat":[480,817,654,906,824],"product_tag":[],"class_list":{"0":"post-20259","1":"product","2":"type-product","3":"status-publish","4":"has-post-thumbnail","6":"product_brand-agroflex","7":"product_cat-nicht-kategorisiert","8":"product_cat-gewolbungsgewachshauser","9":"product_cat-gewachshauser-typ-a","10":"product_cat-schiebedacher","11":"product_cat-abdeckung-des-pools","13":"first","14":"instock","15":"taxable","16":"shipping-taxable","17":"purchasable","18":"product-type-variable","19":"has-default-attributes"},"_links":{"self":[{"href":"https:\/\/agroflex.cz\/de\/wp-json\/wp\/v2\/product\/20259","targetHints":{"allow":["GET"]}}],"collection":[{"href":"https:\/\/agroflex.cz\/de\/wp-json\/wp\/v2\/product"}],"about":[{"href":"https:\/\/agroflex.cz\/de\/wp-json\/wp\/v2\/types\/product"}],"replies":[{"embeddable":true,"href":"https:\/\/agroflex.cz\/de\/wp-json\/wp\/v2\/comments?post=20259"}],"wp:featuredmedia":[{"embeddable":true,"href":"https:\/\/agroflex.cz\/de\/wp-json\/wp\/v2\/media\/20273"}],"wp:attachment":[{"href":"https:\/\/agroflex.cz\/de\/wp-json\/wp\/v2\/media?parent=20259"}],"wp:term":[{"taxonomy":"product_brand","embeddable":true,"href":"https:\/\/agroflex.cz\/de\/wp-json\/wp\/v2\/product_brand?post=20259"},{"taxonomy":"product_cat","embeddable":true,"href":"https:\/\/agroflex.cz\/de\/wp-json\/wp\/v2\/product_cat?post=20259"},{"taxonomy":"product_tag","embeddable":true,"href":"https:\/\/agroflex.cz\/de\/wp-json\/wp\/v2\/product_tag?post=20259"}],"curies":[{"name":"wp","href":"https:\/\/api.w.org\/{rel}","templated":true}]}}