{"id":20722,"date":"2023-09-04T21:01:37","date_gmt":"2023-09-04T21:01:37","guid":{"rendered":"https:\/\/agroflex.cz\/product\/profi-gewaechshaus-rimessa-l40v\/"},"modified":"2025-09-19T08:09:12","modified_gmt":"2025-09-19T08:09:12","slug":"profi-gewaechshaus-rimessa-l40v","status":"publish","type":"product","link":"https:\/\/agroflex.cz\/de\/produkt\/profi-gewaechshaus-rimessa-l40v\/","title":{"rendered":"Profi-Gew\u00e4chshaus RIMESSA L40V"},"content":{"rendered":"<div class=\"wpb-content-wrapper\"><p>[vc_row][vc_column][vc_separator style=&#8220;shadow&#8220; border_width=&#8220;5&#8243;][vc_column_text css=&#8220;&#8220; text_larger=&#8220;no&#8220; woodmart_inline=&#8220;no&#8220;]<\/p>\n<h2 style=\"text-align: center;\"><strong>Professionelles Gew\u00e4chshaus aus Polycarbonat RIMESSA L40V<br \/>\n<\/strong><\/h2>\n<p>Bauernhof Mehrzweck-Gartengew\u00e4chshaus mit gro\u00dfem Fassungsverm\u00f6gen aus Polycarbonat mit geraden W\u00e4nden und einem gew\u00f6lbten Dach. Ein hohes Gew\u00e4chshaus, das f\u00fcr den Anbau von Feldfr\u00fcchten konzipiert ist, aber auch als Lager, Garage, Produktionshalle, Poolabdeckung und in anderen F\u00e4llen verwendet werden kann. Wenn das Gartengew\u00e4chshaus mit einer Heizung ausgestattet ist, ist es m\u00f6glich, das ganze Jahr \u00fcber Pflanzen anzubauen.  <\/p>\n<p>Abnehmbare B\u00f6gen und Trennw\u00e4nde, die w\u00e4hrend der Wintersaison bei Schneefall oder Wind starken Lasten standhalten. Sie verwenden quadratische Verbinder (Spider), um den Stahl zu verbinden. Der Rahmen des Gew\u00e4chshauses mit einer Traglast von bis zu 350 kg besteht aus verzinktem Stahl 40\u00d720, der au\u00dfen und innen verzinkt ist, wodurch Sie w\u00e4hrend des gesamten Betriebs keine Angst vor Rost haben.[\/vc_column_text][vc_separator][vc_column_text css=&#8220;&#8220; text_larger=&#8220;no&#8220; woodmart_inline=&#8220;no&#8220;]<\/p>\n<div class=\"vc_row wpb_row vc_row-fluid\">\n<div class=\"wpb_column vc_column_container vc_col-sm-12\">\n<div class=\"vc_column-inner\">\n<div class=\"wpb_wrapper\">\n<div class=\"wpb_text_column wpb_content_element\">\n<div class=\"wpb_wrapper\">\n<h4 style=\"text-align: center;\">Polycarbonat-Verglasung<\/h4>\n<p>Speziell zertifiziertes hohles Polycarbonat f\u00fcr Gew\u00e4chsh\u00e4user mit UV-Filter. Der Vorteil dieses Produkts ist seine hohe W\u00e4rmed\u00e4mmung gegen Glas. Best\u00e4ndig gegen mechanische Besch\u00e4digungen, Witterungseinfl\u00fcsse und Hagel. Au\u00dfergew\u00f6hnliche Transluzenz von Polycarbonat (Klarheit \u2013 bis zu 86%).   <\/p>\n<p>Sie k\u00f6nnen aus mehreren Designs w\u00e4hlen, das Gartengew\u00e4chshaus RIMESSA L40V ist mit 4 mm, 6 mm Polycarbonat ausgestattet, das eine st\u00f6rungsfreie und lange Lebensdauer garantiert. F\u00fcr anspruchsvollere Kunden und Profis bieten wir RIMESSA L40V-Gew\u00e4chshausversionen an, die mit 8 mm Polycarbonat ausgestattet sind. <\/p>\n<p>Polycarbonat wird in einer Rolle geliefert und mit selbstschneidenden Schrauben an der Struktur befestigt.<\/p>\n<\/div>\n<\/div>\n<\/div>\n<\/div>\n<\/div>\n<\/div>\n<p>[\/vc_column_text][\/vc_column][\/vc_row][vc_row][vc_column width=&#8220;1\/2&#8243;][vc_separator style=&#8220;shadow&#8220; border_width=&#8220;5&#8243;][vc_text_separator title=&#8220;Empfohlenes Zubeh\u00f6r :&#8220; title_align=&#8220;separator_align_left&#8220; align=&#8220;align_left&#8220; style=&#8220;dotted&#8220;]<div class=\"widget_products \"><div class=\"widget woocommerce widget_products\"><ul class=\"product_list_widget\"><li>\n\t\t<span class=\"widget-product-wrap\">\n\t\t<a href=\"https:\/\/agroflex.cz\/de\/produkt\/antidust-3500-dampfdurchlaessiges-belueftungsband\/\" title=\"AntiDust 3500 dampfdurchl\u00e4ssiges Bel\u00fcftungsband\" class=\"widget-product-img\">\n\t\t\t<img decoding=\"async\" width=\"300\" height=\"300\" src=\"https:\/\/agroflex.cz\/wp-content\/uploads\/2023\/09\/Ventilacni-paska-Antidust-300x300.jpg\" class=\"attachment-woocommerce_thumbnail size-woocommerce_thumbnail\" alt=\"\" srcset=\"https:\/\/agroflex.cz\/wp-content\/uploads\/2023\/09\/Ventilacni-paska-Antidust-300x300.jpg 300w, https:\/\/agroflex.cz\/wp-content\/uploads\/2023\/09\/Ventilacni-paska-Antidust-150x150.jpg 150w\" sizes=\"(max-width: 300px) 100vw, 300px\" \/>\t\t<\/a>\n\t\t<span class=\"widget-product-info\">\n\t\t\t<a href=\"https:\/\/agroflex.cz\/de\/produkt\/antidust-3500-dampfdurchlaessiges-belueftungsband\/\" title=\"AntiDust 3500 dampfdurchl\u00e4ssiges Bel\u00fcftungsband\" class=\"wd-entities-title\">\n\t\t\t\tAntiDust 3500 dampfdurchl\u00e4ssiges Bel\u00fcftungsband\t\t\t<\/a>\n\t\t\t\t\t\t\t<div class=\"star-rating\" role=\"img\" aria-label=\"Bewertet mit 5.00 von 5\"><span style=\"width:100%\">Bewertet mit <strong class=\"rating\">5.00<\/strong> von 5<\/span><\/div>\t\t\t\t\t\t<span class=\"price\"><span class=\"woocommerce-Price-amount amount\"><bdi>789<span class=\"woocommerce-Price-currencySymbol\">&#75;&#269;<\/span><\/bdi><\/span><\/span>\n\t\t<\/span>\n\t<\/span>\n\t<\/li>\n<\/ul><\/div><\/div>[vc_separator style=&#8220;shadow&#8220; border_width=&#8220;5&#8243;][vc_column_text text_larger=&#8220;no&#8220; woodmart_inline=&#8220;no&#8220;]<\/p>\n<h4 style=\"text-align: center;\"><span style=\"color: #000000;\"><strong>Parameter des Gew\u00e4chshauses:<\/strong><\/span><\/h4>\n<table>\n<tbody>\n<tr style=\"height: 24px;\">\n<td style=\"width: 161.267px; height: 24px; text-align: left;\">Art der Konstruktion<\/td>\n<td style=\"width: 292.733px; height: 24px; text-align: right;\">Abnehmbare B\u00f6gen<\/td>\n<\/tr>\n<tr style=\"height: 24px;\">\n<td style=\"width: 161.267px; height: 24px; text-align: left;\">Zul\u00e4ssige Belastung<\/td>\n<td style=\"width: 292.733px; height: 24px; text-align: right;\">350 kg\/m2<\/td>\n<\/tr>\n<tr style=\"height: 24px;\">\n<td style=\"width: 161.267px; height: 24px; text-align: left;\">Breite<\/td>\n<td style=\"width: 292.733px; height: 24px; text-align: right;\">ca. 4 m<\/td>\n<\/tr>\n<tr style=\"height: 24px;\">\n<td style=\"width: 161.267px; height: 24px; text-align: left;\">H\u00f6he<\/td>\n<td style=\"width: 292.733px; height: 24px; text-align: right;\">ca. 2,85 m<\/td>\n<\/tr>\n<tr style=\"height: 24px;\">\n<td style=\"width: 161.267px; height: 24px; text-align: left;\">L\u00e4nge (Varianten)<\/td>\n<td style=\"width: 292.733px; height: 24px; text-align: right;\"> 4 m; 6 m; 8 m; 10 m; 12 m (auch l\u00e4nger m\u00f6glich &#8211; Modulation in 2 m-Schritten)<\/td>\n<\/tr>\n<tr style=\"height: 24px;\">\n<td style=\"width: 161.267px; height: 24px; text-align: left;\">Material der Verglasung<\/td>\n<td style=\"width: 292.733px; height: 24px; text-align: right;\">Polycarbonat 4mm, 6mm, 8mm<\/td>\n<\/tr>\n<tr style=\"height: 24px;\">\n<td style=\"width: 185.867px; height: 24px; text-align: left;\">Fl\u00e4chengewicht<\/td>\n<td style=\"width: 243.133px; height: 24px; text-align: right;\">800 g\/m2 &#8211; 1700 g\/m2<\/td>\n<\/tr>\n<tr style=\"height: 24px;\">\n<td style=\"width: 185.867px; height: 24px; text-align: left;\">UV-Schutz von<\/td>\n<p> Polycarbonat<\/p>\n<td style=\"width: 243.133px; height: 24px; text-align: right;\">ja<\/td>\n<\/tr>\n<tr style=\"height: 24px;\">\n<td style=\"width: 161.267px; height: 24px; text-align: left;\">Baumaterial<\/td>\n<td style=\"width: 292.733px; height: 24px; text-align: right;\">verzinkter Stahl<\/td>\n<\/tr>\n<tr style=\"height: 24px;\">\n<td style=\"width: 161.267px; height: 24px; text-align: left;\">Interne<\/td>\n<p> Verst\u00e4rkung<\/p>\n<td style=\"width: 292.733px; height: 24px; text-align: right;\"> Doppelstahl 40&#215;20 und 20x20mm<\/td>\n<\/tr>\n<tr style=\"height: 24px;\">\n<td style=\"width: 161.267px; height: 24px; text-align: left;\">Bewehrungsst\u00e4be<\/td>\n<td style=\"width: 292.733px; height: 24px; text-align: right;\">7 Zeilen<\/td>\n<\/tr>\n<tr style=\"height: 24px;\">\n<td style=\"width: 161.267px; height: 24px; text-align: left;\">\n Festigkeit der Stahlwand<\/td>\n<td style=\"width: 292.733px; height: 24px; text-align: right;\">1 mm<\/td>\n<\/tr>\n<tr style=\"height: 35px;\">\n<td style=\"width: 161.267px; height: 35px; text-align: left;\">Abstand zwischen Kurven<\/td>\n<td style=\"width: 292.733px; height: 35px; text-align: right;\">ca. 1 m<\/td>\n<\/tr>\n<tr style=\"height: 24px;\">\n<td style=\"width: 185.867px; height: 24px; text-align: left;\">Verankerung im Boden<\/td>\n<td style=\"width: 243.133px; height: 24px; text-align: right;\">Verwandte <a href=\"https:\/\/agroflex.cz\/kategorie-produktu\/tartozekok\/kotveni-skleniku\/\" target=\"_blank\" rel=\"noopener\">Produkte<\/a><\/td>\n<\/tr>\n<tr style=\"height: 24px;\">\n<td style=\"width: 161.267px; height: 24px; text-align: left;\">Art<\/td>\n<td style=\"width: 292.733px; height: 24px; text-align: right;\">beidseitig befahrbar<\/td>\n<\/tr>\n<tr style=\"height: 24px;\">\n<td style=\"width: 161.267px; height: 24px; text-align: left;\">Haust\u00fcren<\/td>\n<td style=\"width: 292.733px; height: 24px; text-align: right;\">4 Stk.<\/td>\n<\/tr>\n<tr style=\"height: 24px;\">\n<td style=\"width: 161.267px; height: 24px; text-align: left;\">H\u00f6he der T\u00fcr<\/td>\n<td style=\"width: 292.733px; height: 24px; text-align: right;\">ca. 2 m<\/td>\n<\/tr>\n<tr style=\"height: 24px;\">\n<td style=\"width: 161.267px; height: 24px; text-align: left;\">T\u00fcrbreite<\/td>\n<td style=\"width: 292.733px; height: 24px; text-align: right;\">ca. 2 m<\/td>\n<\/tr>\n<tr style=\"height: 24px;\">\nH\u00f6he <\/p>\n<td style=\"width: 161.267px; height: 24px; text-align: left;\">der Seitenwand<\/td>\n<td style=\"width: 292.733px; height: 24px; text-align: right;\">ca. 1,9 m<\/td>\n<\/tr>\n<tr style=\"height: 24px;\">\nVerankerung <\/p>\n<td style=\"width: 161.267px; height: 24px; text-align: left;\">aus<\/td>\n<p> Polycarbonat<\/p>\n<td style=\"width: 292.733px; height: 24px; text-align: right;\">ja<\/td>\n<\/tr>\n<tr style=\"height: 35px;\">\n<td style=\"width: 161.267px; height: 35px; text-align: left;\">Garantie auf die Konstruktion<\/td>\n<td style=\"width: 292.733px; height: 35px; text-align: right;\">2 Jahre<\/td>\n<\/tr>\n<tr style=\"height: 24px;\">\n<td style=\"width: 161.267px; height: 24px; text-align: left;\">Garantie aus<\/td>\n<p> Polycarbonat<\/p>\n<td style=\"width: 292.733px; height: 24px; text-align: right;\">10 Jahre<\/td>\n<\/tr>\n<tr style=\"height: 24px;\">\n<td style=\"width: 161.267px; height: 24px; text-align: left;\">Basis<\/td>\n<td style=\"width: 292.733px; height: 24px; text-align: right;\">Wir empfehlen den Einbau in ein Betonfundament<\/td>\n<\/tr>\n<\/tbody>\n<\/table>\n<p><span style=\"font-size: 10pt;\">F\u00fcr den Fall, dass Sie sich nicht um die Montage des notwendigen Gew\u00e4chshauszubeh\u00f6rs k\u00fcmmern m\u00f6chten, bieten wir komplette <a href=\"https:\/\/agroflex.cz\/kategorie-produktu\/tartozekok\/sada-prislusenstvi\/\"><strong>verschiedene Sets \/ Sets von Gew\u00e4chshauszubeh\u00f6r an.<\/strong><\/a><\/span>[\/vc_column_text][vc_separator style=&#8220;shadow&#8220; border_width=&#8220;5&#8243;][\/vc_column][vc_column width=&#8220;1\/2&#8243;][vc_separator style=&#8220;shadow&#8220; border_width=&#8220;5&#8243;][vc_column_text css=&#8220;&#8220; text_larger=&#8220;no&#8220; woodmart_inline=&#8220;no&#8220;]<\/p>\n<div class=\"vc_row wpb_row vc_row-fluid\">\n<div class=\"wpb_column vc_column_container vc_col-sm-12\">\n<div class=\"vc_column-inner\">\n<div class=\"wpb_wrapper\">\n<div class=\"wpb_text_column wpb_content_element\">\n<div class=\"wpb_wrapper\">\n<h4 style=\"text-align: center;\">Fundamente f\u00fcr ein Gew\u00e4chshaus<\/h4>\n<p>Um die Haltbarkeit des Gew\u00e4chshauses zu gew\u00e4hrleisten, wird empfohlen, es auf einem vorbereiteten Sockel zu installieren &#8211; einem Fundament, das auf der Grundlage seiner Abmessungen um den Umfang des Sockels hergestellt wird, beispielsweise in Form eines Rahmens mit einer Dicke von 100&#8230; 200 mm, wodurch die Korrosionsaktivit\u00e4t erheblich reduziert wird. Der Rahmen des Gew\u00e4chshauses sollte mit Schrauben oder N\u00e4geln am Fundament befestigt werden, um ein Umkippen bei starkem Wind zu verhindern. <\/p>\n<p>Das Gew\u00e4chshaus aus Polycarbonat kann je nach Priorit\u00e4t jedes Kunden befestigt werden, es kann im Boden installiert werden (die Befestigung erfolgt durch Ankerf\u00fc\u00dfe), Holzprismen 10 x 10 cm oder auf einem Betonsockel. Im Allgemeinen ist jedoch die Verankerung auf einem Betonsockel die bessere Wahl, um die Korrosionsaktivit\u00e4t erheblich zu reduzieren. <\/p>\n<\/div>\n<\/div>\n<\/div>\n<\/div>\n<\/div>\n<\/div>\n<p>[\/vc_column_text]<div class=\"widget_products \"><\/div>[vc_separator style=&#8220;shadow&#8220; border_width=&#8220;5&#8243;][vc_column_text css=&#8220;&#8220; text_larger=&#8220;no&#8220; woodmart_inline=&#8220;no&#8220;]<\/p>\n<div class=\"vc_row wpb_row vc_row-fluid\">\n<div class=\"wpb_column vc_column_container vc_col-sm-12\">\n<div class=\"vc_column-inner\">\n<div class=\"wpb_wrapper\">\n<div class=\"wpb_text_column wpb_content_element\">\n<div class=\"wpb_wrapper\">\n<h4 style=\"text-align: center;\">Halterungen<\/h4>\n<p>Auch die Montage eines Gew\u00e4chshauses ist einfach und erfordert keine besonderen F\u00e4higkeiten. Es wird nur ein minimales Set an Werkzeugen ben\u00f6tigt \u2013 ein Schraubenschl\u00fcssel, ein Schraubendreher, ein Messer. Eine detaillierte Anleitung erhalten Sie zusammen mit dem Gew\u00e4chshaus. Die illustrierte Anleitung wird den Bau eines Gew\u00e4chshauses weiter vereinfachen.   <\/p>\n<div class=\"wpb_text_column wpb_content_element\">\n<div class=\"wpb_wrapper\">\n<div class=\"wpb_text_column wpb_content_element\">\n<div class=\"wpb_wrapper\">\n<p>Wenn Sie keine Zeit f\u00fcr die Installation haben, <a href=\"https:\/\/agroflex.cz\/montaz-skleniku\/\" target=\"_blank\" rel=\"noopener\"><strong>k\u00f6nnen Sie die Installation<\/strong><\/a> bei unseren Spezialisten bestellen, die mit hohem Fachwissen und in k\u00fcrzester Zeit alles f\u00fcr Sie zusammenbauen. Obwohl die Montage des gesamten Gew\u00e4chshauses einfach ist, nimmt es die meiste Zeit in Anspruch, das Polycarbonat zu schneiden, zu kanten und an beiden Vorderseiten des Gew\u00e4chshauses zu montieren. Deshalb bieten wir Ihnen die M\u00f6glichkeit, diesen Teil <a href=\"https:\/\/agroflex.cz\/montaz-skleniku\/\" target=\"_blank\" rel=\"noopener\"><strong>der Montage<\/strong><\/a> zu bestellen, der in unserem Lager durchgef\u00fchrt wird, Sie erhalten vom Spediteur beide Frontseiten mit Polycarbonat gef\u00fcllt.  <\/p>\n<p>Das Gew\u00e4chshaus kann modifiziert werden und die Umsetzung von Erweiterungen ist in Zukunft m\u00f6glich, so dass die theoretische L\u00e4nge des Gew\u00e4chshauses unbegrenzt ist.<\/p>\n<\/div>\n<\/div>\n<\/div>\n<\/div>\n<\/div>\n<\/div>\n<\/div>\n<\/div>\n<\/div>\n<\/div>\n<p>[\/vc_column_text][vc_separator style=&#8220;shadow&#8220; border_width=&#8220;5&#8243;][vc_column_text woodmart_inline=&#8220;no&#8220; text_larger=&#8220;no&#8220;]<\/p>\n<h4 style=\"text-align: center;\">Alternativen<\/h4>\n<p>[\/vc_column_text]<div class=\"widget_products \"><div class=\"widget woocommerce widget_products\"><ul class=\"product_list_widget\"><li>\n\t\t<span class=\"widget-product-wrap\">\n\t\t<a href=\"https:\/\/agroflex.cz\/de\/produkt\/winddichtes-gartengewaechshaus-profi-plus\/\" title=\"Winddichtes Gartengew\u00e4chshaus PROFI PLUS\" class=\"widget-product-img\">\n\t\t\t<img decoding=\"async\" width=\"300\" height=\"300\" src=\"https:\/\/agroflex.cz\/wp-content\/uploads\/2023\/09\/polykarbonatovy-sklenik-4x6m-1-300x300.png\" class=\"attachment-woocommerce_thumbnail size-woocommerce_thumbnail\" alt=\"Polycarbonat-Gew\u00e4chshaus 8mm\" srcset=\"https:\/\/agroflex.cz\/wp-content\/uploads\/2023\/09\/polykarbonatovy-sklenik-4x6m-1-300x300.png 300w, https:\/\/agroflex.cz\/wp-content\/uploads\/2023\/09\/polykarbonatovy-sklenik-4x6m-1-800x800.png 800w, https:\/\/agroflex.cz\/wp-content\/uploads\/2023\/09\/polykarbonatovy-sklenik-4x6m-1-150x150.png 150w, https:\/\/agroflex.cz\/wp-content\/uploads\/2023\/09\/polykarbonatovy-sklenik-4x6m-1-768x768.png 768w, https:\/\/agroflex.cz\/wp-content\/uploads\/2023\/09\/polykarbonatovy-sklenik-4x6m-1-600x600.png 600w, https:\/\/agroflex.cz\/wp-content\/uploads\/2023\/09\/polykarbonatovy-sklenik-4x6m-1.png 1024w\" sizes=\"(max-width: 300px) 100vw, 300px\" \/>\t\t<\/a>\n\t\t<span class=\"widget-product-info\">\n\t\t\t<a href=\"https:\/\/agroflex.cz\/de\/produkt\/winddichtes-gartengewaechshaus-profi-plus\/\" title=\"Winddichtes Gartengew\u00e4chshaus PROFI PLUS\" class=\"wd-entities-title\">\n\t\t\t\tWinddichtes Gartengew\u00e4chshaus PROFI PLUS\t\t\t<\/a>\n\t\t\t\t\t\t\t\t\t\t\t\t\t<span class=\"price\"><span class=\"woocommerce-Price-amount amount\" aria-hidden=\"true\"><bdi>47 295<span class=\"woocommerce-Price-currencySymbol\">&#75;&#269;<\/span><\/bdi><\/span> <span aria-hidden=\"true\"> \u2013 <\/span> <span class=\"woocommerce-Price-amount amount\" aria-hidden=\"true\"><bdi>111 967<span class=\"woocommerce-Price-currencySymbol\">&#75;&#269;<\/span><\/bdi><\/span><span class=\"screen-reader-text\">Preisspanne: 47 295&#75;&#269; bis 111 967&#75;&#269;<\/span><\/span>\n\t\t<\/span>\n\t<\/span>\n\t<\/li>\n<\/ul><\/div><\/div>[vc_text_separator title=&#8220;Alternativen&#8220; title_align=&#8220;separator_align_left&#8220; align=&#8220;align_left&#8220;][\/vc_column][\/vc_row]<\/p>\n<\/div>","protected":false},"excerpt":{"rendered":"<p><span style=\"font-size: 10pt;\">Gew\u00e4chshausbreite 4 m, H\u00f6he 2,85 m, L\u00e4nge ab 4 m. Das hohe Gartengew\u00e4chshaus hat robuste Konstruktionen auf der Basis von Stahlst\u00e4hlen. Doppelter Stahl 40 x 20. Spezielles Polycarbonat f\u00fcr Gew\u00e4chsh\u00e4user mit UV-Filter. Auch f\u00fcr Berglagen geeignet.    <\/span><\/p>\n<p><strong> <\/strong><\/p>\n","protected":false},"featured_media":12650,"comment_status":"open","ping_status":"closed","template":"","meta":[],"product_brand":[419],"product_cat":[480,655,654,824],"product_tag":[],"class_list":{"0":"post-20722","1":"product","2":"type-product","3":"status-publish","4":"has-post-thumbnail","6":"product_brand-agroflex","7":"product_cat-nicht-kategorisiert","8":"product_cat-gartengewachshauser-veranstaltungen","9":"product_cat-gewachshauser-typ-a","10":"product_cat-abdeckung-des-pools","12":"first","13":"instock","14":"sale","15":"taxable","16":"shipping-taxable","17":"purchasable","18":"product-type-variable","19":"has-default-attributes"},"_links":{"self":[{"href":"https:\/\/agroflex.cz\/de\/wp-json\/wp\/v2\/product\/20722","targetHints":{"allow":["GET"]}}],"collection":[{"href":"https:\/\/agroflex.cz\/de\/wp-json\/wp\/v2\/product"}],"about":[{"href":"https:\/\/agroflex.cz\/de\/wp-json\/wp\/v2\/types\/product"}],"replies":[{"embeddable":true,"href":"https:\/\/agroflex.cz\/de\/wp-json\/wp\/v2\/comments?post=20722"}],"wp:featuredmedia":[{"embeddable":true,"href":"https:\/\/agroflex.cz\/de\/wp-json\/wp\/v2\/media\/12650"}],"wp:attachment":[{"href":"https:\/\/agroflex.cz\/de\/wp-json\/wp\/v2\/media?parent=20722"}],"wp:term":[{"taxonomy":"product_brand","embeddable":true,"href":"https:\/\/agroflex.cz\/de\/wp-json\/wp\/v2\/product_brand?post=20722"},{"taxonomy":"product_cat","embeddable":true,"href":"https:\/\/agroflex.cz\/de\/wp-json\/wp\/v2\/product_cat?post=20722"},{"taxonomy":"product_tag","embeddable":true,"href":"https:\/\/agroflex.cz\/de\/wp-json\/wp\/v2\/product_tag?post=20722"}],"curies":[{"name":"wp","href":"https:\/\/api.w.org\/{rel}","templated":true}]}}