{"id":21682,"date":"2023-09-04T21:05:10","date_gmt":"2023-09-04T21:05:10","guid":{"rendered":"https:\/\/agroflex.cz\/product\/brutstaette-polycarbonat-mini-lux-kleines-gewaechshaus\/"},"modified":"2025-09-19T08:09:50","modified_gmt":"2025-09-19T08:09:50","slug":"brutstaette-polycarbonat-mini-lux-kleines-gewaechshaus","status":"publish","type":"product","link":"https:\/\/agroflex.cz\/de\/produkt\/brutstaette-polycarbonat-mini-lux-kleines-gewaechshaus\/","title":{"rendered":"Brutst\u00e4tte Polycarbonat MINI LUX &#8211; kleines Gew\u00e4chshaus"},"content":{"rendered":"<div class=\"wpb-content-wrapper\"><p>[vc_row][vc_column][vc_separator style=&#8220;shadow&#8220; border_width=&#8220;5&#8243;][vc_column_text text_larger=&#8220;no&#8220; woodmart_inline=&#8220;no&#8220;]<\/p>\n<h2 style=\"text-align: center;\">Kleines Gew\u00e4chshaus und Brutst\u00e4tte aus Polycarbonat TULIP MINI LUX<\/h2>\n<p>Das Modell hat einen zuverl\u00e4ssigen Rahmen aus verzinktem Bogen. Die B\u00f6gen sind monolithisch und der Abstand zwischen ihnen betr\u00e4gt 1 Meter, was bei geringer H\u00f6he ausreicht, um die Zuverl\u00e4ssigkeit der Struktur zu gew\u00e4hrleisten. In der Rolle der Au\u00dfenh\u00fclle befindet sich zelliges Polycarbonat, das mit Dachschrauben befestigt wird. Diese Befestigungsoption erm\u00f6glicht es Ihnen, die Haut bei lokalen Sch\u00e4den punktuell auszutauschen, dh Sie m\u00fcssen das Polycarbonat nicht im gesamten Bereich des Geh\u00e4uses austauschen. Ideal zum Pflanzen und Anbau von Tomaten und Gurken.[\/vc_column_text][vc_separator][vc_column_text text_larger=&#8220;no&#8220;]<\/p>\n<div class=\"vc_row wpb_row vc_row-fluid\">\n<div class=\"wpb_column vc_column_container vc_col-sm-12\">\n<div class=\"vc_column-inner\">\n<div class=\"wpb_wrapper\">\n<div class=\"wpb_text_column wpb_content_element\">\n<div class=\"wpb_wrapper\">\n<h4 style=\"text-align: center;\">Polycarbonat-Verglasung<\/h4>\n<p>F\u00fcr Gew\u00e4chsh\u00e4user mit einer Dicke von 4 mm mit einem UV-Filter wird ein spezielles zertifiziertes hohles Polycarbonat verwendet. Der Vorteil dieses Produkts ist seine hohe W\u00e4rmed\u00e4mmung gegen Glas, die gegen mechanische Besch\u00e4digungen, Witterungseinfl\u00fcsse und Hagel best\u00e4ndig ist, und gleichzeitig ist die Transparenz von Polycarbonat au\u00dfergew\u00f6hnlich (Klarheit \u2013 bis zu 86%). <\/p>\n<\/div>\n<\/div>\n<\/div>\n<\/div>\n<\/div>\n<\/div>\n<p>[\/vc_column_text][\/vc_column][\/vc_row][vc_row][vc_column width=&#8220;1\/2&#8243;][vc_separator style=&#8220;shadow&#8220; border_width=&#8220;5&#8243;][vc_text_separator title=&#8220;Empfohlenes Zubeh\u00f6r :&#8220; title_align=&#8220;separator_align_left&#8220; align=&#8220;align_left&#8220; style=&#8220;dotted&#8220;]<div class=\"widget_products \"><div class=\"widget woocommerce widget_products\"><ul class=\"product_list_widget\"><li>\n\t\t<span class=\"widget-product-wrap\">\n\t\t<a href=\"https:\/\/agroflex.cz\/de\/produkt\/u-foermiger-endstreifen-fuer-polycarbonat-4-6-8-10-mm\/\" title=\"U-f\u00f6rmiger Endstreifen f\u00fcr Polycarbonat - 4, 6, 8, 10 mm\" class=\"widget-product-img\">\n\t\t\t<img decoding=\"async\" width=\"300\" height=\"300\" src=\"https:\/\/agroflex.cz\/wp-content\/uploads\/2023\/09\/lista-300x300.jpeg\" class=\"attachment-woocommerce_thumbnail size-woocommerce_thumbnail\" alt=\"\" srcset=\"https:\/\/agroflex.cz\/wp-content\/uploads\/2023\/09\/lista-300x300.jpeg 300w, https:\/\/agroflex.cz\/wp-content\/uploads\/2023\/09\/lista-150x150.jpeg 150w, https:\/\/agroflex.cz\/wp-content\/uploads\/2023\/09\/lista.jpeg 600w\" sizes=\"(max-width: 300px) 100vw, 300px\" \/>\t\t<\/a>\n\t\t<span class=\"widget-product-info\">\n\t\t\t<a href=\"https:\/\/agroflex.cz\/de\/produkt\/u-foermiger-endstreifen-fuer-polycarbonat-4-6-8-10-mm\/\" title=\"U-f\u00f6rmiger Endstreifen f\u00fcr Polycarbonat - 4, 6, 8, 10 mm\" class=\"wd-entities-title\">\n\t\t\t\tU-f\u00f6rmiger Endstreifen f\u00fcr Polycarbonat - 4, 6, 8, 10 mm\t\t\t<\/a>\n\t\t\t\t\t\t\t<div class=\"star-rating\" role=\"img\" aria-label=\"Bewertet mit 5.00 von 5\"><span style=\"width:100%\">Bewertet mit <strong class=\"rating\">5.00<\/strong> von 5<\/span><\/div>\t\t\t\t\t\t<span class=\"price\"><span class=\"woocommerce-Price-amount amount\" aria-hidden=\"true\"><bdi>120<span class=\"woocommerce-Price-currencySymbol\">&#75;&#269;<\/span><\/bdi><\/span> <span aria-hidden=\"true\"> \u2013 <\/span> <span class=\"woocommerce-Price-amount amount\" aria-hidden=\"true\"><bdi>140<span class=\"woocommerce-Price-currencySymbol\">&#75;&#269;<\/span><\/bdi><\/span><span class=\"screen-reader-text\">Preisspanne: 120&#75;&#269; bis 140&#75;&#269;<\/span><\/span>\n\t\t<\/span>\n\t<\/span>\n\t<\/li>\n<\/ul><\/div><\/div>[vc_separator style=&#8220;shadow&#8220; border_width=&#8220;5&#8243;][vc_column_text text_larger=&#8220;no&#8220; woodmart_inline=&#8220;no&#8220;]<\/p>\n<h4 style=\"text-align: center;\"><span style=\"color: #000000;\"><strong>Parameter des Gew\u00e4chshauses:<\/strong><\/span><\/h4>\n<table>\n<tbody>\n<tr style=\"height: 24px;\">\n<td style=\"width: 165.517px; height: 24px; text-align: left;\">Art der Konstruktion<\/td>\n<td style=\"width: 265.483px; height: 24px; text-align: right;\">Massiv &#8211; unl\u00f6sbare B\u00f6gen<\/td>\n<\/tr>\n<tr style=\"height: 24px;\">\n<td style=\"width: 165.517px; height: 26px; text-align: left;\">Zul\u00e4ssige Belastung<\/td>\n<td style=\"width: 265.483px; height: 26px; text-align: right;\">ca. 100 kg<\/td>\n<\/tr>\n<tr style=\"height: 24px;\">\n<td style=\"width: 165.517px; height: 24px; text-align: left;\">Breite<\/td>\n<td style=\"width: 265.483px; height: 24px; text-align: right;\">ca. 1,2 m<\/td>\n<\/tr>\n<tr style=\"height: 24px;\">\n<td style=\"width: 165.517px; height: 24px; text-align: left;\">H\u00f6he<\/td>\n<td style=\"width: 265.483px; height: 24px; text-align: right;\">ca. 1,2 m<\/td>\n<\/tr>\n<tr style=\"height: 24px;\">\n<td style=\"width: 165.517px; height: 24px; text-align: left;\">L\u00e4nge<\/td>\n<td style=\"width: 265.483px; height: 24px; text-align: right;\"> ab 3 m (auch l\u00e4nger m\u00f6glich \u2013 Modulation in 1 m Schritten)<\/td>\n<\/tr>\n<tr style=\"height: 24px;\">\n<td style=\"width: 165.517px; height: 24px; text-align: left;\">Material der Verglasung<\/td>\n<td style=\"width: 265.483px; height: 24px; text-align: right;\">Polycarbonat 4 mm (Reinheit &#8211; bis zu 86%).<\/td>\n<\/tr>\n<tr style=\"height: 24px;\">\n<td style=\"width: 165.517px; height: 24px; text-align: left;\">UV-Schutz von<\/td>\n<p> Polycarbonat<\/p>\n<td style=\"width: 265.483px; height: 24px; text-align: right;\">ja (einseitig)<\/td>\n<\/tr>\n<tr style=\"height: 24px;\">\n<td style=\"width: 165.517px; height: 24px; text-align: left;\">Baumaterial<\/td>\n<td style=\"width: 265.483px; height: 24px; text-align: right;\">Stahl verzinkt &#8211; Jekl quadratisch 20\u044520 \u043c\u043c<\/td>\n<\/tr>\n<tr style=\"height: 24px;\">\n<td style=\"width: 165.517px; height: 24px; text-align: left;\">Loch<\/td>\n<td style=\"width: 265.483px; height: 24px; text-align: right;\">1 St\u00fcck f\u00fcr jede 1m Verl\u00e4ngerung<\/td>\n<\/tr>\n<tr style=\"height: 24px;\">\n<td style=\"width: 165.517px; height: 24px; text-align: left;\">Garantie aus<\/td>\n<p> Polycarbonat<\/p>\n<td style=\"width: 265.483px; height: 24px; text-align: right;\">10 Jahre<\/td>\n<\/tr>\n<tr style=\"height: 35px;\">\n<td style=\"width: 165.517px; height: 35px; text-align: left;\">Garantie auf die Konstruktion<\/td>\n<td style=\"width: 265.483px; height: 35px; text-align: right;\">2 Jahre<\/td>\n<\/tr>\n<tr style=\"height: 24px;\">\n<td style=\"width: 185.867px; height: 24px; text-align: left;\">Ankerf\u00fc\u00dfe<\/td>\n<td style=\"width: 243.133px; height: 24px; text-align: right;\">Im Paket enthalten<\/td>\n<\/tr>\n<tr style=\"height: 24px;\">\n<td style=\"width: 185.867px; height: 24px; text-align: left;\">Untergestell<\/td>\n<p> aus Kunststoff<\/p>\n<td style=\"width: 243.133px; height: 24px; text-align: right;\">Im Paket enthalten<\/td>\n<\/tr>\n<tr style=\"height: 24px;\">\n<td style=\"width: 185.867px; height: 24px; text-align: left;\">Verankerung im Boden<\/td>\n<td style=\"width: 243.133px; height: 24px; text-align: right;\">Verwandte <a href=\"https:\/\/agroflex.cz\/kategorie-produktu\/tartozekok\/kotveni-skleniku\/\" target=\"_blank\" rel=\"noopener\">Produkte<\/a><\/td>\n<\/tr>\n<\/tbody>\n<\/table>\n<p>[\/vc_column_text][vc_separator style=&#8220;shadow&#8220; border_width=&#8220;5&#8243;][\/vc_column][vc_column width=&#8220;1\/2&#8243;][vc_separator style=&#8220;shadow&#8220; border_width=&#8220;5&#8243;][vc_column_text css=&#8220;&#8220; text_larger=&#8220;no&#8220; woodmart_inline=&#8220;no&#8220;]<\/p>\n<h4 style=\"text-align: center;\">Halterungen<\/h4>\n<p>Auch die Montage eines Gew\u00e4chshauses ist einfach und erfordert keine besonderen F\u00e4higkeiten. Es wird nur ein minimales Set an Werkzeugen ben\u00f6tigt \u2013 ein Schraubenschl\u00fcssel, ein Schraubendreher, ein Messer. Eine detaillierte Anleitung erhalten Sie zusammen mit dem Gew\u00e4chshaus. Die illustrierte Anleitung wird den Bau eines Gew\u00e4chshauses weiter vereinfachen.   <\/p>\n<p>Wenn Sie keine Zeit f\u00fcr die Installation haben, <a href=\"\/?p=128\">k\u00f6nnen Sie die Installation<\/a> bei unseren Spezialisten bestellen, die mit hohem Fachwissen und in k\u00fcrzester Zeit alles f\u00fcr Sie zusammenbauen. Obwohl die Montage des gesamten Gew\u00e4chshauses einfach ist, nimmt es die meiste Zeit in Anspruch, das Polycarbonat zu schneiden, zu kanten und an beiden Vorderseiten des Gew\u00e4chshauses zu montieren. Deshalb bieten wir Ihnen die M\u00f6glichkeit, diesen <a href=\"\/?p=128\">Teil der Montage<\/a> zu bestellen, der in unserem Lager durchgef\u00fchrt wird.  <\/p>\n<p>Das Gew\u00e4chshaus kann modifiziert werden und die Umsetzung von Erweiterungen ist in Zukunft m\u00f6glich, so dass die theoretische L\u00e4nge des Gew\u00e4chshauses unbegrenzt ist[\/vc_column_text][vc_separator style=&#8220;shadow&#8220; border_width=&#8220;5&#8243;][vc_column_text woodmart_inline=&#8220;no&#8220; text_larger=&#8220;no&#8220;]<\/p>\n<h4 style=\"text-align: center;\">Alternativen<\/h4>\n<p>[\/vc_column_text]<div class=\"widget_products \"><div class=\"widget woocommerce widget_products\"><ul class=\"product_list_widget\"><li>\n\t\t<span class=\"widget-product-wrap\">\n\t\t<a href=\"https:\/\/agroflex.cz\/de\/produkt\/polycarbonat-gartengewaechshaus-mini\/\" title=\"Polycarbonat-Gartengew\u00e4chshaus MINI\" class=\"widget-product-img\">\n\t\t\t<img decoding=\"async\" width=\"300\" height=\"300\" src=\"https:\/\/agroflex.cz\/wp-content\/uploads\/2023\/09\/levny-sklenik-Agroflex-MINI-300x300.jpg\" class=\"attachment-woocommerce_thumbnail size-woocommerce_thumbnail\" alt=\"Gew\u00e4chshaus aus Polycarbonat\" srcset=\"https:\/\/agroflex.cz\/wp-content\/uploads\/2023\/09\/levny-sklenik-Agroflex-MINI-300x300.jpg 300w, https:\/\/agroflex.cz\/wp-content\/uploads\/2023\/09\/levny-sklenik-Agroflex-MINI-150x150.jpg 150w, https:\/\/agroflex.cz\/wp-content\/uploads\/2023\/09\/levny-sklenik-Agroflex-MINI-600x600.jpg 600w\" sizes=\"(max-width: 300px) 100vw, 300px\" \/>\t\t<\/a>\n\t\t<span class=\"widget-product-info\">\n\t\t\t<a href=\"https:\/\/agroflex.cz\/de\/produkt\/polycarbonat-gartengewaechshaus-mini\/\" title=\"Polycarbonat-Gartengew\u00e4chshaus MINI\" class=\"wd-entities-title\">\n\t\t\t\tPolycarbonat-Gartengew\u00e4chshaus MINI\t\t\t<\/a>\n\t\t\t\t\t\t\t<div class=\"star-rating\" role=\"img\" aria-label=\"Bewertet mit 4.00 von 5\"><span style=\"width:80%\">Bewertet mit <strong class=\"rating\">4.00<\/strong> von 5<\/span><\/div>\t\t\t\t\t\t<span class=\"price\"><span class=\"woocommerce-Price-amount amount\" aria-hidden=\"true\"><bdi>13 842<span class=\"woocommerce-Price-currencySymbol\">&#75;&#269;<\/span><\/bdi><\/span> <span aria-hidden=\"true\"> \u2013 <\/span> <span class=\"woocommerce-Price-amount amount\" aria-hidden=\"true\"><bdi>20 486<span class=\"woocommerce-Price-currencySymbol\">&#75;&#269;<\/span><\/bdi><\/span><span class=\"screen-reader-text\">Preisspanne: 13 842&#75;&#269; bis 20 486&#75;&#269;<\/span><\/span>\n\t\t<\/span>\n\t<\/span>\n\t<\/li>\n<\/ul><\/div><\/div>[vc_separator style=&#8220;shadow&#8220; border_width=&#8220;5&#8243;][\/vc_column][\/vc_row]<\/p>\n<\/div>","protected":false},"excerpt":{"rendered":"<p><span style=\"font-size: 10pt;\">Brutbettbreite 1,2 m, H\u00f6he 1,2 m, L\u00e4nge ab 2 m. Ganzj\u00e4hriges Brutbeet aus Polycarbonat Gew\u00e4chshaus f\u00fcr den Garten. Schiebeteil mit einer Breite von 1 Meter. Die Strukturelemente zeichnen sich durch eine hohe Festigkeit und lange Lebensdauer aus. Spezielles Polycarbonat f\u00fcr Brutst\u00e4tten mit einer Dicke von 4 mm mit UV-Filter.    <\/span><\/p>\n","protected":false},"featured_media":32509,"comment_status":"open","ping_status":"closed","template":"","meta":[],"product_brand":[419],"product_cat":[480,655,1179,817,906,989],"product_tag":[],"class_list":{"0":"post-21682","1":"product","2":"type-product","3":"status-publish","4":"has-post-thumbnail","6":"product_brand-agroflex","7":"product_cat-nicht-kategorisiert","8":"product_cat-gartengewachshauser-veranstaltungen","9":"product_cat-brutstatte-ein-kleines-gewachshaus","10":"product_cat-gewolbungsgewachshauser","11":"product_cat-schiebedacher","12":"product_cat-feste-gewachshauser","14":"first","15":"instock","16":"sale","17":"taxable","18":"shipping-taxable","19":"purchasable","20":"product-type-variable","21":"has-default-attributes"},"_links":{"self":[{"href":"https:\/\/agroflex.cz\/de\/wp-json\/wp\/v2\/product\/21682","targetHints":{"allow":["GET"]}}],"collection":[{"href":"https:\/\/agroflex.cz\/de\/wp-json\/wp\/v2\/product"}],"about":[{"href":"https:\/\/agroflex.cz\/de\/wp-json\/wp\/v2\/types\/product"}],"replies":[{"embeddable":true,"href":"https:\/\/agroflex.cz\/de\/wp-json\/wp\/v2\/comments?post=21682"}],"wp:featuredmedia":[{"embeddable":true,"href":"https:\/\/agroflex.cz\/de\/wp-json\/wp\/v2\/media\/32509"}],"wp:attachment":[{"href":"https:\/\/agroflex.cz\/de\/wp-json\/wp\/v2\/media?parent=21682"}],"wp:term":[{"taxonomy":"product_brand","embeddable":true,"href":"https:\/\/agroflex.cz\/de\/wp-json\/wp\/v2\/product_brand?post=21682"},{"taxonomy":"product_cat","embeddable":true,"href":"https:\/\/agroflex.cz\/de\/wp-json\/wp\/v2\/product_cat?post=21682"},{"taxonomy":"product_tag","embeddable":true,"href":"https:\/\/agroflex.cz\/de\/wp-json\/wp\/v2\/product_tag?post=21682"}],"curies":[{"name":"wp","href":"https:\/\/api.w.org\/{rel}","templated":true}]}}