{"id":22003,"date":"2023-09-13T21:19:43","date_gmt":"2023-09-13T21:19:43","guid":{"rendered":"https:\/\/agroflex.cz\/product\/premium-gewaechshaus-aus-polycarbonat-titan-lux\/"},"modified":"2026-02-02T00:54:26","modified_gmt":"2026-02-02T00:54:26","slug":"premium-gewaechshaus-aus-polycarbonat-titan-lux","status":"publish","type":"product","link":"https:\/\/agroflex.cz\/de\/produkt\/premium-gewaechshaus-aus-polycarbonat-titan-lux\/","title":{"rendered":"Premium-Gew\u00e4chshaus aus Polycarbonat TITAN LUX"},"content":{"rendered":"<div class=\"wpb-content-wrapper\"><p>[vc_row][vc_column][vc_separator style=&#8220;shadow&#8220; border_width=&#8220;5&#8243;][vc_column_text css=&#8220;&#8220; text_larger=&#8220;no&#8220; woodmart_inline=&#8220;no&#8220;]<\/p>\n<h2 style=\"text-align: center;\"><strong>Polycarbonat-Gew\u00e4chshaus TITAN LUX<\/strong><\/h2>\n<p>Sch\u00f6nes <span id=\"1\" class=\"HALYaf KKjvXb\" role=\"tabpanel\"><span class=\"zRhise\"><span class=\"PkjLuf \" title=\"ganzj\u00e4hriges Gew\u00e4chshaus\">ganzj\u00e4hriges professionelles<\/span><\/span><\/span> Gew\u00e4chshaus TITAN LUX. Extrem langlebiges Gew\u00e4chshaus in Premiumqualit\u00e4t. Sein Hauptvorteil ist der doppelte Stahllichtbogen mit Polymerbeschichtung von Jotun, der die Korrosionsbest\u00e4ndigkeit gew\u00e4hrleistet. Das Gew\u00e4chshaus ist sehr langlebig, l\u00e4sst sich leicht von Schnee entfernen und hat starke Fugen. Es bietet auch zwei T\u00fcren mit bel\u00fcfteten Fenstern. Eine ideale Wahl f\u00fcr Profi- und Hobbyg\u00e4rtner.     <\/p>\n<p style=\"text-align: center;\"><strong>VORTEILE UND VORTEILE DES GEW\u00c4CHSHAUSES<\/strong><\/p>\n<p>Gartengew\u00e4chsh\u00e4user dieser Serie sind sehr robust und zuverl\u00e4ssig. Sie sind unter Ber\u00fccksichtigung aller klimatischen Bedingungen konzipiert und halten nicht nur starken Winden mit B\u00f6en von bis zu 30 m\/s, sondern auch einer meterhohen Schneeschicht stand. Bemerkenswert ist, dass dank der gew\u00f6lbten Struktur der Schnee beim Tauwetter von selbst vom Gew\u00e4chshaus rutscht.  <\/p>\n<p>Die Rahmen des Gew\u00e4chshauses TITAN LUX sind aus hochwertigem Stahlstahl gefertigt. B\u00f6gen &#8211; bestehen aus zwei Teilen Langlebige Metallstruktur, die mit Polymerbeschichtung behandelt wurde, wobei besonderes Augenmerk haupts\u00e4chlich auf Verbindungen und Schwei\u00dfn\u00e4hte gelegt wird. <\/p>\n<p>Lichtbogenabstand 0,65 cm, verzinkte Konstruktion mit Pulverbeschichtung. Mit einer Belastung von bis zu 350 kg \/ m2 aus hochwertigem 20\u00d720 Stahl mit einer Dicke von 1,2 mm, was mehr ist als bei \u00e4hnlichen Gew\u00e4chsh\u00e4usern anderer Hersteller. Sie verwenden quadratische Verbinder (Spider), um den Stahl zu verbinden. Die vordere und hintere Front haben Fl\u00fcgelt\u00fcren, jede T\u00fcr enth\u00e4lt L\u00fcftungsfenster. Gew\u00e4chshaus beidseitig befahrbar.    <\/p>\n<p>Eine verst\u00e4rkte Qualit\u00e4tskontrolle in jeder Phase der Produktion erm\u00f6glicht es uns, uns der Qualit\u00e4t und Zuverl\u00e4ssigkeit der Gew\u00e4chsh\u00e4user sicher zu sein und eine Verl\u00e4ngerung der Lebensdauer auf 20 Jahre zu garantieren.<\/p>\n<p>Alternativ bieten wir auch ein massives Berggew\u00e4chshaus aus Polycarbonat Agroflex <a href=\"https:\/\/agroflex.cz\/pl\/produkt\/naprawiono-szklarnie-ogrodowa-titan\/\"><strong>TITAN<\/strong><\/a> oder <a href=\"https:\/\/agroflex.cz\/produkt\/polykarbonatovy-sklenik-agroflex-atlant\/\"><strong>ATLANT an.<\/strong><\/a> Wir bieten auch g\u00fcnstigere Versionen von Agroflex <strong><a href=\"https:\/\/agroflex.cz\/produkt\/zahradni-sklenik-agroflex-standard\/\">STANDARD<\/a><\/strong> oder <strong><a href=\"https:\/\/agroflex.cz\/produkt\/zahradni-sklenik-agroflex-titan-lt1\/\">TITAN LT1<\/a><\/strong> an.[\/vc_column_text][vc_separator][vc_column_text css=&#8220;&#8220; text_larger=&#8220;no&#8220; woodmart_inline=&#8220;no&#8220;]<\/p>\n<h4 style=\"text-align: center;\">Polycarbonat-Verglasung<\/h4>\n<p>Spezielles Premium-zertifiziertes Polycarbonat-Hohlraum f\u00fcr Gew\u00e4chsh\u00e4user mit UV-Filter. Der Vorteil dieses Produkts ist seine hohe W\u00e4rmed\u00e4mmung gegen Glas. Best\u00e4ndig gegen mechanische Besch\u00e4digungen, Witterungseinfl\u00fcsse und Hagel. Au\u00dfergew\u00f6hnliche Transluzenz von Polycarbonat (Klarheit &#8211; bis zu 86%).   <\/p>\n<p>Sie k\u00f6nnen aus mehreren Designs w\u00e4hlen, das Gew\u00e4chshaus TITAN LUX ist mit 4 mm, 6 mm Polycarbonat ausgestattet, das eine st\u00f6rungsfreie und lange Lebensdauer garantiert. F\u00fcr anspruchsvollere Kunden und Profis bieten wir die Gew\u00e4chshausversion TITAN LUX 8 mm an. Polycarbonat wird in einer Rolle geliefert und mit selbstschneidenden Schrauben an der Struktur befestigt.[\/vc_column_text][\/vc_column][\/vc_row][vc_row][vc_column width=&#8220;1\/2&#8243;][vc_separator style=&#8220;shadow&#8220; border_width=&#8220;5&#8243;][vc_text_separator title=&#8220;Empfohlenes Zubeh\u00f6r :&#8220; title_align=&#8220;separator_align_left&#8220; align=&#8220;align_left&#8220; style=&#8220;dotted&#8220;]<div class=\"widget_products \"><div class=\"widget woocommerce widget_products\"><ul class=\"product_list_widget\"><li>\n\t\t<span class=\"widget-product-wrap\">\n\t\t<a href=\"https:\/\/agroflex.cz\/de\/produkt\/aero-100-automatischer-fensteroeffner-fuer-gewaechshaeuser\/\" title=\"AERO-100 Automatischer Fenster\u00f6ffner f\u00fcr Gew\u00e4chsh\u00e4user\" class=\"widget-product-img\">\n\t\t\t<img decoding=\"async\" width=\"300\" height=\"300\" src=\"https:\/\/agroflex.cz\/wp-content\/uploads\/2023\/09\/avtomat2-1-300x300.jpg\" class=\"attachment-woocommerce_thumbnail size-woocommerce_thumbnail\" alt=\"Olejov\u00fd p\u00edst do sklen\u00edku\" srcset=\"https:\/\/agroflex.cz\/wp-content\/uploads\/2023\/09\/avtomat2-1-300x300.jpg 300w, https:\/\/agroflex.cz\/wp-content\/uploads\/2023\/09\/avtomat2-1-150x150.jpg 150w, https:\/\/agroflex.cz\/wp-content\/uploads\/2023\/09\/avtomat2-1-600x600.jpg 600w, https:\/\/agroflex.cz\/wp-content\/uploads\/2023\/09\/avtomat2-1.jpg 690w\" sizes=\"(max-width: 300px) 100vw, 300px\" \/>\t\t<\/a>\n\t\t<span class=\"widget-product-info\">\n\t\t\t<a href=\"https:\/\/agroflex.cz\/de\/produkt\/aero-100-automatischer-fensteroeffner-fuer-gewaechshaeuser\/\" title=\"AERO-100 Automatischer Fenster\u00f6ffner f\u00fcr Gew\u00e4chsh\u00e4user\" class=\"wd-entities-title\">\n\t\t\t\tAERO-100 Automatischer Fenster\u00f6ffner f\u00fcr Gew\u00e4chsh\u00e4user\t\t\t<\/a>\n\t\t\t\t\t\t\t\t\t\t\t\t\t<span class=\"price\"><del aria-hidden=\"true\"><span class=\"woocommerce-Price-amount amount\"><bdi>1 632<span class=\"woocommerce-Price-currencySymbol\">&#75;&#269;<\/span><\/bdi><\/span><\/del> <span class=\"screen-reader-text\">Urspr\u00fcnglicher Preis war: 1 632&#075;&#269;<\/span><ins aria-hidden=\"true\"><span class=\"woocommerce-Price-amount amount\"><bdi>1 531<span class=\"woocommerce-Price-currencySymbol\">&#75;&#269;<\/span><\/bdi><\/span><\/ins><span class=\"screen-reader-text\">Aktueller Preis ist: 1 531&#075;&#269;.<\/span><\/span>\n\t\t<\/span>\n\t<\/span>\n\t<\/li>\n<\/ul><\/div><\/div>[vc_separator style=&#8220;shadow&#8220; border_width=&#8220;5&#8243;][vc_column_text css=&#8220;&#8220; text_larger=&#8220;no&#8220; woodmart_inline=&#8220;no&#8220;]<\/p>\n<h5 style=\"text-align: center;\"><span style=\"color: #000000;\"><strong>Parameter des Gew\u00e4chshauses:<\/strong><\/span><\/h5>\n<table>\n<tbody>\n<tr style=\"height: 24px;\">\n<td style=\"width: 185.867px; height: 24px; text-align: left;\">Art der Konstruktion<\/td>\n<td style=\"width: 243.133px; height: 24px; text-align: right;\"> B\u00f6gen &#8211; bestehen aus zwei Teilen<\/td>\n<\/tr>\n<tr style=\"height: 24px;\">\n<td style=\"width: 185.867px; height: 24px; text-align: left;\">Zul\u00e4ssige Belastung<\/td>\n<td style=\"width: 243.133px; height: 24px; text-align: right;\">350 kg<\/td>\n<\/tr>\n<tr style=\"height: 24px;\">\n<td style=\"width: 185.867px; height: 24px; text-align: left;\">Windwiderstand<\/td>\n<td style=\"width: 243.133px; height: 24px; text-align: right;\">30 m\/s<\/td>\n<\/tr>\n<tr style=\"height: 24px;\">\n<td style=\"width: 185.867px; height: 24px; text-align: left;\">Breite<\/td>\n<td style=\"width: 243.133px; height: 24px; text-align: right;\">3 m<\/td>\n<\/tr>\n<tr style=\"height: 24px;\">\n<td style=\"width: 185.867px; height: 24px; text-align: left;\">H\u00f6he<\/td>\n<td style=\"width: 243.133px; height: 24px; text-align: right;\">ca. 2,1 m<\/td>\n<\/tr>\n<tr style=\"height: 24px;\">\n<td style=\"width: 185.867px; height: 24px; text-align: left;\">L\u00e4nge (Varianten)<\/td>\n<td style=\"width: 243.133px; height: 24px; text-align: right;\">4 m; 6 m; 8 m; 10 m; 12 m; (Modulation in 2 m-Schritten)<\/td>\n<\/tr>\n<tr style=\"height: 24px;\">\n<td style=\"width: 185.867px; height: 24px; text-align: left;\">Material der Verglasung<\/td>\n<td style=\"width: 243.133px; height: 24px; text-align: right;\">Polycarbonat 4mm, 6mm, 8mm<\/td>\n<\/tr>\n<tr style=\"height: 24px;\">\n<td style=\"width: 185.867px; height: 24px; text-align: left;\">Fl\u00e4chengewicht<\/td>\n<td style=\"width: 243.133px; height: 24px; text-align: right;\">800 g\/m2 &#8211; 1500 g\/m2<\/td>\n<\/tr>\n<tr style=\"height: 24px;\">\n<td style=\"width: 185.867px; height: 24px; text-align: left;\">UV-Schutz von<\/td>\n<p> Polycarbonat<\/p>\n<td style=\"width: 243.133px; height: 24px; text-align: right;\">ja<\/td>\n<\/tr>\n<tr style=\"height: 24px;\">\n<td style=\"width: 185.867px; height: 24px; text-align: left;\">Abmessungen der Platten<\/td>\n<td style=\"width: 243.133px; height: 24px; text-align: right;\">6 x 2,1 m<\/td>\n<\/tr>\n<tr style=\"height: 24px;\">\n<td style=\"width: 185.867px; height: 10px; text-align: left;\">Baumaterial<\/td>\n<td style=\"width: 243.133px; height: 10px; text-align: right;\">Pulverbeschichteter verzinkter Stahl<\/td>\n<\/tr>\n<tr style=\"height: 24px;\">\n<td style=\"width: 161.267px; height: 24px; text-align: left;\">Interne<\/td>\n<p> Verst\u00e4rkung<\/p>\n<td style=\"width: 292.733px; height: 24px; text-align: right;\"> Doppelter Stahl<\/td>\n<\/tr>\n<tr style=\"height: 24px;\">\n<td style=\"width: 185.867px; height: 24px; text-align: left;\">Profilst\u00e4rke<\/td>\n<td style=\"width: 243.133px; height: 24px; text-align: right;\">1,2 mm (mehr als bei \u00e4hnlichen Gew\u00e4chsh\u00e4usern anderer Hersteller)<\/td>\n<\/tr>\n<tr style=\"height: 35px;\">\n<td style=\"width: 185.867px; height: 35px; text-align: left;\">Abstand zwischen Kurven<\/td>\n<td style=\"width: 243.133px; height: 35px; text-align: right;\">0,65 m<\/td>\n<\/tr>\n<tr style=\"height: 35px;\">\n<td style=\"width: 185.867px; height: 35px; text-align: left;\">Verst\u00e4rkungsst\u00e4be<\/td>\n<p> f\u00fcr das Fu\u00dfgew\u00f6lbe <\/p>\n<td style=\"width: 243.133px; height: 35px; text-align: right;\">3 Zeilen<\/td>\n<\/tr>\n<tr style=\"height: 24px;\">\n<td style=\"width: 170.4px; height: 24px; text-align: left;\">Art<\/td>\n<td style=\"width: 268.6px; height: 24px; text-align: right;\">beidseitig befahrbar<\/td>\n<\/tr>\n<tr style=\"height: 24px;\">\n<td style=\"width: 170.4px; height: 24px; text-align: left;\">Haust\u00fcren<\/td>\n<td style=\"width: 268.6px; height: 24px; text-align: right;\">2 Stk.<\/td>\n<\/tr>\n<tr style=\"height: 35px;\">\n<td style=\"width: 170.4px; height: 35px; text-align: left;\">L\u00fcftungs-Fensterfront<\/td>\n<td style=\"width: 268.6px; height: 35px; text-align: right;\">2 Stk.<\/td>\n<\/tr>\n<tr style=\"height: 24px;\">\nVerankerung <\/p>\n<td style=\"width: 185.867px; height: 24px; text-align: left;\">aus<\/td>\n<p> Polycarbonat<\/p>\n<td style=\"width: 243.133px; height: 24px; text-align: right;\">Iinklusive<\/td>\n<\/tr>\n<tr style=\"height: 24px;\">\n<td style=\"width: 185.867px; height: 24px; text-align: left;\">Verankerung<\/td>\n<td style=\"width: 243.133px; height: 24px; text-align: right;\">Verwandte <a href=\"https:\/\/agroflex.cz\/kategorie-produktu\/akcesoria\/kotveni-skleniku\/\" target=\"_blank\" rel=\"noopener\">Produkte<\/a><\/td>\n<\/tr>\n<tr style=\"height: 24px;\">\n<td style=\"width: 185.867px; height: 24px; text-align: left;\">Garantie aus<\/td>\n<p> Polycarbonat<\/p>\n<td style=\"width: 243.133px; height: 24px; text-align: right;\">10 Jahre<\/td>\n<\/tr>\n<tr style=\"height: 35px;\">\n<td style=\"width: 185.867px; height: 35px; text-align: left;\">Garantie auf die Konstruktion<\/td>\n<td style=\"width: 243.133px; height: 35px; text-align: right;\">5 Jahre<\/td>\n<\/tr>\n<tr style=\"height: 24px;\">\n<td style=\"width: 185.867px; height: 24px; text-align: left;\">Basis<\/td>\n<td style=\"width: 243.133px; height: 24px; text-align: right;\">Nicht notwendig<\/td>\n<\/tr>\n<\/tbody>\n<\/table>\n<p><span style=\"font-size: 10pt;\">F\u00fcr den Fall, dass Sie sich nicht um die Montage des notwendigen Gew\u00e4chshauszubeh\u00f6rs k\u00fcmmern m\u00f6chten, bieten wir komplette <a href=\"https:\/\/agroflex.cz\/kategorie-produktu\/akcesoria\/sada-prislusenstvi\/\"><strong>verschiedene Sets \/ Sets von Gew\u00e4chshauszubeh\u00f6r an.<\/strong><\/a><\/span>[\/vc_column_text][vc_separator style=&#8220;shadow&#8220; border_width=&#8220;5&#8243;][\/vc_column][vc_column width=&#8220;1\/2&#8243;][vc_separator style=&#8220;shadow&#8220; border_width=&#8220;5&#8243;][vc_column_text css=&#8220;&#8220; text_larger=&#8220;no&#8220; woodmart_inline=&#8220;no&#8220;]<\/p>\n<div class=\"vc_row wpb_row vc_row-fluid\">\n<div class=\"wpb_column vc_column_container vc_col-sm-12\">\n<div class=\"vc_column-inner\">\n<div class=\"wpb_wrapper\">\n<div class=\"wpb_text_column wpb_content_element\">\n<div class=\"wpb_wrapper\">\n<h4 style=\"text-align: center;\">Fundamente f\u00fcr ein Gew\u00e4chshaus<\/h4>\n<p>Um die Haltbarkeit des Gew\u00e4chshauses zu gew\u00e4hrleisten, wird empfohlen, es auf einem vorbereiteten Sockel zu installieren &#8211; einem Fundament, das auf der Grundlage seiner Abmessungen um den Umfang des Sockels hergestellt wird, beispielsweise in Form eines Rahmens mit einer Dicke von 100&#8230; 200 mm, wodurch die Korrosionsaktivit\u00e4t erheblich reduziert wird. Der Rahmen des Gew\u00e4chshauses sollte mit Schrauben oder N\u00e4geln am Fundament befestigt werden, um ein Umkippen bei starkem Wind zu verhindern. <\/p>\n<p>Das Gew\u00e4chshaus aus Polycarbonat kann so je nach Priorit\u00e4t jedes Kunden befestigt werden, es kann im Boden installiert werden (die Befestigung erfolgt durch Ankerf\u00fc\u00dfe), Holzprismen 10 x 10 cm oder auf einem Betonsockel.<\/p>\n<p>Der Rahmen des Gew\u00e4chshauses sollte mit Schrauben oder N\u00e4geln am Fundament befestigt werden, um ein Umkippen unter dem Einfluss starker Windb\u00f6en zu verhindern. Im Allgemeinen ist jedoch die Verankerung auf einem Betonsockel die bessere Wahl, um die Korrosionsaktivit\u00e4t erheblich zu reduzieren. <\/p>\n<\/div>\n<\/div>\n<\/div>\n<\/div>\n<\/div>\n<\/div>\n<p>[\/vc_column_text]<div class=\"widget_products \"><div class=\"widget woocommerce widget_products\"><ul class=\"product_list_widget\"><li>\n\t\t<span class=\"widget-product-wrap\">\n\t\t<a href=\"https:\/\/agroflex.cz\/de\/produkt\/botanik-blechsockel-fuer-gewaechshaeuser\/\" title=\"Botanik Blechsockel f\u00fcr Gew\u00e4chsh\u00e4user\" class=\"widget-product-img\">\n\t\t\t<img decoding=\"async\" width=\"300\" height=\"300\" src=\"https:\/\/agroflex.cz\/wp-content\/uploads\/2023\/09\/Zakladna-pro-zahradni-skleniky-Agroflex-300x300.jpg\" class=\"attachment-woocommerce_thumbnail size-woocommerce_thumbnail\" alt=\"\" srcset=\"https:\/\/agroflex.cz\/wp-content\/uploads\/2023\/09\/Zakladna-pro-zahradni-skleniky-Agroflex-300x300.jpg 300w, https:\/\/agroflex.cz\/wp-content\/uploads\/2023\/09\/Zakladna-pro-zahradni-skleniky-Agroflex-150x150.jpg 150w\" sizes=\"(max-width: 300px) 100vw, 300px\" \/>\t\t<\/a>\n\t\t<span class=\"widget-product-info\">\n\t\t\t<a href=\"https:\/\/agroflex.cz\/de\/produkt\/botanik-blechsockel-fuer-gewaechshaeuser\/\" title=\"Botanik Blechsockel f\u00fcr Gew\u00e4chsh\u00e4user\" class=\"wd-entities-title\">\n\t\t\t\tBotanik Blechsockel f\u00fcr Gew\u00e4chsh\u00e4user\t\t\t<\/a>\n\t\t\t\t\t\t\t\t\t\t\t\t\t<span class=\"price\"><span class=\"woocommerce-Price-amount amount\" aria-hidden=\"true\"><bdi>968<span class=\"woocommerce-Price-currencySymbol\">&#75;&#269;<\/span><\/bdi><\/span> <span aria-hidden=\"true\"> \u2013 <\/span> <span class=\"woocommerce-Price-amount amount\" aria-hidden=\"true\"><bdi>3 267<span class=\"woocommerce-Price-currencySymbol\">&#75;&#269;<\/span><\/bdi><\/span><span class=\"screen-reader-text\">Preisspanne: 968&#75;&#269; bis 3 267&#75;&#269;<\/span><\/span>\n\t\t<\/span>\n\t<\/span>\n\t<\/li>\n<\/ul><\/div><\/div>[vc_separator style=&#8220;shadow&#8220; border_width=&#8220;5&#8243;][vc_column_text css=&#8220;&#8220; text_larger=&#8220;no&#8220; woodmart_inline=&#8220;no&#8220;]<\/p>\n<div class=\"vc_row wpb_row vc_row-fluid\">\n<div class=\"wpb_column vc_column_container vc_col-sm-12\">\n<div class=\"vc_column-inner\">\n<div class=\"wpb_wrapper\">\n<div class=\"wpb_text_column wpb_content_element\">\n<div class=\"wpb_wrapper\">\n<h5 style=\"text-align: center;\">Halterungen<\/h5>\n<p>Auch die Montage eines Gew\u00e4chshauses ist einfach und erfordert keine besonderen F\u00e4higkeiten. Es wird nur ein minimales Set an Werkzeugen ben\u00f6tigt \u2013 ein Schraubenschl\u00fcssel, ein Schraubendreher, ein Messer. Eine detaillierte Anleitung erhalten Sie zusammen mit dem Gew\u00e4chshaus. Die illustrierte Anleitung wird den Bau eines Gew\u00e4chshauses weiter vereinfachen.   <\/p>\n<p>Wenn Sie keine Zeit f\u00fcr die Installation haben, <a href=\"https:\/\/agroflex.cz\/montaz-skleniku\/\" target=\"_blank\" rel=\"noopener\"><strong>k\u00f6nnen Sie die Installation<\/strong><\/a> bei unseren Spezialisten bestellen, die mit hohem Fachwissen und in k\u00fcrzester Zeit alles f\u00fcr Sie zusammenbauen.<\/p>\n<p>Obwohl die Montage des gesamten Gew\u00e4chshauses einfach ist, nimmt es die meiste Zeit in Anspruch, das Polycarbonat zu schneiden, zu kanten und an beiden Vorderseiten des Gew\u00e4chshauses zu montieren. Deshalb bieten wir Ihnen die M\u00f6glichkeit, diesen Teil <a href=\"https:\/\/agroflex.cz\/montaz-skleniku\/\" target=\"_blank\" rel=\"noopener\"><strong>der Montage<\/strong><\/a> zu bestellen, der in unserem Lager durchgef\u00fchrt wird, Sie erhalten vom Spediteur beide Frontseiten mit Polycarbonat gef\u00fcllt. <\/p>\n<p>Das Gew\u00e4chshaus kann modifiziert werden und die Umsetzung von Erweiterungen ist in Zukunft m\u00f6glich, so dass die theoretische L\u00e4nge des Gew\u00e4chshauses unbegrenzt ist.<\/p>\n<\/div>\n<\/div>\n<\/div>\n<\/div>\n<\/div>\n<\/div>\n<p>[\/vc_column_text][vc_separator style=&#8220;shadow&#8220; border_width=&#8220;5&#8243;][vc_column_text woodmart_inline=&#8220;no&#8220; text_larger=&#8220;no&#8220;]<\/p>\n<h4 style=\"text-align: center;\">Alternativen<\/h4>\n<p>[\/vc_column_text]<div class=\"widget_products \"><div class=\"widget woocommerce widget_products\"><ul class=\"product_list_widget\"><li>\n\t\t<span class=\"widget-product-wrap\">\n\t\t<a href=\"https:\/\/agroflex.cz\/de\/produkt\/polycarbonat-fuer-gewaechshaeuser-titan-lt1\/\" title=\"Polycarbonat f\u00fcr Gew\u00e4chsh\u00e4user TITAN LT1\" class=\"widget-product-img\">\n\t\t\t<img decoding=\"async\" width=\"300\" height=\"300\" src=\"https:\/\/agroflex.cz\/wp-content\/uploads\/2023\/09\/Zahradni-sklenik-Titan-LT1-300x300.jpg\" class=\"attachment-woocommerce_thumbnail size-woocommerce_thumbnail\" alt=\"polykarbon\u00e1tov\u00fd sklen\u00edk greenhouse\" srcset=\"https:\/\/agroflex.cz\/wp-content\/uploads\/2023\/09\/Zahradni-sklenik-Titan-LT1-300x300.jpg 300w, https:\/\/agroflex.cz\/wp-content\/uploads\/2023\/09\/Zahradni-sklenik-Titan-LT1-150x150.jpg 150w\" sizes=\"(max-width: 300px) 100vw, 300px\" \/>\t\t<\/a>\n\t\t<span class=\"widget-product-info\">\n\t\t\t<a href=\"https:\/\/agroflex.cz\/de\/produkt\/polycarbonat-fuer-gewaechshaeuser-titan-lt1\/\" title=\"Polycarbonat f\u00fcr Gew\u00e4chsh\u00e4user TITAN LT1\" class=\"wd-entities-title\">\n\t\t\t\tPolycarbonat f\u00fcr Gew\u00e4chsh\u00e4user TITAN LT1\t\t\t<\/a>\n\t\t\t\t\t\t\t\t\t\t\t\t\t<span class=\"price\"><span class=\"woocommerce-Price-amount amount\" aria-hidden=\"true\"><bdi>14 399<span class=\"woocommerce-Price-currencySymbol\">&#75;&#269;<\/span><\/bdi><\/span> <span aria-hidden=\"true\"> \u2013 <\/span> <span class=\"woocommerce-Price-amount amount\" aria-hidden=\"true\"><bdi>25 337<span class=\"woocommerce-Price-currencySymbol\">&#75;&#269;<\/span><\/bdi><\/span><span class=\"screen-reader-text\">Preisspanne: 14 399&#75;&#269; bis 25 337&#75;&#269;<\/span><\/span>\n\t\t<\/span>\n\t<\/span>\n\t<\/li>\n<\/ul><\/div><\/div>[vc_separator style=&#8220;shadow&#8220; border_width=&#8220;5&#8243;][\/vc_column][\/vc_row]<\/p>\n<\/div>","protected":false},"excerpt":{"rendered":"<p><span style=\"font-size: 10pt;\"><span style=\"color: #ff0000;\"><strong>NACHRICHTEN!<\/strong><\/span>  Gew\u00e4chshausbreite 3 m, H\u00f6he 2,1 m, L\u00e4nge ab 4 m. Langlebiges und stabiles Gew\u00e4chshaus f\u00fcr den Garten mit einer doppelten Stahlkonstruktion. Robuste Konstruktion aus verzinktem Stahl mit Pulverbeschichtung. Hohe Witterungsbest\u00e4ndigkeit. Hochwertiges Polycarbonat mit starkem UV-Filter (spr\u00f6de nicht, vergilbt nicht).<br \/>\n<\/span><\/p>\n","protected":false},"featured_media":11921,"comment_status":"open","ping_status":"closed","template":"","meta":[],"product_brand":[419],"product_cat":[480,655,817,818],"product_tag":[],"class_list":{"0":"post-22003","1":"product","2":"type-product","3":"status-publish","4":"has-post-thumbnail","6":"product_brand-agroflex","7":"product_cat-nicht-kategorisiert","8":"product_cat-gartengewachshauser-veranstaltungen","9":"product_cat-gewolbungsgewachshauser","10":"product_cat-bunte-gewachshauser","12":"first","13":"instock","14":"sale","15":"taxable","16":"shipping-taxable","17":"purchasable","18":"product-type-variable","19":"has-default-attributes"},"_links":{"self":[{"href":"https:\/\/agroflex.cz\/de\/wp-json\/wp\/v2\/product\/22003","targetHints":{"allow":["GET"]}}],"collection":[{"href":"https:\/\/agroflex.cz\/de\/wp-json\/wp\/v2\/product"}],"about":[{"href":"https:\/\/agroflex.cz\/de\/wp-json\/wp\/v2\/types\/product"}],"replies":[{"embeddable":true,"href":"https:\/\/agroflex.cz\/de\/wp-json\/wp\/v2\/comments?post=22003"}],"wp:featuredmedia":[{"embeddable":true,"href":"https:\/\/agroflex.cz\/de\/wp-json\/wp\/v2\/media\/11921"}],"wp:attachment":[{"href":"https:\/\/agroflex.cz\/de\/wp-json\/wp\/v2\/media?parent=22003"}],"wp:term":[{"taxonomy":"product_brand","embeddable":true,"href":"https:\/\/agroflex.cz\/de\/wp-json\/wp\/v2\/product_brand?post=22003"},{"taxonomy":"product_cat","embeddable":true,"href":"https:\/\/agroflex.cz\/de\/wp-json\/wp\/v2\/product_cat?post=22003"},{"taxonomy":"product_tag","embeddable":true,"href":"https:\/\/agroflex.cz\/de\/wp-json\/wp\/v2\/product_tag?post=22003"}],"curies":[{"name":"wp","href":"https:\/\/api.w.org\/{rel}","templated":true}]}}