{"id":22836,"date":"2025-05-02T10:45:27","date_gmt":"2025-05-02T10:45:27","guid":{"rendered":"https:\/\/agroflex.cz\/product\/schwimmbadueberdachung-tulipan-l40\/"},"modified":"2025-09-19T08:19:17","modified_gmt":"2025-09-19T08:19:17","slug":"schwimmbadueberdachung-tulipan-l40","status":"publish","type":"product","link":"https:\/\/agroflex.cz\/de\/produkt\/schwimmbadueberdachung-tulipan-l40\/","title":{"rendered":"Schwimmbad\u00fcberdachung TULIPAN L40"},"content":{"rendered":"<div class=\"wpb-content-wrapper\"><p>[vc_row][vc_column][vc_separator style=&#8220;shadow&#8220; border_width=&#8220;5&#8243;][vc_column_text css=&#8220;&#8220; text_larger=&#8220;no&#8220; woodmart_inline=&#8220;no&#8220;]<\/p>\n<h2 style=\"text-align: center;\">Schwimmbad\u00fcberdachung <strong>TULIPAN L40<br \/>\n<\/strong><\/h2>\n<p data-start=\"177\" data-end=\"259\"><strong data-start=\"177\" data-end=\"259\">Professionelles Mehrzweckgew\u00e4chshaus mit Faltstruktur<\/strong><\/p>\n<p data-start=\"261\" data-end=\"611\">Agroflex TULIPAN XL ist ein Gro\u00dfraumgew\u00e4chshaus aus Polycarbonat, das Eleganz, Zweckm\u00e4\u00dfigkeit und hohe Haltbarkeit vereint. Neben seiner traditionellen Verwendung f\u00fcr den Anbau von Nutzpflanzen ist es auch eine erschwingliche und \u00e4sthetisch ansprechende Alternative zur <strong data-start=\"494\" data-end=\"515\">\u00dcberdachung von Schwimmb\u00e4dern<\/strong>. Dank seines universellen Designs und moderner technischer L\u00f6sungen ist er perfekt f\u00fcr jeden Garten.  <\/p>\n<h3 data-start=\"613\" data-end=\"636\">Hauptmerkmale:<\/h3>\n<ul data-start=\"638\" data-end=\"1153\">\n<li data-start=\"638\" data-end=\"720\">\n<p data-start=\"640\" data-end=\"720\"><strong data-start=\"640\" data-end=\"663\">Vielseitig einsetzbar<\/strong> \u2013 ideal als Gartengew\u00e4chshaus oder als Abdeckung f\u00fcr den Pool.<\/p>\n<\/li>\n<li data-start=\"721\" data-end=\"824\">\n<p data-start=\"723\" data-end=\"824\"><strong data-start=\"723\" data-end=\"762\">ANTI-STORM seitliches \u00d6ffnungssystem<\/strong> \u2013 sorgt f\u00fcr besseren Windwiderstand und einfache Bel\u00fcftung.<\/p>\n<\/li>\n<li data-start=\"825\" data-end=\"939\">\n<p data-start=\"827\" data-end=\"939\"><strong data-start=\"827\" data-end=\"870\">Faltbogendach und Seitenteile<\/strong> \u2013 das Dach kann je nach Bedarf von einer oder beiden Seiten ge\u00f6ffnet werden.<\/p>\n<\/li>\n<li data-start=\"940\" data-end=\"1026\">\n<p data-start=\"942\" data-end=\"1026\"><strong data-start=\"942\" data-end=\"971\">Schiebeelemente mit einer Breite von 1 m<\/strong> \u2013 bequemer Zugang zum Pool und einfache Handhabung.<\/p>\n<\/li>\n<li data-start=\"1027\" data-end=\"1153\">\n<p data-start=\"1029\" data-end=\"1153\"><strong data-start=\"1029\" data-end=\"1052\">Robuste Konstruktion<\/strong> \u2013 gefertigt aus 40 \u00d7 20 \u00d7 1 mm Doppelbogenprofilen f\u00fcr maximale Stabilit\u00e4t und lange Lebensdauer.<\/p>\n<\/li>\n<\/ul>\n<h3 data-start=\"1155\" data-end=\"1177\">Material und Ausf\u00fchrungen:<\/h3>\n<ul data-start=\"1179\" data-end=\"1588\">\n<li data-start=\"1179\" data-end=\"1290\">\n<p data-start=\"1181\" data-end=\"1290\"><strong data-start=\"1181\" data-end=\"1214\">Zertifiziertes UV-Polycarbonat<\/strong> \u2013 bietet eine hohe Lichtdurchl\u00e4ssigkeit und einen wirksamen Schutz vor UV-Strahlung.<\/p>\n<\/li>\n<li data-start=\"1428\" data-end=\"1588\">\n<p data-start=\"1430\" data-end=\"1588\"><strong data-start=\"1430\" data-end=\"1463\">Farbiges Polycarbonat auf Anfrage<\/strong> \u2013 w\u00e4hlen Sie den Farbton, der am besten zur Umgebung passt (bei der Bestellung angeben, ein Aufpreis von ca. 5-9% \u2013 den genauen Preis teilen wir Ihnen umgehend mit).<\/p>\n<\/li>\n<li data-start=\"1428\" data-end=\"1588\">Bei der Verwendung eines Gartengew\u00e4chshauses <strong>als erschwingliche Pool\u00fcberdachung<\/strong> kann die Metallstruktur mit einer speziellen Farbbeschichtung behandelt werden, die nicht nur das Erscheinungsbild verbessert, sondern auch die Lebensdauer der verzinkten Oberfl\u00e4che verl\u00e4ngert.<\/li>\n<\/ul>\n<p><strong data-start=\"70\" data-end=\"94\">Wichtig:<\/strong><br data-start=\"94\" data-end=\"97\">Wir empfehlen, ein Gew\u00e4chshaus nicht in offenen und windigen Gebieten wie Feldern, Ebenen oder anderen nicht \u00fcberdachten Bereichen zu installieren, in denen starke Winde auftreten k\u00f6nnen. Unter solchen Bedingungen besteht die Gefahr einer Besch\u00e4digung der \u00d6ffnungsmechanismen aus Kunststoff. Wir empfehlen, einen gesch\u00fctzteren Ort zu w\u00e4hlen oder die Struktur mit zus\u00e4tzlichen Sicherheitsmerkmalen zu sichern.[\/vc_column_text][vc_separator][\/vc_column][\/vc_row][vc_row][vc_column width=&#8220;1\/2&#8243;][vc_separator style=&#8220;shadow&#8220; border_width=&#8220;5&#8243;][vc_text_separator title=&#8220;Empfohlenes Zubeh\u00f6r :&#8220; title_align=&#8220;separator_align_left&#8220; align=&#8220;align_left&#8220; style=&#8220;dotted&#8220;]<div class=\"widget_products \"><div class=\"widget woocommerce widget_products\"><ul class=\"product_list_widget\"><li>\n\t\t<span class=\"widget-product-wrap\">\n\t\t<a href=\"https:\/\/agroflex.cz\/de\/produkt\/aero-100-automatischer-fensteroeffner-fuer-gewaechshaeuser\/\" title=\"AERO-100 Automatischer Fenster\u00f6ffner f\u00fcr Gew\u00e4chsh\u00e4user\" class=\"widget-product-img\">\n\t\t\t<img decoding=\"async\" width=\"300\" height=\"300\" src=\"https:\/\/agroflex.cz\/wp-content\/uploads\/2023\/09\/avtomat2-1-300x300.jpg\" class=\"attachment-woocommerce_thumbnail size-woocommerce_thumbnail\" alt=\"Olejov\u00fd p\u00edst do sklen\u00edku\" srcset=\"https:\/\/agroflex.cz\/wp-content\/uploads\/2023\/09\/avtomat2-1-300x300.jpg 300w, https:\/\/agroflex.cz\/wp-content\/uploads\/2023\/09\/avtomat2-1-150x150.jpg 150w, https:\/\/agroflex.cz\/wp-content\/uploads\/2023\/09\/avtomat2-1-600x600.jpg 600w, https:\/\/agroflex.cz\/wp-content\/uploads\/2023\/09\/avtomat2-1.jpg 690w\" sizes=\"(max-width: 300px) 100vw, 300px\" \/>\t\t<\/a>\n\t\t<span class=\"widget-product-info\">\n\t\t\t<a href=\"https:\/\/agroflex.cz\/de\/produkt\/aero-100-automatischer-fensteroeffner-fuer-gewaechshaeuser\/\" title=\"AERO-100 Automatischer Fenster\u00f6ffner f\u00fcr Gew\u00e4chsh\u00e4user\" class=\"wd-entities-title\">\n\t\t\t\tAERO-100 Automatischer Fenster\u00f6ffner f\u00fcr Gew\u00e4chsh\u00e4user\t\t\t<\/a>\n\t\t\t\t\t\t\t\t\t\t\t\t\t<span class=\"price\"><del aria-hidden=\"true\"><span class=\"woocommerce-Price-amount amount\"><bdi>1 632<span class=\"woocommerce-Price-currencySymbol\">&#75;&#269;<\/span><\/bdi><\/span><\/del> <span class=\"screen-reader-text\">Urspr\u00fcnglicher Preis war: 1 632&#075;&#269;<\/span><ins aria-hidden=\"true\"><span class=\"woocommerce-Price-amount amount\"><bdi>1 531<span class=\"woocommerce-Price-currencySymbol\">&#75;&#269;<\/span><\/bdi><\/span><\/ins><span class=\"screen-reader-text\">Aktueller Preis ist: 1 531&#075;&#269;.<\/span><\/span>\n\t\t<\/span>\n\t<\/span>\n\t<\/li>\n<\/ul><\/div><\/div>[vc_separator style=&#8220;shadow&#8220; border_width=&#8220;5&#8243;][vc_column_text css=&#8220;&#8220; text_larger=&#8220;no&#8220; woodmart_inline=&#8220;no&#8220;]<\/p>\n<h4 style=\"text-align: center;\"><span style=\"color: #000000;\"><strong>Parameter des Gew\u00e4chshauses:<\/strong><\/span><\/h4>\n<table>\n<tbody>\n<tr style=\"height: 24px;\">\n<td style=\"width: 201px; height: 24px; text-align: left;\">Art der Konstruktion<\/td>\n<td style=\"width: 262px; height: 24px; text-align: right;\">Abnehmbare B\u00f6gen<\/td>\n<\/tr>\n<tr style=\"height: 24px;\">\n<td style=\"width: 201px; height: 24px; text-align: left;\">Zul\u00e4ssige Belastung<\/td>\n<td style=\"width: 262px; height: 24px; text-align: right;\">300 kg<\/td>\n<\/tr>\n<tr style=\"height: 24px;\">\n<td style=\"width: 201px; height: 24px; text-align: left;\">Breite<\/td>\n<td style=\"width: 262px; height: 24px; text-align: right;\">4,00 m<\/td>\n<\/tr>\n<tr style=\"height: 24px;\">\n<td style=\"width: 201px; height: 24px; text-align: left;\">H\u00f6he<\/td>\n<td style=\"width: 262px; height: 24px; text-align: right;\">ca. 2,24 m<\/td>\n<\/tr>\n<tr style=\"height: 24px;\">\n<td style=\"width: 201px; height: 24px; text-align: left;\">L\u00e4nge (Varianten)<\/td>\n<td style=\"width: 262px; height: 24px; text-align: right;\">3,98 m; 5,95 m; 7,91 m; 9,88 m; 11,84 (Verl\u00e4ngerung nach 1,964 m ist auch m\u00f6glich)<\/td>\n<\/tr>\n<tr style=\"height: 24px;\">\n<td style=\"width: 201px; height: 24px; text-align: left;\">Material der Verglasung<\/td>\n<td style=\"width: 262px; height: 24px; text-align: right;\">Polycarbonat 4 mm (Reinheit &#8211; bis zu 86%).<\/td>\n<\/tr>\n<tr style=\"height: 24px;\">\n<td style=\"width: 201px; height: 24px; text-align: left;\">UV-Schutz<\/td>\n<td style=\"width: 262px; height: 24px; text-align: right;\">ja (einseitig)<\/td>\n<\/tr>\n<tr style=\"height: 24px;\">\n<td style=\"width: 201px; height: 24px; text-align: left;\">Baumaterial<\/td>\n<td style=\"width: 262px; height: 24px; text-align: right;\"> Verzinkter Stahl &#8211; Jekl quadratisch 40\u044520 \u043c\u043c<\/td>\n<\/tr>\n<tr style=\"height: 24px;\">\n<td style=\"width: 201px; height: 24px; text-align: left;\">\n Festigkeit der Stahlwand<\/td>\n<td style=\"width: 262px; height: 24px; text-align: right;\">1 mm<\/td>\n<\/tr>\n<tr style=\"height: 35px;\">\n<td style=\"width: 201px; height: 35px; text-align: left;\">Abstand zwischen Kurven<\/td>\n<td style=\"width: 262px; height: 35px; text-align: right;\">1 Meter<\/td>\n<\/tr>\n<tr style=\"height: 24px;\">\n<td style=\"width: 201px; height: 24px; text-align: left;\">Art<\/td>\n<td style=\"width: 262px; height: 24px; text-align: right;\">beidseitig befahrbar<\/td>\n<\/tr>\n<tr style=\"height: 24px;\">\n<td style=\"width: 201px; height: 24px; text-align: left;\">Haust\u00fcren<\/td>\n<td style=\"width: 262px; height: 24px; text-align: right;\">2 Stk.<\/td>\n<\/tr>\n<tr style=\"height: 24px;\">\nVerankerung <\/p>\n<td style=\"width: 201px; height: 24px; text-align: left;\">aus<\/td>\n<p> Polycarbonat<\/p>\n<td style=\"width: 262px; height: 24px; text-align: right;\">ja<\/td>\n<\/tr>\n<tr style=\"height: 24px;\">\n<td style=\"width: 201px; height: 24px; text-align: left;\">Garantie aus<\/td>\n<p> Polycarbonat<\/p>\n<td style=\"width: 262px; height: 24px; text-align: right;\">10 Jahre<\/td>\n<\/tr>\n<tr style=\"height: 35px;\">\n<td style=\"width: 201px; height: 35px; text-align: left;\">Garantie auf die Konstruktion<\/td>\n<td style=\"width: 262px; height: 35px; text-align: right;\">2 Jahre<\/td>\n<\/tr>\n<tr style=\"height: 24px;\">\n<td style=\"width: 185.867px; height: 24px; text-align: left;\">Basis<\/td>\n<td style=\"width: 282.967px; height: 24px; text-align: right;\">Wir empfehlen den Einbau in ein Betonfundament<\/td>\n<\/tr>\n<\/tbody>\n<\/table>\n<p><span style=\"font-size: 10pt;\">F\u00fcr den Fall, dass Sie sich nicht um die Montage des notwendigen Gew\u00e4chshauszubeh\u00f6rs k\u00fcmmern m\u00f6chten, bieten wir komplette <a href=\"https:\/\/agroflex.cz\/kategorie-produktu\/accessories\/sada-prislusenstvi\/\"><strong>verschiedene Sets \/ Sets von Gew\u00e4chshauszubeh\u00f6r an.<\/strong><\/a><\/span>[\/vc_column_text][vc_separator style=&#8220;shadow&#8220; border_width=&#8220;5&#8243;][\/vc_column][vc_column width=&#8220;1\/2&#8243;][vc_separator style=&#8220;shadow&#8220; border_width=&#8220;5&#8243;][vc_column_text css=&#8220;&#8220; text_larger=&#8220;no&#8220; woodmart_inline=&#8220;no&#8220;]<\/p>\n<div class=\"vc_row wpb_row vc_row-fluid\">\n<div class=\"wpb_column vc_column_container vc_col-sm-12\">\n<div class=\"vc_column-inner\">\n<div class=\"wpb_wrapper\">\n<div class=\"wpb_text_column wpb_content_element\">\n<div class=\"wpb_wrapper\">\n<h4 style=\"text-align: center;\">Fundamente f\u00fcr ein Gew\u00e4chshaus<\/h4>\n<p>Um die Haltbarkeit des Gew\u00e4chshauses zu gew\u00e4hrleisten, wird empfohlen, es auf einem vorbereiteten Sockel zu installieren &#8211; einem Fundament, das auf der Grundlage seiner Abmessungen um den Umfang des Sockels hergestellt wird, beispielsweise in Form eines Rahmens mit einer Dicke von 100&#8230; 200 mm, wodurch die Korrosionsaktivit\u00e4t erheblich reduziert wird. Der Rahmen des Gew\u00e4chshauses sollte mit Schrauben oder N\u00e4geln am Fundament befestigt werden, um ein Umkippen bei starkem Wind zu verhindern. <\/p>\n<p>Das Gew\u00e4chshaus aus Polycarbonat kann so je nach Priorit\u00e4t jedes Kunden befestigt werden, es kann im Boden installiert werden (die Befestigung erfolgt durch Ankerf\u00fc\u00dfe), Holzprismen 20 x 20 cm oder auf einem Betonsockel. Im Allgemeinen ist jedoch die Verankerung auf einem Betonsockel die bessere Wahl, um die Korrosionsaktivit\u00e4t erheblich zu reduzieren.<\/p>\n<\/div>\n<\/div>\n<\/div>\n<\/div>\n<\/div>\n<\/div>\n<p>[\/vc_column_text]<div class=\"widget_products \"><div class=\"widget woocommerce widget_products\"><ul class=\"product_list_widget\"><li>\n\t\t<span class=\"widget-product-wrap\">\n\t\t<a href=\"https:\/\/agroflex.cz\/de\/produkt\/uni-blechsockel-fuer-gewaechshaus\/\" title=\"UNI Blechsockel f\u00fcr Gew\u00e4chshaus\" class=\"widget-product-img\">\n\t\t\t<img decoding=\"async\" width=\"300\" height=\"300\" src=\"https:\/\/agroflex.cz\/wp-content\/uploads\/2023\/09\/Plechova-zakladna-ke-skleniku-9-300x300.jpeg\" class=\"attachment-woocommerce_thumbnail size-woocommerce_thumbnail\" alt=\"\" srcset=\"https:\/\/agroflex.cz\/wp-content\/uploads\/2023\/09\/Plechova-zakladna-ke-skleniku-9-300x300.jpeg 300w, https:\/\/agroflex.cz\/wp-content\/uploads\/2023\/09\/Plechova-zakladna-ke-skleniku-9-150x150.jpeg 150w\" sizes=\"(max-width: 300px) 100vw, 300px\" \/>\t\t<\/a>\n\t\t<span class=\"widget-product-info\">\n\t\t\t<a href=\"https:\/\/agroflex.cz\/de\/produkt\/uni-blechsockel-fuer-gewaechshaus\/\" title=\"UNI Blechsockel f\u00fcr Gew\u00e4chshaus\" class=\"wd-entities-title\">\n\t\t\t\tUNI Blechsockel f\u00fcr Gew\u00e4chshaus\t\t\t<\/a>\n\t\t\t\t\t\t\t\t\t\t\t\t\t<span class=\"price\"><span class=\"woocommerce-Price-amount amount\" aria-hidden=\"true\"><bdi>1 452<span class=\"woocommerce-Price-currencySymbol\">&#75;&#269;<\/span><\/bdi><\/span> <span aria-hidden=\"true\"> \u2013 <\/span> <span class=\"woocommerce-Price-amount amount\" aria-hidden=\"true\"><bdi>3 116<span class=\"woocommerce-Price-currencySymbol\">&#75;&#269;<\/span><\/bdi><\/span><span class=\"screen-reader-text\">Preisspanne: 1 452&#75;&#269; bis 3 116&#75;&#269;<\/span><\/span>\n\t\t<\/span>\n\t<\/span>\n\t<\/li>\n<\/ul><\/div><\/div>[vc_separator style=&#8220;shadow&#8220; border_width=&#8220;5&#8243;][vc_column_text css=&#8220;&#8220; text_larger=&#8220;no&#8220; woodmart_inline=&#8220;no&#8220;]<\/p>\n<div class=\"vc_row wpb_row vc_row-fluid\">\n<div class=\"wpb_column vc_column_container vc_col-sm-12\">\n<div class=\"vc_column-inner\">\n<div class=\"wpb_wrapper\">\n<div class=\"wpb_text_column wpb_content_element\">\n<div class=\"wpb_wrapper\">\n<h4 style=\"text-align: center;\">Halterungen<\/h4>\n<p>Auch die Montage eines Gew\u00e4chshauses ist einfach und erfordert keine besonderen F\u00e4higkeiten. Es wird nur ein minimales Set an Werkzeugen ben\u00f6tigt \u2013 ein Schraubenschl\u00fcssel, ein Schraubendreher, ein Messer. Eine detaillierte Anleitung erhalten Sie zusammen mit dem Gew\u00e4chshaus. Die illustrierte Anleitung wird den Bau eines Gew\u00e4chshauses weiter vereinfachen.   <\/p>\n<p>Wenn Sie keine Zeit f\u00fcr die Installation haben, <a href=\"https:\/\/agroflex.cz\/montaz-skleniku\/\" target=\"_blank\" rel=\"noopener\"><strong>k\u00f6nnen Sie die Installation<\/strong><\/a> bei unseren Spezialisten bestellen, die mit hohem Fachwissen und in k\u00fcrzester Zeit alles f\u00fcr Sie zusammenbauen. Obwohl die Montage des gesamten Gew\u00e4chshauses einfach ist, nimmt es die meiste Zeit in Anspruch, das Polycarbonat zu schneiden, zu kanten und an beiden Vorderseiten des Gew\u00e4chshauses zu montieren. Deshalb bieten wir Ihnen die M\u00f6glichkeit, diesen Teil <a href=\"https:\/\/agroflex.cz\/montaz-skleniku\/\" target=\"_blank\" rel=\"noopener\"><strong>der Montage<\/strong><\/a> zu bestellen, der in unserem Lager durchgef\u00fchrt wird, Sie erhalten vom Spediteur beide Frontseiten mit Polycarbonat gef\u00fcllt. <\/p>\n<p>Das Gew\u00e4chshaus kann modifiziert werden und die Umsetzung von Erweiterungen ist in Zukunft m\u00f6glich, so dass die theoretische L\u00e4nge des Gew\u00e4chshauses unbegrenzt ist.<\/p>\n<\/div>\n<\/div>\n<\/div>\n<\/div>\n<\/div>\n<\/div>\n<p>[\/vc_column_text][vc_separator style=&#8220;shadow&#8220; border_width=&#8220;5&#8243;][vc_column_text woodmart_inline=&#8220;no&#8220; text_larger=&#8220;no&#8220;]<\/p>\n<h4 style=\"text-align: center;\">Alternativen<\/h4>\n<p>[\/vc_column_text]<div class=\"widget_products \"><div class=\"widget woocommerce widget_products\"><ul class=\"product_list_widget\"><li>\n\t\t<span class=\"widget-product-wrap\">\n\t\t<a href=\"https:\/\/agroflex.cz\/de\/produkt\/winddichtes-gartengewaechshaus-profi-plus\/\" title=\"Winddichtes Gartengew\u00e4chshaus PROFI PLUS\" class=\"widget-product-img\">\n\t\t\t<img decoding=\"async\" width=\"300\" height=\"300\" src=\"https:\/\/agroflex.cz\/wp-content\/uploads\/2023\/09\/polykarbonatovy-sklenik-4x6m-1-300x300.png\" class=\"attachment-woocommerce_thumbnail size-woocommerce_thumbnail\" alt=\"Polycarbonat-Gew\u00e4chshaus 8mm\" srcset=\"https:\/\/agroflex.cz\/wp-content\/uploads\/2023\/09\/polykarbonatovy-sklenik-4x6m-1-300x300.png 300w, https:\/\/agroflex.cz\/wp-content\/uploads\/2023\/09\/polykarbonatovy-sklenik-4x6m-1-800x800.png 800w, https:\/\/agroflex.cz\/wp-content\/uploads\/2023\/09\/polykarbonatovy-sklenik-4x6m-1-150x150.png 150w, https:\/\/agroflex.cz\/wp-content\/uploads\/2023\/09\/polykarbonatovy-sklenik-4x6m-1-768x768.png 768w, https:\/\/agroflex.cz\/wp-content\/uploads\/2023\/09\/polykarbonatovy-sklenik-4x6m-1-600x600.png 600w, https:\/\/agroflex.cz\/wp-content\/uploads\/2023\/09\/polykarbonatovy-sklenik-4x6m-1.png 1024w\" sizes=\"(max-width: 300px) 100vw, 300px\" \/>\t\t<\/a>\n\t\t<span class=\"widget-product-info\">\n\t\t\t<a href=\"https:\/\/agroflex.cz\/de\/produkt\/winddichtes-gartengewaechshaus-profi-plus\/\" title=\"Winddichtes Gartengew\u00e4chshaus PROFI PLUS\" class=\"wd-entities-title\">\n\t\t\t\tWinddichtes Gartengew\u00e4chshaus PROFI PLUS\t\t\t<\/a>\n\t\t\t\t\t\t\t\t\t\t\t\t\t<span class=\"price\"><span class=\"woocommerce-Price-amount amount\" aria-hidden=\"true\"><bdi>47 295<span class=\"woocommerce-Price-currencySymbol\">&#75;&#269;<\/span><\/bdi><\/span> <span aria-hidden=\"true\"> \u2013 <\/span> <span class=\"woocommerce-Price-amount amount\" aria-hidden=\"true\"><bdi>111 967<span class=\"woocommerce-Price-currencySymbol\">&#75;&#269;<\/span><\/bdi><\/span><span class=\"screen-reader-text\">Preisspanne: 47 295&#75;&#269; bis 111 967&#75;&#269;<\/span><\/span>\n\t\t<\/span>\n\t<\/span>\n\t<\/li>\n<\/ul><\/div><\/div>[vc_separator style=&#8220;shadow&#8220; border_width=&#8220;5&#8243;][\/vc_column][\/vc_row]<\/p>\n<\/div>","protected":false},"excerpt":{"rendered":"<p style=\"text-align: justify;\"><span style=\"font-size: 10pt;\"><span style=\"color: #993300;\"><strong>NACHRICHTEN!  <\/strong><\/span>Gew\u00e4chshausbreite 4 m, H\u00f6he 2,24 m, L\u00e4nge ab 4 m. Das neue seitliche \u00d6ffnungssystem &#8222;ANTI-STORM&#8220; ist winddicht. Schiebeteil mit einer Breite von 1 Meter. Das Gew\u00e4chshaus bietet eine vollst\u00e4ndige Bel\u00fcftung und nat\u00fcrliche Bew\u00e4sserung mit Regenwasser. Robuste Konstruktion. Speziell zertifiziertes lichtdurchl\u00e4ssiges Polycarbonat f\u00fcr 4 mm dicke Gew\u00e4chsh\u00e4user mit UV-Filter. Das Gew\u00e4chshaus ist beidseitig begehbar.      <\/span><\/p>\n<p><strong> <\/strong><\/p>\n","protected":false},"featured_media":19010,"comment_status":"open","ping_status":"closed","template":"","meta":[],"product_brand":[419],"product_cat":[824],"product_tag":[],"class_list":{"0":"post-22836","1":"product","2":"type-product","3":"status-publish","4":"has-post-thumbnail","6":"product_brand-agroflex","7":"product_cat-abdeckung-des-pools","9":"first","10":"instock","11":"taxable","12":"shipping-taxable","13":"purchasable","14":"product-type-variable","15":"has-default-attributes"},"_links":{"self":[{"href":"https:\/\/agroflex.cz\/de\/wp-json\/wp\/v2\/product\/22836","targetHints":{"allow":["GET"]}}],"collection":[{"href":"https:\/\/agroflex.cz\/de\/wp-json\/wp\/v2\/product"}],"about":[{"href":"https:\/\/agroflex.cz\/de\/wp-json\/wp\/v2\/types\/product"}],"replies":[{"embeddable":true,"href":"https:\/\/agroflex.cz\/de\/wp-json\/wp\/v2\/comments?post=22836"}],"wp:featuredmedia":[{"embeddable":true,"href":"https:\/\/agroflex.cz\/de\/wp-json\/wp\/v2\/media\/19010"}],"wp:attachment":[{"href":"https:\/\/agroflex.cz\/de\/wp-json\/wp\/v2\/media?parent=22836"}],"wp:term":[{"taxonomy":"product_brand","embeddable":true,"href":"https:\/\/agroflex.cz\/de\/wp-json\/wp\/v2\/product_brand?post=22836"},{"taxonomy":"product_cat","embeddable":true,"href":"https:\/\/agroflex.cz\/de\/wp-json\/wp\/v2\/product_cat?post=22836"},{"taxonomy":"product_tag","embeddable":true,"href":"https:\/\/agroflex.cz\/de\/wp-json\/wp\/v2\/product_tag?post=22836"}],"curies":[{"name":"wp","href":"https:\/\/api.w.org\/{rel}","templated":true}]}}