{"id":23007,"date":"2023-09-04T21:05:32","date_gmt":"2023-09-04T21:05:32","guid":{"rendered":"https:\/\/agroflex.cz\/product\/schwimmbadueberdachung-agroflex-tulipan-b50\/"},"modified":"2025-09-19T08:19:51","modified_gmt":"2025-09-19T08:19:51","slug":"schwimmbadueberdachung-agroflex-tulipan-b50","status":"publish","type":"product","link":"https:\/\/agroflex.cz\/de\/produkt\/schwimmbadueberdachung-agroflex-tulipan-b50\/","title":{"rendered":"Schwimmbad\u00fcberdachung Agroflex TULIPAN B50"},"content":{"rendered":"<div class=\"wpb-content-wrapper\"><p>[vc_row][vc_column][vc_separator style=&#8220;shadow&#8220; border_width=&#8220;5&#8243;][vc_column_text text_larger=&#8220;no&#8220; woodmart_inline=&#8220;no&#8220;]<\/p>\n<h2 style=\"text-align: center;\"><strong>Schwimmbad\u00fcberdachung TULIPAN B50<br \/>\n<\/strong><\/h2>\n<p>Das ist eine Neuheit des Jahres 2024! Eine Pool\u00fcberdachung ist die ideale L\u00f6sung, um Ihren Pool und seine Umgebung vor widrigen Witterungsbedingungen zu sch\u00fctzen. Dieser hochwertige Unterstand spendet an hei\u00dfen Sommertagen angenehmen Schatten, sch\u00fctzt vor Regen und Wind und erm\u00f6glicht es Ihnen, die Badesaison zu verl\u00e4ngern. Dank seines modernen Designs und der \u00e4u\u00dferst langlebigen Materialien ist der Pavillon nicht nur praktisch, sondern auch \u00e4sthetisch ansprechend. Es ist einfach zu installieren und zu warten und bietet gleichzeitig viel Platz f\u00fcr eine komfortable Bewegung im Pool. Dieser Pavillon ist eine gute Wahl f\u00fcr alle, die das ganze Jahr \u00fcber bequem schwimmen m\u00f6chten. Das Geh\u00e4use ist winddicht. Das 1 Meter breite Schiebedach und die Seitenteile mit einer 40 x 20 starken Stahlkonstruktion bilden eine stabile Konstruktion und garantieren eine hohe Langlebigkeit. Es ist auch f\u00fcr bergige Gebiete geeignet. Die Pool\u00fcberdachung hat an beiden Enden breite Fl\u00fcgelt\u00fcren und ist befahrbar. Im Inneren k\u00f6nnen Tische oder Liegest\u00fchle aufgestellt werden und Sie k\u00f6nnen bequem mit der ganzen Familie oder Firma entspannen.[\/vc_column_text][vc_separator wd_hide_on_desktop=&#8220;no&#8220; wd_hide_on_tablet=&#8220;no&#8220; wd_hide_on_mobile=&#8220;no&#8220;][vc_column_text woodmart_inline=&#8220;no&#8220; text_larger=&#8220;no&#8220;]<\/p>\n<h3 style=\"text-align: center;\">Polycarbonat-Verglasung<\/h3>\n<p>Speziell zertifiziertes hohles Polycarbonat f\u00fcr Gartengew\u00e4chsh\u00e4user mit UV-Filter. Der Vorteil dieses Produkts ist seine hohe W\u00e4rmed\u00e4mmung gegen Glas. Best\u00e4ndig gegen mechanische Besch\u00e4digungen, Witterungseinfl\u00fcsse und Hagel. Die Wassertemperatur ist dank der Einhausung h\u00f6her als ohne Dach.   <\/p>\n<p><strong><span style=\"color: #ff0000;\">Benachrichtigung:<\/span> Wir empfehlen, ein Gartengew\u00e4chshaus nicht in einem Gebiet zu verankern, in dem starker Wind weht, z. B. auf einem Feld usw. Starker Wind kann \u00d6ffnungskomponenten aus Kunststoff besch\u00e4digen.  <\/strong>[\/vc_column_text][\/vc_column][\/vc_row][vc_row][vc_column width=&#8220;1\/2&#8243;][vc_separator style=&#8220;shadow&#8220; border_width=&#8220;5&#8243;][vc_column_text text_larger=&#8220;no&#8220; woodmart_inline=&#8220;no&#8220;]<\/p>\n<h4 style=\"text-align: center;\"><span style=\"color: #000000;\"><strong>Parameter:<\/strong><\/span><\/h4>\n<table>\n<tbody>\n<tr style=\"height: 24px;\">\n<td style=\"width: 201px; height: 24px; text-align: left;\">Art der Konstruktion<\/td>\n<td style=\"width: 262px; height: 24px; text-align: right;\">zusammenklappbar<\/td>\n<\/tr>\n<tr style=\"height: 24px;\">\n<td style=\"width: 201px; height: 24px; text-align: left;\">Zul\u00e4ssige Belastung<\/td>\n<td style=\"width: 262px; height: 24px; text-align: right;\">350 kg<\/td>\n<\/tr>\n<tr style=\"height: 24px;\">\n<td style=\"width: 201px; height: 24px; text-align: left;\">Breite<\/td>\n<td style=\"width: 262px; height: 24px; text-align: right;\">5,38 m<\/td>\n<\/tr>\n<tr style=\"height: 24px;\">\n<td style=\"width: 201px; height: 24px; text-align: left;\">H\u00f6he<\/td>\n<td style=\"width: 262px; height: 24px; text-align: right;\">ca. 2,43 m<\/td>\n<\/tr>\n<tr style=\"height: 24px;\">\n<td style=\"width: 201px; height: 24px; text-align: left;\">L\u00e4nge (Varianten)<\/td>\n<td style=\"width: 262px; height: 24px; text-align: right;\">3,98 m; 5,95 m; 7,91 m; 9,88 m; 11,84 (l\u00e4ngere Verl\u00e4ngerungen von 1.964 m sind ebenfalls m\u00f6glich)<\/td>\n<\/tr>\n<tr style=\"height: 24px;\">\n<td style=\"width: 201px; height: 24px; text-align: left;\">Material der Verglasung<\/td>\n<td style=\"width: 262px; height: 24px; text-align: right;\">Polycarbonat 4 mm (Reinheit &#8211; bis zu 86%).<\/td>\n<\/tr>\n<tr style=\"height: 24px;\">\n<td style=\"width: 201px; height: 24px; text-align: left;\">UV-Schutz<\/td>\n<td style=\"width: 262px; height: 24px; text-align: right;\">ja (einseitig)<\/td>\n<\/tr>\n<tr style=\"height: 24px;\">\n<td style=\"width: 201px; height: 24px; text-align: left;\">Baumaterial<\/td>\n<td style=\"width: 262px; height: 24px; text-align: right;\">Pulverbeschichteter verzinkter Stahl<\/td>\n<\/tr>\n<tr style=\"height: 24px;\">\n<td style=\"width: 201px; height: 24px; text-align: left;\">Farbe<\/td>\n<td style=\"width: 262px; height: 24px; text-align: right;\">RAL 9003 (wei\u00df) oder RAL 8017 (braun)<\/td>\n<\/tr>\n<tr style=\"height: 24px;\">\n<td style=\"width: 161.267px; height: 24px; text-align: left;\">Interne<\/td>\n<p> Verst\u00e4rkung<\/p>\n<td style=\"width: 292.733px; height: 24px; text-align: right;\"> Doppelter Stahl<\/td>\n<\/tr>\n<tr style=\"height: 35px;\">\n<td style=\"width: 201px; height: 35px; text-align: left;\">Abstand zwischen Kurven<\/td>\n<td style=\"width: 262px; height: 35px; text-align: right;\">1 Meter<\/td>\n<\/tr>\n<tr style=\"height: 24px;\">\n<td style=\"width: 201px; height: 24px; text-align: left;\">Art<\/td>\n<td style=\"width: 262px; height: 24px; text-align: right;\">beidseitig befahrbar<\/td>\n<\/tr>\n<tr style=\"height: 24px;\">\n<td style=\"width: 201px; height: 24px; text-align: left;\">Haust\u00fcren<\/td>\n<td style=\"width: 262px; height: 24px; text-align: right;\">2 Stk.<\/td>\n<\/tr>\n<tr style=\"height: 24px;\">\nVerankerung <\/p>\n<td style=\"width: 201px; height: 24px; text-align: left;\">aus<\/td>\n<p> Polycarbonat<\/p>\n<td style=\"width: 262px; height: 24px; text-align: right;\">ja<\/td>\n<\/tr>\n<tr style=\"height: 24px;\">\n<td style=\"width: 201px; height: 24px; text-align: left;\">Garantie aus<\/td>\n<p> Polycarbonat<\/p>\n<td style=\"width: 262px; height: 24px; text-align: right;\">10 Jahre<\/td>\n<\/tr>\n<tr style=\"height: 35px;\">\n<td style=\"width: 201px; height: 35px; text-align: left;\">Garantie auf die Konstruktion<\/td>\n<td style=\"width: 262px; height: 35px; text-align: right;\">2 Jahre<\/td>\n<\/tr>\n<\/tbody>\n<\/table>\n<p>[\/vc_column_text][vc_separator style=&#8220;shadow&#8220; border_width=&#8220;5&#8243;][\/vc_column][vc_column width=&#8220;1\/2&#8243;][vc_separator style=&#8220;shadow&#8220; border_width=&#8220;5&#8243;][vc_column_text text_larger=&#8220;no&#8220; woodmart_inline=&#8220;no&#8220;]<\/p>\n<div class=\"vc_row wpb_row vc_row-fluid\">\n<div class=\"wpb_column vc_column_container vc_col-sm-12\">\n<div class=\"vc_column-inner\">\n<div class=\"wpb_wrapper\">\n<div class=\"wpb_text_column wpb_content_element\">\n<div class=\"wpb_wrapper\">\n<h4 style=\"text-align: center;\">Halterungen<\/h4>\n<p>Die Installation des Geh\u00e4uses ist einfach und erfordert keine besonderen F\u00e4higkeiten. Es wird nur ein minimales Set an Werkzeugen ben\u00f6tigt \u2013 ein Schraubenschl\u00fcssel, ein Schraubendreher, ein Messer. Eine detaillierte Anleitung erhalten Sie zusammen mit dem Gew\u00e4chshaus. Die illustrierte Anleitung wird den Bau eines Gew\u00e4chshauses weiter vereinfachen.   <\/p>\n<p>Wenn Sie keine Zeit f\u00fcr die Installation haben, <a href=\"\/?p=128\">k\u00f6nnen Sie die Installation<\/a> bei unseren Spezialisten bestellen, die mit hohem Fachwissen und in k\u00fcrzester Zeit alles f\u00fcr Sie zusammenbauen. Die \u00dcberdachung kann modifiziert werden und es ist m\u00f6glich, in Zukunft Erweiterungen vorzunehmen, so dass die theoretische L\u00e4nge des Gew\u00e4chshauses unbegrenzt ist<\/p>\n<\/div>\n<\/div>\n<\/div>\n<\/div>\n<\/div>\n<\/div>\n<p>[\/vc_column_text][vc_separator style=&#8220;shadow&#8220; border_width=&#8220;5&#8243;][vc_column_text woodmart_inline=&#8220;no&#8220; text_larger=&#8220;no&#8220;]<\/p>\n<h4 style=\"text-align: center;\">Alternativen<\/h4>\n<p>[\/vc_column_text]<div class=\"widget_products \"><div class=\"widget woocommerce widget_products\"><ul class=\"product_list_widget\"><li>\n\t\t<span class=\"widget-product-wrap\">\n\t\t<a href=\"https:\/\/agroflex.cz\/de\/produkt\/abdeckung-fuer-schwimmbecken-agroflex-tulipan\/\" title=\"Abdeckung f\u00fcr Schwimmbecken Agroflex TULIPAN\" class=\"widget-product-img\">\n\t\t\t<img decoding=\"async\" width=\"300\" height=\"300\" src=\"https:\/\/agroflex.cz\/wp-content\/uploads\/2023\/09\/zastreseni-bazenu-Botanik-Tulipan-300x300.jpg\" class=\"attachment-woocommerce_thumbnail size-woocommerce_thumbnail\" alt=\"zast\u0159e\u0161en\u00ed baz\u00e9n\u016f , pool roofing\" srcset=\"https:\/\/agroflex.cz\/wp-content\/uploads\/2023\/09\/zastreseni-bazenu-Botanik-Tulipan-300x300.jpg 300w, https:\/\/agroflex.cz\/wp-content\/uploads\/2023\/09\/zastreseni-bazenu-Botanik-Tulipan-150x150.jpg 150w\" sizes=\"(max-width: 300px) 100vw, 300px\" \/>\t\t<\/a>\n\t\t<span class=\"widget-product-info\">\n\t\t\t<a href=\"https:\/\/agroflex.cz\/de\/produkt\/abdeckung-fuer-schwimmbecken-agroflex-tulipan\/\" title=\"Abdeckung f\u00fcr Schwimmbecken Agroflex TULIPAN\" class=\"wd-entities-title\">\n\t\t\t\tAbdeckung f\u00fcr Schwimmbecken Agroflex TULIPAN\t\t\t<\/a>\n\t\t\t\t\t\t\t<div class=\"star-rating\" role=\"img\" aria-label=\"Bewertet mit 5.00 von 5\"><span style=\"width:100%\">Bewertet mit <strong class=\"rating\">5.00<\/strong> von 5<\/span><\/div>\t\t\t\t\t\t<span class=\"price\"><span class=\"woocommerce-Price-amount amount\" aria-hidden=\"true\"><bdi>30 875<span class=\"woocommerce-Price-currencySymbol\">&#75;&#269;<\/span><\/bdi><\/span> <span aria-hidden=\"true\"> \u2013 <\/span> <span class=\"woocommerce-Price-amount amount\" aria-hidden=\"true\"><bdi>73 575<span class=\"woocommerce-Price-currencySymbol\">&#75;&#269;<\/span><\/bdi><\/span><span class=\"screen-reader-text\">Preisspanne: 30 875&#75;&#269; bis 73 575&#75;&#269;<\/span><\/span>\n\t\t<\/span>\n\t<\/span>\n\t<\/li>\n<\/ul><\/div><\/div>[vc_separator style=&#8220;shadow&#8220; border_width=&#8220;5&#8243;][\/vc_column][\/vc_row]<\/p>\n<\/div>","protected":false},"excerpt":{"rendered":"<p style=\"text-align: justify;\"><span style=\"font-size: 10pt;\"><span style=\"color: #993300;\"><strong>NACHRICHTEN!<\/strong> <\/span>Robuste Konstruktion aus verzinktem Stahl mit Pulverbeschichtung. Breite 5,38 m, H\u00f6he 2,43 m, L\u00e4nge ab 4 m. Das neue seitliche \u00d6ffnungssystem &#8222;ANTI-STORM&#8220; ist winddicht. Schiebeteil mit einer Breite von 1 Meter. Speziell zertifiziertes lichtdurchl\u00e4ssiges Polycarbonat mit einer Dicke von 4 mm und UV-Filter.<br \/>\n<\/span><\/p>\n<p><strong> <\/strong><\/p>\n","protected":false},"featured_media":23020,"comment_status":"open","ping_status":"closed","template":"","meta":[],"product_brand":[419],"product_cat":[824],"product_tag":[],"class_list":{"0":"post-23007","1":"product","2":"type-product","3":"status-publish","4":"has-post-thumbnail","6":"product_brand-agroflex","7":"product_cat-abdeckung-des-pools","9":"first","10":"instock","11":"taxable","12":"shipping-taxable","13":"purchasable","14":"product-type-variable","15":"has-default-attributes"},"_links":{"self":[{"href":"https:\/\/agroflex.cz\/de\/wp-json\/wp\/v2\/product\/23007","targetHints":{"allow":["GET"]}}],"collection":[{"href":"https:\/\/agroflex.cz\/de\/wp-json\/wp\/v2\/product"}],"about":[{"href":"https:\/\/agroflex.cz\/de\/wp-json\/wp\/v2\/types\/product"}],"replies":[{"embeddable":true,"href":"https:\/\/agroflex.cz\/de\/wp-json\/wp\/v2\/comments?post=23007"}],"wp:featuredmedia":[{"embeddable":true,"href":"https:\/\/agroflex.cz\/de\/wp-json\/wp\/v2\/media\/23020"}],"wp:attachment":[{"href":"https:\/\/agroflex.cz\/de\/wp-json\/wp\/v2\/media?parent=23007"}],"wp:term":[{"taxonomy":"product_brand","embeddable":true,"href":"https:\/\/agroflex.cz\/de\/wp-json\/wp\/v2\/product_brand?post=23007"},{"taxonomy":"product_cat","embeddable":true,"href":"https:\/\/agroflex.cz\/de\/wp-json\/wp\/v2\/product_cat?post=23007"},{"taxonomy":"product_tag","embeddable":true,"href":"https:\/\/agroflex.cz\/de\/wp-json\/wp\/v2\/product_tag?post=23007"}],"curies":[{"name":"wp","href":"https:\/\/api.w.org\/{rel}","templated":true}]}}