{"id":24290,"date":"2023-09-04T21:02:38","date_gmt":"2023-09-04T21:02:38","guid":{"rendered":"https:\/\/agroflex.cz\/product\/hcp-polycarbonat-klebeprofil-6-10mm\/"},"modified":"2023-09-04T21:02:38","modified_gmt":"2023-09-04T21:02:38","slug":"hcp-polycarbonat-klebeprofil-6-10mm","status":"publish","type":"product","link":"https:\/\/agroflex.cz\/de\/produkt\/hcp-polycarbonat-klebeprofil-6-10mm\/","title":{"rendered":"HCP Polycarbonat Klebeprofil 6-10mm"},"content":{"rendered":"","protected":false},"excerpt":{"rendered":"<p>Original HCP Polycarbonat-Verbindungsprofil f\u00fcr die Verbindung von 4-10 mm Polycarbonat-Hohlblechen. F\u00fcr gr\u00f6\u00dfere \u00dcberdachungen, z.B. Pergolen, Parkpl\u00e4tze, Gew\u00e4chsh\u00e4user aus transparentem Polycarbonat.  <\/p>\n<p>L\u00e4nge 6 m<\/p>\n","protected":false},"featured_media":12525,"comment_status":"open","ping_status":"closed","template":"","meta":[],"product_brand":[419],"product_cat":[515,1313,1319,1301],"product_tag":[],"class_list":{"0":"post-24290","1":"product","2":"type-product","3":"status-publish","4":"has-post-thumbnail","6":"product_brand-agroflex","7":"product_cat-zubehor","8":"product_cat-bekanten-von-leiterplatten","9":"product_cat-befestigungselemente","10":"product_cat-polycarbonatplatten","12":"first","13":"instock","14":"taxable","15":"shipping-taxable","16":"purchasable","17":"product-type-variable"},"_links":{"self":[{"href":"https:\/\/agroflex.cz\/de\/wp-json\/wp\/v2\/product\/24290","targetHints":{"allow":["GET"]}}],"collection":[{"href":"https:\/\/agroflex.cz\/de\/wp-json\/wp\/v2\/product"}],"about":[{"href":"https:\/\/agroflex.cz\/de\/wp-json\/wp\/v2\/types\/product"}],"replies":[{"embeddable":true,"href":"https:\/\/agroflex.cz\/de\/wp-json\/wp\/v2\/comments?post=24290"}],"wp:featuredmedia":[{"embeddable":true,"href":"https:\/\/agroflex.cz\/de\/wp-json\/wp\/v2\/media\/12525"}],"wp:attachment":[{"href":"https:\/\/agroflex.cz\/de\/wp-json\/wp\/v2\/media?parent=24290"}],"wp:term":[{"taxonomy":"product_brand","embeddable":true,"href":"https:\/\/agroflex.cz\/de\/wp-json\/wp\/v2\/product_brand?post=24290"},{"taxonomy":"product_cat","embeddable":true,"href":"https:\/\/agroflex.cz\/de\/wp-json\/wp\/v2\/product_cat?post=24290"},{"taxonomy":"product_tag","embeddable":true,"href":"https:\/\/agroflex.cz\/de\/wp-json\/wp\/v2\/product_tag?post=24290"}],"curies":[{"name":"wp","href":"https:\/\/api.w.org\/{rel}","templated":true}]}}