{"id":24705,"date":"2023-09-04T21:03:55","date_gmt":"2023-09-04T21:03:55","guid":{"rendered":"https:\/\/agroflex.cz\/product\/skelett-des-gewaechshauses-titan-lt1\/"},"modified":"2025-09-20T14:34:29","modified_gmt":"2025-09-20T14:34:29","slug":"skelett-des-gewaechshauses-titan-lt1","status":"publish","type":"product","link":"https:\/\/agroflex.cz\/de\/produkt\/skelett-des-gewaechshauses-titan-lt1\/","title":{"rendered":"Skelett des Gew\u00e4chshauses TITAN LT1"},"content":{"rendered":"<div class=\"wpb-content-wrapper\"><p>[vc_row][vc_column][\/vc_column][\/vc_row][vc_row][vc_column width=&#8220;1\/2&#8243;][vc_separator style=&#8220;shadow&#8220; border_width=&#8220;5&#8243;][vc_column_text text_larger=&#8220;no&#8220;]<\/p>\n<h4 style=\"text-align: center;\"><span style=\"color: #000000;\"><strong>Agroflex Gartengew\u00e4chshaus &#8211; TITAN LT1 (Rahmen)<br \/>\n<\/strong><\/span><\/h4>\n<p>Sch\u00f6nes und praktisches, langlebiges Gartengew\u00f6lbegew\u00e4chshaus aus Polycarbonat TITAN LT1. Der Hauptunterschied zu den meisten Gew\u00e4chsh\u00e4usern ist die Doppelbogenkurve. Das Gew\u00e4chshaus ist aus Stahl gefertigt. Die B\u00f6gen und Trennw\u00e4nde sind au\u00dfen und innen aus dem Stahl verzinkt und an der Schwei\u00dfstelle mit mechanischer Verzinkung behandelt (<a href=\"\/?page_id=5731\">Korrosionsschutz<\/a> \u2013 der Gehalt an reinem Zink betr\u00e4gt ca. 90%). Die B\u00f6gen sind widerstandsf\u00e4hig gegen Wind und starke Belastung des Gew\u00e4chshauses. Bei einer Traglast von bis zu 190 kg h\u00e4lt ein doppelter 20\u00d720-Zylinder mit einer Dicke von 1 mm lange. Der Abstand zwischen den B\u00f6gen betr\u00e4gt 1 Meter. F\u00fcr Regionen, die nicht die strengsten klimatischen Bedingungen haben, ist dies jedoch mehr als ausreichend. Beidseitig befahrbar.[\/vc_column_text][vc_separator style=&#8220;shadow&#8220; border_width=&#8220;5&#8243;][\/vc_column][vc_column width=&#8220;1\/2&#8243;][vc_separator style=&#8220;shadow&#8220; border_width=&#8220;5&#8243;][vc_text_separator title=&#8220;Alternativen&#8220; title_align=&#8220;separator_align_left&#8220; align=&#8220;align_left&#8220;]<div class=\"widget_products \"><div class=\"widget woocommerce widget_products\"><ul class=\"product_list_widget\"><li>\n\t\t<span class=\"widget-product-wrap\">\n\t\t<a href=\"https:\/\/agroflex.cz\/de\/produkt\/stabiles-gartengewaechshaus-standard\/\" title=\"Stabiles Gartengew\u00e4chshaus STANDARD\" class=\"widget-product-img\">\n\t\t\t<img decoding=\"async\" width=\"300\" height=\"300\" src=\"https:\/\/agroflex.cz\/wp-content\/uploads\/2023\/09\/levny-sklenik-z-polykarbonatu-Agroflex-Standard-300x300.jpg\" class=\"attachment-woocommerce_thumbnail size-woocommerce_thumbnail\" alt=\"Gew\u00e4chshaus Polycarbonat 3x6\" srcset=\"https:\/\/agroflex.cz\/wp-content\/uploads\/2023\/09\/levny-sklenik-z-polykarbonatu-Agroflex-Standard-300x300.jpg 300w, https:\/\/agroflex.cz\/wp-content\/uploads\/2023\/09\/levny-sklenik-z-polykarbonatu-Agroflex-Standard-150x150.jpg 150w, https:\/\/agroflex.cz\/wp-content\/uploads\/2023\/09\/levny-sklenik-z-polykarbonatu-Agroflex-Standard-600x600.jpg 600w\" sizes=\"(max-width: 300px) 100vw, 300px\" \/>\t\t<\/a>\n\t\t<span class=\"widget-product-info\">\n\t\t\t<a href=\"https:\/\/agroflex.cz\/de\/produkt\/stabiles-gartengewaechshaus-standard\/\" title=\"Stabiles Gartengew\u00e4chshaus STANDARD\" class=\"wd-entities-title\">\n\t\t\t\tStabiles Gartengew\u00e4chshaus STANDARD\t\t\t<\/a>\n\t\t\t\t\t\t\t\t\t\t\t\t\t<span class=\"price\"><span class=\"woocommerce-Price-amount amount\"><bdi>16 941<span class=\"woocommerce-Price-currencySymbol\">&#75;&#269;<\/span><\/bdi><\/span><\/span>\n\t\t<\/span>\n\t<\/span>\n\t<\/li>\n<\/ul><\/div><\/div>[vc_separator style=&#8220;shadow&#8220; border_width=&#8220;5&#8243;][\/vc_column][\/vc_row]<\/p>\n<\/div>","protected":false},"excerpt":{"rendered":"<p><span style=\"font-size: 10pt;\">Gew\u00e4chshaus Breite 3 m, H\u00f6he 2,1 m, L\u00e4nge ab 4 m. Mit doppelter Konstruktion aus Stahl mit einer Dicke von 20 x 20 x 1 mm. Robuste Stahlkonstruktion. Witterungsbest\u00e4ndigkeit.   <\/span><\/p>\n","protected":false},"featured_media":13383,"comment_status":"open","ping_status":"closed","template":"","meta":[],"product_brand":[419],"product_cat":[480,1131],"product_tag":[],"class_list":{"0":"post-24705","1":"product","2":"type-product","3":"status-publish","4":"has-post-thumbnail","6":"product_brand-agroflex","7":"product_cat-nicht-kategorisiert","8":"product_cat-gewachshausskelett-ohne-pc","10":"first","11":"instock","12":"taxable","13":"shipping-taxable","14":"purchasable","15":"product-type-variable"},"_links":{"self":[{"href":"https:\/\/agroflex.cz\/de\/wp-json\/wp\/v2\/product\/24705","targetHints":{"allow":["GET"]}}],"collection":[{"href":"https:\/\/agroflex.cz\/de\/wp-json\/wp\/v2\/product"}],"about":[{"href":"https:\/\/agroflex.cz\/de\/wp-json\/wp\/v2\/types\/product"}],"replies":[{"embeddable":true,"href":"https:\/\/agroflex.cz\/de\/wp-json\/wp\/v2\/comments?post=24705"}],"wp:featuredmedia":[{"embeddable":true,"href":"https:\/\/agroflex.cz\/de\/wp-json\/wp\/v2\/media\/13383"}],"wp:attachment":[{"href":"https:\/\/agroflex.cz\/de\/wp-json\/wp\/v2\/media?parent=24705"}],"wp:term":[{"taxonomy":"product_brand","embeddable":true,"href":"https:\/\/agroflex.cz\/de\/wp-json\/wp\/v2\/product_brand?post=24705"},{"taxonomy":"product_cat","embeddable":true,"href":"https:\/\/agroflex.cz\/de\/wp-json\/wp\/v2\/product_cat?post=24705"},{"taxonomy":"product_tag","embeddable":true,"href":"https:\/\/agroflex.cz\/de\/wp-json\/wp\/v2\/product_tag?post=24705"}],"curies":[{"name":"wp","href":"https:\/\/api.w.org\/{rel}","templated":true}]}}