{"id":24890,"date":"2023-09-04T21:03:55","date_gmt":"2023-09-04T21:03:55","guid":{"rendered":"https:\/\/agroflex.cz\/product\/skelett-des-gewaechshauses-premium-lux\/"},"modified":"2025-09-20T14:34:46","modified_gmt":"2025-09-20T14:34:46","slug":"skelett-des-gewaechshauses-premium-lux","status":"publish","type":"product","link":"https:\/\/agroflex.cz\/de\/produkt\/skelett-des-gewaechshauses-premium-lux\/","title":{"rendered":"Skelett des Gew\u00e4chshauses PREMIUM LUX"},"content":{"rendered":"<div class=\"wpb-content-wrapper\"><p>[vc_row][vc_column][\/vc_column][\/vc_row][vc_row][vc_column width=&#8220;1\/2&#8243;][vc_separator style=&#8220;shadow&#8220; border_width=&#8220;5&#8243;][vc_column_text text_larger=&#8220;no&#8220;]<\/p>\n<h4 style=\"text-align: center;\"><span style=\"color: #000000;\"><strong>Gartengew\u00e4chshaus Agroflex &#8211; PREMIUM LUX (Skelett)<br \/>\n<\/strong><\/span><\/h4>\n<p>Das professionelle Polycarbonat-Gew\u00e4chshaus PREMIUM LUX hat ein verst\u00e4rktes Design, ein langlebiges Gew\u00e4chshaus in Premiumqualit\u00e4t. Der Hauptunterschied zu den meisten Gew\u00e4chsh\u00e4usern ist der Doppelbogenbalken. Die Stahlplatten sind mit einer Polymerbeschichtung \u2013 gr\u00fcner Farbe \u2013 AkzoNobel beschichtet.  <\/p>\n<p>Die Rahmen des Gew\u00e4chshauses PREMIUM LUX sind aus hochwertigem Stahlstahl gefertigt. Metallkonstruktion mit Polymerbeschichtung behandelt. Lichtbogenabstand 100 cm, mit einer Belastung von bis zu 190 kg aus 20\u00d720 Stahl mit einer Dicke von 1 mm. Der Abstand zwischen den B\u00f6gen betr\u00e4gt 1 Meter. F\u00fcr Regionen, die nicht die strengsten klimatischen Bedingungen haben, ist dies jedoch mehr als ausreichend. Vorne und hinten vorne sind Fl\u00fcgelt\u00fcren angebracht. Das Gew\u00e4chshaus ist begehbar.[\/vc_column_text][vc_separator style=&#8220;shadow&#8220; border_width=&#8220;5&#8243;][\/vc_column][vc_column width=&#8220;1\/2&#8243;][vc_separator style=&#8220;shadow&#8220; border_width=&#8220;5&#8243;][vc_text_separator title=&#8220;Alternativen&#8220; title_align=&#8220;separator_align_left&#8220; align=&#8220;align_left&#8220;]<div class=\"widget_products \"><div class=\"widget woocommerce widget_products\"><ul class=\"product_list_widget\"><li>\n\t\t<span class=\"widget-product-wrap\">\n\t\t<a href=\"https:\/\/agroflex.cz\/de\/produkt\/premium-gewaechshaus-aus-polycarbonat-titan-lux\/\" title=\"Premium-Gew\u00e4chshaus aus Polycarbonat TITAN LUX\" class=\"widget-product-img\">\n\t\t\t<img decoding=\"async\" width=\"300\" height=\"300\" src=\"https:\/\/agroflex.cz\/wp-content\/uploads\/2023\/09\/zahradni-sklenik-300x300.jpg\" class=\"attachment-woocommerce_thumbnail size-woocommerce_thumbnail\" alt=\"polykarbon\u00e1tov\u00fd sklen\u00edk\" \/>\t\t<\/a>\n\t\t<span class=\"widget-product-info\">\n\t\t\t<a href=\"https:\/\/agroflex.cz\/de\/produkt\/premium-gewaechshaus-aus-polycarbonat-titan-lux\/\" title=\"Premium-Gew\u00e4chshaus aus Polycarbonat TITAN LUX\" class=\"wd-entities-title\">\n\t\t\t\tPremium-Gew\u00e4chshaus aus Polycarbonat TITAN LUX\t\t\t<\/a>\n\t\t\t\t\t\t\t<div class=\"star-rating\" role=\"img\" aria-label=\"Bewertet mit 5.00 von 5\"><span style=\"width:100%\">Bewertet mit <strong class=\"rating\">5.00<\/strong> von 5<\/span><\/div>\t\t\t\t\t\t<span class=\"price\"><span class=\"woocommerce-Price-amount amount\" aria-hidden=\"true\"><bdi>22 363<span class=\"woocommerce-Price-currencySymbol\">&#75;&#269;<\/span><\/bdi><\/span> <span aria-hidden=\"true\"> \u2013 <\/span> <span class=\"woocommerce-Price-amount amount\" aria-hidden=\"true\"><bdi>67 086<span class=\"woocommerce-Price-currencySymbol\">&#75;&#269;<\/span><\/bdi><\/span><span class=\"screen-reader-text\">Preisspanne: 22 363&#75;&#269; bis 67 086&#75;&#269;<\/span><\/span>\n\t\t<\/span>\n\t<\/span>\n\t<\/li>\n<\/ul><\/div><\/div>[vc_separator style=&#8220;shadow&#8220; border_width=&#8220;5&#8243;][\/vc_column][\/vc_row]<\/p>\n<\/div>","protected":false},"excerpt":{"rendered":"<p><span style=\"font-size: 10pt;\">Gew\u00e4chshaus Breite 3 m, H\u00f6he 2,1 m, L\u00e4nge ab 4 m. Mit doppelter Konstruktion aus Stahl mit einer Dicke von 20 x 20 x 1 mm. Robuste Konstruktion aus pulverbeschichtetem Stahl. Witterungsbest\u00e4ndigkeit.   <\/span><\/p>\n","protected":false},"featured_media":13387,"comment_status":"open","ping_status":"closed","template":"","meta":[],"product_brand":[419],"product_cat":[480,1131],"product_tag":[],"class_list":{"0":"post-24890","1":"product","2":"type-product","3":"status-publish","4":"has-post-thumbnail","6":"product_brand-agroflex","7":"product_cat-nicht-kategorisiert","8":"product_cat-gewachshausskelett-ohne-pc","10":"first","11":"instock","12":"taxable","13":"shipping-taxable","14":"purchasable","15":"product-type-variable"},"_links":{"self":[{"href":"https:\/\/agroflex.cz\/de\/wp-json\/wp\/v2\/product\/24890","targetHints":{"allow":["GET"]}}],"collection":[{"href":"https:\/\/agroflex.cz\/de\/wp-json\/wp\/v2\/product"}],"about":[{"href":"https:\/\/agroflex.cz\/de\/wp-json\/wp\/v2\/types\/product"}],"replies":[{"embeddable":true,"href":"https:\/\/agroflex.cz\/de\/wp-json\/wp\/v2\/comments?post=24890"}],"wp:featuredmedia":[{"embeddable":true,"href":"https:\/\/agroflex.cz\/de\/wp-json\/wp\/v2\/media\/13387"}],"wp:attachment":[{"href":"https:\/\/agroflex.cz\/de\/wp-json\/wp\/v2\/media?parent=24890"}],"wp:term":[{"taxonomy":"product_brand","embeddable":true,"href":"https:\/\/agroflex.cz\/de\/wp-json\/wp\/v2\/product_brand?post=24890"},{"taxonomy":"product_cat","embeddable":true,"href":"https:\/\/agroflex.cz\/de\/wp-json\/wp\/v2\/product_cat?post=24890"},{"taxonomy":"product_tag","embeddable":true,"href":"https:\/\/agroflex.cz\/de\/wp-json\/wp\/v2\/product_tag?post=24890"}],"curies":[{"name":"wp","href":"https:\/\/api.w.org\/{rel}","templated":true}]}}