{"id":26009,"date":"2023-09-04T21:22:17","date_gmt":"2023-09-04T21:22:17","guid":{"rendered":"https:\/\/agroflex.cz\/product\/polycarbonat-platte-4mm-blau-21-x-6m\/"},"modified":"2025-09-20T14:37:27","modified_gmt":"2025-09-20T14:37:27","slug":"polycarbonat-platte-4mm-blau-21-x-6m","status":"publish","type":"product","link":"https:\/\/agroflex.cz\/de\/produkt\/polycarbonat-platte-4mm-blau-21-x-6m\/","title":{"rendered":"Polycarbonat Platte 4mm Blau \u2013 2,1 x 6m"},"content":{"rendered":"<div class=\"wpb-content-wrapper\"><p>[vc_row][vc_column][vc_column_text woodmart_inline=&#8220;no&#8220; text_larger=&#8220;no&#8220;]<\/p>\n<h1 style=\"text-align: center;\">Zellulares Polycarbonat 4mm &#8211; blau<\/h1>\n<p>Polycarbonatplatte \u2013 Verglasungsst\u00e4rke 4 mm \u2013 blaue doppelwandige Polycarbonatplatte. Die Platte ist leicht, schlagfest, einfach zu installieren und erm\u00f6glicht das Kaltbiegen. Auf der Vorderseite befindet sich eine UV-Schutzfolie gegen UV-Strahlung, dieser Schutz pr\u00e4destiniert die Verwendung von Polycarbonat im Au\u00dfenbereich, wo es widrigen klimatischen Ph\u00e4nomenen ausgesetzt ist. Gleichzeitig sorgt die Hohlstruktur der Platten daf\u00fcr, dass die W\u00e4rmeenergie im Winter im Inneren gehalten wird und so Heizkosten gespart werden.   <\/p>\n<ul>\n<li>Geeignet f\u00fcr Gartengew\u00e4chsh\u00e4user, Gew\u00e4chsh\u00e4user, Dampfgarer, Kellerfenster, Pool\u00fcberdachungen, Pergolen, Garagenschuppen usw.<\/li>\n<li>Entfernen Sie die Schutzfolie von der gesamten Oberfl\u00e4che<\/li>\n<li>Die Richtung der Kammern sollte immer parallel zur Richtung des Wassers auf den Platten sein<\/li>\n<li>Versiegeln Sie die offenen Querkanten der Platten mit L\u00fcftungsband oder Aluminiumband<\/li>\n<li>Die End-U-Profile an den Querkanten der Platten mit L\u00fcftungsband oder Aluminiumband anbringen<\/li>\n<\/ul>\n<p>[\/vc_column_text][\/vc_column][\/vc_row][vc_row][vc_column width=&#8220;1\/2&#8243;][vc_separator style=&#8220;shadow&#8220; border_width=&#8220;5&#8243; wd_hide_on_desktop=&#8220;no&#8220; wd_hide_on_tablet=&#8220;no&#8220; wd_hide_on_mobile=&#8220;no&#8220;][vc_column_text woodmart_inline=&#8220;no&#8220; text_larger=&#8220;no&#8220;]<\/p>\n<p style=\"text-align: center;\"><span style=\"color: #000000; font-size: 14pt;\"><strong>Technische Parameter<br \/>\n<\/strong><\/span><\/p>\n<table>\n<tbody>\n<tr style=\"height: 24px;\">\n<td style=\"width: 205.217px; text-align: left; height: 24px;\">max. Plattengr\u00f6\u00dfe W-L <\/td>\n<td style=\"width: 257.283px; text-align: left; height: 24px;\">2100 &#8211; 6000 mm<\/td>\n<\/tr>\n<tr style=\"height: 24px;\">\n<td style=\"width: 205.217px; text-align: left; height: 10px;\">L\u00e4nge<\/td>\n<td style=\"width: 257.283px; text-align: left; height: 10px;\">in Richtung der Kavit\u00e4ten<\/td>\n<\/tr>\n<tr style=\"height: 47px;\">\n<td style=\"width: 205.217px; text-align: left; height: 19px;\">Dicke<\/td>\n<td style=\"width: 257.283px; text-align: left; height: 19px;\">4 mm<\/td>\n<\/tr>\n<tr style=\"height: 24px;\">\n<td style=\"width: 205.217px; text-align: left; height: 10px;\">Klarheit<\/td>\n<td style=\"width: 257.283px; text-align: left; height: 10px;\">bis zu 81%<\/td>\n<\/tr>\n<tr style=\"height: 24px;\">\n<td style=\"width: 205.217px; text-align: left; height: 10px;\">Fl\u00e4chengewicht<\/td>\n<td style=\"width: 257.283px; text-align: left; height: 10px;\">0,8 kg\/m\u00b2<\/td>\n<\/tr>\n<tr style=\"height: 24px;\">\n<td style=\"width: 205.217px; text-align: left; height: 10px;\">W\u00e4rmedurchgangskoeffizient<\/td>\n<td style=\"width: 257.283px; text-align: left; height: 10px;\">K = 3,6 W\/m2K<\/td>\n<\/tr>\n<tr style=\"height: 24px;\">\n<td style=\"width: 205.217px; text-align: left; height: 10px;\">Koef. W\u00e4rmeausdehnung <\/td>\n<td style=\"width: 257.283px; text-align: left; height: 10px;\">0,070 mm\/m \u00b0C<\/td>\n<\/tr>\n<tr style=\"height: 24px;\">\n<td style=\"width: 205.217px; text-align: left; height: 10px;\">Biegeradius R<\/td>\n<td style=\"width: 257.283px; text-align: left; height: 10px;\">700 mm<\/td>\n<\/tr>\n<tr style=\"height: 48px;\">\n<td style=\"width: 205.217px; text-align: left; height: 19px;\">Verwendung im Temperaturintervall von<\/td>\n<td style=\"width: 257.283px; text-align: left; height: 19px;\">-40 \u00ba\u0421 bis +120 \u00ba\u0421.<\/td>\n<\/tr>\n<tr style=\"height: 24px;\">\n<td style=\"width: 205.217px; text-align: left; height: 10px;\">UV-Schutz<\/td>\n<td style=\"width: 257.283px; text-align: left; height: 10px;\">ja<\/td>\n<\/tr>\n<tr style=\"height: 48px;\">\n<td style=\"width: 205.217px; text-align: left; height: 22px;\">Feuerwiderstandsf\u00e4higkeit<\/td>\n<td style=\"width: 257.283px; text-align: left; height: 22px;\">schwer entflammbar und die Flamme erlischt von selbst<\/td>\n<\/tr>\n<tr style=\"height: 24px;\">\n<td style=\"width: 205.217px; text-align: left; height: 10px;\">Hagelresistent<\/td>\n<td style=\"width: 257.283px; text-align: left; height: 10px;\">ja<\/td>\n<\/tr>\n<tr style=\"height: 24px;\">\n<td style=\"width: 205.217px; text-align: left; height: 10px;\">Garantie<\/td>\n<td style=\"width: 257.283px; text-align: left; height: 10px;\">10 Jahre<\/td>\n<\/tr>\n<tr style=\"height: 24px;\">\n<td style=\"width: 205.217px; text-align: left; height: 10px;\">Produzent<\/td>\n<td style=\"width: 257.283px; text-align: left; height: 10px;\">Arla Plast<\/td>\n<\/tr>\n<\/tbody>\n<\/table>\n<p>[\/vc_column_text][\/vc_column][vc_column width=&#8220;1\/2&#8243;][vc_separator style=&#8220;shadow&#8220; border_width=&#8220;5&#8243; wd_hide_on_desktop=&#8220;no&#8220; wd_hide_on_tablet=&#8220;no&#8220; wd_hide_on_mobile=&#8220;no&#8220;][vc_text_separator title=&#8220;Empfohlenes Zubeh\u00f6r :&#8220; title_align=&#8220;separator_align_left&#8220; align=&#8220;align_left&#8220;]<div class=\"widget_products \"><div class=\"widget woocommerce widget_products\"><ul class=\"product_list_widget\"><li>\n\t\t<span class=\"widget-product-wrap\">\n\t\t<a href=\"https:\/\/agroflex.cz\/de\/produkt\/antidust-3500-dampfdurchlaessiges-belueftungsband\/\" title=\"AntiDust 3500 dampfdurchl\u00e4ssiges Bel\u00fcftungsband\" class=\"widget-product-img\">\n\t\t\t<img decoding=\"async\" width=\"300\" height=\"300\" src=\"https:\/\/agroflex.cz\/wp-content\/uploads\/2023\/09\/Ventilacni-paska-Antidust-300x300.jpg\" class=\"attachment-woocommerce_thumbnail size-woocommerce_thumbnail\" alt=\"\" srcset=\"https:\/\/agroflex.cz\/wp-content\/uploads\/2023\/09\/Ventilacni-paska-Antidust-300x300.jpg 300w, https:\/\/agroflex.cz\/wp-content\/uploads\/2023\/09\/Ventilacni-paska-Antidust-150x150.jpg 150w\" sizes=\"(max-width: 300px) 100vw, 300px\" \/>\t\t<\/a>\n\t\t<span class=\"widget-product-info\">\n\t\t\t<a href=\"https:\/\/agroflex.cz\/de\/produkt\/antidust-3500-dampfdurchlaessiges-belueftungsband\/\" title=\"AntiDust 3500 dampfdurchl\u00e4ssiges Bel\u00fcftungsband\" class=\"wd-entities-title\">\n\t\t\t\tAntiDust 3500 dampfdurchl\u00e4ssiges Bel\u00fcftungsband\t\t\t<\/a>\n\t\t\t\t\t\t\t<div class=\"star-rating\" role=\"img\" aria-label=\"Bewertet mit 5.00 von 5\"><span style=\"width:100%\">Bewertet mit <strong class=\"rating\">5.00<\/strong> von 5<\/span><\/div>\t\t\t\t\t\t<span class=\"price\"><span class=\"woocommerce-Price-amount amount\"><bdi>789<span class=\"woocommerce-Price-currencySymbol\">&#75;&#269;<\/span><\/bdi><\/span><\/span>\n\t\t<\/span>\n\t<\/span>\n\t<\/li>\n<\/ul><\/div><\/div>[\/vc_column][\/vc_row]<\/p>\n<\/div>","protected":false},"excerpt":{"rendered":"<p>Doppelwandige Polycarbonatplatten mit einer Dicke von 4 mm blauer Farbe &#8211; dies sind flache (flache) Zellplatten aus unzerbrechlichem POLYCARBONAT mit UV-Filter. Sie sind ein ausgezeichnetes Material f\u00fcr W\u00e4rmed\u00e4mmung, unzerbrechliche Verglasungen, Beleuchtung und D\u00e4cher. Abmessungen der Platte (Breite x L\u00e4nge der Richtung der Kerne): 2,1 x 6 m &#8211; 12 m2  <\/p>\n","protected":false},"featured_media":26011,"comment_status":"closed","ping_status":"closed","template":"","meta":[],"product_brand":[419],"product_cat":[1301],"product_tag":[],"class_list":{"0":"post-26009","1":"product","2":"type-product","3":"status-publish","4":"has-post-thumbnail","6":"product_brand-agroflex","7":"product_cat-polycarbonatplatten","9":"first","10":"onbackorder","11":"taxable","12":"shipping-taxable","13":"purchasable","14":"product-type-simple"},"_links":{"self":[{"href":"https:\/\/agroflex.cz\/de\/wp-json\/wp\/v2\/product\/26009","targetHints":{"allow":["GET"]}}],"collection":[{"href":"https:\/\/agroflex.cz\/de\/wp-json\/wp\/v2\/product"}],"about":[{"href":"https:\/\/agroflex.cz\/de\/wp-json\/wp\/v2\/types\/product"}],"replies":[{"embeddable":true,"href":"https:\/\/agroflex.cz\/de\/wp-json\/wp\/v2\/comments?post=26009"}],"wp:featuredmedia":[{"embeddable":true,"href":"https:\/\/agroflex.cz\/de\/wp-json\/wp\/v2\/media\/26011"}],"wp:attachment":[{"href":"https:\/\/agroflex.cz\/de\/wp-json\/wp\/v2\/media?parent=26009"}],"wp:term":[{"taxonomy":"product_brand","embeddable":true,"href":"https:\/\/agroflex.cz\/de\/wp-json\/wp\/v2\/product_brand?post=26009"},{"taxonomy":"product_cat","embeddable":true,"href":"https:\/\/agroflex.cz\/de\/wp-json\/wp\/v2\/product_cat?post=26009"},{"taxonomy":"product_tag","embeddable":true,"href":"https:\/\/agroflex.cz\/de\/wp-json\/wp\/v2\/product_tag?post=26009"}],"curies":[{"name":"wp","href":"https:\/\/api.w.org\/{rel}","templated":true}]}}