{"id":26194,"date":"2024-03-19T13:55:45","date_gmt":"2024-03-19T13:55:45","guid":{"rendered":"https:\/\/agroflex.cz\/product\/lego-ps-v20-bordstein-fuer-den-garten\/"},"modified":"2025-09-20T14:37:40","modified_gmt":"2025-09-20T14:37:40","slug":"lego-ps-v20-bordstein-fuer-den-garten","status":"publish","type":"product","link":"https:\/\/agroflex.cz\/de\/produkt\/lego-ps-v20-bordstein-fuer-den-garten\/","title":{"rendered":"LEGO PS V20 Bordstein f\u00fcr den Garten"},"content":{"rendered":"<div class=\"wpb-content-wrapper\"><p>[vc_row][vc_column][vc_column_text woodmart_inline=&#8220;no&#8220; text_larger=&#8220;no&#8220;]<\/p>\n<h3 style=\"text-align: center;\">LEGO PS V20 Gartenbordstein aus Kunststoff<\/h3>\n<p>LEGO PS V20 Garteneinfassung aus Kunststoff f\u00fcr <span class=\"keyword _ngcontent-xsf-110\" aria-hidden=\"false\">Blumenbeete<\/span> \u2013 Ein Laufstall f\u00fcr Blumenbeete, mit dem du ganz einfach deinen Garten, dein Blumenbeet, deinen Garten oder deinen Rasen trennen kannst. Ein Tauchbordstein aus Kunststoff wird verwendet, um ein Hochbeet zu schaffen. Ein einfacher und zuverl\u00e4ssiger Mechanismus zum Verbinden von Abschnitten erm\u00f6glicht es Ihnen, ein Hochbeet in verschiedenen Gr\u00f6\u00dfen und Formen in wenigen Minuten ohne professionelles Werkzeug zusammenzubauen und zu installieren. Ein Bordstein kann zu verschiedenen Kompositionen miteinander kombiniert werden.   <\/p>\n<p>Vorteile:<\/p>\n<ul>\n<li>Einfache Handhabung und Installation<\/li>\n<li>Erm\u00f6glicht die Montage und Installation eines Hochbeets in verschiedenen Gr\u00f6\u00dfen und Formen<\/li>\n<li>Stabile Konstruktion durch in den Boden eingelassene F\u00fc\u00dfe (Rundf\u00fc\u00dfe)<\/li>\n<li>Einfaches Modulanschlusssystem<\/li>\n<li>Kann in der Nebensaison zusammengeklappt und gelagert werden<\/li>\n<\/ul>\n<p>Gartenbordsteine bestehen aus 20 mm dickem Kunststoff, sie haben keine Angst vor \u00fcberm\u00e4\u00dfiger Feuchtigkeit, sie verformen sich mit der Zeit nicht. Die Kanten der Betten sind sorgf\u00e4ltig gebogen und lassen sich sicher zusammenbauen.<\/p>\n<p>[\/vc_column_text][\/vc_column][\/vc_row]<\/p>\n<\/div>","protected":false},"excerpt":{"rendered":"<p><span style=\"color: #ff0000;\"><strong>NACHRICHTEN!<\/strong><\/span> Die H\u00f6he <span class=\"ILfuVd\" lang=\"cs\"><span class=\"hgKElc\">des Blumenbeetes<\/span><\/span>betr\u00e4gt 20 cm \/ der Fu\u00df betr\u00e4gt 20 cm \/ die <span class=\"BxUVEf ILfuVd\" lang=\"cs\"><span class=\"hgKElc\"> Dicke des Bordsteins <\/span><\/span> betr\u00e4gt 20 mm \/ Material ist Kunststoff. Sehr stabile Konstruktion dank der F\u00fc\u00dfe &#8211; in den Boden eingelassen. Die Montage ist sehr einfach.  <\/p>\n<p>Die Packung enth\u00e4lt 2 Platten (Paar).<\/p>\n<p>L\u00e4nge von 1 Brett: 100 cm oder 200 cm (Sie k\u00f6nnen die L\u00e4nge des Brettes reduzieren)<\/p>\n<p>Der Preis gilt f\u00fcr 2 Boards (Paar) in der gleichen Gr\u00f6\u00dfe inkl. Zubeh\u00f6r<\/p>\n<p>&nbsp;<\/p>\n","protected":false},"featured_media":26195,"comment_status":"open","ping_status":"closed","template":"","meta":[],"product_brand":[419],"product_cat":[1350,515,1374,1368],"product_tag":[],"class_list":{"0":"post-26194","1":"product","2":"type-product","3":"status-publish","4":"has-post-thumbnail","6":"product_brand-agroflex","7":"product_cat-hochbeete","8":"product_cat-zubehor","9":"product_cat-gartenraender","10":"product_cat-blumenbeete-aus-kunststoff","12":"first","13":"onbackorder","14":"sale","15":"taxable","16":"shipping-taxable","17":"purchasable","18":"product-type-variable"},"_links":{"self":[{"href":"https:\/\/agroflex.cz\/de\/wp-json\/wp\/v2\/product\/26194","targetHints":{"allow":["GET"]}}],"collection":[{"href":"https:\/\/agroflex.cz\/de\/wp-json\/wp\/v2\/product"}],"about":[{"href":"https:\/\/agroflex.cz\/de\/wp-json\/wp\/v2\/types\/product"}],"replies":[{"embeddable":true,"href":"https:\/\/agroflex.cz\/de\/wp-json\/wp\/v2\/comments?post=26194"}],"wp:featuredmedia":[{"embeddable":true,"href":"https:\/\/agroflex.cz\/de\/wp-json\/wp\/v2\/media\/26195"}],"wp:attachment":[{"href":"https:\/\/agroflex.cz\/de\/wp-json\/wp\/v2\/media?parent=26194"}],"wp:term":[{"taxonomy":"product_brand","embeddable":true,"href":"https:\/\/agroflex.cz\/de\/wp-json\/wp\/v2\/product_brand?post=26194"},{"taxonomy":"product_cat","embeddable":true,"href":"https:\/\/agroflex.cz\/de\/wp-json\/wp\/v2\/product_cat?post=26194"},{"taxonomy":"product_tag","embeddable":true,"href":"https:\/\/agroflex.cz\/de\/wp-json\/wp\/v2\/product_tag?post=26194"}],"curies":[{"name":"wp","href":"https:\/\/api.w.org\/{rel}","templated":true}]}}