{"id":26458,"date":"2024-03-27T21:01:11","date_gmt":"2024-03-27T21:01:11","guid":{"rendered":"https:\/\/agroflex.cz\/product\/lego-ps-v60-hoher-bordstein-aus-kunststoff\/"},"modified":"2024-03-27T21:01:11","modified_gmt":"2024-03-27T21:01:11","slug":"lego-ps-v60-hoher-bordstein-aus-kunststoff","status":"publish","type":"product","link":"https:\/\/agroflex.cz\/de\/produkt\/lego-ps-v60-hoher-bordstein-aus-kunststoff\/","title":{"rendered":"LEGO PS V60 Hoher Bordstein aus Kunststoff"},"content":{"rendered":"","protected":false},"excerpt":{"rendered":"<p><span style=\"color: #ff0000;\"><strong>NACHRICHTEN!<\/strong><\/span> Die H\u00f6he <span class=\"ILfuVd\" lang=\"cs\"><span class=\"hgKElc\">des Blumenbeetes<\/span><\/span>betr\u00e4gt 60 cm \/ der Fu\u00df wird 20 cm in den Boden getrieben \/ <span class=\"BxUVEf ILfuVd\" lang=\"cs\"><span class=\"hgKElc\"> Die Dicke des Bordsteins <\/span><\/span> betr\u00e4gt 20 mm \/ Material ist Kunststoff. Sehr stabile Konstruktion dank der F\u00fc\u00dfe &#8211; in den Boden eingelassen. Die Montage ist sehr einfach.  <\/p>\n<p>Die Packung enth\u00e4lt 2 Platten (Paar).<\/p>\n<p>L\u00e4nge von 1 Brett: 100 cm oder 200 cm (Sie k\u00f6nnen die L\u00e4nge des Brettes reduzieren)<\/p>\n<p>Der Preis gilt f\u00fcr 2 Boards (Paar) in der gleichen Gr\u00f6\u00dfe inkl. Zubeh\u00f6r<\/p>\n<p>&nbsp;<\/p>\n","protected":false},"featured_media":26478,"comment_status":"open","ping_status":"closed","template":"","meta":[],"product_brand":[419],"product_cat":[1350,515,1374,1368],"product_tag":[],"class_list":{"0":"post-26458","1":"product","2":"type-product","3":"status-publish","4":"has-post-thumbnail","6":"product_brand-agroflex","7":"product_cat-hochbeete","8":"product_cat-zubehor","9":"product_cat-gartenraender","10":"product_cat-blumenbeete-aus-kunststoff","12":"first","13":"onbackorder","14":"taxable","15":"shipping-taxable","16":"purchasable","17":"product-type-variable"},"_links":{"self":[{"href":"https:\/\/agroflex.cz\/de\/wp-json\/wp\/v2\/product\/26458","targetHints":{"allow":["GET"]}}],"collection":[{"href":"https:\/\/agroflex.cz\/de\/wp-json\/wp\/v2\/product"}],"about":[{"href":"https:\/\/agroflex.cz\/de\/wp-json\/wp\/v2\/types\/product"}],"replies":[{"embeddable":true,"href":"https:\/\/agroflex.cz\/de\/wp-json\/wp\/v2\/comments?post=26458"}],"wp:featuredmedia":[{"embeddable":true,"href":"https:\/\/agroflex.cz\/de\/wp-json\/wp\/v2\/media\/26478"}],"wp:attachment":[{"href":"https:\/\/agroflex.cz\/de\/wp-json\/wp\/v2\/media?parent=26458"}],"wp:term":[{"taxonomy":"product_brand","embeddable":true,"href":"https:\/\/agroflex.cz\/de\/wp-json\/wp\/v2\/product_brand?post=26458"},{"taxonomy":"product_cat","embeddable":true,"href":"https:\/\/agroflex.cz\/de\/wp-json\/wp\/v2\/product_cat?post=26458"},{"taxonomy":"product_tag","embeddable":true,"href":"https:\/\/agroflex.cz\/de\/wp-json\/wp\/v2\/product_tag?post=26458"}],"curies":[{"name":"wp","href":"https:\/\/api.w.org\/{rel}","templated":true}]}}