{"id":26497,"date":"2024-04-01T18:02:54","date_gmt":"2024-04-01T18:02:54","guid":{"rendered":"https:\/\/agroflex.cz\/product\/hochbeet-tavola-1a-ps-anthrazit\/"},"modified":"2025-09-20T14:37:58","modified_gmt":"2025-09-20T14:37:58","slug":"hochbeet-tavola-1a-ps-anthrazit","status":"publish","type":"product","link":"https:\/\/agroflex.cz\/de\/produkt\/hochbeet-tavola-1a-ps-anthrazit\/","title":{"rendered":"Hochbeet TAVOLA 1A PS &#8211; anthrazit"},"content":{"rendered":"<div class=\"wpb-content-wrapper\"><p>[vc_row][vc_column][vc_column_text css=&#8220;&#8220; woodmart_inline=&#8220;no&#8220; text_larger=&#8220;no&#8220;]<\/p>\n<h2 style=\"text-align: center;\">Kunststoff-Hochbeete Agroflex TAVOLA &#8211; anthrazit<\/h2>\n<p>Hohe Kunststoffbeete sind eine innovative und effektive M\u00f6glichkeit, die Ertr\u00e4ge aus dem Garten zu steigern und gleichzeitig die Ergonomie des Pflanzenanbaus zu verbessern. Diese modernen Designs bieten mehrere Vorteile, die jeder G\u00e4rtner zu sch\u00e4tzen wei\u00df. <\/p>\n<p>Das rechteckige Hochbeet besteht aus 20 mm dickem Kunststoff, hat keine Angst vor \u00fcberm\u00e4\u00dfiger Feuchtigkeit und verformt sich mit der Zeit nicht.<\/p>\n<p>Einer der Hauptvorteile von hohen Kunststoffbetten ist ihr ergonomisches Design, das ein komfortableres Arbeiten ohne \u00fcberm\u00e4\u00dfiges B\u00fccken erm\u00f6glicht. Dank der erh\u00f6hten Bauweise entf\u00e4llt das lange Arbeiten im Stehen oder Knien, was den R\u00fccken und die Gelenke entlastet. <\/p>\n<p>Ein weiterer Vorteil ist der Schutz der Pflanzen vor unerw\u00fcnschten Tieren, wie Maulw\u00fcrfen oder Hasen. Hohe Kunststoffbeete k\u00f6nnen problemlos mit einem Schutznetz oder Deckel versehen werden, der die Pflanzen sch\u00fctzt und Sch\u00e4den verhindert. <\/p>\n<p>Dank ihrer Bauweise erm\u00f6glichen die hohen Kunststoffbeete auch eine bessere Regulierung des Bodenmilieus und der Bew\u00e4sserung. Sie k\u00f6nnen mit einem integrierten Bew\u00e4sserungssystem oder einem hydroponischen Ger\u00e4t ausgestattet werden, was die Effizienz und die Wassereinsparung beim Anbau erh\u00f6ht.[\/vc_column_text][\/vc_column][\/vc_row]<\/p>\n<\/div>","protected":false},"excerpt":{"rendered":"<p>Die H\u00f6he der Betten betr\u00e4gt 60 cm \/ Breite: 100 cm (Sie k\u00f6nnen die Breite des Brettes reduzieren) \/ L\u00e4nge Basis: 1 m, es k\u00f6nnen auch l\u00e4ngere Verl\u00e4ngerungen von 1 m oder 2 m vorgenommen werden. Stabile Konstruktion, dank der Beine &#8211; im Boden versenkt. <\/p>\n","protected":false},"featured_media":26513,"comment_status":"open","ping_status":"closed","template":"","meta":[],"product_brand":[419],"product_cat":[515,1350,1368],"product_tag":[],"class_list":{"0":"post-26497","1":"product","2":"type-product","3":"status-publish","4":"has-post-thumbnail","6":"product_brand-agroflex","7":"product_cat-zubehor","8":"product_cat-hochbeete","9":"product_cat-blumenbeete-aus-kunststoff","11":"first","12":"onbackorder","13":"taxable","14":"shipping-taxable","15":"purchasable","16":"product-type-variable"},"_links":{"self":[{"href":"https:\/\/agroflex.cz\/de\/wp-json\/wp\/v2\/product\/26497","targetHints":{"allow":["GET"]}}],"collection":[{"href":"https:\/\/agroflex.cz\/de\/wp-json\/wp\/v2\/product"}],"about":[{"href":"https:\/\/agroflex.cz\/de\/wp-json\/wp\/v2\/types\/product"}],"replies":[{"embeddable":true,"href":"https:\/\/agroflex.cz\/de\/wp-json\/wp\/v2\/comments?post=26497"}],"wp:featuredmedia":[{"embeddable":true,"href":"https:\/\/agroflex.cz\/de\/wp-json\/wp\/v2\/media\/26513"}],"wp:attachment":[{"href":"https:\/\/agroflex.cz\/de\/wp-json\/wp\/v2\/media?parent=26497"}],"wp:term":[{"taxonomy":"product_brand","embeddable":true,"href":"https:\/\/agroflex.cz\/de\/wp-json\/wp\/v2\/product_brand?post=26497"},{"taxonomy":"product_cat","embeddable":true,"href":"https:\/\/agroflex.cz\/de\/wp-json\/wp\/v2\/product_cat?post=26497"},{"taxonomy":"product_tag","embeddable":true,"href":"https:\/\/agroflex.cz\/de\/wp-json\/wp\/v2\/product_tag?post=26497"}],"curies":[{"name":"wp","href":"https:\/\/api.w.org\/{rel}","templated":true}]}}