{"id":27296,"date":"2023-09-04T21:00:34","date_gmt":"2023-09-04T21:00:34","guid":{"rendered":"https:\/\/agroflex.cz\/product\/u-foermiger-endstreifen-fuer-polycarbonat-4-6-8-10-mm\/"},"modified":"2026-04-01T11:57:27","modified_gmt":"2026-04-01T11:57:27","slug":"u-foermiger-endstreifen-fuer-polycarbonat-4-6-8-10-mm","status":"publish","type":"product","link":"https:\/\/agroflex.cz\/de\/produkt\/u-foermiger-endstreifen-fuer-polycarbonat-4-6-8-10-mm\/","title":{"rendered":"U-f\u00f6rmiger Endstreifen f\u00fcr Polycarbonat &#8211; 4, 6, 8, 10 mm"},"content":{"rendered":"","protected":false},"excerpt":{"rendered":"<p>Dieses Finish-Profil eignet sich f\u00fcr die Veredelung von allen Seiten. Es handelt sich um einen massiven Polycarbonatstreifen mit einer L\u00e4nge von 2100 mm. Der Streifen ist als U konzipiert und wird auf den Rand einer Polycarbonatplatte 4mm, 6mm, 8mm, 10mm gelegt. Entwickelt f\u00fcr den dichten Verschluss und die Einfassung von hohlen Polycarbonatplatten. Um die Polycarbonatplatte richtig zu verschlie\u00dfen, ist es zun\u00e4chst notwendig, die Dacheindeckung mit einem L\u00fcftungsdichtungsband auszukleiden und dann mit einem Abschlussprofil zu befestigen. Das Band verhindert, dass Feuchtigkeit in die Hohlr\u00e4ume der Platte eindringt, wo sich kein Schmutz absetzt und sich keine Algen bilden. Die Sockelleiste muss nicht mit neutralem Silikon versiegelt werden.      <\/p>\n","protected":false},"featured_media":11680,"comment_status":"open","ping_status":"closed","template":"","meta":[],"product_brand":[419],"product_cat":[515,1313,1301],"product_tag":[],"class_list":{"0":"post-27296","1":"product","2":"type-product","3":"status-publish","4":"has-post-thumbnail","6":"product_brand-agroflex","7":"product_cat-zubehor","8":"product_cat-bekanten-von-leiterplatten","9":"product_cat-polycarbonatplatten","11":"first","12":"instock","13":"taxable","14":"shipping-taxable","15":"purchasable","16":"product-type-variable","17":"has-default-attributes"},"_links":{"self":[{"href":"https:\/\/agroflex.cz\/de\/wp-json\/wp\/v2\/product\/27296","targetHints":{"allow":["GET"]}}],"collection":[{"href":"https:\/\/agroflex.cz\/de\/wp-json\/wp\/v2\/product"}],"about":[{"href":"https:\/\/agroflex.cz\/de\/wp-json\/wp\/v2\/types\/product"}],"replies":[{"embeddable":true,"href":"https:\/\/agroflex.cz\/de\/wp-json\/wp\/v2\/comments?post=27296"}],"wp:featuredmedia":[{"embeddable":true,"href":"https:\/\/agroflex.cz\/de\/wp-json\/wp\/v2\/media\/11680"}],"wp:attachment":[{"href":"https:\/\/agroflex.cz\/de\/wp-json\/wp\/v2\/media?parent=27296"}],"wp:term":[{"taxonomy":"product_brand","embeddable":true,"href":"https:\/\/agroflex.cz\/de\/wp-json\/wp\/v2\/product_brand?post=27296"},{"taxonomy":"product_cat","embeddable":true,"href":"https:\/\/agroflex.cz\/de\/wp-json\/wp\/v2\/product_cat?post=27296"},{"taxonomy":"product_tag","embeddable":true,"href":"https:\/\/agroflex.cz\/de\/wp-json\/wp\/v2\/product_tag?post=27296"}],"curies":[{"name":"wp","href":"https:\/\/api.w.org\/{rel}","templated":true}]}}