{"id":27407,"date":"2023-09-04T21:00:35","date_gmt":"2023-09-04T21:00:35","guid":{"rendered":"https:\/\/agroflex.cz\/product\/hochbeet-xxl-kunststoff-weiss\/"},"modified":"2025-09-20T14:40:34","modified_gmt":"2025-09-20T14:40:34","slug":"hochbeet-xxl-kunststoff-weiss","status":"publish","type":"product","link":"https:\/\/agroflex.cz\/de\/produkt\/hochbeet-xxl-kunststoff-weiss\/","title":{"rendered":"Hochbeet XXL Kunststoff (wei\u00df)"},"content":{"rendered":"<div class=\"wpb-content-wrapper\"><p>[vc_row][vc_column][vc_column_text woodmart_inline=&#8220;no&#8220; text_larger=&#8220;no&#8220;]<\/p>\n<h2 style=\"text-align: center;\">Hochbeet XXL Kunststoff (wei\u00df)<\/h2>\n<p>Kunststoffbeete sind eine moderne und praktische L\u00f6sung f\u00fcr G\u00e4rtner aller Niveaus. Diese Kunststoffkonstruktionen bieten viele Vorteile und sind eine ideale Wahl f\u00fcr alle, die ihr eigenes Gem\u00fcse oder ihre Kr\u00e4uter einfach und effizient anbauen m\u00f6chten. <\/p>\n<p>Einer der Hauptvorteile von Blumenbeeten aus Kunststoff ist ihre Haltbarkeit und Langlebigkeit. Sie bestehen aus hochwertigem Material, das Witterungseinfl\u00fcssen, F\u00e4ulnis und Sch\u00e4dlingen standh\u00e4lt. Das bedeutet, dass sie viel l\u00e4nger halten k\u00f6nnen als herk\u00f6mmliche Blumenbeete aus Holz oder Metall  <\/p>\n<p>Das rechteckige Kunststoff-Hochbeet besteht aus 20 mm dickem Kunststoff, hat keine Angst vor \u00fcberm\u00e4\u00dfiger Feuchtigkeit und verformt sich mit der Zeit nicht. Dadurch h\u00e4lt es widrigen klimatischen Bedingungen lange stand. <\/p>\n<p>Das breite<span class=\"keyword _ngcontent-pix-110\" aria-hidden=\"false\">Outdoor-Hochbeet<\/span> XXL bietet Schutz f\u00fcr das angebaute Gem\u00fcse vor dem Knabbern durch Haustiere. Es erm\u00f6glicht Ihnen, eine breite Palette von Pflanzen anzubauen. Das Bett kann \u00fcbereinander gestapelt und somit erh\u00f6ht werden.[\/vc_column_text][\/vc_column][\/vc_row]<\/p>\n<\/div>","protected":false},"excerpt":{"rendered":"<p>Die H\u00f6he des Zauns betr\u00e4gt 15,5 cm \/ Breite: 110 cm \/ Basisl\u00e4nge: 3 m kann l\u00e4nger sein \u2013 Modulation in 1 m Schritten. Sehr stabile Konstruktion dank der F\u00fc\u00dfe &#8211; in den Boden eingelassen. Die Montage ist sehr einfach. Das Blumenbeet kann mit einer zus\u00e4tzlichen Schicht von Teilen angepasst werden.    <\/p>\n","protected":false},"featured_media":13019,"comment_status":"open","ping_status":"closed","template":"","meta":[],"product_brand":[419],"product_cat":[515,1350,1368],"product_tag":[],"class_list":{"0":"post-27407","1":"product","2":"type-product","3":"status-publish","4":"has-post-thumbnail","6":"product_brand-agroflex","7":"product_cat-zubehor","8":"product_cat-hochbeete","9":"product_cat-blumenbeete-aus-kunststoff","11":"first","12":"instock","13":"sale","14":"taxable","15":"shipping-taxable","16":"purchasable","17":"product-type-variable"},"_links":{"self":[{"href":"https:\/\/agroflex.cz\/de\/wp-json\/wp\/v2\/product\/27407","targetHints":{"allow":["GET"]}}],"collection":[{"href":"https:\/\/agroflex.cz\/de\/wp-json\/wp\/v2\/product"}],"about":[{"href":"https:\/\/agroflex.cz\/de\/wp-json\/wp\/v2\/types\/product"}],"replies":[{"embeddable":true,"href":"https:\/\/agroflex.cz\/de\/wp-json\/wp\/v2\/comments?post=27407"}],"wp:featuredmedia":[{"embeddable":true,"href":"https:\/\/agroflex.cz\/de\/wp-json\/wp\/v2\/media\/13019"}],"wp:attachment":[{"href":"https:\/\/agroflex.cz\/de\/wp-json\/wp\/v2\/media?parent=27407"}],"wp:term":[{"taxonomy":"product_brand","embeddable":true,"href":"https:\/\/agroflex.cz\/de\/wp-json\/wp\/v2\/product_brand?post=27407"},{"taxonomy":"product_cat","embeddable":true,"href":"https:\/\/agroflex.cz\/de\/wp-json\/wp\/v2\/product_cat?post=27407"},{"taxonomy":"product_tag","embeddable":true,"href":"https:\/\/agroflex.cz\/de\/wp-json\/wp\/v2\/product_tag?post=27407"}],"curies":[{"name":"wp","href":"https:\/\/api.w.org\/{rel}","templated":true}]}}