{"id":27721,"date":"2023-09-04T21:00:36","date_gmt":"2023-09-04T21:00:36","guid":{"rendered":"https:\/\/agroflex.cz\/product\/aero-100-automatischer-fensteroeffner-fuer-gewaechshaeuser\/"},"modified":"2025-09-20T14:40:47","modified_gmt":"2025-09-20T14:40:47","slug":"aero-100-automatischer-fensteroeffner-fuer-gewaechshaeuser","status":"publish","type":"product","link":"https:\/\/agroflex.cz\/de\/produkt\/aero-100-automatischer-fensteroeffner-fuer-gewaechshaeuser\/","title":{"rendered":"AERO-100 Automatischer Fenster\u00f6ffner f\u00fcr Gew\u00e4chsh\u00e4user"},"content":{"rendered":"<div class=\"wpb-content-wrapper\"><p>[vc_row][vc_column][vc_column_text text_larger=&#8220;no&#8220;]<\/p>\n<h3 style=\"text-align: center;\"><strong>  AERO-100 Universal-Automatik\u00f6ffner<br \/>\n<\/strong><\/h3>\n<p>Automatischer \u00d6ffner f\u00fcr die Temperaturregelung: \u00d6ffnen\/Schlie\u00dfen von linken und rechten T\u00fcren, Fenstern, Garten- und Industriegew\u00e4chsh\u00e4usern.<\/p>\n<p>Betriebsbedingungen: bei Temperaturen von -20 bis + 60 \u00b0C, Luftfeuchtigkeit bis zu 98 %, Belastung (Gewicht der Struktur und des Windes) auf der einziehbaren Stange 100 + 20 kg.<\/p>\n<p><strong>Eine hohe Zuverl\u00e4ssigkeit wird gew\u00e4hrleistet durch:<\/strong><\/p>\n<ul>\n<li>Stahlgeh\u00e4use f\u00fcr den thermischen Antrieb;<\/li>\n<li>dicker einziehbarer Stiel; Stahlscharniere (Kugellager);<\/li>\n<li>mechanische R\u00fcckstellfeder;<\/li>\n<li>Universalhalter aus Stahl.<\/li>\n<\/ul>\n<p>Die Maschine reagiert sensibel auf Temperatur\u00e4nderungen und erm\u00f6glicht das Arbeiten bei widrigen Witterungsbedingungen, hat eine lange Lebensdauer &#8211; bis zu 10 Jahre. Die einfache Installation wird durch die Konstruktion des Produkts gew\u00e4hrleistet, zuverl\u00e4ssige universelle Halterungen, mit denen das Produkt an allen Arten von T\u00fcren, Fensterfl\u00fcgeln und Querstangen montiert werden kann. <\/p>\n<p>Hohe Reaktionsgeschwindigkeit bei Temperatur\u00e4nderungen wird durch eine neue Rezeptur des Thermo-Gel-F\u00fcllzylinders gew\u00e4hrleistet. Die schwarze Farbe des Zylinderk\u00f6rpers sorgt f\u00fcr eine erh\u00f6hte W\u00e4rme\u00fcbertragung von der Umgebung zum Zylindergel und zur\u00fcck. Diese Aggregationsmerkmale sorgen f\u00fcr eine schnelle und reibungslose Bestandsbewegung. Es erm\u00f6glicht Ihnen, die T\u00fcr bei einer Temperatur von + 50 \u00b0 C und mehr gewaltsam zu \u00f6ffnen.   <\/p>\n<table>\n<tbody>\n<tr>\n<td style=\"width: 224px;\"><\/td>\n<\/tr>\n<\/tbody>\n<\/table>\n<p><a href=\"https:\/\/agroflex.cz\/wp-content\/uploads\/2020\/04\/Mont%C3%A1%C5%BEn%C3%AD-n%C3%A1vod-%E2%80%93-AERO-100_CZ1.pdf\" target=\"_blank\" rel=\"noopener\">Einbauanleitung &#8211; AERO-100_CZ<\/a><br \/>\n<a href=\"https:\/\/agroflex.cz\/wp-content\/uploads\/2019\/06\/Navod-Otevirac-Aero-100-EN.pdf\">Einbauanleitung &#8211; AERO-100_EN<\/a>[\/vc_column_text][\/vc_column][\/vc_row][vc_row][vc_column][vc_column_text text_larger=&#8220;no&#8220;]<\/p>\n<h3 style=\"text-align: center;\"><strong>Spezifikation:<\/strong><\/h3>\n<table>\n<tbody>\n<tr style=\"height: 31px;\">\n<td style=\"width: 448.3px; height: 31px;\">Gewicht der Montage<\/td>\n<td style=\"width: 147.2px; height: 31px; text-align: left;\">0.75 kg<\/td>\n<\/tr>\n<tr style=\"height: 30px;\">\n<td style=\"width: 448.3px; height: 18px;\">Thermischer Antrieb des Stahlzylinders:<\/p>\n<p>&#8211;<span style=\"font-size: 10pt;\"> L\u00e4nge;<\/span><\/p>\n<p>-Durchmesser.<\/td>\n<td style=\"width: 147.2px; height: 18px; text-align: left;\">\n<p>350 \u043c\u043c;<\/p>\n<p>22 \u043c\u043c.<\/td>\n<\/tr>\n<tr style=\"height: 35px;\">\n<td style=\"width: 448.3px; height: 35px;\">Dehnungszeit der Stange, wenn sich die Zylindertemperatur von 20 auf 35 \u00b0C<\/td>\n<p> \u00e4ndert<\/p>\n<td style=\"width: 147.2px; height: 35px; text-align: left;\">bis zu 40 min<\/td>\n<\/tr>\n<tr style=\"height: 32px;\">\n<td style=\"width: 448.3px; height: 32px;\">Zeit zum Einsetzen der Stange, wenn sich die Zylindertemperatur von 35 auf 16 \u00b0C<\/td>\n<p> \u00e4ndert<\/p>\n<td style=\"width: 147.2px; height: 32px; text-align: left;\">bis zu 40 min<\/td>\n<\/tr>\n<tr style=\"height: 24px;\">\n<td style=\"width: 448.3px; height: 24px;\">Wickelfeder, Stahl, verzinkt<\/td>\n<td style=\"width: 147.2px; height: 24px; text-align: left;\">Festigkeit von 4 bis 10 kg.<\/td>\n<\/tr>\n<\/tbody>\n<\/table>\n<p>&nbsp;<\/p>\n<p>[\/vc_column_text][\/vc_column][\/vc_row]<\/p>\n<\/div>","protected":false},"excerpt":{"rendered":"<p>Automatischer Universal\u00f6ffner f\u00fcr die Temperaturregelung &#8211; \u00d6ffnen \/ Schlie\u00dfen von T\u00fcrabdeckungen, Dach- und Seitenfenstern f\u00fcr Garten- und Industriegew\u00e4chsh\u00e4user. Betriebsbedingungen bei Temperaturen von -20 bis + 60 \u00b0C, Luftfeuchtigkeit bis zu 98 %. Geh\u00e4use f\u00fcr Heizantrieb aus Stahl. Universalhalter aus Stahl   <\/p>\n","protected":false},"featured_media":32405,"comment_status":"open","ping_status":"closed","template":"","meta":[],"product_brand":[419],"product_cat":[515,1337],"product_tag":[],"class_list":{"0":"post-27721","1":"product","2":"type-product","3":"status-publish","4":"has-post-thumbnail","6":"product_brand-agroflex","7":"product_cat-zubehor","8":"product_cat-lueftungsfenster","10":"first","11":"instock","12":"sale","13":"taxable","14":"shipping-taxable","15":"purchasable","16":"product-type-simple"},"_links":{"self":[{"href":"https:\/\/agroflex.cz\/de\/wp-json\/wp\/v2\/product\/27721","targetHints":{"allow":["GET"]}}],"collection":[{"href":"https:\/\/agroflex.cz\/de\/wp-json\/wp\/v2\/product"}],"about":[{"href":"https:\/\/agroflex.cz\/de\/wp-json\/wp\/v2\/types\/product"}],"replies":[{"embeddable":true,"href":"https:\/\/agroflex.cz\/de\/wp-json\/wp\/v2\/comments?post=27721"}],"wp:featuredmedia":[{"embeddable":true,"href":"https:\/\/agroflex.cz\/de\/wp-json\/wp\/v2\/media\/32405"}],"wp:attachment":[{"href":"https:\/\/agroflex.cz\/de\/wp-json\/wp\/v2\/media?parent=27721"}],"wp:term":[{"taxonomy":"product_brand","embeddable":true,"href":"https:\/\/agroflex.cz\/de\/wp-json\/wp\/v2\/product_brand?post=27721"},{"taxonomy":"product_cat","embeddable":true,"href":"https:\/\/agroflex.cz\/de\/wp-json\/wp\/v2\/product_cat?post=27721"},{"taxonomy":"product_tag","embeddable":true,"href":"https:\/\/agroflex.cz\/de\/wp-json\/wp\/v2\/product_tag?post=27721"}],"curies":[{"name":"wp","href":"https:\/\/api.w.org\/{rel}","templated":true}]}}