{"id":27961,"date":"2023-09-04T21:00:37","date_gmt":"2023-09-04T21:00:37","guid":{"rendered":"https:\/\/agroflex.cz\/product\/lueftungsfenster-profi\/"},"modified":"2023-09-04T21:00:37","modified_gmt":"2023-09-04T21:00:37","slug":"lueftungsfenster-profi","status":"publish","type":"product","link":"https:\/\/agroflex.cz\/de\/produkt\/lueftungsfenster-profi\/","title":{"rendered":"L\u00fcftungsfenster &#8211; PROFI"},"content":{"rendered":"<p><strong> <\/strong><\/p>\n<p>&nbsp;<\/p>\n<p>&nbsp;<\/p>\n","protected":false},"excerpt":{"rendered":"<p>Das Dachl\u00fcftungsfenster dient zur Regulierung der Innentemperatur im Gew\u00e4chshaus. ist ein originelles Erweiterungsprodukt f\u00fcr das langlebige gew\u00f6lbte Gartengew\u00e4chshaus Titan aus Polycarbonat. Der Fensterrahmen ist, wie das gesamte Gew\u00e4chshaus, aus profiliertem verzinktem Material gefertigt. St\u00e4hle. Das L\u00fcftungsfenster ist vollst\u00e4ndig kompatibel mit den automatischen \u00d6ffnern Aero-100, Thermovent, Univent, Megavent, die mit diesem Fenster bestellt werden k\u00f6nnen. Das Paket enth\u00e4lt alle notwendigen Montagekomponenten.     <\/p>\n","protected":false},"featured_media":11793,"comment_status":"open","ping_status":"closed","template":"","meta":[],"product_brand":[419],"product_cat":[515,1337],"product_tag":[],"class_list":{"0":"post-27961","1":"product","2":"type-product","3":"status-publish","4":"has-post-thumbnail","6":"product_brand-agroflex","7":"product_cat-zubehor","8":"product_cat-lueftungsfenster","10":"first","11":"instock","12":"taxable","13":"shipping-taxable","14":"purchasable","15":"product-type-simple"},"_links":{"self":[{"href":"https:\/\/agroflex.cz\/de\/wp-json\/wp\/v2\/product\/27961","targetHints":{"allow":["GET"]}}],"collection":[{"href":"https:\/\/agroflex.cz\/de\/wp-json\/wp\/v2\/product"}],"about":[{"href":"https:\/\/agroflex.cz\/de\/wp-json\/wp\/v2\/types\/product"}],"replies":[{"embeddable":true,"href":"https:\/\/agroflex.cz\/de\/wp-json\/wp\/v2\/comments?post=27961"}],"wp:featuredmedia":[{"embeddable":true,"href":"https:\/\/agroflex.cz\/de\/wp-json\/wp\/v2\/media\/11793"}],"wp:attachment":[{"href":"https:\/\/agroflex.cz\/de\/wp-json\/wp\/v2\/media?parent=27961"}],"wp:term":[{"taxonomy":"product_brand","embeddable":true,"href":"https:\/\/agroflex.cz\/de\/wp-json\/wp\/v2\/product_brand?post=27961"},{"taxonomy":"product_cat","embeddable":true,"href":"https:\/\/agroflex.cz\/de\/wp-json\/wp\/v2\/product_cat?post=27961"},{"taxonomy":"product_tag","embeddable":true,"href":"https:\/\/agroflex.cz\/de\/wp-json\/wp\/v2\/product_tag?post=27961"}],"curies":[{"name":"wp","href":"https:\/\/api.w.org\/{rel}","templated":true}]}}