{"id":28392,"date":"2023-09-04T21:00:38","date_gmt":"2023-09-04T21:00:38","guid":{"rendered":"https:\/\/agroflex.cz\/product\/verbindungsleiste-h-polycarbonat-4mm-6mm\/"},"modified":"2023-09-04T21:00:38","modified_gmt":"2023-09-04T21:00:38","slug":"verbindungsleiste-h-polycarbonat-4mm-6mm","status":"publish","type":"product","link":"https:\/\/agroflex.cz\/de\/produkt\/verbindungsleiste-h-polycarbonat-4mm-6mm\/","title":{"rendered":"Verbindungsleiste H Polycarbonat 4mm, 6mm"},"content":{"rendered":"","protected":false},"excerpt":{"rendered":"<p>Originales Verbindungsprofil aus Polycarbonat Typ H, das f\u00fcr die Verbindung von hohlen Polycarbonatplatten entwickelt wurde. F\u00fcr gr\u00f6\u00dfere \u00dcberdachungen, z.B. Pergolen, Parkpl\u00e4tze, Gew\u00e4chsh\u00e4user aus transparentem Polycarbonat.  <\/p>\n","protected":false},"featured_media":11790,"comment_status":"open","ping_status":"closed","template":"","meta":[],"product_brand":[419],"product_cat":[1301,515,1313,1319],"product_tag":[],"class_list":{"0":"post-28392","1":"product","2":"type-product","3":"status-publish","4":"has-post-thumbnail","6":"product_brand-agroflex","7":"product_cat-polycarbonatplatten","8":"product_cat-zubehor","9":"product_cat-bekanten-von-leiterplatten","10":"product_cat-befestigungselemente","12":"first","13":"instock","14":"sale","15":"taxable","16":"shipping-taxable","17":"purchasable","18":"product-type-variable"},"_links":{"self":[{"href":"https:\/\/agroflex.cz\/de\/wp-json\/wp\/v2\/product\/28392","targetHints":{"allow":["GET"]}}],"collection":[{"href":"https:\/\/agroflex.cz\/de\/wp-json\/wp\/v2\/product"}],"about":[{"href":"https:\/\/agroflex.cz\/de\/wp-json\/wp\/v2\/types\/product"}],"replies":[{"embeddable":true,"href":"https:\/\/agroflex.cz\/de\/wp-json\/wp\/v2\/comments?post=28392"}],"wp:featuredmedia":[{"embeddable":true,"href":"https:\/\/agroflex.cz\/de\/wp-json\/wp\/v2\/media\/11790"}],"wp:attachment":[{"href":"https:\/\/agroflex.cz\/de\/wp-json\/wp\/v2\/media?parent=28392"}],"wp:term":[{"taxonomy":"product_brand","embeddable":true,"href":"https:\/\/agroflex.cz\/de\/wp-json\/wp\/v2\/product_brand?post=28392"},{"taxonomy":"product_cat","embeddable":true,"href":"https:\/\/agroflex.cz\/de\/wp-json\/wp\/v2\/product_cat?post=28392"},{"taxonomy":"product_tag","embeddable":true,"href":"https:\/\/agroflex.cz\/de\/wp-json\/wp\/v2\/product_tag?post=28392"}],"curies":[{"name":"wp","href":"https:\/\/api.w.org\/{rel}","templated":true}]}}