{"id":28398,"date":"2023-09-04T21:00:38","date_gmt":"2023-09-04T21:00:38","guid":{"rendered":"https:\/\/agroflex.cz\/product\/selbstschneidende-schraube-fuer-blech-55-x-25-mm-sechskantkopf-verzinkt-unterlegscheibe-und-dichtungsgummi\/"},"modified":"2023-09-04T21:00:38","modified_gmt":"2023-09-04T21:00:38","slug":"selbstschneidende-schraube-fuer-blech-55-x-25-mm-sechskantkopf-verzinkt-unterlegscheibe-und-dichtungsgummi","status":"publish","type":"product","link":"https:\/\/agroflex.cz\/de\/produkt\/selbstschneidende-schraube-fuer-blech-55-x-25-mm-sechskantkopf-verzinkt-unterlegscheibe-und-dichtungsgummi\/","title":{"rendered":"Selbstschneidende Schraube f\u00fcr Blech &#8211; 5,5 x 25 mm &#8211; Sechskantkopf &#8211; verzinkt &#8211; Unterlegscheibe und Dichtungsgummi"},"content":{"rendered":"","protected":false},"excerpt":{"rendered":"<p>Dachschraube f\u00fcr Eisen<\/p>\n<p>Hochwertige Schraube mit den Ma\u00dfen 5,5 x 25 mm &#8211; Sechskantkopf mit Unterlegscheibe und Dichtungsgummi, verzinkt. Die Schraube ist mit einer Bohrspitze f\u00fcr Metall ausgestattet, die Bohrf\u00e4higkeit betr\u00e4gt 2 &#8211; 4 mm Materialst\u00e4rke. Minimale Substratdicke: 1 mm. Konzipiert f\u00fcr die Befestigung an Trapez- \/ Blechd\u00e4chern, transparente \u00dcberdachungen in Stahlkonstruktionen. Verbrauch min. 11 St\u00fcck\/m2<br \/>\nEine Packung enth\u00e4lt 20 St\u00fcck    <\/p>\n","protected":false},"featured_media":11827,"comment_status":"open","ping_status":"closed","template":"","meta":[],"product_brand":[419],"product_cat":[515,1319,1301],"product_tag":[],"class_list":{"0":"post-28398","1":"product","2":"type-product","3":"status-publish","4":"has-post-thumbnail","6":"product_brand-agroflex","7":"product_cat-zubehor","8":"product_cat-befestigungselemente","9":"product_cat-polycarbonatplatten","11":"first","12":"instock","13":"taxable","14":"shipping-taxable","15":"purchasable","16":"product-type-simple"},"_links":{"self":[{"href":"https:\/\/agroflex.cz\/de\/wp-json\/wp\/v2\/product\/28398","targetHints":{"allow":["GET"]}}],"collection":[{"href":"https:\/\/agroflex.cz\/de\/wp-json\/wp\/v2\/product"}],"about":[{"href":"https:\/\/agroflex.cz\/de\/wp-json\/wp\/v2\/types\/product"}],"replies":[{"embeddable":true,"href":"https:\/\/agroflex.cz\/de\/wp-json\/wp\/v2\/comments?post=28398"}],"wp:featuredmedia":[{"embeddable":true,"href":"https:\/\/agroflex.cz\/de\/wp-json\/wp\/v2\/media\/11827"}],"wp:attachment":[{"href":"https:\/\/agroflex.cz\/de\/wp-json\/wp\/v2\/media?parent=28398"}],"wp:term":[{"taxonomy":"product_brand","embeddable":true,"href":"https:\/\/agroflex.cz\/de\/wp-json\/wp\/v2\/product_brand?post=28398"},{"taxonomy":"product_cat","embeddable":true,"href":"https:\/\/agroflex.cz\/de\/wp-json\/wp\/v2\/product_cat?post=28398"},{"taxonomy":"product_tag","embeddable":true,"href":"https:\/\/agroflex.cz\/de\/wp-json\/wp\/v2\/product_tag?post=28398"}],"curies":[{"name":"wp","href":"https:\/\/api.w.org\/{rel}","templated":true}]}}