{"id":28434,"date":"2023-09-04T21:00:39","date_gmt":"2023-09-04T21:00:39","guid":{"rendered":"https:\/\/agroflex.cz\/product\/selbstschneidende-schraube-fuer-blech-55-x-32-mm-sechskantkopf-verzinkt-unterlegscheibe-und-dichtungsgummi\/"},"modified":"2023-09-04T21:00:39","modified_gmt":"2023-09-04T21:00:39","slug":"selbstschneidende-schraube-fuer-blech-55-x-32-mm-sechskantkopf-verzinkt-unterlegscheibe-und-dichtungsgummi","status":"publish","type":"product","link":"https:\/\/agroflex.cz\/de\/produkt\/selbstschneidende-schraube-fuer-blech-55-x-32-mm-sechskantkopf-verzinkt-unterlegscheibe-und-dichtungsgummi\/","title":{"rendered":"Selbstschneidende Schraube f\u00fcr Blech &#8211; 5,5 x 32 mm &#8211; Sechskantkopf &#8211; verzinkt &#8211; Unterlegscheibe und Dichtungsgummi"},"content":{"rendered":"","protected":false},"excerpt":{"rendered":"<p>Dachschraube f\u00fcr Eisen<\/p>\n<p>Hochwertige Schraube mit den Ma\u00dfen 5,5 x 32 mm &#8211; Sechskantkopf mit Unterlegscheibe und Dichtungsgummi, verzinkt. Die Schraube ist mit einer Bohrspitze f\u00fcr Metall ausgestattet, die Bohrf\u00e4higkeit betr\u00e4gt 2 &#8211; 8 mm Materialst\u00e4rke. Minimale Substratdicke: 1 mm. Konzipiert f\u00fcr die Befestigung an Trapez- \/ Blechd\u00e4chern, transparente \u00dcberdachungen in Stahlkonstruktionen. Verbrauch min. 11 St\u00fcck\/m2<br \/>\nEine Packung enth\u00e4lt 20 St\u00fcck.    <\/p>\n","protected":false},"featured_media":11827,"comment_status":"open","ping_status":"closed","template":"","meta":[],"product_brand":[],"product_cat":[515,1319,1301],"product_tag":[],"class_list":{"0":"post-28434","1":"product","2":"type-product","3":"status-publish","4":"has-post-thumbnail","6":"product_cat-zubehor","7":"product_cat-befestigungselemente","8":"product_cat-polycarbonatplatten","10":"first","11":"outofstock","12":"taxable","13":"shipping-taxable","14":"purchasable","15":"product-type-simple"},"_links":{"self":[{"href":"https:\/\/agroflex.cz\/de\/wp-json\/wp\/v2\/product\/28434","targetHints":{"allow":["GET"]}}],"collection":[{"href":"https:\/\/agroflex.cz\/de\/wp-json\/wp\/v2\/product"}],"about":[{"href":"https:\/\/agroflex.cz\/de\/wp-json\/wp\/v2\/types\/product"}],"replies":[{"embeddable":true,"href":"https:\/\/agroflex.cz\/de\/wp-json\/wp\/v2\/comments?post=28434"}],"wp:featuredmedia":[{"embeddable":true,"href":"https:\/\/agroflex.cz\/de\/wp-json\/wp\/v2\/media\/11827"}],"wp:attachment":[{"href":"https:\/\/agroflex.cz\/de\/wp-json\/wp\/v2\/media?parent=28434"}],"wp:term":[{"taxonomy":"product_brand","embeddable":true,"href":"https:\/\/agroflex.cz\/de\/wp-json\/wp\/v2\/product_brand?post=28434"},{"taxonomy":"product_cat","embeddable":true,"href":"https:\/\/agroflex.cz\/de\/wp-json\/wp\/v2\/product_cat?post=28434"},{"taxonomy":"product_tag","embeddable":true,"href":"https:\/\/agroflex.cz\/de\/wp-json\/wp\/v2\/product_tag?post=28434"}],"curies":[{"name":"wp","href":"https:\/\/api.w.org\/{rel}","templated":true}]}}