{"id":28463,"date":"2023-09-04T21:00:39","date_gmt":"2023-09-04T21:00:39","guid":{"rendered":"https:\/\/agroflex.cz\/product\/agroflex-delta-brutstaette-kleines-gewaechshaus\/"},"modified":"2026-02-06T01:09:36","modified_gmt":"2026-02-06T01:09:36","slug":"agroflex-delta-brutstaette-kleines-gewaechshaus","status":"publish","type":"product","link":"https:\/\/agroflex.cz\/de\/produkt\/agroflex-delta-brutstaette-kleines-gewaechshaus\/","title":{"rendered":"Agroflex DELTA &#8211; Brutst\u00e4tte &#8211; kleines Gew\u00e4chshaus"},"content":{"rendered":"<div class=\"wpb-content-wrapper\"><p>[vc_row][vc_column][vc_separator style=&#8220;shadow&#8220; border_width=&#8220;5&#8243;][vc_column_text text_larger=&#8220;no&#8220; woodmart_inline=&#8220;no&#8220;]<\/p>\n<h2 style=\"text-align: center;\">Brutst\u00e4tte &#8211; aus Polycarbonat Agroflex-DELTA<\/h2>\n<p>Solides kleines Gew\u00e4chshaus aus Polycarbonat f\u00fcr den Garten. Massive, handgefertigte geschwei\u00dfte B\u00f6gen und Querstangen sind au\u00dfen und innen aus dem Stahl verzinkt, die mechanische Verzinkung wird an der Schwei\u00dfstelle behandelt (<a href=\"\/?page_id=5731\">Korrosionsschutz<\/a> &#8211; der Gehalt an reinem Zink liegt bei ca. 90%). Die Struktur des Gew\u00e4chshauses besteht aus Stahl. Die B\u00f6gen sind widerstandsf\u00e4hig gegen Wind, starke Belastung des Gew\u00e4chshauses w\u00e4hrend der Wintersaison und starken Schneefall. Konstruktion mit einer Belastung von bis zu 100 kg aus hochwertigem 20\u00d720 Stahl mit einer Dicke von 0,8 mm, der widrigen klimatischen Bedingungen lange standh\u00e4lt.[\/vc_column_text][vc_separator][vc_column_text text_larger=&#8220;no&#8220; woodmart_inline=&#8220;no&#8220;]<\/p>\n<div class=\"wpb_text_column wpb_content_element\">\n<div class=\"wpb_wrapper\">\n<div class=\"wpb_text_column wpb_content_element\">\n<div class=\"wpb_wrapper\">\n<div class=\"vc_row wpb_row vc_row-fluid\">\n<div class=\"wpb_column vc_column_container vc_col-sm-12\">\n<div class=\"vc_column-inner\">\n<div class=\"wpb_wrapper\">\n<div class=\"wpb_text_column wpb_content_element\">\n<div class=\"wpb_wrapper\">\n<h3 style=\"text-align: center;\">Polycarbonat-Verglasung<\/h3>\n<p>F\u00fcr Gew\u00e4chsh\u00e4user mit einer Dicke von 4 mm mit einem UV-Filter wird ein spezielles zertifiziertes hohles Polycarbonat verwendet. Der Vorteil dieses Produkts ist seine hohe W\u00e4rmed\u00e4mmung gegen Glas, die gegen mechanische Besch\u00e4digungen, Witterungseinfl\u00fcsse und Hagel best\u00e4ndig ist, und gleichzeitig ist die Transparenz von Polycarbonat au\u00dfergew\u00f6hnlich (Klarheit \u2013 bis zu 86%). <\/p>\n<\/div>\n<\/div>\n<\/div>\n<\/div>\n<\/div>\n<\/div>\n<\/div>\n<\/div>\n<\/div>\n<\/div>\n<p>Die Montage ist einfach, f\u00fcr eine unvorbereitete Person verursacht die Installation keine Probleme, die Teile sind universell. Aber das Schnitzen von Polycarbonat erfordert nur Vorsicht, ein Klappmesser und keine Eile. Polycarbonat muss f\u00fcr den Winter nicht entfernt werden. Die Montage erfolgt sowohl auf dem Boden als auch auf dem Fundament.[\/vc_column_text][\/vc_column][\/vc_row][vc_row][vc_column width=&#8220;1\/2&#8243;][vc_separator style=&#8220;shadow&#8220; border_width=&#8220;5&#8243;][vc_text_separator title=&#8220;Empfohlenes Zubeh\u00f6r :&#8220; title_align=&#8220;separator_align_left&#8220; align=&#8220;align_left&#8220; style=&#8220;dotted&#8220;]<div class=\"widget_products \"><div class=\"widget woocommerce widget_products\"><ul class=\"product_list_widget\"><li>\n\t\t<span class=\"widget-product-wrap\">\n\t\t<a href=\"https:\/\/agroflex.cz\/de\/produkt\/aero-100-automatischer-fensteroeffner-fuer-gewaechshaeuser\/\" title=\"AERO-100 Automatischer Fenster\u00f6ffner f\u00fcr Gew\u00e4chsh\u00e4user\" class=\"widget-product-img\">\n\t\t\t<img decoding=\"async\" width=\"300\" height=\"300\" src=\"https:\/\/agroflex.cz\/wp-content\/uploads\/2023\/09\/avtomat2-1-300x300.jpg\" class=\"attachment-woocommerce_thumbnail size-woocommerce_thumbnail\" alt=\"Olejov\u00fd p\u00edst do sklen\u00edku\" srcset=\"https:\/\/agroflex.cz\/wp-content\/uploads\/2023\/09\/avtomat2-1-300x300.jpg 300w, https:\/\/agroflex.cz\/wp-content\/uploads\/2023\/09\/avtomat2-1-150x150.jpg 150w, https:\/\/agroflex.cz\/wp-content\/uploads\/2023\/09\/avtomat2-1-600x600.jpg 600w, https:\/\/agroflex.cz\/wp-content\/uploads\/2023\/09\/avtomat2-1.jpg 690w\" sizes=\"(max-width: 300px) 100vw, 300px\" \/>\t\t<\/a>\n\t\t<span class=\"widget-product-info\">\n\t\t\t<a href=\"https:\/\/agroflex.cz\/de\/produkt\/aero-100-automatischer-fensteroeffner-fuer-gewaechshaeuser\/\" title=\"AERO-100 Automatischer Fenster\u00f6ffner f\u00fcr Gew\u00e4chsh\u00e4user\" class=\"wd-entities-title\">\n\t\t\t\tAERO-100 Automatischer Fenster\u00f6ffner f\u00fcr Gew\u00e4chsh\u00e4user\t\t\t<\/a>\n\t\t\t\t\t\t\t\t\t\t\t\t\t<span class=\"price\"><del aria-hidden=\"true\"><span class=\"woocommerce-Price-amount amount\"><bdi>1 632<span class=\"woocommerce-Price-currencySymbol\">&#75;&#269;<\/span><\/bdi><\/span><\/del> <span class=\"screen-reader-text\">Urspr\u00fcnglicher Preis war: 1 632&#075;&#269;<\/span><ins aria-hidden=\"true\"><span class=\"woocommerce-Price-amount amount\"><bdi>1 531<span class=\"woocommerce-Price-currencySymbol\">&#75;&#269;<\/span><\/bdi><\/span><\/ins><span class=\"screen-reader-text\">Aktueller Preis ist: 1 531&#075;&#269;.<\/span><\/span>\n\t\t<\/span>\n\t<\/span>\n\t<\/li>\n<\/ul><\/div><\/div>[vc_separator style=&#8220;shadow&#8220; border_width=&#8220;5&#8243;][vc_column_text text_larger=&#8220;no&#8220; woodmart_inline=&#8220;no&#8220;]<\/p>\n<h3 style=\"text-align: center;\"><span style=\"color: #000000;\"><strong>Parameter des Gew\u00e4chshauses<\/strong><\/span><\/h3>\n<table>\n<tbody>\n<tr style=\"height: 24px;\">\n<td style=\"width: 165.517px; height: 24px; text-align: center;\">Art der Konstruktion<\/td>\n<td style=\"width: 265.483px; height: 24px; text-align: center;\">Massiv &#8211; unl\u00f6sbare B\u00f6gen<\/td>\n<\/tr>\n<tr style=\"height: 24px;\">\n<td style=\"width: 165.517px; height: 26px; text-align: center;\">Zul\u00e4ssige Belastung<\/td>\n<td style=\"width: 265.483px; height: 26px; text-align: center;\">ca. 100 kg<\/td>\n<\/tr>\n<tr style=\"height: 24px;\">\n<td style=\"width: 165.517px; height: 24px; text-align: center;\">Breite<\/td>\n<td style=\"width: 265.483px; height: 24px; text-align: center;\">ca. 1,5 m<\/td>\n<\/tr>\n<tr style=\"height: 24px;\">\n<td style=\"width: 165.517px; height: 24px; text-align: center;\">H\u00f6he<\/td>\n<td style=\"width: 265.483px; height: 24px; text-align: center;\">ca. 1,3 m<\/td>\n<\/tr>\n<tr style=\"height: 24px;\">\n<td style=\"width: 165.517px; height: 24px; text-align: center;\">L\u00e4nge<\/td>\n<td style=\"width: 265.483px; height: 24px; text-align: center;\"> ab 2 m (auch l\u00e4nger m\u00f6glich \u2013 Modulation in 2 m Schritten)<\/td>\n<\/tr>\n<tr style=\"height: 24px;\">\n<td style=\"width: 165.517px; height: 24px; text-align: center;\">Material der Verglasung<\/td>\n<td style=\"width: 265.483px; height: 24px; text-align: center;\">Polycarbonat 4 mm (Reinheit &#8211; bis zu 86%).<\/td>\n<\/tr>\n<tr style=\"height: 24px;\">\n<td style=\"width: 165.517px; height: 24px; text-align: center;\">UV-Schutz<\/td>\n<td style=\"width: 265.483px; height: 24px; text-align: center;\">ja (einseitig)<\/td>\n<\/tr>\n<tr style=\"height: 24px;\">\n<td style=\"width: 165.517px; height: 24px; text-align: center;\">Baumaterial<\/td>\n<td style=\"width: 265.483px; height: 24px; text-align: center;\">verzinkter Stahl &#8211; Jekl 20 \u0445 20 \u043c\u043c<\/td>\n<\/tr>\n<tr style=\"height: 24px;\">\n<td style=\"width: 165.517px; height: 24px; text-align: center;\">\n Festigkeit der Stahlwand<\/td>\n<td style=\"width: 265.483px; height: 24px; text-align: center;\">0,8 mm<\/td>\n<\/tr>\n<tr style=\"height: 35px;\">\n<td style=\"width: 165.517px; height: 35px; text-align: center;\">Lochgr\u00f6\u00dfe<\/td>\n<td style=\"width: 265.483px; height: 35px; text-align: center;\">ca. 2 m<\/td>\n<\/tr>\n<tr style=\"height: 24px;\">\n<td style=\"width: 165.517px; height: 24px; text-align: center;\">Loch<\/td>\n<td style=\"width: 265.483px; height: 24px; text-align: center;\">2 St\u00fcck und alle 2m Verl\u00e4ngerungen<\/td>\n<\/tr>\n<tr style=\"height: 24px;\">\nVerankerung <\/p>\n<td style=\"width: 165.517px; height: 24px; text-align: center;\">aus<\/td>\n<p> Polycarbonat<\/p>\n<td style=\"width: 265.483px; height: 24px; text-align: center;\">Schrauben mit Unterlegscheiben und Muttern M5<\/td>\n<\/tr>\n<tr style=\"height: 35px;\">\n<td style=\"width: 165.517px; height: 35px; text-align: center;\">Ankerf\u00fc\u00dfe<\/td>\n<td style=\"width: 265.483px; height: 35px; text-align: center;\">Verwandte <a href=\"https:\/\/agroflex.cz\/de\/kategorie-produktu\/zubehor\/\" target=\"_blank\" rel=\"noopener\">Produkte<\/a><\/td>\n<\/tr>\n<tr style=\"height: 24px;\">\n<td style=\"width: 165.517px; height: 24px; text-align: center;\">Garantie aus<\/td>\n<p> Polycarbonat<\/p>\n<td style=\"width: 265.483px; height: 24px; text-align: center;\">10 Jahre<\/td>\n<\/tr>\n<tr style=\"height: 35px;\">\n<td style=\"width: 165.517px; height: 35px; text-align: center;\">Garantie auf die Konstruktion<\/td>\n<td style=\"width: 265.483px; height: 35px; text-align: center;\">2 Jahre<\/td>\n<\/tr>\n<tr style=\"height: 24px;\">\n<td style=\"width: 165.517px; height: 24px; text-align: center;\">Basis \u2013 nicht erforderlich<\/td>\n<td style=\"width: 265.483px; height: 24px; text-align: center;\">Nicht notwendig<\/td>\n<\/tr>\n<\/tbody>\n<\/table>\n<p>[\/vc_column_text][vc_separator style=&#8220;shadow&#8220; border_width=&#8220;5&#8243;][\/vc_column][vc_column width=&#8220;1\/2&#8243;][vc_separator style=&#8220;shadow&#8220; border_width=&#8220;5&#8243;][vc_column_text text_larger=&#8220;no&#8220; woodmart_inline=&#8220;no&#8220;]<\/p>\n<div class=\"wpb_text_column wpb_content_element\">\n<div class=\"wpb_wrapper\">\n<div class=\"wpb_text_column wpb_content_element\">\n<div class=\"wpb_wrapper\">\n<h3 style=\"text-align: center;\">Halterungen<\/h3>\n<p>Auch die Montage eines Gew\u00e4chshauses ist einfach und erfordert keine besonderen F\u00e4higkeiten. Es wird nur ein minimales Set an Werkzeugen ben\u00f6tigt \u2013 ein Schraubenschl\u00fcssel, ein Schraubendreher, ein Messer. Eine detaillierte Anleitung erhalten Sie zusammen mit dem Gew\u00e4chshaus. Die illustrierte Anleitung wird den Bau eines Gew\u00e4chshauses weiter vereinfachen.   <\/p>\n<p>Die Montage erfolgt sowohl auf dem Boden als auch auf dem Fundament. Die Fixierung erfolgt durch starke <a href=\"https:\/\/agroflex.cz\/en\/produkt\/anchor-foot-x-set\/\" target=\"_blank\" rel=\"noopener\">Ankerf\u00fc\u00dfe<\/a> , um ein Umkippen unter dem Einfluss starker Windb\u00f6en zu verhindern. <\/p>\n<p>Wenn Sie keine Zeit f\u00fcr die Installation haben, <a href=\"https:\/\/agroflex.cz\/de\/montage-des-gewaechshauses\/\" target=\"_blank\" rel=\"noopener\"><strong>k\u00f6nnen Sie die Installation<\/strong><\/a> bei unseren Spezialisten bestellen, die mit hohem Fachwissen und in k\u00fcrzester Zeit alles f\u00fcr Sie zusammenbauen. Obwohl die Montage des gesamten Gew\u00e4chshauses einfach ist, nimmt es die meiste Zeit in Anspruch, das Polycarbonat zu schneiden, zu kanten und an beiden Vorderseiten des Gew\u00e4chshauses zu montieren. Deshalb bieten wir Ihnen die M\u00f6glichkeit, diesen Teil <a href=\"https:\/\/agroflex.cz\/de\/montage-des-gewaechshauses\/\" target=\"_blank\" rel=\"noopener\"><strong>der Montage<\/strong><\/a> zu bestellen, der in unserem Lager durchgef\u00fchrt wird, Sie erhalten vom Spediteur beide Frontseiten mit Polycarbonat gef\u00fcllt.  Das Gew\u00e4chshaus kann modifiziert werden und die Umsetzung von Erweiterungen ist in Zukunft m\u00f6glich, so dass die theoretische L\u00e4nge des Gew\u00e4chshauses unbegrenzt ist.<\/p>\n<\/div>\n<\/div>\n<\/div>\n<\/div>\n<p>[\/vc_column_text][vc_separator style=&#8220;shadow&#8220; border_width=&#8220;5&#8243;][vc_column_text woodmart_inline=&#8220;no&#8220; text_larger=&#8220;no&#8220;]<\/p>\n<h3 style=\"text-align: center;\">Alternativen<\/h3>\n<p>[\/vc_column_text]<div class=\"widget_products \"><div class=\"widget woocommerce widget_products\"><ul class=\"product_list_widget\"><li>\n\t\t<span class=\"widget-product-wrap\">\n\t\t<a href=\"https:\/\/agroflex.cz\/de\/produkt\/brutstaette-polycarbonat-mini-lux-kleines-gewaechshaus\/\" title=\"Brutst\u00e4tte Polycarbonat MINI LUX - kleines Gew\u00e4chshaus\" class=\"widget-product-img\">\n\t\t\t<img decoding=\"async\" width=\"300\" height=\"300\" src=\"https:\/\/agroflex.cz\/wp-content\/uploads\/2023\/09\/maly-sklenik-na-zahradu-300x300.jpg\" class=\"attachment-woocommerce_thumbnail size-woocommerce_thumbnail\" alt=\"Mal\u00fd sklen\u00edk z polykarbon\u00e1tu\" srcset=\"https:\/\/agroflex.cz\/wp-content\/uploads\/2023\/09\/maly-sklenik-na-zahradu-300x300.jpg 300w, https:\/\/agroflex.cz\/wp-content\/uploads\/2023\/09\/maly-sklenik-na-zahradu-150x150.jpg 150w\" sizes=\"(max-width: 300px) 100vw, 300px\" \/>\t\t<\/a>\n\t\t<span class=\"widget-product-info\">\n\t\t\t<a href=\"https:\/\/agroflex.cz\/de\/produkt\/brutstaette-polycarbonat-mini-lux-kleines-gewaechshaus\/\" title=\"Brutst\u00e4tte Polycarbonat MINI LUX - kleines Gew\u00e4chshaus\" class=\"wd-entities-title\">\n\t\t\t\tBrutst\u00e4tte Polycarbonat MINI LUX - kleines Gew\u00e4chshaus\t\t\t<\/a>\n\t\t\t\t\t\t\t\t\t\t\t\t\t<span class=\"price\"><span class=\"woocommerce-Price-amount amount\" aria-hidden=\"true\"><bdi>11 253<span class=\"woocommerce-Price-currencySymbol\">&#75;&#269;<\/span><\/bdi><\/span> <span aria-hidden=\"true\"> \u2013 <\/span> <span class=\"woocommerce-Price-amount amount\" aria-hidden=\"true\"><bdi>26 730<span class=\"woocommerce-Price-currencySymbol\">&#75;&#269;<\/span><\/bdi><\/span><span class=\"screen-reader-text\">Preisspanne: 11 253&#75;&#269; bis 26 730&#75;&#269;<\/span><\/span>\n\t\t<\/span>\n\t<\/span>\n\t<\/li>\n<\/ul><\/div><\/div>[vc_separator style=&#8220;shadow&#8220; border_width=&#8220;5&#8243; wd_hide_on_desktop=&#8220;no&#8220; wd_hide_on_tablet=&#8220;no&#8220; wd_hide_on_mobile=&#8220;no&#8220;][\/vc_column][\/vc_row]<\/p>\n<\/div>","protected":false},"excerpt":{"rendered":"<p style=\"text-align: justify;\"><span style=\"font-size: 10pt;\">Brutbettbreite 1,5 m, H\u00f6he 1,3 m, L\u00e4nge ab 2 m. Feuerverzinkte robuste Konstruktion auf Basis von Stahlstahl ohne Schwei\u00dfen. Solide, nicht abnehmbare B\u00f6gen. Spezielles Polycarbonat f\u00fcr Gew\u00e4chsh\u00e4user mit einer Dicke von 4 mm mit UV-Filter. Vereinfachte Montage.    <\/span><\/p>\n","protected":false},"featured_media":0,"comment_status":"open","ping_status":"closed","template":"","meta":[],"product_brand":[],"product_cat":[1295],"product_tag":[],"class_list":{"0":"post-28463","1":"product","2":"type-product","3":"status-publish","5":"product_cat-zubehoer","7":"first","8":"outofstock","9":"taxable","10":"shipping-taxable","11":"product-type-variable"},"_links":{"self":[{"href":"https:\/\/agroflex.cz\/de\/wp-json\/wp\/v2\/product\/28463","targetHints":{"allow":["GET"]}}],"collection":[{"href":"https:\/\/agroflex.cz\/de\/wp-json\/wp\/v2\/product"}],"about":[{"href":"https:\/\/agroflex.cz\/de\/wp-json\/wp\/v2\/types\/product"}],"replies":[{"embeddable":true,"href":"https:\/\/agroflex.cz\/de\/wp-json\/wp\/v2\/comments?post=28463"}],"wp:attachment":[{"href":"https:\/\/agroflex.cz\/de\/wp-json\/wp\/v2\/media?parent=28463"}],"wp:term":[{"taxonomy":"product_brand","embeddable":true,"href":"https:\/\/agroflex.cz\/de\/wp-json\/wp\/v2\/product_brand?post=28463"},{"taxonomy":"product_cat","embeddable":true,"href":"https:\/\/agroflex.cz\/de\/wp-json\/wp\/v2\/product_cat?post=28463"},{"taxonomy":"product_tag","embeddable":true,"href":"https:\/\/agroflex.cz\/de\/wp-json\/wp\/v2\/product_tag?post=28463"}],"curies":[{"name":"wp","href":"https:\/\/api.w.org\/{rel}","templated":true}]}}