{"id":28845,"date":"2023-09-04T21:00:39","date_gmt":"2023-09-04T21:00:39","guid":{"rendered":"https:\/\/agroflex.cz\/product\/verbindungsleiste-h-polycarbonat-8mm\/"},"modified":"2023-09-04T21:00:39","modified_gmt":"2023-09-04T21:00:39","slug":"verbindungsleiste-h-polycarbonat-8mm","status":"publish","type":"product","link":"https:\/\/agroflex.cz\/de\/produkt\/verbindungsleiste-h-polycarbonat-8mm\/","title":{"rendered":"Verbindungsleiste H Polycarbonat 8mm"},"content":{"rendered":"","protected":false},"excerpt":{"rendered":"<p>Original Polycarbonat-Verbindungsprofil Typ H f\u00fcr die Verbindung von 8 mm Polycarbonat-Hohlplatten. F\u00fcr gr\u00f6\u00dfere \u00dcberdachungen, z.B. Pergolen, Parkpl\u00e4tze, Gew\u00e4chsh\u00e4user aus transparentem Polycarbonat 8mm.  <\/p>\n","protected":false},"featured_media":11790,"comment_status":"open","ping_status":"closed","template":"","meta":[],"product_brand":[419],"product_cat":[515,1319,1301],"product_tag":[],"class_list":{"0":"post-28845","1":"product","2":"type-product","3":"status-publish","4":"has-post-thumbnail","6":"product_brand-agroflex","7":"product_cat-zubehor","8":"product_cat-befestigungselemente","9":"product_cat-polycarbonatplatten","11":"first","12":"instock","13":"taxable","14":"shipping-taxable","15":"purchasable","16":"product-type-variable"},"_links":{"self":[{"href":"https:\/\/agroflex.cz\/de\/wp-json\/wp\/v2\/product\/28845","targetHints":{"allow":["GET"]}}],"collection":[{"href":"https:\/\/agroflex.cz\/de\/wp-json\/wp\/v2\/product"}],"about":[{"href":"https:\/\/agroflex.cz\/de\/wp-json\/wp\/v2\/types\/product"}],"replies":[{"embeddable":true,"href":"https:\/\/agroflex.cz\/de\/wp-json\/wp\/v2\/comments?post=28845"}],"wp:featuredmedia":[{"embeddable":true,"href":"https:\/\/agroflex.cz\/de\/wp-json\/wp\/v2\/media\/11790"}],"wp:attachment":[{"href":"https:\/\/agroflex.cz\/de\/wp-json\/wp\/v2\/media?parent=28845"}],"wp:term":[{"taxonomy":"product_brand","embeddable":true,"href":"https:\/\/agroflex.cz\/de\/wp-json\/wp\/v2\/product_brand?post=28845"},{"taxonomy":"product_cat","embeddable":true,"href":"https:\/\/agroflex.cz\/de\/wp-json\/wp\/v2\/product_cat?post=28845"},{"taxonomy":"product_tag","embeddable":true,"href":"https:\/\/agroflex.cz\/de\/wp-json\/wp\/v2\/product_tag?post=28845"}],"curies":[{"name":"wp","href":"https:\/\/api.w.org\/{rel}","templated":true}]}}