{"id":29040,"date":"2023-09-04T21:00:40","date_gmt":"2023-09-04T21:00:40","guid":{"rendered":"https:\/\/agroflex.cz\/product\/vierkantverbinder-aus-stahl-kreuz-stahl-rostfrei\/"},"modified":"2023-09-04T21:00:40","modified_gmt":"2023-09-04T21:00:40","slug":"vierkantverbinder-aus-stahl-kreuz-stahl-rostfrei","status":"publish","type":"product","link":"https:\/\/agroflex.cz\/de\/produkt\/vierkantverbinder-aus-stahl-kreuz-stahl-rostfrei\/","title":{"rendered":"Vierkantverbinder aus Stahl, &#8222;Kreuz&#8220;, Stahl &#8211; rostfrei"},"content":{"rendered":"","protected":false},"excerpt":{"rendered":"<p>Vierkantverbinder werden verwendet, um mehrere Profile zu verbinden. Die Kupplungen werden einfach in die Profile geschoben und halten zuverl\u00e4ssig. Eine ideale L\u00f6sung f\u00fcr die Montage eines Rahmens oder einer einfachen Struktur. Kupplung, gerade auf Stahl 20 x 20 oder 40 x 20 mm, Stahl &#8211; Edelstahl  <\/p>\n<p>Der Preis gilt f\u00fcr ein Paar &#8211; ohne Schrauben.<\/p>\n","protected":false},"featured_media":0,"comment_status":"open","ping_status":"closed","template":"","meta":[],"product_brand":[419],"product_cat":[515,1319],"product_tag":[],"class_list":{"0":"post-29040","1":"product","2":"type-product","3":"status-publish","5":"product_brand-agroflex","6":"product_cat-zubehor","7":"product_cat-befestigungselemente","9":"first","10":"instock","11":"sale","12":"taxable","13":"shipping-taxable","14":"purchasable","15":"product-type-simple"},"_links":{"self":[{"href":"https:\/\/agroflex.cz\/de\/wp-json\/wp\/v2\/product\/29040","targetHints":{"allow":["GET"]}}],"collection":[{"href":"https:\/\/agroflex.cz\/de\/wp-json\/wp\/v2\/product"}],"about":[{"href":"https:\/\/agroflex.cz\/de\/wp-json\/wp\/v2\/types\/product"}],"replies":[{"embeddable":true,"href":"https:\/\/agroflex.cz\/de\/wp-json\/wp\/v2\/comments?post=29040"}],"wp:attachment":[{"href":"https:\/\/agroflex.cz\/de\/wp-json\/wp\/v2\/media?parent=29040"}],"wp:term":[{"taxonomy":"product_brand","embeddable":true,"href":"https:\/\/agroflex.cz\/de\/wp-json\/wp\/v2\/product_brand?post=29040"},{"taxonomy":"product_cat","embeddable":true,"href":"https:\/\/agroflex.cz\/de\/wp-json\/wp\/v2\/product_cat?post=29040"},{"taxonomy":"product_tag","embeddable":true,"href":"https:\/\/agroflex.cz\/de\/wp-json\/wp\/v2\/product_tag?post=29040"}],"curies":[{"name":"wp","href":"https:\/\/api.w.org\/{rel}","templated":true}]}}