{"id":29045,"date":"2023-09-04T21:00:41","date_gmt":"2023-09-04T21:00:41","guid":{"rendered":"https:\/\/agroflex.cz\/product\/betonanker-set-balken-stahlanker-mit-schraube\/"},"modified":"2023-09-04T21:00:41","modified_gmt":"2023-09-04T21:00:41","slug":"betonanker-set-balken-stahlanker-mit-schraube","status":"publish","type":"product","link":"https:\/\/agroflex.cz\/de\/produkt\/betonanker-set-balken-stahlanker-mit-schraube\/","title":{"rendered":"Betonanker-Set &#8211; Balken-Stahlanker mit Schraube"},"content":{"rendered":"","protected":false},"excerpt":{"rendered":"<p>Stahlrohr-Anker<\/p>\n<p>Durchgangsanker mit Schraube f\u00fcr die strukturelle Montage in der Presszone von Beton &#8211; dies ist ein universeller mechanischer Spreizanker. Die optimale Form minimiert den Energieaufwand f\u00fcr die Installation und erm\u00f6glicht so den Einsatz auch bei beengten Platzverh\u00e4ltnissen. Dies gew\u00e4hrleistet eine benutzerfreundliche Installation. Zur Verankerung von Stahlkonstruktionen, Maschinen, tragenden Profilen, Gestellen, Kabelrinnen.   <\/p>\n<p>Durchmesser: 10 mm<\/p>\n<p>L\u00e4nge: 80 mm<\/p>\n<p>Material: Stahl<\/p>\n<p>Kugel &#8211; 4 St\u00fcck<\/p>\n","protected":false},"featured_media":12391,"comment_status":"open","ping_status":"closed","template":"","meta":[],"product_brand":[419],"product_cat":[515,1319,1307],"product_tag":[],"class_list":{"0":"post-29045","1":"product","2":"type-product","3":"status-publish","4":"has-post-thumbnail","6":"product_brand-agroflex","7":"product_cat-zubehor","8":"product_cat-befestigungselemente","9":"product_cat-gewaechshausverankerung","11":"first","12":"instock","13":"taxable","14":"shipping-taxable","15":"purchasable","16":"product-type-simple"},"_links":{"self":[{"href":"https:\/\/agroflex.cz\/de\/wp-json\/wp\/v2\/product\/29045","targetHints":{"allow":["GET"]}}],"collection":[{"href":"https:\/\/agroflex.cz\/de\/wp-json\/wp\/v2\/product"}],"about":[{"href":"https:\/\/agroflex.cz\/de\/wp-json\/wp\/v2\/types\/product"}],"replies":[{"embeddable":true,"href":"https:\/\/agroflex.cz\/de\/wp-json\/wp\/v2\/comments?post=29045"}],"wp:featuredmedia":[{"embeddable":true,"href":"https:\/\/agroflex.cz\/de\/wp-json\/wp\/v2\/media\/12391"}],"wp:attachment":[{"href":"https:\/\/agroflex.cz\/de\/wp-json\/wp\/v2\/media?parent=29045"}],"wp:term":[{"taxonomy":"product_brand","embeddable":true,"href":"https:\/\/agroflex.cz\/de\/wp-json\/wp\/v2\/product_brand?post=29045"},{"taxonomy":"product_cat","embeddable":true,"href":"https:\/\/agroflex.cz\/de\/wp-json\/wp\/v2\/product_cat?post=29045"},{"taxonomy":"product_tag","embeddable":true,"href":"https:\/\/agroflex.cz\/de\/wp-json\/wp\/v2\/product_tag?post=29045"}],"curies":[{"name":"wp","href":"https:\/\/api.w.org\/{rel}","templated":true}]}}