{"id":29260,"date":"2023-09-04T21:00:52","date_gmt":"2023-09-04T21:00:52","guid":{"rendered":"https:\/\/agroflex.cz\/product\/sotto-xl-4-x-37m-carport\/"},"modified":"2023-09-04T21:00:52","modified_gmt":"2023-09-04T21:00:52","slug":"sotto-xl-4-x-37m-carport","status":"publish","type":"product","link":"https:\/\/agroflex.cz\/de\/produkt\/sotto-xl-4-x-37m-carport\/","title":{"rendered":"SOTTO XL 4 x 3,7m &#8211; Carport"},"content":{"rendered":"","protected":false},"excerpt":{"rendered":"<p>Breite 372 cm, H\u00f6he 297 cm, L\u00e4nge 400 cm, H\u00f6he. Das hochwertige, robuste Metallgestell h\u00e4lt widrigen Witterungsbedingungen stand. Ein Carport aus Stahl sch\u00fctzt Ihr Auto vor den Gefahren der Witterung und vor allem den Lack Ihres Autos vor der UV-Strahlung der Sonne.<\/p>\n","protected":false},"featured_media":12679,"comment_status":"open","ping_status":"closed","template":"","meta":[],"product_brand":[419],"product_cat":[1343],"product_tag":[],"class_list":{"0":"post-29260","1":"product","2":"type-product","3":"status-publish","4":"has-post-thumbnail","6":"product_brand-agroflex","7":"product_cat-carports","9":"first","10":"onbackorder","11":"taxable","12":"shipping-taxable","13":"purchasable","14":"product-type-simple"},"_links":{"self":[{"href":"https:\/\/agroflex.cz\/de\/wp-json\/wp\/v2\/product\/29260","targetHints":{"allow":["GET"]}}],"collection":[{"href":"https:\/\/agroflex.cz\/de\/wp-json\/wp\/v2\/product"}],"about":[{"href":"https:\/\/agroflex.cz\/de\/wp-json\/wp\/v2\/types\/product"}],"replies":[{"embeddable":true,"href":"https:\/\/agroflex.cz\/de\/wp-json\/wp\/v2\/comments?post=29260"}],"wp:featuredmedia":[{"embeddable":true,"href":"https:\/\/agroflex.cz\/de\/wp-json\/wp\/v2\/media\/12679"}],"wp:attachment":[{"href":"https:\/\/agroflex.cz\/de\/wp-json\/wp\/v2\/media?parent=29260"}],"wp:term":[{"taxonomy":"product_brand","embeddable":true,"href":"https:\/\/agroflex.cz\/de\/wp-json\/wp\/v2\/product_brand?post=29260"},{"taxonomy":"product_cat","embeddable":true,"href":"https:\/\/agroflex.cz\/de\/wp-json\/wp\/v2\/product_cat?post=29260"},{"taxonomy":"product_tag","embeddable":true,"href":"https:\/\/agroflex.cz\/de\/wp-json\/wp\/v2\/product_tag?post=29260"}],"curies":[{"name":"wp","href":"https:\/\/api.w.org\/{rel}","templated":true}]}}