{"id":29391,"date":"2023-09-04T21:00:52","date_gmt":"2023-09-04T21:00:52","guid":{"rendered":"https:\/\/agroflex.cz\/product\/grande-6-gartencarport\/"},"modified":"2025-09-20T14:43:14","modified_gmt":"2025-09-20T14:43:14","slug":"grande-6-gartencarport","status":"publish","type":"product","link":"https:\/\/agroflex.cz\/de\/produkt\/grande-6-gartencarport\/","title":{"rendered":"GRANDE 6 Gartencarport"},"content":{"rendered":"<div class=\"wpb-content-wrapper\"><p>[vc_row][vc_column][vc_column_text css=&#8220;&#8220; woodmart_inline=&#8220;no&#8220; text_larger=&#8220;no&#8220;]<\/p>\n<h2 class=\"product_title entry-title\" style=\"text-align: center;\">GRANDE 6 &#8211; Garten\u00fcberdachung aus Stahl<\/h2>\n<p><strong>Spezifikation:<\/strong><\/p>\n<p>L\u00e4nge 600 cm (l\u00e4nger m\u00f6glich \u2013 Modulation in 2 m Schritten)<br \/>\nBreite 340 cm<br \/>\nBreite (netto) 300 cm<br \/>\nH\u00f6he 288 cm<br \/>\nH\u00f6he (netto) 267 cm<br \/>\nH\u00f6he (seitlich) 230 cm<br \/>\nVerglasungsmaterial: zelliges Polycarbonat 6mm mit UV-Schutz<br \/>\nPolycarbonat Farbe: Braun oder gelb<br \/>\nBaumaterial: aus pulverbeschichtetem<br \/>\nStahl Pfostenstahl 60 x 60 mm,  Metallst\u00e4rke 2mm<br \/>\nDachb\u00f6gen &#8211; Stahl 25 x 25 mm, Metallst\u00e4rke 2mm<br \/>\nZul\u00e4ssige Belastung bis 2000 kg<br \/>\nDie Befestigung erfolgt durch starke Ankerf\u00fc\u00dfe, um ein Umkippen unter dem Einfluss starker Windb\u00f6en zu verhindern.<\/p>\n<p>Die Installation des Unterstandes muss auf einem flachen, bewehrten Untergrund (vorzugsweise Beton, Fliesen usw.) erfolgen.[\/vc_column_text][\/vc_column][\/vc_row]<\/p>\n<\/div>","protected":false},"excerpt":{"rendered":"<p>Breite 340 cm, H\u00f6he 288 cm, L\u00e4nge 600 cm, H\u00f6he (Seite) 230 cm. Das hochwertige, robuste Metallgestell h\u00e4lt widrigen Witterungsbedingungen stand. Ein Garagen-Carport sch\u00fctzt Ihr Auto vor den Gefahren des Wetters., und vor allem sch\u00fctzt er den Lack Ihres Autos vor der UV-Strahlung der Sonne. Wenn Sie keinen gro\u00dfen Garten haben, k\u00f6nnen Sie den Carport in der Garage auf andere Weise nutzen &#8211; als Pergola-Unterstand zum Sitzen, Carport, Fahrradunterstand, M\u00fclleimer, Buswarteraum usw.<\/p>\n","protected":false},"featured_media":11752,"comment_status":"open","ping_status":"closed","template":"","meta":[],"product_brand":[419],"product_cat":[1343],"product_tag":[],"class_list":{"0":"post-29391","1":"product","2":"type-product","3":"status-publish","4":"has-post-thumbnail","6":"product_brand-agroflex","7":"product_cat-carports","9":"first","10":"onbackorder","11":"taxable","12":"shipping-taxable","13":"product-type-simple"},"_links":{"self":[{"href":"https:\/\/agroflex.cz\/de\/wp-json\/wp\/v2\/product\/29391","targetHints":{"allow":["GET"]}}],"collection":[{"href":"https:\/\/agroflex.cz\/de\/wp-json\/wp\/v2\/product"}],"about":[{"href":"https:\/\/agroflex.cz\/de\/wp-json\/wp\/v2\/types\/product"}],"replies":[{"embeddable":true,"href":"https:\/\/agroflex.cz\/de\/wp-json\/wp\/v2\/comments?post=29391"}],"wp:featuredmedia":[{"embeddable":true,"href":"https:\/\/agroflex.cz\/de\/wp-json\/wp\/v2\/media\/11752"}],"wp:attachment":[{"href":"https:\/\/agroflex.cz\/de\/wp-json\/wp\/v2\/media?parent=29391"}],"wp:term":[{"taxonomy":"product_brand","embeddable":true,"href":"https:\/\/agroflex.cz\/de\/wp-json\/wp\/v2\/product_brand?post=29391"},{"taxonomy":"product_cat","embeddable":true,"href":"https:\/\/agroflex.cz\/de\/wp-json\/wp\/v2\/product_cat?post=29391"},{"taxonomy":"product_tag","embeddable":true,"href":"https:\/\/agroflex.cz\/de\/wp-json\/wp\/v2\/product_tag?post=29391"}],"curies":[{"name":"wp","href":"https:\/\/api.w.org\/{rel}","templated":true}]}}