{"id":29444,"date":"2023-09-04T21:00:52","date_gmt":"2023-09-04T21:00:52","guid":{"rendered":"https:\/\/agroflex.cz\/product\/grande-4-gartencarport\/"},"modified":"2023-09-04T21:00:52","modified_gmt":"2023-09-04T21:00:52","slug":"grande-4-gartencarport","status":"publish","type":"product","link":"https:\/\/agroflex.cz\/de\/produkt\/grande-4-gartencarport\/","title":{"rendered":"GRANDE 4 Gartencarport"},"content":{"rendered":"","protected":false},"excerpt":{"rendered":"<p>Breite 340 cm, H\u00f6he 288 cm, L\u00e4nge 400 cm, H\u00f6he (Seite) 230 cm. Das hochwertige, robuste Metallgestell h\u00e4lt widrigen Witterungsbedingungen stand. Ein Garagen-Carport sch\u00fctzt Ihr Auto vor den Gefahren des Wetters., und vor allem sch\u00fctzt er den Lack Ihres Autos vor der UV-Strahlung der Sonne. Wenn Sie keinen gro\u00dfen Garten haben, k\u00f6nnen Sie den Carport in der Garage auf andere Weise nutzen &#8211; als Pergola-Unterstand zum Sitzen, Carport, Fahrradunterstand, M\u00fclleimer, Buswarteraum usw.<\/p>\n","protected":false},"featured_media":11752,"comment_status":"open","ping_status":"closed","template":"","meta":[],"product_brand":[419],"product_cat":[1343],"product_tag":[],"class_list":{"0":"post-29444","1":"product","2":"type-product","3":"status-publish","4":"has-post-thumbnail","6":"product_brand-agroflex","7":"product_cat-carports","9":"first","10":"onbackorder","11":"taxable","12":"shipping-taxable","13":"product-type-simple"},"_links":{"self":[{"href":"https:\/\/agroflex.cz\/de\/wp-json\/wp\/v2\/product\/29444","targetHints":{"allow":["GET"]}}],"collection":[{"href":"https:\/\/agroflex.cz\/de\/wp-json\/wp\/v2\/product"}],"about":[{"href":"https:\/\/agroflex.cz\/de\/wp-json\/wp\/v2\/types\/product"}],"replies":[{"embeddable":true,"href":"https:\/\/agroflex.cz\/de\/wp-json\/wp\/v2\/comments?post=29444"}],"wp:featuredmedia":[{"embeddable":true,"href":"https:\/\/agroflex.cz\/de\/wp-json\/wp\/v2\/media\/11752"}],"wp:attachment":[{"href":"https:\/\/agroflex.cz\/de\/wp-json\/wp\/v2\/media?parent=29444"}],"wp:term":[{"taxonomy":"product_brand","embeddable":true,"href":"https:\/\/agroflex.cz\/de\/wp-json\/wp\/v2\/product_brand?post=29444"},{"taxonomy":"product_cat","embeddable":true,"href":"https:\/\/agroflex.cz\/de\/wp-json\/wp\/v2\/product_cat?post=29444"},{"taxonomy":"product_tag","embeddable":true,"href":"https:\/\/agroflex.cz\/de\/wp-json\/wp\/v2\/product_tag?post=29444"}],"curies":[{"name":"wp","href":"https:\/\/api.w.org\/{rel}","templated":true}]}}