{"id":29985,"date":"2023-09-04T21:01:17","date_gmt":"2023-09-04T21:01:17","guid":{"rendered":"https:\/\/agroflex.cz\/product\/set-m-gewaechshauszubehoer\/"},"modified":"2023-09-04T21:01:17","modified_gmt":"2023-09-04T21:01:17","slug":"set-m-gewaechshauszubehoer","status":"publish","type":"product","link":"https:\/\/agroflex.cz\/de\/produkt\/set-m-gewaechshauszubehoer\/","title":{"rendered":"Set &#8211; M &#8211; Gew\u00e4chshauszubeh\u00f6r"},"content":{"rendered":"","protected":false},"excerpt":{"rendered":"<p>Das Set ist geeignet f\u00fcr gew\u00f6lbte Gew\u00e4chsh\u00e4user mit einer Breite von 2 &#8211; 2,5 &#8211; 3 m, einer L\u00e4nge von 4, 6, 8 m<\/p>\n<p>Das Kit enth\u00e4lt alles, was zum Schutz von Polycarbonat und <a href=\"https:\/\/agroflex.cz\/hu\/produkt\/aero-100-automata-uveghazi-ablaknyito\/\">einen automatischen Fenster\u00f6ffner<\/a> des Gew\u00e4chshauses erforderlich ist:<\/p>\n<ul>\n<li>U-f\u00f6rmige Endleisten f\u00fcr Polycarbonat (Satz M4 &#8211; 11 St\u00fcck, Satz M6 &#8211; 13 St\u00fcck, Satz M8 &#8211; 15 St\u00fcck)<\/li>\n<li>dampfdurchl\u00e4ssiges L\u00fcftungsband AntiDust 3500 &#8211; (Set M4 &#8211; 1Stk, Set M6 &#8211; 2Stk, Set M8 &#8211; 2Stk)<\/li>\n<li>AERO-100 Automatischer Fenster\u00f6ffner f\u00fcr Gew\u00e4chsh\u00e4user \u2013 1 St\u00fcck<\/li>\n<\/ul>\n","protected":false},"featured_media":0,"comment_status":"open","ping_status":"closed","template":"","meta":[],"product_brand":[419],"product_cat":[515],"product_tag":[],"class_list":{"0":"post-29985","1":"product","2":"type-product","3":"status-publish","5":"product_brand-agroflex","6":"product_cat-zubehor","8":"first","9":"instock","10":"taxable","11":"shipping-taxable","12":"purchasable","13":"product-type-variable","14":"has-default-attributes"},"_links":{"self":[{"href":"https:\/\/agroflex.cz\/de\/wp-json\/wp\/v2\/product\/29985","targetHints":{"allow":["GET"]}}],"collection":[{"href":"https:\/\/agroflex.cz\/de\/wp-json\/wp\/v2\/product"}],"about":[{"href":"https:\/\/agroflex.cz\/de\/wp-json\/wp\/v2\/types\/product"}],"replies":[{"embeddable":true,"href":"https:\/\/agroflex.cz\/de\/wp-json\/wp\/v2\/comments?post=29985"}],"wp:attachment":[{"href":"https:\/\/agroflex.cz\/de\/wp-json\/wp\/v2\/media?parent=29985"}],"wp:term":[{"taxonomy":"product_brand","embeddable":true,"href":"https:\/\/agroflex.cz\/de\/wp-json\/wp\/v2\/product_brand?post=29985"},{"taxonomy":"product_cat","embeddable":true,"href":"https:\/\/agroflex.cz\/de\/wp-json\/wp\/v2\/product_cat?post=29985"},{"taxonomy":"product_tag","embeddable":true,"href":"https:\/\/agroflex.cz\/de\/wp-json\/wp\/v2\/product_tag?post=29985"}],"curies":[{"name":"wp","href":"https:\/\/api.w.org\/{rel}","templated":true}]}}