{"id":30226,"date":"2023-09-04T21:01:19","date_gmt":"2023-09-04T21:01:19","guid":{"rendered":"https:\/\/agroflex.cz\/product\/gartengewaechshaus-optima-lt\/"},"modified":"2025-09-20T14:45:31","modified_gmt":"2025-09-20T14:45:31","slug":"gartengewaechshaus-optima-lt","status":"publish","type":"product","link":"https:\/\/agroflex.cz\/de\/produkt\/gartengewaechshaus-optima-lt\/","title":{"rendered":"Gartengew\u00e4chshaus OPTIMA LT"},"content":{"rendered":"<div class=\"wpb-content-wrapper\"><p>[vc_row][vc_column][vc_separator style=&#8220;shadow&#8220; border_width=&#8220;5&#8243;][vc_column_text text_larger=&#8220;no&#8220;]<\/p>\n<h2 style=\"text-align: center;\"><strong>Polycarbonat-Gew\u00e4chshaus OPTIMA LT<br \/>\n<\/strong><\/h2>\n<p>Das OPTIMA LT Gartengew\u00e4chshaus aus Polycarbonat ist ein langlebiges Gew\u00e4chshaus f\u00fcr den Garten. Der Hauptunterschied zu den meisten Gew\u00e4chsh\u00e4usern ist der Doppelbogenbalken. F\u00fcr die Verbindung der Profile werden quadratische Kupplungen (Spider) verwendet. Die B\u00f6gen und Trennw\u00e4nde sind au\u00dfen und innen aus dem Stahl verzinkt und an der Schwei\u00dfstelle mit mechanischer Verzinkung behandelt (<a href=\"\/?page_id=5731\">Korrosionsschutz<\/a> &#8211; der Gehalt an reinem Zink betr\u00e4gt ca. 90%). Das Gew\u00e4chshaus ist aus Stahl gefertigt. Die B\u00f6gen sind widerstandsf\u00e4hig gegen Wind und starke Belastung des Gew\u00e4chshauses im Winter bei starkem Schneefall. Die Konstruktion mit einer Belastung von bis zu 250 kg aus 20\u00d720 Stahl mit einer Dicke von 1 mm h\u00e4lt widrigen klimatischen Bedingungen lange stand.[\/vc_column_text][vc_separator][vc_column_text css=&#8220;&#8220; text_larger=&#8220;no&#8220; woodmart_inline=&#8220;no&#8220;]<\/p>\n<div class=\"vc_row wpb_row vc_row-fluid\">\n<div class=\"wpb_column vc_column_container vc_col-sm-12\">\n<div class=\"vc_column-inner\">\n<div class=\"wpb_wrapper\">\n<div class=\"wpb_text_column wpb_content_element\">\n<div class=\"wpb_wrapper\">\n<h3 style=\"text-align: center;\">Polycarbonat-Verglasung<\/h3>\n<p>Speziell zertifiziertes hohles Polycarbonat f\u00fcr Gew\u00e4chsh\u00e4user mit UV-Filter. Der Vorteil dieses Produkts ist seine hohe W\u00e4rmed\u00e4mmung gegen Glas. Best\u00e4ndig gegen mechanische Besch\u00e4digungen, Witterungseinfl\u00fcsse und Hagel. Au\u00dfergew\u00f6hnliche Transluzenz von Polycarbonat (Klarheit \u2013 bis zu 86%).   <\/p>\n<p>Sie k\u00f6nnen aus mehreren Designs w\u00e4hlen, das Gew\u00e4chshaus OPTIMA LT ist mit 4 mm, 6 mm Polycarbonat ausgestattet, das eine st\u00f6rungsfreie und lange Lebensdauer garantiert. F\u00fcr anspruchsvollere Kunden und Profis bieten wir die Gew\u00e4chshausversionen OPTIMA LT an, die mit 8 mm Polycarbonat ausgestattet sind. <\/p>\n<p>Polycarbonat wird in einer Rolle geliefert und mit selbstschneidenden Schrauben an der Struktur befestigt.<\/p>\n<\/div>\n<\/div>\n<\/div>\n<\/div>\n<\/div>\n<\/div>\n<p>[\/vc_column_text][\/vc_column][\/vc_row][vc_row][vc_column width=&#8220;1\/2&#8243;][vc_separator style=&#8220;shadow&#8220; border_width=&#8220;5&#8243;][vc_text_separator title=&#8220;Empfohlenes Zubeh\u00f6r :&#8220; title_align=&#8220;separator_align_left&#8220; align=&#8220;align_left&#8220; style=&#8220;dotted&#8220;]<div class=\"widget_products \"><div class=\"widget woocommerce widget_products\"><ul class=\"product_list_widget\"><li>\n\t\t<span class=\"widget-product-wrap\">\n\t\t<a href=\"https:\/\/agroflex.cz\/de\/produkt\/antidust-3500-dampfdurchlaessiges-belueftungsband\/\" title=\"AntiDust 3500 dampfdurchl\u00e4ssiges Bel\u00fcftungsband\" class=\"widget-product-img\">\n\t\t\t<img decoding=\"async\" width=\"300\" height=\"300\" src=\"https:\/\/agroflex.cz\/wp-content\/uploads\/2023\/09\/Ventilacni-paska-Antidust-300x300.jpg\" class=\"attachment-woocommerce_thumbnail size-woocommerce_thumbnail\" alt=\"\" srcset=\"https:\/\/agroflex.cz\/wp-content\/uploads\/2023\/09\/Ventilacni-paska-Antidust-300x300.jpg 300w, https:\/\/agroflex.cz\/wp-content\/uploads\/2023\/09\/Ventilacni-paska-Antidust-150x150.jpg 150w\" sizes=\"(max-width: 300px) 100vw, 300px\" \/>\t\t<\/a>\n\t\t<span class=\"widget-product-info\">\n\t\t\t<a href=\"https:\/\/agroflex.cz\/de\/produkt\/antidust-3500-dampfdurchlaessiges-belueftungsband\/\" title=\"AntiDust 3500 dampfdurchl\u00e4ssiges Bel\u00fcftungsband\" class=\"wd-entities-title\">\n\t\t\t\tAntiDust 3500 dampfdurchl\u00e4ssiges Bel\u00fcftungsband\t\t\t<\/a>\n\t\t\t\t\t\t\t<div class=\"star-rating\" role=\"img\" aria-label=\"Bewertet mit 5.00 von 5\"><span style=\"width:100%\">Bewertet mit <strong class=\"rating\">5.00<\/strong> von 5<\/span><\/div>\t\t\t\t\t\t<span class=\"price\"><span class=\"woocommerce-Price-amount amount\"><bdi>789<span class=\"woocommerce-Price-currencySymbol\">&#75;&#269;<\/span><\/bdi><\/span><\/span>\n\t\t<\/span>\n\t<\/span>\n\t<\/li>\n<\/ul><\/div><\/div>[vc_separator style=&#8220;shadow&#8220; border_width=&#8220;5&#8243;][vc_column_text text_larger=&#8220;no&#8220; woodmart_inline=&#8220;no&#8220;]<\/p>\n<h4 style=\"text-align: center;\"><span style=\"color: #000000;\"><strong>Parameter des Gew\u00e4chshauses:<\/strong><\/span><\/h4>\n<table>\n<tbody>\n<tr style=\"height: 24px;\">\n<td style=\"width: 185.867px; height: 24px; text-align: left;\">Art der Konstruktion<\/td>\n<td style=\"width: 243.133px; height: 24px; text-align: right;\"> B\u00f6gen &#8211; bestehen aus zwei Teilen<\/td>\n<\/tr>\n<tr style=\"height: 24px;\">\n<td style=\"width: 185.867px; height: 24px; text-align: left;\">Zul\u00e4ssige Belastung<\/td>\n<td style=\"width: 243.133px; height: 24px; text-align: right;\">250 kg<\/td>\n<\/tr>\n<tr style=\"height: 24px;\">\n<td style=\"width: 185.867px; height: 24px; text-align: left;\">Windwiderstand<\/td>\n<td style=\"width: 243.133px; height: 24px; text-align: right;\">30 m\/s<\/td>\n<\/tr>\n<tr style=\"height: 24px;\">\n<td style=\"width: 185.867px; height: 24px; text-align: left;\">Breite<\/td>\n<td style=\"width: 243.133px; height: 24px; text-align: right;\">ca. 2,5 m<\/td>\n<\/tr>\n<tr style=\"height: 24px;\">\n<td style=\"width: 185.867px; height: 24px; text-align: left;\">H\u00f6he<\/td>\n<td style=\"width: 243.133px; height: 24px; text-align: right;\">ca. 2,2 m<\/td>\n<\/tr>\n<tr style=\"height: 24px;\">\n<td style=\"width: 185.867px; height: 24px; text-align: left;\">L\u00e4nge (Varianten)<\/td>\n<td style=\"width: 243.133px; height: 24px; text-align: right;\">4 m; 6 m; 8 m; (Modulation in 2 m-Schritten)<\/td>\n<\/tr>\n<tr style=\"height: 24px;\">\n<td style=\"width: 185.867px; height: 24px; text-align: left;\">Material der Verglasung<\/td>\n<td style=\"width: 243.133px; height: 24px; text-align: right;\">Polycarbonat 4mm,6mm,8mm.<\/td>\n<\/tr>\n<tr style=\"height: 24px;\">\n<td style=\"width: 185.867px; height: 24px; text-align: left;\">UV-Schutz<\/td>\n<td style=\"width: 243.133px; height: 24px; text-align: right;\">ja<\/td>\n<\/tr>\n<tr style=\"height: 24px;\">\n<td style=\"width: 185.867px; height: 24px; text-align: left;\">Abmessungen der Platten<\/td>\n<td style=\"width: 243.133px; height: 24px; text-align: right;\">6 x 2,1 m<\/td>\n<\/tr>\n<tr style=\"height: 24px;\">\n<td style=\"width: 185.867px; height: 10px; text-align: left;\">Baumaterial<\/td>\n<td style=\"width: 243.133px; height: 10px; text-align: right;\">verzinkter Stahl<\/td>\n<\/tr>\n<tr style=\"height: 24px;\">\n<td style=\"width: 185.867px; height: 24px; text-align: left;\">\n Festigkeit der Stahlwand<\/td>\n<td style=\"width: 243.133px; height: 24px; text-align: right;\">1 mm<\/td>\n<\/tr>\n<tr style=\"height: 35px;\">\n<td style=\"width: 185.867px; height: 35px; text-align: left;\">Abstand zwischen Kurven<\/td>\n<td style=\"width: 243.133px; height: 35px; text-align: right;\">0,65 m<\/td>\n<\/tr>\n<tr style=\"height: 35px;\">\n<td style=\"width: 185.867px; height: 35px; text-align: left;\">Verst\u00e4rkungsst\u00e4be<\/td>\n<p> f\u00fcr das Fu\u00dfgew\u00f6lbe <\/p>\n<td style=\"width: 243.133px; height: 35px; text-align: right;\">3 Zeilen<\/td>\n<\/tr>\n<tr style=\"height: 24px;\">\n<td style=\"width: 170.4px; height: 24px; text-align: left;\">Art<\/td>\n<td style=\"width: 268.6px; height: 24px; text-align: right;\">beidseitig befahrbar<\/td>\n<\/tr>\n<tr style=\"height: 24px;\">\n<td style=\"width: 170.4px; height: 24px; text-align: left;\">Haust\u00fcren<\/td>\n<td style=\"width: 268.6px; height: 24px; text-align: right;\">2 Stk.<\/td>\n<\/tr>\n<tr style=\"height: 35px;\">\n<td style=\"width: 170.4px; height: 35px; text-align: left;\">L\u00fcftungs-Fensterfront<\/td>\n<td style=\"width: 268.6px; height: 35px; text-align: right;\">2 Stk.<\/td>\n<\/tr>\n<tr style=\"height: 24px;\">\nVerankerung <\/p>\n<td style=\"width: 185.867px; height: 24px; text-align: left;\">aus<\/td>\n<p> Polycarbonat<\/p>\n<td style=\"width: 243.133px; height: 24px; text-align: right;\">Schrauben mit Unterlegscheiben und Muttern M5<\/td>\n<\/tr>\n<tr style=\"height: 24px;\">\n<td style=\"width: 185.867px; height: 24px; text-align: left;\">Verankerung im Boden<\/td>\n<td style=\"width: 243.133px; height: 24px; text-align: right;\">Verwandte <a href=\"https:\/\/agroflex.cz\/de\/kategorie-produktu\/gewaechshausverankerung\/\" target=\"_blank\" rel=\"noopener\">Produkte<\/a><\/td>\n<\/tr>\n<tr style=\"height: 24px;\">\n<td style=\"width: 185.867px; height: 24px; text-align: left;\">Garantie aus<\/td>\n<p> Polycarbonat<\/p>\n<td style=\"width: 243.133px; height: 24px; text-align: right;\">10 Jahre<\/td>\n<\/tr>\n<tr style=\"height: 35px;\">\n<td style=\"width: 185.867px; height: 35px; text-align: left;\">Garantie auf die Konstruktion<\/td>\n<td style=\"width: 243.133px; height: 35px; text-align: right;\">5 Jahre<\/td>\n<\/tr>\n<tr style=\"height: 24px;\">\n<td style=\"width: 185.867px; height: 24px; text-align: left;\">Basis<\/td>\n<td style=\"width: 243.133px; height: 24px; text-align: right;\">Nicht notwendig<\/td>\n<\/tr>\n<\/tbody>\n<\/table>\n<p><span style=\"font-size: 10pt;\">F\u00fcr den Fall, dass Sie sich nicht um die Montage des notwendigen Gew\u00e4chshauszubeh\u00f6rs k\u00fcmmern m\u00f6chten, bieten wir komplette <\/span><a href=\"https:\/\/agroflex.cz\/de\/kategorie-produktu\/satz-zubehor\/\"><strong><span style=\"font-size: 10pt;\">verschiedene Sets \/ Sets von Gew\u00e4chshauszubeh\u00f6r an.<\/span><\/strong><\/a>[\/vc_column_text][vc_separator style=&#8220;shadow&#8220; border_width=&#8220;5&#8243;][\/vc_column][vc_column width=&#8220;1\/2&#8243;][vc_separator style=&#8220;shadow&#8220; border_width=&#8220;5&#8243;][vc_column_text css=&#8220;&#8220; text_larger=&#8220;no&#8220; woodmart_inline=&#8220;no&#8220;]<\/p>\n<div class=\"vc_row wpb_row vc_row-fluid\">\n<div class=\"wpb_column vc_column_container vc_col-sm-12\">\n<div class=\"vc_column-inner\">\n<div class=\"wpb_wrapper\">\n<div class=\"wpb_text_column wpb_content_element\">\n<div class=\"wpb_wrapper\">\n<h4 style=\"text-align: center;\">Fundamente f\u00fcr ein Gew\u00e4chshaus<\/h4>\n<p>Um die Haltbarkeit des Gew\u00e4chshauses zu gew\u00e4hrleisten, wird empfohlen, es auf einem vorbereiteten Sockel zu installieren &#8211; einem Fundament, das auf der Grundlage seiner Abmessungen um den Umfang des Sockels hergestellt wird, beispielsweise in Form eines Rahmens mit einer Dicke von 100&#8230; 200 mm, wodurch die Korrosionsaktivit\u00e4t erheblich reduziert wird. Der Rahmen des Gew\u00e4chshauses sollte mit Schrauben oder N\u00e4geln am Fundament befestigt werden, um ein Umkippen bei starkem Wind zu verhindern. <\/p>\n<p>Das Gew\u00e4chshaus kann je nach Priorit\u00e4t jedes Kunden befestigt werden, es kann im Boden installiert werden (die Befestigung erfolgt durch Ankerf\u00fc\u00dfe), Holzprismen 10 x 10 cm oder auf einem Betonsockel.<\/p>\n<p>Im Allgemeinen ist jedoch die Verankerung auf einem Betonsockel die bessere Wahl, um die Korrosionsaktivit\u00e4t erheblich zu reduzieren.<\/p>\n<\/div>\n<\/div>\n<\/div>\n<\/div>\n<\/div>\n<\/div>\n<p>[\/vc_column_text]<div class=\"widget_products \"><div class=\"widget woocommerce widget_products\"><ul class=\"product_list_widget\"><li>\n\t\t<span class=\"widget-product-wrap\">\n\t\t<a href=\"https:\/\/agroflex.cz\/de\/produkt\/botanik-blechsockel-fuer-gewaechshaeuser\/\" title=\"Botanik Blechsockel f\u00fcr Gew\u00e4chsh\u00e4user\" class=\"widget-product-img\">\n\t\t\t<img decoding=\"async\" width=\"300\" height=\"300\" src=\"https:\/\/agroflex.cz\/wp-content\/uploads\/2023\/09\/Zakladna-pro-zahradni-skleniky-Agroflex-300x300.jpg\" class=\"attachment-woocommerce_thumbnail size-woocommerce_thumbnail\" alt=\"\" srcset=\"https:\/\/agroflex.cz\/wp-content\/uploads\/2023\/09\/Zakladna-pro-zahradni-skleniky-Agroflex-300x300.jpg 300w, https:\/\/agroflex.cz\/wp-content\/uploads\/2023\/09\/Zakladna-pro-zahradni-skleniky-Agroflex-150x150.jpg 150w\" sizes=\"(max-width: 300px) 100vw, 300px\" \/>\t\t<\/a>\n\t\t<span class=\"widget-product-info\">\n\t\t\t<a href=\"https:\/\/agroflex.cz\/de\/produkt\/botanik-blechsockel-fuer-gewaechshaeuser\/\" title=\"Botanik Blechsockel f\u00fcr Gew\u00e4chsh\u00e4user\" class=\"wd-entities-title\">\n\t\t\t\tBotanik Blechsockel f\u00fcr Gew\u00e4chsh\u00e4user\t\t\t<\/a>\n\t\t\t\t\t\t\t\t\t\t\t\t\t<span class=\"price\"><span class=\"woocommerce-Price-amount amount\" aria-hidden=\"true\"><bdi>968<span class=\"woocommerce-Price-currencySymbol\">&#75;&#269;<\/span><\/bdi><\/span> <span aria-hidden=\"true\"> \u2013 <\/span> <span class=\"woocommerce-Price-amount amount\" aria-hidden=\"true\"><bdi>3 267<span class=\"woocommerce-Price-currencySymbol\">&#75;&#269;<\/span><\/bdi><\/span><span class=\"screen-reader-text\">Preisspanne: 968&#75;&#269; bis 3 267&#75;&#269;<\/span><\/span>\n\t\t<\/span>\n\t<\/span>\n\t<\/li>\n<\/ul><\/div><\/div>[vc_separator style=&#8220;shadow&#8220; border_width=&#8220;5&#8243;][vc_column_text css=&#8220;&#8220; text_larger=&#8220;no&#8220; woodmart_inline=&#8220;no&#8220;]<\/p>\n<div class=\"vc_row wpb_row vc_row-fluid\">\n<div class=\"wpb_column vc_column_container vc_col-sm-12\">\n<div class=\"vc_column-inner\">\n<div class=\"wpb_wrapper\">\n<div class=\"wpb_text_column wpb_content_element\">\n<div class=\"wpb_wrapper\">\n<h4 style=\"text-align: center;\">Halterungen<\/h4>\n<p>Auch die Montage eines Gew\u00e4chshauses ist einfach und erfordert keine besonderen F\u00e4higkeiten. Es wird nur ein minimales Set an Werkzeugen ben\u00f6tigt \u2013 ein Schraubenschl\u00fcssel, ein Schraubendreher, ein Messer. Eine detaillierte Anleitung erhalten Sie zusammen mit dem Gew\u00e4chshaus. Die illustrierte Anleitung wird den Bau eines Gew\u00e4chshauses weiter vereinfachen.   <\/p>\n<p>Wenn Sie keine Zeit f\u00fcr die Installation haben, <a href=\"https:\/\/agroflex.cz\/de\/montage-des-gewaechshauses\/\" target=\"_blank\" rel=\"noopener\"><strong>k\u00f6nnen Sie die Installation<\/strong><\/a> bei unseren Spezialisten bestellen, die mit hohem Fachwissen und in k\u00fcrzester Zeit alles f\u00fcr Sie zusammenbauen. Obwohl die Montage des gesamten Gew\u00e4chshauses einfach ist, nimmt es die meiste Zeit in Anspruch, das Polycarbonat zu schneiden, zu kanten und an beiden Vorderseiten des Gew\u00e4chshauses zu montieren. Deshalb bieten wir Ihnen die M\u00f6glichkeit, diesen Teil <a href=\"https:\/\/agroflex.cz\/de\/montage-des-gewaechshauses\/\" target=\"_blank\" rel=\"noopener\"><strong>der Montage<\/strong><\/a> zu bestellen, der in unserem Lager durchgef\u00fchrt wird, Sie erhalten vom Spediteur beide Frontseiten mit Polycarbonat gef\u00fcllt. <\/p>\n<p>Das Gew\u00e4chshaus kann modifiziert werden und die Umsetzung von Erweiterungen ist in Zukunft m\u00f6glich, so dass die theoretische L\u00e4nge des Gew\u00e4chshauses unbegrenzt ist.<\/p>\n<\/div>\n<\/div>\n<\/div>\n<\/div>\n<\/div>\n<\/div>\n<p>[\/vc_column_text][vc_separator style=&#8220;shadow&#8220; border_width=&#8220;5&#8243;][vc_column_text woodmart_inline=&#8220;no&#8220; text_larger=&#8220;no&#8220;]<\/p>\n<h4 style=\"text-align: center;\">Alternativen<\/h4>\n<p>[\/vc_column_text]<div class=\"widget_products \"><div class=\"widget woocommerce widget_products\"><ul class=\"product_list_widget\"><li>\n\t\t<span class=\"widget-product-wrap\">\n\t\t<a href=\"https:\/\/agroflex.cz\/de\/produkt\/starkes-polycarbonat-gewaechshaus-rimessa-l25\/\" title=\"Starkes Polycarbonat-Gew\u00e4chshaus RIMESSA L25\" class=\"widget-product-img\">\n\t\t\t<img decoding=\"async\" width=\"300\" height=\"300\" src=\"https:\/\/agroflex.cz\/wp-content\/uploads\/2023\/09\/Zahradni-sklenik-Rimessa-l3-300x300.jpg\" class=\"attachment-woocommerce_thumbnail size-woocommerce_thumbnail\" alt=\"polykarbon\u00e1tov\u00fd sklen\u00edk greenhouse polycarbonate polykarbon\u00e1tov\u00fd sklen\u00edk\" srcset=\"https:\/\/agroflex.cz\/wp-content\/uploads\/2023\/09\/Zahradni-sklenik-Rimessa-l3-300x300.jpg 300w, https:\/\/agroflex.cz\/wp-content\/uploads\/2023\/09\/Zahradni-sklenik-Rimessa-l3-150x150.jpg 150w\" sizes=\"(max-width: 300px) 100vw, 300px\" \/>\t\t<\/a>\n\t\t<span class=\"widget-product-info\">\n\t\t\t<a href=\"https:\/\/agroflex.cz\/de\/produkt\/starkes-polycarbonat-gewaechshaus-rimessa-l25\/\" title=\"Starkes Polycarbonat-Gew\u00e4chshaus RIMESSA L25\" class=\"wd-entities-title\">\n\t\t\t\tStarkes Polycarbonat-Gew\u00e4chshaus RIMESSA L25\t\t\t<\/a>\n\t\t\t\t\t\t\t\t\t\t\t\t\t<span class=\"price\"><span class=\"woocommerce-Price-amount amount\" aria-hidden=\"true\"><bdi>20 456<span class=\"woocommerce-Price-currencySymbol\">&#75;&#269;<\/span><\/bdi><\/span> <span aria-hidden=\"true\"> \u2013 <\/span> <span class=\"woocommerce-Price-amount amount\" aria-hidden=\"true\"><bdi>62 244<span class=\"woocommerce-Price-currencySymbol\">&#75;&#269;<\/span><\/bdi><\/span><span class=\"screen-reader-text\">Preisspanne: 20 456&#75;&#269; bis 62 244&#75;&#269;<\/span><\/span>\n\t\t<\/span>\n\t<\/span>\n\t<\/li>\n<\/ul><\/div><\/div>[vc_separator style=&#8220;shadow&#8220; border_width=&#8220;5&#8243;][\/vc_column][\/vc_row]<\/p>\n<\/div>","protected":false},"excerpt":{"rendered":"<p style=\"text-align: left;\"><span style=\"font-size: 10pt;\"><span style=\"color: #ff0000;\"><strong>PREIS-HIT !<\/strong><\/span>  Gew\u00e4chshausbreite 2,5 m, H\u00f6he 2,2 m, L\u00e4nge ab 4 m. Mit einer Doppelkonstruktion aus Stahl mit einer Dicke von 20 x 20 x 1 mm. Robuste Konstruktion aus verzinktem Stahl. Der Abstand zwischen den B\u00f6gen betr\u00e4gt 0,65 m. Spezielles Polycarbonat f\u00fcr Gew\u00e4chsh\u00e4user mit UV-Filter.     Gew\u00e4chshaus beidseitig befahrbar. Die Montage ist einfach.<br \/>\n<\/span><\/p>\n","protected":false},"featured_media":12020,"comment_status":"open","ping_status":"closed","template":"","meta":[],"product_brand":[419],"product_cat":[480,655,817],"product_tag":[],"class_list":{"0":"post-30226","1":"product","2":"type-product","3":"status-publish","4":"has-post-thumbnail","6":"product_brand-agroflex","7":"product_cat-nicht-kategorisiert","8":"product_cat-gartengewachshauser-veranstaltungen","9":"product_cat-gewolbungsgewachshauser","11":"first","12":"instock","13":"sale","14":"taxable","15":"shipping-taxable","16":"purchasable","17":"product-type-variable","18":"has-default-attributes"},"_links":{"self":[{"href":"https:\/\/agroflex.cz\/de\/wp-json\/wp\/v2\/product\/30226","targetHints":{"allow":["GET"]}}],"collection":[{"href":"https:\/\/agroflex.cz\/de\/wp-json\/wp\/v2\/product"}],"about":[{"href":"https:\/\/agroflex.cz\/de\/wp-json\/wp\/v2\/types\/product"}],"replies":[{"embeddable":true,"href":"https:\/\/agroflex.cz\/de\/wp-json\/wp\/v2\/comments?post=30226"}],"wp:featuredmedia":[{"embeddable":true,"href":"https:\/\/agroflex.cz\/de\/wp-json\/wp\/v2\/media\/12020"}],"wp:attachment":[{"href":"https:\/\/agroflex.cz\/de\/wp-json\/wp\/v2\/media?parent=30226"}],"wp:term":[{"taxonomy":"product_brand","embeddable":true,"href":"https:\/\/agroflex.cz\/de\/wp-json\/wp\/v2\/product_brand?post=30226"},{"taxonomy":"product_cat","embeddable":true,"href":"https:\/\/agroflex.cz\/de\/wp-json\/wp\/v2\/product_cat?post=30226"},{"taxonomy":"product_tag","embeddable":true,"href":"https:\/\/agroflex.cz\/de\/wp-json\/wp\/v2\/product_tag?post=30226"}],"curies":[{"name":"wp","href":"https:\/\/api.w.org\/{rel}","templated":true}]}}