{"id":30547,"date":"2023-09-04T21:01:49","date_gmt":"2023-09-04T21:01:49","guid":{"rendered":"https:\/\/agroflex.cz\/product\/fenster-fuer-lueftung-optima-lux\/"},"modified":"2023-09-04T21:01:49","modified_gmt":"2023-09-04T21:01:49","slug":"fenster-fuer-lueftung-optima-lux","status":"publish","type":"product","link":"https:\/\/agroflex.cz\/de\/produkt\/fenster-fuer-lueftung-optima-lux\/","title":{"rendered":"Fenster f\u00fcr L\u00fcftung &#8211; OPTIMA LUX"},"content":{"rendered":"<p><strong> <\/strong><\/p>\n<p>&nbsp;<\/p>\n<p>&nbsp;<\/p>\n","protected":false},"excerpt":{"rendered":"<p>Das Dach-Seiten-L\u00fcftungsfenster wird verwendet, um die Innentemperatur im Gew\u00e4chshaus zu regulieren. ist ein originelles Erweiterungsprodukt f\u00fcr das langlebige Gartengew\u00f6lbe Optima LUX aus Polycarbonat. Der Fensterrahmen besteht aus verzinktem Stahl, ebenso wie das gesamte Gew\u00e4chshaus. und pulverbeschichtet. Das L\u00fcftungsfenster ist vollst\u00e4ndig kompatibel mit den automatischen \u00d6ffnern Aero-100, Thermovent, Univent, Megavent, die mit diesem Fenster bestellt werden k\u00f6nnen. Das Paket enth\u00e4lt alle notwendigen Montagekomponenten.     <\/p>\n","protected":false},"featured_media":12824,"comment_status":"open","ping_status":"closed","template":"","meta":[],"product_brand":[419],"product_cat":[515,1337],"product_tag":[],"class_list":{"0":"post-30547","1":"product","2":"type-product","3":"status-publish","4":"has-post-thumbnail","6":"product_brand-agroflex","7":"product_cat-zubehor","8":"product_cat-lueftungsfenster","10":"first","11":"instock","12":"taxable","13":"shipping-taxable","14":"purchasable","15":"product-type-simple"},"_links":{"self":[{"href":"https:\/\/agroflex.cz\/de\/wp-json\/wp\/v2\/product\/30547","targetHints":{"allow":["GET"]}}],"collection":[{"href":"https:\/\/agroflex.cz\/de\/wp-json\/wp\/v2\/product"}],"about":[{"href":"https:\/\/agroflex.cz\/de\/wp-json\/wp\/v2\/types\/product"}],"replies":[{"embeddable":true,"href":"https:\/\/agroflex.cz\/de\/wp-json\/wp\/v2\/comments?post=30547"}],"wp:featuredmedia":[{"embeddable":true,"href":"https:\/\/agroflex.cz\/de\/wp-json\/wp\/v2\/media\/12824"}],"wp:attachment":[{"href":"https:\/\/agroflex.cz\/de\/wp-json\/wp\/v2\/media?parent=30547"}],"wp:term":[{"taxonomy":"product_brand","embeddable":true,"href":"https:\/\/agroflex.cz\/de\/wp-json\/wp\/v2\/product_brand?post=30547"},{"taxonomy":"product_cat","embeddable":true,"href":"https:\/\/agroflex.cz\/de\/wp-json\/wp\/v2\/product_cat?post=30547"},{"taxonomy":"product_tag","embeddable":true,"href":"https:\/\/agroflex.cz\/de\/wp-json\/wp\/v2\/product_tag?post=30547"}],"curies":[{"name":"wp","href":"https:\/\/api.w.org\/{rel}","templated":true}]}}