{"id":30607,"date":"2023-09-04T21:02:03","date_gmt":"2023-09-04T21:02:03","guid":{"rendered":"https:\/\/agroflex.cz\/product\/blechsockel-fuer-brutstaette-mit-einer-breite-von-1m\/"},"modified":"2023-09-04T21:02:03","modified_gmt":"2023-09-04T21:02:03","slug":"blechsockel-fuer-brutstaette-mit-einer-breite-von-1m","status":"publish","type":"product","link":"https:\/\/agroflex.cz\/de\/produkt\/blechsockel-fuer-brutstaette-mit-einer-breite-von-1m\/","title":{"rendered":"Blechsockel f\u00fcr Brutst\u00e4tte mit einer Breite von 1m"},"content":{"rendered":"","protected":false},"excerpt":{"rendered":"<p>Die Untergr\u00fcnde reduzieren die Korrosionsaktivit\u00e4t, f\u00fcr Gartenbrutst\u00e4tten aller Art mit einer Breite von 1 m. Es handelt sich um ein einzigartiges System, das den Sockel ersetzt, falls es nicht m\u00f6glich ist, ein solides Betonfundament oder ein Fundament aus Ziegeln oder Fliesen zu bauen. Diese Basis hebt die Brutst\u00e4tte um ca. 20 cm an. Die Hebebasis besteht aus verzinkten Profilen. Ankerf\u00fc\u00dfe im Lieferumfang enthalten.    <\/p>\n<p>Grundma\u00dfe (L &#8211; B) 1 x 2m (auch l\u00e4nger m\u00f6glich \u2013 Modulation in 2m L\u00e4nge)<\/p>\n","protected":false},"featured_media":32399,"comment_status":"open","ping_status":"closed","template":"","meta":[],"product_brand":[419],"product_cat":[515,1307],"product_tag":[],"class_list":{"0":"post-30607","1":"product","2":"type-product","3":"status-publish","4":"has-post-thumbnail","6":"product_brand-agroflex","7":"product_cat-zubehor","8":"product_cat-gewaechshausverankerung","10":"first","11":"instock","12":"sale","13":"taxable","14":"shipping-taxable","15":"purchasable","16":"product-type-variable","17":"has-default-attributes"},"_links":{"self":[{"href":"https:\/\/agroflex.cz\/de\/wp-json\/wp\/v2\/product\/30607","targetHints":{"allow":["GET"]}}],"collection":[{"href":"https:\/\/agroflex.cz\/de\/wp-json\/wp\/v2\/product"}],"about":[{"href":"https:\/\/agroflex.cz\/de\/wp-json\/wp\/v2\/types\/product"}],"replies":[{"embeddable":true,"href":"https:\/\/agroflex.cz\/de\/wp-json\/wp\/v2\/comments?post=30607"}],"wp:featuredmedia":[{"embeddable":true,"href":"https:\/\/agroflex.cz\/de\/wp-json\/wp\/v2\/media\/32399"}],"wp:attachment":[{"href":"https:\/\/agroflex.cz\/de\/wp-json\/wp\/v2\/media?parent=30607"}],"wp:term":[{"taxonomy":"product_brand","embeddable":true,"href":"https:\/\/agroflex.cz\/de\/wp-json\/wp\/v2\/product_brand?post=30607"},{"taxonomy":"product_cat","embeddable":true,"href":"https:\/\/agroflex.cz\/de\/wp-json\/wp\/v2\/product_cat?post=30607"},{"taxonomy":"product_tag","embeddable":true,"href":"https:\/\/agroflex.cz\/de\/wp-json\/wp\/v2\/product_tag?post=30607"}],"curies":[{"name":"wp","href":"https:\/\/api.w.org\/{rel}","templated":true}]}}