{"id":30627,"date":"2023-09-04T21:02:04","date_gmt":"2023-09-04T21:02:04","guid":{"rendered":"https:\/\/agroflex.cz\/product\/set-sr-zubehoer-fuer-gewaechshaeuser\/"},"modified":"2023-09-04T21:02:04","modified_gmt":"2023-09-04T21:02:04","slug":"set-sr-zubehoer-fuer-gewaechshaeuser","status":"publish","type":"product","link":"https:\/\/agroflex.cz\/de\/produkt\/set-sr-zubehoer-fuer-gewaechshaeuser\/","title":{"rendered":"Set &#8211; SR &#8211; Zubeh\u00f6r f\u00fcr Gew\u00e4chsh\u00e4user"},"content":{"rendered":"","protected":false},"excerpt":{"rendered":"<p>Das Set ist geeignet f\u00fcr Gew\u00e4chsh\u00e4user mit geraden Seiten mit einer Breite von 2 &#8211; 2,5 &#8211; 3 m, einer L\u00e4nge von 4, 6, 8 m<\/p>\n<p>Das Set enth\u00e4lt alles, was Sie zum Schutz von Polycarbonat 4-6-8mm ben\u00f6tigen:<\/p>\n<ul>\n<li>U-f\u00f6rmige Endleisten f\u00fcr Polycarbonat &#8211; (Satz SR4 &#8211; 15 St\u00fcck, Satz SR6 &#8211; 19 St\u00fcck, Satz SR19 &#8211; 23 St\u00fcck)<\/li>\n<li>dampfdurchl\u00e4ssiges L\u00fcftungsband AntiDust 3500 &#8211; (Set SR4 &#8211; 2 St\u00fcck, Set SR6 &#8211; 2 St\u00fcck, Set SR8 &#8211; 3 St\u00fcck)<\/li>\n<\/ul>\n","protected":false},"featured_media":0,"comment_status":"open","ping_status":"closed","template":"","meta":[],"product_brand":[419],"product_cat":[515],"product_tag":[],"class_list":{"0":"post-30627","1":"product","2":"type-product","3":"status-publish","5":"product_brand-agroflex","6":"product_cat-zubehor","8":"first","9":"instock","10":"taxable","11":"shipping-taxable","12":"purchasable","13":"product-type-variable","14":"has-default-attributes"},"_links":{"self":[{"href":"https:\/\/agroflex.cz\/de\/wp-json\/wp\/v2\/product\/30627","targetHints":{"allow":["GET"]}}],"collection":[{"href":"https:\/\/agroflex.cz\/de\/wp-json\/wp\/v2\/product"}],"about":[{"href":"https:\/\/agroflex.cz\/de\/wp-json\/wp\/v2\/types\/product"}],"replies":[{"embeddable":true,"href":"https:\/\/agroflex.cz\/de\/wp-json\/wp\/v2\/comments?post=30627"}],"wp:attachment":[{"href":"https:\/\/agroflex.cz\/de\/wp-json\/wp\/v2\/media?parent=30627"}],"wp:term":[{"taxonomy":"product_brand","embeddable":true,"href":"https:\/\/agroflex.cz\/de\/wp-json\/wp\/v2\/product_brand?post=30627"},{"taxonomy":"product_cat","embeddable":true,"href":"https:\/\/agroflex.cz\/de\/wp-json\/wp\/v2\/product_cat?post=30627"},{"taxonomy":"product_tag","embeddable":true,"href":"https:\/\/agroflex.cz\/de\/wp-json\/wp\/v2\/product_tag?post=30627"}],"curies":[{"name":"wp","href":"https:\/\/api.w.org\/{rel}","templated":true}]}}