{"id":30732,"date":"2023-09-04T21:00:32","date_gmt":"2023-09-04T21:00:32","guid":{"rendered":"https:\/\/agroflex.cz\/product\/antidust-3500-dampfdurchlaessiges-belueftungsband\/"},"modified":"2026-04-01T11:57:26","modified_gmt":"2026-04-01T11:57:26","slug":"antidust-3500-dampfdurchlaessiges-belueftungsband","status":"publish","type":"product","link":"https:\/\/agroflex.cz\/de\/produkt\/antidust-3500-dampfdurchlaessiges-belueftungsband\/","title":{"rendered":"AntiDust 3500 dampfdurchl\u00e4ssiges Bel\u00fcftungsband"},"content":{"rendered":"","protected":false},"excerpt":{"rendered":"<p>Diffusionsoffenes Bel\u00fcftungsband ANtiDust 3500 zum Abdichten von Hohlr\u00e4umen von Polycarbonat-Aderendh\u00fclsenplatten. Es verhindert das Eindringen von Staub und Schmutz in die Hohlr\u00e4ume. Das einseitig diffusionsoffene Klebeband h\u00e4lt die Feuchtigkeit in Richtung der Kavit\u00e4ten zur\u00fcck. Das Bel\u00fcftungsband l\u00e4sst Feuchtigkeit aus den Hohlr\u00e4umen. Zum Verschlie\u00dfen der Hohlr\u00e4ume von Polycarbonat-Aderendh\u00fclsen 4-10 mm. L\u00e4nge 33m     <\/p>\n","protected":false},"featured_media":12615,"comment_status":"open","ping_status":"closed","template":"","meta":[],"product_brand":[419],"product_cat":[515,1313,1301],"product_tag":[],"class_list":{"0":"post-30732","1":"product","2":"type-product","3":"status-publish","4":"has-post-thumbnail","6":"product_brand-agroflex","7":"product_cat-zubehor","8":"product_cat-bekanten-von-leiterplatten","9":"product_cat-polycarbonatplatten","11":"first","12":"instock","13":"taxable","14":"shipping-taxable","15":"purchasable","16":"product-type-simple"},"_links":{"self":[{"href":"https:\/\/agroflex.cz\/de\/wp-json\/wp\/v2\/product\/30732","targetHints":{"allow":["GET"]}}],"collection":[{"href":"https:\/\/agroflex.cz\/de\/wp-json\/wp\/v2\/product"}],"about":[{"href":"https:\/\/agroflex.cz\/de\/wp-json\/wp\/v2\/types\/product"}],"replies":[{"embeddable":true,"href":"https:\/\/agroflex.cz\/de\/wp-json\/wp\/v2\/comments?post=30732"}],"wp:featuredmedia":[{"embeddable":true,"href":"https:\/\/agroflex.cz\/de\/wp-json\/wp\/v2\/media\/12615"}],"wp:attachment":[{"href":"https:\/\/agroflex.cz\/de\/wp-json\/wp\/v2\/media?parent=30732"}],"wp:term":[{"taxonomy":"product_brand","embeddable":true,"href":"https:\/\/agroflex.cz\/de\/wp-json\/wp\/v2\/product_brand?post=30732"},{"taxonomy":"product_cat","embeddable":true,"href":"https:\/\/agroflex.cz\/de\/wp-json\/wp\/v2\/product_cat?post=30732"},{"taxonomy":"product_tag","embeddable":true,"href":"https:\/\/agroflex.cz\/de\/wp-json\/wp\/v2\/product_tag?post=30732"}],"curies":[{"name":"wp","href":"https:\/\/api.w.org\/{rel}","templated":true}]}}