{"id":30830,"date":"2023-09-04T21:00:32","date_gmt":"2023-09-04T21:00:32","guid":{"rendered":"https:\/\/agroflex.cz\/product\/lego-universal-betteinfassung\/"},"modified":"2023-09-04T21:00:32","modified_gmt":"2023-09-04T21:00:32","slug":"lego-universal-betteinfassung","status":"publish","type":"product","link":"https:\/\/agroflex.cz\/de\/produkt\/lego-universal-betteinfassung\/","title":{"rendered":"LEGO Universal-Betteinfassung"},"content":{"rendered":"","protected":false},"excerpt":{"rendered":"<p>Mit diesem Laufstall k\u00f6nnen Sie ganz einfach Ihren Garten, Ihr Blumenbeet, Ihren Garten oder Ihren Rasen trennen. Ein Stahlkandstein wird verwendet, um ein Hochbeet zu schaffen. Ein einfacher und zuverl\u00e4ssiger Mechanismus zum Verbinden von Abschnitten erm\u00f6glicht es Ihnen, ein Hochbeet in verschiedenen Gr\u00f6\u00dfen und Formen in wenigen Minuten ohne professionelles Werkzeug zusammenzubauen und zu installieren. Einzelne Module gleicher H\u00f6he oder L\u00e4nge k\u00f6nnen zu unterschiedlichen Kompositionen miteinander kombiniert werden. Das Blumenbeet besteht aus dickem Blech, welches verzinkt ist.    <\/p>\n<p>Vorteile:<\/p>\n<ul>\n<li>Einfache Handhabung und Installation (einfach in den Boden schieben)<\/li>\n<li>Erm\u00f6glicht die Montage und Installation eines Hochbeets in verschiedenen Gr\u00f6\u00dfen und Formen<\/li>\n<li>Stabile Konstruktion durch in den Boden eingelassene F\u00fc\u00dfe (Rundf\u00fc\u00dfe)<\/li>\n<li>Einfaches Modulanschlusssystem (kein Werkzeug erforderlich)<\/li>\n<li>Kann in der Nebensaison zusammengeklappt und gelagert werden<\/li>\n<\/ul>\n<p>Das Paket enth\u00e4lt 2 Module (Paare).<\/p>\n<p>L\u00e4nge von 1 Modul : 65 cm \/ 90 cm \/ 197 cm<\/p>\n<p>Die H\u00f6he des Zauns betr\u00e4gt 19 cm \/ die Bodendurchdringung 19 cm Sehr stabile Konstruktion dank der Beine &#8211; in den Boden eingelassen. Die Montage ist sehr einfach. Das Blumenbeet besteht aus dickem Blech, welches verzinkt ist. Die Kanten des Zauns sind sorgf\u00e4ltig gebogen und sicher zu montieren.   <\/p>\n<p>Der Preis gilt f\u00fcr ein Paar der gleichen Gr\u00f6\u00dfe<\/p>\n<p>&nbsp;<\/p>\n","protected":false},"featured_media":12257,"comment_status":"open","ping_status":"closed","template":"","meta":[],"product_brand":[419],"product_cat":[515,1350,1374,1362],"product_tag":[],"class_list":{"0":"post-30830","1":"product","2":"type-product","3":"status-publish","4":"has-post-thumbnail","6":"product_brand-agroflex","7":"product_cat-zubehor","8":"product_cat-hochbeete","9":"product_cat-gartenraender","10":"product_cat-blumenbeete-aus-metall","12":"first","13":"instock","14":"sale","15":"taxable","16":"shipping-taxable","17":"purchasable","18":"product-type-variable","19":"has-default-attributes"},"_links":{"self":[{"href":"https:\/\/agroflex.cz\/de\/wp-json\/wp\/v2\/product\/30830","targetHints":{"allow":["GET"]}}],"collection":[{"href":"https:\/\/agroflex.cz\/de\/wp-json\/wp\/v2\/product"}],"about":[{"href":"https:\/\/agroflex.cz\/de\/wp-json\/wp\/v2\/types\/product"}],"replies":[{"embeddable":true,"href":"https:\/\/agroflex.cz\/de\/wp-json\/wp\/v2\/comments?post=30830"}],"wp:featuredmedia":[{"embeddable":true,"href":"https:\/\/agroflex.cz\/de\/wp-json\/wp\/v2\/media\/12257"}],"wp:attachment":[{"href":"https:\/\/agroflex.cz\/de\/wp-json\/wp\/v2\/media?parent=30830"}],"wp:term":[{"taxonomy":"product_brand","embeddable":true,"href":"https:\/\/agroflex.cz\/de\/wp-json\/wp\/v2\/product_brand?post=30830"},{"taxonomy":"product_cat","embeddable":true,"href":"https:\/\/agroflex.cz\/de\/wp-json\/wp\/v2\/product_cat?post=30830"},{"taxonomy":"product_tag","embeddable":true,"href":"https:\/\/agroflex.cz\/de\/wp-json\/wp\/v2\/product_tag?post=30830"}],"curies":[{"name":"wp","href":"https:\/\/api.w.org\/{rel}","templated":true}]}}