{"id":31076,"date":"2023-09-04T21:00:33","date_gmt":"2023-09-04T21:00:33","guid":{"rendered":"https:\/\/agroflex.cz\/product\/uni-blechsockel-fuer-gewaechshaus\/"},"modified":"2023-09-04T21:00:33","modified_gmt":"2023-09-04T21:00:33","slug":"uni-blechsockel-fuer-gewaechshaus","status":"publish","type":"product","link":"https:\/\/agroflex.cz\/de\/produkt\/uni-blechsockel-fuer-gewaechshaus\/","title":{"rendered":"UNI Blechsockel f\u00fcr Gew\u00e4chshaus"},"content":{"rendered":"","protected":false},"excerpt":{"rendered":"<p>Basis reduziert die Korrosionsaktivit\u00e4t, f\u00fcr Gartengew\u00e4chsh\u00e4user aller Art mit einer Breite von 3 m oder 4 m. Es handelt sich um ein einzigartiges System, das den Sockel ersetzt, falls es nicht m\u00f6glich ist, ein solides Betonfundament oder ein Fundament aus Ziegeln oder Fliesen zu bauen. Mit dieser Basis wird das Polycarbonat-Gew\u00e4chshaus um ca. 15 cm angehoben. Die Hubbasis besteht aus Profilen 89\u00d740 \u03bc\u043c, H\u00f6he, Beinl\u00e4nge 400 mm.   <\/p>\n<p>Grundma\u00dfe (L &#8211; B) 4 x 3m oder 4 x 4m (auch l\u00e4nger m\u00f6glich \u2013 Modulation in der L\u00e4nge von 2m)<\/p>\n","protected":false},"featured_media":32393,"comment_status":"open","ping_status":"closed","template":"","meta":[],"product_brand":[419],"product_cat":[515,1307],"product_tag":[],"class_list":{"0":"post-31076","1":"product","2":"type-product","3":"status-publish","4":"has-post-thumbnail","6":"product_brand-agroflex","7":"product_cat-zubehor","8":"product_cat-gewaechshausverankerung","10":"first","11":"instock","12":"sale","13":"taxable","14":"shipping-taxable","15":"purchasable","16":"product-type-variable","17":"has-default-attributes"},"_links":{"self":[{"href":"https:\/\/agroflex.cz\/de\/wp-json\/wp\/v2\/product\/31076","targetHints":{"allow":["GET"]}}],"collection":[{"href":"https:\/\/agroflex.cz\/de\/wp-json\/wp\/v2\/product"}],"about":[{"href":"https:\/\/agroflex.cz\/de\/wp-json\/wp\/v2\/types\/product"}],"replies":[{"embeddable":true,"href":"https:\/\/agroflex.cz\/de\/wp-json\/wp\/v2\/comments?post=31076"}],"wp:featuredmedia":[{"embeddable":true,"href":"https:\/\/agroflex.cz\/de\/wp-json\/wp\/v2\/media\/32393"}],"wp:attachment":[{"href":"https:\/\/agroflex.cz\/de\/wp-json\/wp\/v2\/media?parent=31076"}],"wp:term":[{"taxonomy":"product_brand","embeddable":true,"href":"https:\/\/agroflex.cz\/de\/wp-json\/wp\/v2\/product_brand?post=31076"},{"taxonomy":"product_cat","embeddable":true,"href":"https:\/\/agroflex.cz\/de\/wp-json\/wp\/v2\/product_cat?post=31076"},{"taxonomy":"product_tag","embeddable":true,"href":"https:\/\/agroflex.cz\/de\/wp-json\/wp\/v2\/product_tag?post=31076"}],"curies":[{"name":"wp","href":"https:\/\/api.w.org\/{rel}","templated":true}]}}