{"id":31270,"date":"2023-09-04T21:00:33","date_gmt":"2023-09-04T21:00:33","guid":{"rendered":"https:\/\/agroflex.cz\/product\/botanik-blechsockel-fuer-gewaechshaeuser\/"},"modified":"2023-09-04T21:00:33","modified_gmt":"2023-09-04T21:00:33","slug":"botanik-blechsockel-fuer-gewaechshaeuser","status":"publish","type":"product","link":"https:\/\/agroflex.cz\/de\/produkt\/botanik-blechsockel-fuer-gewaechshaeuser\/","title":{"rendered":"Botanik Blechsockel f\u00fcr Gew\u00e4chsh\u00e4user"},"content":{"rendered":"","protected":false},"excerpt":{"rendered":"<p>Die Basis reduziert die Korrosionsaktivit\u00e4t und gew\u00e4hrleistet die Stabilit\u00e4t der St\u00fctze von Gew\u00e4chsh\u00e4usern mit einer Breite von 3 m oder 5 m. Es handelt sich um ein einzigartiges System, das den Sockel ersetzt, falls es nicht m\u00f6glich ist, ein solides Betonfundament oder ein Fundament aus Ziegeln oder Fliesen zu bauen. Der Sockel besteht aus 60\u00d740 \u03bc\u043c Stahl, H\u00f6he.  <\/p>\n<p>Grundma\u00dfe (L &#8211; B) 4 x 3m, 4 x 4m oder 4 x 5m (auch l\u00e4nger m\u00f6glich \u2013 Modulation in 2m L\u00e4nge)<\/p>\n","protected":false},"featured_media":13323,"comment_status":"open","ping_status":"closed","template":"","meta":[],"product_brand":[419],"product_cat":[515,1307],"product_tag":[],"class_list":{"0":"post-31270","1":"product","2":"type-product","3":"status-publish","4":"has-post-thumbnail","6":"product_brand-agroflex","7":"product_cat-zubehor","8":"product_cat-gewaechshausverankerung","10":"first","11":"instock","12":"sale","13":"taxable","14":"shipping-taxable","15":"purchasable","16":"product-type-variable","17":"has-default-attributes"},"_links":{"self":[{"href":"https:\/\/agroflex.cz\/de\/wp-json\/wp\/v2\/product\/31270","targetHints":{"allow":["GET"]}}],"collection":[{"href":"https:\/\/agroflex.cz\/de\/wp-json\/wp\/v2\/product"}],"about":[{"href":"https:\/\/agroflex.cz\/de\/wp-json\/wp\/v2\/types\/product"}],"replies":[{"embeddable":true,"href":"https:\/\/agroflex.cz\/de\/wp-json\/wp\/v2\/comments?post=31270"}],"wp:featuredmedia":[{"embeddable":true,"href":"https:\/\/agroflex.cz\/de\/wp-json\/wp\/v2\/media\/13323"}],"wp:attachment":[{"href":"https:\/\/agroflex.cz\/de\/wp-json\/wp\/v2\/media?parent=31270"}],"wp:term":[{"taxonomy":"product_brand","embeddable":true,"href":"https:\/\/agroflex.cz\/de\/wp-json\/wp\/v2\/product_brand?post=31270"},{"taxonomy":"product_cat","embeddable":true,"href":"https:\/\/agroflex.cz\/de\/wp-json\/wp\/v2\/product_cat?post=31270"},{"taxonomy":"product_tag","embeddable":true,"href":"https:\/\/agroflex.cz\/de\/wp-json\/wp\/v2\/product_tag?post=31270"}],"curies":[{"name":"wp","href":"https:\/\/api.w.org\/{rel}","templated":true}]}}