{"id":31352,"date":"2023-09-04T21:00:34","date_gmt":"2023-09-04T21:00:34","guid":{"rendered":"https:\/\/agroflex.cz\/product\/hochbeet-kunststoff-vento-xl-07h\/"},"modified":"2025-09-20T14:46:42","modified_gmt":"2025-09-20T14:46:42","slug":"hochbeet-kunststoff-vento-xl-07h","status":"publish","type":"product","link":"https:\/\/agroflex.cz\/de\/produkt\/hochbeet-kunststoff-vento-xl-07h\/","title":{"rendered":"Hochbeet Kunststoff VENTO XL 0,7H"},"content":{"rendered":"<div class=\"wpb-content-wrapper\"><p>[vc_row][vc_column][vc_column_text woodmart_inline=&#8220;no&#8220; text_larger=&#8220;no&#8220;]<\/p>\n<h2 style=\"text-align: center;\">Hochbeet VENTO XL Kunststoff &#8211; braun<\/h2>\n<p>Einer der Hauptvorteile von Blumenbeeten aus Kunststoff ist ihre Langlebigkeit und lange Lebensdauer. Sie bestehen aus hochwertigen Materialien, die Witterungseinfl\u00fcssen, F\u00e4ulnis und Sch\u00e4dlingen problemlos standhalten. Dadurch sind Hochbeete aus Kunststoff deutlich l\u00e4nger haltbar als herk\u00f6mmliche Holz- oder Metallbeete.  <\/p>\n<p>Dank ihres Designs erm\u00f6glichen Kunststoffbetten eine effiziente Raumnutzung und die Optimierung der Anbaubedingungen. Sie k\u00f6nnen mit einem Bew\u00e4sserungssystem ausgestattet und sogar auf Hebeb\u00fchnen platziert werden, um den Zugang zu erleichtern. All dies tr\u00e4gt zur Steigerung des Ertrags und des Erfolgs beim Anbau von Pflanzen bei.  <\/p>\n<p>Im Allgemeinen sind Hochbeete aus Kunststoff eine gro\u00dfartige Option f\u00fcr jeden G\u00e4rtner, der eine effektive und dauerhafte L\u00f6sung f\u00fcr den Anbau von Pflanzen sucht. Dank ihnen kann jeder ganz einfach einen beeindruckenden und produktiven Garten anlegen, unabh\u00e4ngig von der Gr\u00f6\u00dfe oder dem Charakter des verf\u00fcgbaren Raums.[\/vc_column_text][\/vc_column][\/vc_row]<\/p>\n<\/div>","protected":false},"excerpt":{"rendered":"<p>Die H\u00f6he der Betten betr\u00e4gt 15,5 cm \/ Breite: 70 cm \/ Untergestelll\u00e4nge: 3 m kann l\u00e4nger sein \u2013 Modulation in 1 m Schritten. Sehr stabile Konstruktion dank der F\u00fc\u00dfe &#8211; in den Boden eingelassen. Das Bett kann \u00fcbereinander gestapelt und somit erh\u00f6ht werden.   <\/p>\n","protected":false},"featured_media":12983,"comment_status":"open","ping_status":"closed","template":"","meta":[],"product_brand":[419],"product_cat":[515,1350,1368],"product_tag":[],"class_list":{"0":"post-31352","1":"product","2":"type-product","3":"status-publish","4":"has-post-thumbnail","6":"product_brand-agroflex","7":"product_cat-zubehor","8":"product_cat-hochbeete","9":"product_cat-blumenbeete-aus-kunststoff","11":"first","12":"instock","13":"taxable","14":"shipping-taxable","15":"purchasable","16":"product-type-variable"},"_links":{"self":[{"href":"https:\/\/agroflex.cz\/de\/wp-json\/wp\/v2\/product\/31352","targetHints":{"allow":["GET"]}}],"collection":[{"href":"https:\/\/agroflex.cz\/de\/wp-json\/wp\/v2\/product"}],"about":[{"href":"https:\/\/agroflex.cz\/de\/wp-json\/wp\/v2\/types\/product"}],"replies":[{"embeddable":true,"href":"https:\/\/agroflex.cz\/de\/wp-json\/wp\/v2\/comments?post=31352"}],"wp:featuredmedia":[{"embeddable":true,"href":"https:\/\/agroflex.cz\/de\/wp-json\/wp\/v2\/media\/12983"}],"wp:attachment":[{"href":"https:\/\/agroflex.cz\/de\/wp-json\/wp\/v2\/media?parent=31352"}],"wp:term":[{"taxonomy":"product_brand","embeddable":true,"href":"https:\/\/agroflex.cz\/de\/wp-json\/wp\/v2\/product_brand?post=31352"},{"taxonomy":"product_cat","embeddable":true,"href":"https:\/\/agroflex.cz\/de\/wp-json\/wp\/v2\/product_cat?post=31352"},{"taxonomy":"product_tag","embeddable":true,"href":"https:\/\/agroflex.cz\/de\/wp-json\/wp\/v2\/product_tag?post=31352"}],"curies":[{"name":"wp","href":"https:\/\/api.w.org\/{rel}","templated":true}]}}