{"id":31544,"date":"2023-09-04T21:00:34","date_gmt":"2023-09-04T21:00:34","guid":{"rendered":"https:\/\/agroflex.cz\/product\/hochbeet-xl-verzinktes-blech\/"},"modified":"2023-09-04T21:00:34","modified_gmt":"2023-09-04T21:00:34","slug":"hochbeet-xl-verzinktes-blech","status":"publish","type":"product","link":"https:\/\/agroflex.cz\/de\/produkt\/hochbeet-xl-verzinktes-blech\/","title":{"rendered":"Hochbeet XL &#8211; verzinktes Blech"},"content":{"rendered":"","protected":false},"excerpt":{"rendered":"<p>Die H\u00f6he des Zauns betr\u00e4gt 18 cm \/ Breite: 65 cm \/ Basisl\u00e4nge ab 200 cm, eine l\u00e4ngere Modulation kann in 200 cm erfolgen. Das Blumenbeet kann mit einer zus\u00e4tzlichen Schicht von Teilen angepasst werden. Sehr stabile Konstruktion dank der Beine &#8211; 18 cm im Boden versenkt. Die Montage ist sehr einfach.    Blumenbeet &#8211; Gartenbordstein besteht aus dickem Blech, das verzinkt ist. Es sch\u00fctzt das angebaute Gem\u00fcse vor dem Knabbern durch Haustiere. W\u00e4hrend der Bew\u00e4sserung, des Unkrautj\u00e4tens und anderer Arbeiten verschwindet der Boden nicht und Sie verschwenden keine Zeit damit, immer wieder Beete anzulegen. Die Kanten des Zauns sind sorgf\u00e4ltig gebogen und sicher zu montieren.  <\/p>\n","protected":false},"featured_media":11661,"comment_status":"open","ping_status":"closed","template":"","meta":[],"product_brand":[419],"product_cat":[515,1350,1362],"product_tag":[],"class_list":{"0":"post-31544","1":"product","2":"type-product","3":"status-publish","4":"has-post-thumbnail","6":"product_brand-agroflex","7":"product_cat-zubehor","8":"product_cat-hochbeete","9":"product_cat-blumenbeete-aus-metall","11":"first","12":"instock","13":"sale","14":"taxable","15":"shipping-taxable","16":"purchasable","17":"product-type-variable"},"_links":{"self":[{"href":"https:\/\/agroflex.cz\/de\/wp-json\/wp\/v2\/product\/31544","targetHints":{"allow":["GET"]}}],"collection":[{"href":"https:\/\/agroflex.cz\/de\/wp-json\/wp\/v2\/product"}],"about":[{"href":"https:\/\/agroflex.cz\/de\/wp-json\/wp\/v2\/types\/product"}],"replies":[{"embeddable":true,"href":"https:\/\/agroflex.cz\/de\/wp-json\/wp\/v2\/comments?post=31544"}],"wp:featuredmedia":[{"embeddable":true,"href":"https:\/\/agroflex.cz\/de\/wp-json\/wp\/v2\/media\/11661"}],"wp:attachment":[{"href":"https:\/\/agroflex.cz\/de\/wp-json\/wp\/v2\/media?parent=31544"}],"wp:term":[{"taxonomy":"product_brand","embeddable":true,"href":"https:\/\/agroflex.cz\/de\/wp-json\/wp\/v2\/product_brand?post=31544"},{"taxonomy":"product_cat","embeddable":true,"href":"https:\/\/agroflex.cz\/de\/wp-json\/wp\/v2\/product_cat?post=31544"},{"taxonomy":"product_tag","embeddable":true,"href":"https:\/\/agroflex.cz\/de\/wp-json\/wp\/v2\/product_tag?post=31544"}],"curies":[{"name":"wp","href":"https:\/\/api.w.org\/{rel}","templated":true}]}}