{"id":19845,"date":"2023-09-14T08:53:16","date_gmt":"2023-09-14T08:53:16","guid":{"rendered":"https:\/\/agroflex.cz\/product\/large-garden-greenhouse-master-pro\/"},"modified":"2025-09-19T08:08:19","modified_gmt":"2025-09-19T08:08:19","slug":"large-garden-greenhouse-master-pro","status":"publish","type":"product","link":"https:\/\/agroflex.cz\/en\/product\/large-garden-greenhouse-master-pro\/","title":{"rendered":"Large garden greenhouse MASTER PRO"},"content":{"rendered":"<div class=\"wpb-content-wrapper\"><p>[vc_row][vc_column][vc_separator style=&#8221;shadow&#8221; border_width=&#8221;5&#8243;][vc_column_text css=&#8221;&#8221; text_larger=&#8221;no&#8221; woodmart_inline=&#8221;no&#8221;]<\/p>\n<h2 style=\"text-align: center;\"><strong>Polycarbonate large greenhouse MASTER PRO<br \/>\n<\/strong><\/h2>\n<p>Farm professional large-capacity polycarbonate greenhouse with straight walls and an arched roof. Designed for growing crops, but it can also be used as a warehouse, garage, production hall, cheap pool roofing and in other cases. If the garden greenhouse is equipped with heating, it will be possible to grow crops all year round.  <\/p>\n<p>Solid handmade welded arcs. Resistant to heavy load on the greenhouse during the winter period in snowfall or wind. Square couplings (spider) are used to connect the steel. The frame of the greenhouse with a load of up to 450 kg is made of high-quality galvanized steel 40\u00d720 and is galvanized on the outside and inside. Jekl with a metal thickness of 1 mm can withstand adverse climatic conditions for a long time.    <\/p>\n<p>If you use the greenhouse as a cheaper option of pool roofing, you can treat the metal with a special color product, which, in addition to its aesthetic appearance, will also extend the life of the galvanized surface. At the same time, you can also choose the color shade of polycarbonate (when placing an order, please indicate the color of the polycarbonate in the note, we will send the exact price immediately, approximately the price will be increased by 5-9%).[\/vc_column_text][vc_separator][vc_column_text css=&#8221;&#8221; text_larger=&#8221;no&#8221; woodmart_inline=&#8221;no&#8221;]<\/p>\n<div class=\"vc_row wpb_row vc_row-fluid\">\n<div class=\"wpb_column vc_column_container vc_col-sm-12\">\n<div class=\"vc_column-inner\">\n<div class=\"wpb_wrapper\">\n<div class=\"wpb_text_column wpb_content_element\">\n<div class=\"wpb_wrapper\">\n<h4 style=\"text-align: center;\">Polycarbonate glazing<\/h4>\n<p>Special certified hollow polycarbonate for greenhouses with UV filter. The advantage of this product is its high thermal insulation against glass. Resistant to mechanical damage, weathering, and hail. Exceptional translucency of polycarbonate (clarity \u2013 up to 86%).   <\/p>\n<p>You can choose from several designs, the Master PRO greenhouse fitted with 4mm, 6mm polycarbonate, which guarantees trouble-free and long life. For more demanding customers and professionals, we offer greenhouse versions fitted with 8mm polycarbonate. <\/p>\n<p>Polycarbonate is supplied in a roll and is attached to the structure with self-tapping screws.<\/p>\n<\/div>\n<\/div>\n<\/div>\n<\/div>\n<\/div>\n<\/div>\n<p>[\/vc_column_text][\/vc_column][\/vc_row][vc_row][vc_column width=&#8221;1\/2&#8243;][vc_separator style=&#8221;shadow&#8221; border_width=&#8221;5&#8243;][vc_text_separator title=&#8221;Recommended accessories :&#8221; title_align=&#8221;separator_align_left&#8221; align=&#8221;align_left&#8221; style=&#8221;dotted&#8221;]<div class=\"widget_products \"><div class=\"widget woocommerce widget_products\"><ul class=\"product_list_widget\"><li>\n\t\t<span class=\"widget-product-wrap\">\n\t\t<a href=\"https:\/\/agroflex.cz\/en\/product\/u-type-end-strip-for-polycarbonate-4-6-8-10-mm\/\" title=\"U-type end strip for polycarbonate - 4, 6, 8, 10 mm\" class=\"widget-product-img\">\n\t\t\t<img decoding=\"async\" width=\"300\" height=\"300\" src=\"https:\/\/agroflex.cz\/wp-content\/uploads\/2023\/09\/lista-300x300.jpeg\" class=\"attachment-woocommerce_thumbnail size-woocommerce_thumbnail\" alt=\"\" srcset=\"https:\/\/agroflex.cz\/wp-content\/uploads\/2023\/09\/lista-300x300.jpeg 300w, https:\/\/agroflex.cz\/wp-content\/uploads\/2023\/09\/lista-150x150.jpeg 150w, https:\/\/agroflex.cz\/wp-content\/uploads\/2023\/09\/lista.jpeg 600w\" sizes=\"(max-width: 300px) 100vw, 300px\" \/>\t\t<\/a>\n\t\t<span class=\"widget-product-info\">\n\t\t\t<a href=\"https:\/\/agroflex.cz\/en\/product\/u-type-end-strip-for-polycarbonate-4-6-8-10-mm\/\" title=\"U-type end strip for polycarbonate - 4, 6, 8, 10 mm\" class=\"wd-entities-title\">\n\t\t\t\tU-type end strip for polycarbonate - 4, 6, 8, 10 mm\t\t\t<\/a>\n\t\t\t\t\t\t\t<div class=\"star-rating\" role=\"img\" aria-label=\"Rated 5.00 out of 5\"><span style=\"width:100%\">Rated <strong class=\"rating\">5.00<\/strong> out of 5<\/span><\/div>\t\t\t\t\t\t<span class=\"price\"><span class=\"woocommerce-Price-amount amount\" aria-hidden=\"true\"><bdi>120<span class=\"woocommerce-Price-currencySymbol\">&#75;&#269;<\/span><\/bdi><\/span> <span aria-hidden=\"true\">&ndash;<\/span> <span class=\"woocommerce-Price-amount amount\" aria-hidden=\"true\"><bdi>140<span class=\"woocommerce-Price-currencySymbol\">&#75;&#269;<\/span><\/bdi><\/span><span class=\"screen-reader-text\">Price range: 120&#75;&#269; through 140&#75;&#269;<\/span><\/span>\n\t\t<\/span>\n\t<\/span>\n\t<\/li>\n<\/ul><\/div><\/div>[vc_separator style=&#8221;shadow&#8221; border_width=&#8221;5&#8243;][vc_column_text text_larger=&#8221;no&#8221; woodmart_inline=&#8221;no&#8221;]<\/p>\n<h4 style=\"text-align: center;\"><span style=\"color: #000000;\"><strong>Greenhouse parameters:<\/strong><\/span><\/h4>\n<table>\n<tbody>\n<tr style=\"height: 24px;\">\n<td style=\"width: 161.267px; height: 24px; text-align: left;\">Type of construction<\/td>\n<td style=\"width: 292.733px; height: 24px; text-align: right;\">Fixed Arches<\/td>\n<\/tr>\n<tr style=\"height: 24px;\">\n<td style=\"width: 161.267px; height: 24px; text-align: left;\">Permissible load<\/td>\n<td style=\"width: 292.733px; height: 24px; text-align: right;\">450 kg<\/td>\n<\/tr>\n<tr style=\"height: 24px;\">\n<td style=\"width: 161.267px; height: 24px; text-align: left;\">width<\/td>\n<td style=\"width: 292.733px; height: 24px; text-align: right;\">5 m<\/td>\n<\/tr>\n<tr style=\"height: 24px;\">\n<td style=\"width: 161.267px; height: 24px; text-align: left;\">height<\/td>\n<td style=\"width: 292.733px; height: 24px; text-align: right;\">2.9 m<\/td>\n<\/tr>\n<tr style=\"height: 24px;\">\n<td style=\"width: 161.267px; height: 24px; text-align: left;\">Length (variants)<\/td>\n<td style=\"width: 292.733px; height: 24px; text-align: right;\"> 4 m; 6 m; 8 m; 10 m; 12 m (longer can be done &#8211; modulation in 2 m increments)<\/td>\n<\/tr>\n<tr style=\"height: 24px;\">\n<td style=\"width: 161.267px; height: 24px; text-align: left;\">Glazing<\/td>\n<p> material<\/p>\n<td style=\"width: 292.733px; height: 24px; text-align: right;\">Polycarbonate 4mm, 6mm, 8mm<\/td>\n<\/tr>\n<tr style=\"height: 24px;\">\n<td style=\"width: 161.267px; height: 24px; text-align: left;\">Construction<\/td>\n<p> material<\/p>\n<td style=\"width: 292.733px; height: 24px; text-align: right;\">galvanized steel &#8211; double steel 40\u044520 \u043c\u043c<\/td>\n<\/tr>\n<tr style=\"height: 24px;\">\n<td style=\"width: 161.267px; height: 24px; text-align: left;\">Steel<\/td>\n<p> Wall Strength<\/p>\n<td style=\"width: 292.733px; height: 24px; text-align: right;\">1 mm<\/td>\n<\/tr>\n<tr style=\"height: 35px;\">\n<td style=\"width: 161.267px; height: 35px; text-align: left;\">Distance between curves<\/td>\n<td style=\"width: 292.733px; height: 35px; text-align: right;\">1 m<\/td>\n<\/tr>\n<tr style=\"height: 35px;\">\n<td style=\"width: 161.267px; height: 35px; text-align: left;\">Greenhouse<\/td>\n<p> Reinforcements<\/p>\n<td style=\"width: 292.733px; height: 35px; text-align: right;\">yes<\/td>\n<\/tr>\n<tr style=\"height: 24px;\">\n<td style=\"width: 161.267px; height: 24px; text-align: left;\">type<\/td>\n<td style=\"width: 292.733px; height: 24px; text-align: right;\">passable on both sides<\/td>\n<\/tr>\n<tr style=\"height: 24px;\">\n<td style=\"width: 161.267px; height: 24px; text-align: left;\">Front<\/td>\n<p> doors<\/p>\n<td style=\"width: 292.733px; height: 24px; text-align: right;\">4 pcs<\/td>\n<\/tr>\n<tr style=\"height: 24px;\">\n<td style=\"width: 161.267px; height: 24px; text-align: left;\">Door<\/td>\n<p> height<\/p>\n<td style=\"width: 292.733px; height: 24px; text-align: right;\">2.2 m<\/td>\n<\/tr>\n<tr style=\"height: 24px;\">\n<td style=\"width: 161.267px; height: 24px; text-align: left;\">Door<\/td>\n<p> width<\/p>\n<td style=\"width: 292.733px; height: 24px; text-align: right;\">2 m<\/td>\n<\/tr>\n<tr style=\"height: 24px;\">\n<td style=\"width: 161.267px; height: 24px; text-align: left;\">Side wall<\/td>\n<p> height<\/p>\n<td style=\"width: 292.733px; height: 24px; text-align: right;\">1.45 m<\/td>\n<\/tr>\n<tr style=\"height: 24px;\">\n<td style=\"width: 161.267px; height: 24px; text-align: left;\">Polycarbonate<\/td>\n<p> anchoring<\/p>\n<td style=\"width: 292.733px; height: 24px; text-align: right;\">yes<\/td>\n<\/tr>\n<tr style=\"height: 35px;\">\n<td style=\"width: 161.267px; height: 35px; text-align: left;\">Construction<\/td>\n<p> warranty<\/p>\n<td style=\"width: 292.733px; height: 35px; text-align: right;\">2 years<\/td>\n<\/tr>\n<tr style=\"height: 24px;\">\n<td style=\"width: 161.267px; height: 24px; text-align: left;\">Polycarbonate<\/td>\n<p> warranty<\/p>\n<td style=\"width: 292.733px; height: 24px; text-align: right;\">10 years<\/td>\n<\/tr>\n<tr style=\"height: 24px;\">\n<td style=\"width: 161.267px; height: 24px; text-align: left;\">base<\/td>\n<td style=\"width: 292.733px; height: 24px; text-align: right;\">We recommend installing it in a concrete foundation<\/td>\n<\/tr>\n<tr style=\"height: 24px;\">\n<td style=\"width: 185.867px; height: 24px; text-align: left;\">Anchoring to the ground<\/td>\n<td style=\"width: 243.133px; height: 24px; text-align: right;\">Related <a href=\"https:\/\/agroflex.cz\/kategorie-produktu\/zubehor\/kotveni-skleniku\/\" target=\"_blank\" rel=\"noopener\">Products<\/a><\/td>\n<\/tr>\n<\/tbody>\n<\/table>\n<p><span style=\"font-size: 10pt;\">In case you don&#8217;t want to worry about assembling the necessary greenhouse accessories, we offer complete various <\/span><a href=\"https:\/\/agroflex.cz\/kategorie-produktu\/zubehor\/sada-prislusenstvi\/\"><strong><span style=\"font-size: 10pt;\">sets \/ sets of greenhouse accessories.<\/span><\/strong><\/a>[\/vc_column_text][vc_separator style=&#8221;shadow&#8221; border_width=&#8221;5&#8243;][\/vc_column][vc_column width=&#8221;1\/2&#8243;][vc_separator style=&#8221;shadow&#8221; border_width=&#8221;5&#8243;][vc_column_text css=&#8221;&#8221; text_larger=&#8221;no&#8221; woodmart_inline=&#8221;no&#8221;]<\/p>\n<div class=\"vc_row wpb_row vc_row-fluid\">\n<div class=\"wpb_column vc_column_container vc_col-sm-12\">\n<div class=\"vc_column-inner\">\n<div class=\"wpb_wrapper\">\n<div class=\"wpb_text_column wpb_content_element\">\n<div class=\"wpb_wrapper\">\n<h4 style=\"text-align: center;\">Foundations for a greenhouse<\/h4>\n<p>To ensure the durability of the greenhouse, it is recommended to install it on a pre-prepared base &#8211; a foundation, made on the basis of its dimensions around the perimeter of the base, for example, in the form of a frame with a thickness of 100&#8230; 200 mm, which will significantly reduce the corrosion activity. The frame of the greenhouse should be fixed to the foundation with screws or nails to prevent it from tipping over in strong winds. <\/p>\n<p>The polycarbonate greenhouse can thus be fixed according to the priority of each customer, it can be installed in the ground (fixation is provided by anchor feet), wooden prisms 10 x 10cm or on a concrete base. However, in general, anchoring to a concrete base is a better choice that will significantly reduce corrosion activity. <\/p>\n<\/div>\n<\/div>\n<\/div>\n<\/div>\n<\/div>\n<\/div>\n<p>[\/vc_column_text]<div class=\"widget_products \"><\/div>[vc_separator style=&#8221;shadow&#8221; border_width=&#8221;5&#8243;][vc_column_text css=&#8221;&#8221; text_larger=&#8221;no&#8221; woodmart_inline=&#8221;no&#8221;]<\/p>\n<div class=\"vc_row wpb_row vc_row-fluid\">\n<div class=\"wpb_column vc_column_container vc_col-sm-12\">\n<div class=\"vc_column-inner\">\n<div class=\"wpb_wrapper\">\n<div class=\"wpb_text_column wpb_content_element\">\n<div class=\"wpb_wrapper\">\n<h4 style=\"text-align: center;\">Mountings<\/h4>\n<p>Assembling a greenhouse is also simple and does not require special skills. Only a minimal set of tools is needed \u2013 a wrench, a screwdriver, a knife. You will receive detailed instructions along with the greenhouse. The illustrated instruction will further simplify the process of building a greenhouse,   <\/p>\n<p>If you don&#8217;t have time for installation, <a href=\"https:\/\/agroflex.cz\/montaz-skleniku\/\" target=\"_blank\" rel=\"noopener\"><strong>you can order installation<\/strong><\/a> from our specialists, who will assemble everything for you with high expertise and in the shortest possible time. Although the assembly of the entire greenhouse is simple, it takes the most time to cut and edge the polycarbonate and mount it on both front sides of the greenhouse. That is why we offer you the possibility of ordering this part <a href=\"https:\/\/agroflex.cz\/montaz-skleniku\/\" target=\"_blank\" rel=\"noopener\"><strong>of the assembly<\/strong><\/a>, which is carried out in our warehouse, you will receive both front sides filled with polycarbonate from the carrier.  <\/p>\n<p>The greenhouse can be modified and the implementation of extensions is possible in the future, so the theoretical length of the greenhouse is unlimited.<\/p>\n<\/div>\n<\/div>\n<\/div>\n<\/div>\n<\/div>\n<\/div>\n<p>[\/vc_column_text][vc_separator style=&#8221;shadow&#8221; border_width=&#8221;5&#8243;]<div class=\"widget_products \"><div class=\"widget woocommerce widget_products\"><ul class=\"product_list_widget\"><li>\n\t\t<span class=\"widget-product-wrap\">\n\t\t<a href=\"https:\/\/agroflex.cz\/en\/product\/large-polycarbonate-greenhouse-master-xl\/\" title=\"Large polycarbonate greenhouse MASTER XL\" class=\"widget-product-img\">\n\t\t\t<img decoding=\"async\" width=\"300\" height=\"300\" src=\"https:\/\/agroflex.cz\/wp-content\/uploads\/2023\/09\/zahradni-sklenik-master-xl-2-300x300.jpg\" class=\"attachment-woocommerce_thumbnail size-woocommerce_thumbnail\" alt=\"celoro\u010dn\u00ed sklen\u00edk zahradn\u00ed sklen\u00edky\" srcset=\"https:\/\/agroflex.cz\/wp-content\/uploads\/2023\/09\/zahradni-sklenik-master-xl-2-300x300.jpg 300w, https:\/\/agroflex.cz\/wp-content\/uploads\/2023\/09\/zahradni-sklenik-master-xl-2-150x150.jpg 150w\" sizes=\"(max-width: 300px) 100vw, 300px\" \/>\t\t<\/a>\n\t\t<span class=\"widget-product-info\">\n\t\t\t<a href=\"https:\/\/agroflex.cz\/en\/product\/large-polycarbonate-greenhouse-master-xl\/\" title=\"Large polycarbonate greenhouse MASTER XL\" class=\"wd-entities-title\">\n\t\t\t\tLarge polycarbonate greenhouse MASTER XL\t\t\t<\/a>\n\t\t\t\t\t\t\t\t\t\t\t\t\t<span class=\"price\"><span class=\"woocommerce-Price-amount amount\" aria-hidden=\"true\"><bdi>51 560<span class=\"woocommerce-Price-currencySymbol\">&#75;&#269;<\/span><\/bdi><\/span> <span aria-hidden=\"true\">&ndash;<\/span> <span class=\"woocommerce-Price-amount amount\" aria-hidden=\"true\"><bdi>134 918<span class=\"woocommerce-Price-currencySymbol\">&#75;&#269;<\/span><\/bdi><\/span><span class=\"screen-reader-text\">Price range: 51 560&#75;&#269; through 134 918&#75;&#269;<\/span><\/span>\n\t\t<\/span>\n\t<\/span>\n\t<\/li>\n<\/ul><\/div><\/div>[vc_column_text woodmart_inline=&#8221;no&#8221; text_larger=&#8221;no&#8221;]<\/p>\n<h4 style=\"text-align: center;\">Alternatives<\/h4>\n<p>[\/vc_column_text][vc_separator style=&#8221;shadow&#8221; border_width=&#8221;5&#8243;][\/vc_column][\/vc_row]<\/p>\n<\/div>","protected":false},"excerpt":{"rendered":"<p><span style=\"font-size: 10pt;\">Greenhouse width 5 m, height 2.9 m, length from 4 m. Galvanized robust construction based on steel steel. Multipurpose garden greenhouse. Special polycarbonate for greenhouses with a UV filter. Also suitable for mountain locations    <\/span>. Greenhouse passable on both sides.<\/p>\n<p><strong> <\/strong><\/p>\n","protected":false},"featured_media":12567,"comment_status":"open","ping_status":"closed","template":"","meta":[],"product_brand":[419],"product_cat":[569,572,1024,898],"product_tag":[],"class_list":{"0":"post-19845","1":"product","2":"type-product","3":"status-publish","4":"has-post-thumbnail","6":"product_brand-agroflex","7":"product_cat-polycarbonate-greenhouses","8":"product_cat-greenhouses-type-a","9":"product_cat-fixed-greenhouses","10":"product_cat-covering-the-pool","12":"first","13":"instock","14":"taxable","15":"shipping-taxable","16":"purchasable","17":"product-type-variable","18":"has-default-attributes"},"_links":{"self":[{"href":"https:\/\/agroflex.cz\/en\/wp-json\/wp\/v2\/product\/19845","targetHints":{"allow":["GET"]}}],"collection":[{"href":"https:\/\/agroflex.cz\/en\/wp-json\/wp\/v2\/product"}],"about":[{"href":"https:\/\/agroflex.cz\/en\/wp-json\/wp\/v2\/types\/product"}],"replies":[{"embeddable":true,"href":"https:\/\/agroflex.cz\/en\/wp-json\/wp\/v2\/comments?post=19845"}],"wp:featuredmedia":[{"embeddable":true,"href":"https:\/\/agroflex.cz\/en\/wp-json\/wp\/v2\/media\/12567"}],"wp:attachment":[{"href":"https:\/\/agroflex.cz\/en\/wp-json\/wp\/v2\/media?parent=19845"}],"wp:term":[{"taxonomy":"product_brand","embeddable":true,"href":"https:\/\/agroflex.cz\/en\/wp-json\/wp\/v2\/product_brand?post=19845"},{"taxonomy":"product_cat","embeddable":true,"href":"https:\/\/agroflex.cz\/en\/wp-json\/wp\/v2\/product_cat?post=19845"},{"taxonomy":"product_tag","embeddable":true,"href":"https:\/\/agroflex.cz\/en\/wp-json\/wp\/v2\/product_tag?post=19845"}],"curies":[{"name":"wp","href":"https:\/\/api.w.org\/{rel}","templated":true}]}}