{"id":20070,"date":"2024-03-26T14:48:14","date_gmt":"2024-03-26T14:48:14","guid":{"rendered":"https:\/\/agroflex.cz\/product\/reinforced-polycarbonate-greenhouse-rubis-l35\/"},"modified":"2025-09-19T08:08:20","modified_gmt":"2025-09-19T08:08:20","slug":"reinforced-polycarbonate-greenhouse-rubis-l35","status":"publish","type":"product","link":"https:\/\/agroflex.cz\/en\/product\/reinforced-polycarbonate-greenhouse-rubis-l35\/","title":{"rendered":"Reinforced polycarbonate greenhouse RUBIS L35"},"content":{"rendered":"<div class=\"wpb-content-wrapper\"><p>[vc_row][vc_column][vc_separator style=&#8221;shadow&#8221; border_width=&#8221;5&#8243;][vc_column_text css=&#8221;&#8221; text_larger=&#8221;no&#8221; woodmart_inline=&#8221;no&#8221;]<\/p>\n<h2 style=\"text-align: center;\"><strong>Garden polycarbonate greenhouse RUBIS L35<br \/>\n<\/strong><\/h2>\n<p><span id=\"1\" class=\"HALYaf KKjvXb\" role=\"tabpanel\"><span class=\"zRhise\"><span class=\"PkjLuf \" title=\"year-round greenhouse\">A tall<\/span><\/span><\/span> garden greenhouse made of polycarbonate designed for growing a tall plant. Stable and solid construction of a classic shape with a load of up to 350 kg made of high-quality 40&#215;20 steel with a thickness of 1 mm. They use square couplings (spider) to connect the profiles.  <\/p>\n<p>Greenhouses of this series are very strong and reliable. They are designed taking into account all climatic conditions and can withstand not only strong winds with gusts of up to 40 m \/ s, but also a meter layer of snow. The front and rear front have hinged doors, each door contains ventilation windows. Greenhouse passable on both sides.   <\/p>\n<p>If the RUBIS L35 greenhouse is equipped with heating, it will be possible to grow crops all year round.[\/vc_column_text][vc_separator][vc_column_text css=&#8221;&#8221; text_larger=&#8221;no&#8221; woodmart_inline=&#8221;no&#8221;]<\/p>\n<h4 style=\"text-align: center;\">Polycarbonate glazing<\/h4>\n<p>Special certified hollow polycarbonate for garden greenhouses with UV filter. The advantage of this product is its high thermal insulation against glass. Resistant to mechanical damage, weathering, and hail. Exceptional translucency of polycarbonate (clarity &#8211; up to 86%).   <\/p>\n<p>You can choose from several designs, the RUBIS L35 garden greenhouse fitted with 4mm, 6mm polycarbonate, which guarantees trouble-free and long life. For more demanding customers and professionals, we offer the RUBIS L35 garden greenhouse versions fitted with 8mm polycarbonate. Polycarbonate is supplied in a roll and is attached to the structure with self-tapping screws.[\/vc_column_text][\/vc_column][\/vc_row][vc_row][vc_column width=&#8221;1\/2&#8243;][vc_separator style=&#8221;shadow&#8221; border_width=&#8221;5&#8243;][vc_text_separator title=&#8221;Recommended accessories :&#8221; title_align=&#8221;separator_align_left&#8221; align=&#8221;align_left&#8221;]<div class=\"widget_products \"><div class=\"widget woocommerce widget_products\"><ul class=\"product_list_widget\"><li>\n\t\t<span class=\"widget-product-wrap\">\n\t\t<a href=\"https:\/\/agroflex.cz\/en\/product\/aero-100-automatic-greenhouse-window-opener\/\" title=\"AERO-100 Automatic Greenhouse Window Opener\" class=\"widget-product-img\">\n\t\t\t<img decoding=\"async\" width=\"300\" height=\"300\" src=\"https:\/\/agroflex.cz\/wp-content\/uploads\/2023\/09\/avtomat2-1-300x300.jpg\" class=\"attachment-woocommerce_thumbnail size-woocommerce_thumbnail\" alt=\"Olejov\u00fd p\u00edst do sklen\u00edku\" srcset=\"https:\/\/agroflex.cz\/wp-content\/uploads\/2023\/09\/avtomat2-1-300x300.jpg 300w, https:\/\/agroflex.cz\/wp-content\/uploads\/2023\/09\/avtomat2-1-150x150.jpg 150w, https:\/\/agroflex.cz\/wp-content\/uploads\/2023\/09\/avtomat2-1-600x600.jpg 600w, https:\/\/agroflex.cz\/wp-content\/uploads\/2023\/09\/avtomat2-1.jpg 690w\" sizes=\"(max-width: 300px) 100vw, 300px\" \/>\t\t<\/a>\n\t\t<span class=\"widget-product-info\">\n\t\t\t<a href=\"https:\/\/agroflex.cz\/en\/product\/aero-100-automatic-greenhouse-window-opener\/\" title=\"AERO-100 Automatic Greenhouse Window Opener\" class=\"wd-entities-title\">\n\t\t\t\tAERO-100 Automatic Greenhouse Window Opener\t\t\t<\/a>\n\t\t\t\t\t\t\t\t\t\t\t\t\t<span class=\"price\"><del aria-hidden=\"true\"><span class=\"woocommerce-Price-amount amount\"><bdi>1 632<span class=\"woocommerce-Price-currencySymbol\">&#75;&#269;<\/span><\/bdi><\/span><\/del> <span class=\"screen-reader-text\">Original price was: 1 632&#075;&#269;.<\/span><ins aria-hidden=\"true\"><span class=\"woocommerce-Price-amount amount\"><bdi>1 531<span class=\"woocommerce-Price-currencySymbol\">&#75;&#269;<\/span><\/bdi><\/span><\/ins><span class=\"screen-reader-text\">Current price is: 1 531&#075;&#269;.<\/span><\/span>\n\t\t<\/span>\n\t<\/span>\n\t<\/li>\n<\/ul><\/div><\/div>[vc_separator style=&#8221;shadow&#8221; border_width=&#8221;5&#8243;][vc_column_text text_larger=&#8221;no&#8221; woodmart_inline=&#8221;no&#8221;]<\/p>\n<h5 style=\"text-align: center;\"><span style=\"color: #000000;\">Greenhouse parameters:<\/span><\/h5>\n<table>\n<tbody>\n<tr style=\"height: 24px;\">\n<td style=\"width: 185.867px; height: 24px; text-align: left;\">Type of construction<\/td>\n<td style=\"width: 243.133px; height: 24px; text-align: right;\">Detachable arches<\/td>\n<\/tr>\n<tr style=\"height: 24px;\">\n<td style=\"width: 185.867px; height: 24px; text-align: left;\">Permissible load<\/td>\n<td style=\"width: 243.133px; height: 24px; text-align: right;\">350 kg\/m2<\/td>\n<\/tr>\n<tr style=\"height: 24px;\">\n<td style=\"width: 185.867px; height: 24px; text-align: left;\">width<\/td>\n<td style=\"width: 243.133px; height: 24px; text-align: right;\">3.5 m<\/td>\n<\/tr>\n<tr style=\"height: 24px;\">\n<td style=\"width: 185.867px; height: 24px; text-align: left;\">height<\/td>\n<td style=\"width: 243.133px; height: 24px; text-align: right;\">2.80 m<\/td>\n<\/tr>\n<tr style=\"height: 24px;\">\n<td style=\"width: 185.867px; height: 24px; text-align: left;\">Length (variants)<\/td>\n<td style=\"width: 243.133px; height: 24px; text-align: right;\">4.02 m; 6.02 m; 8.02 m; 10.02 m; 12.02 m (longer &#8211; modulation in 2 m increments is possible)<\/td>\n<\/tr>\n<tr style=\"height: 24px;\">\n<td style=\"width: 185.867px; height: 24px; text-align: left;\">Glazing<\/td>\n<p> material<\/p>\n<td style=\"width: 243.133px; height: 24px; text-align: right;\">Polycarbonate 4mm, 6mm, 8mm, 10mm<\/td>\n<\/tr>\n<tr style=\"height: 24px;\">\n<td style=\"width: 161.267px; height: 24px; text-align: left;\">Construction<\/td>\n<p> material<\/p>\n<td style=\"width: 292.733px; height: 24px; text-align: right;\">galvanized steel &#8211; steel 40\u044520<\/td>\n<\/tr>\n<tr style=\"height: 24px;\">\n<td style=\"width: 185.867px; height: 24px; text-align: left;\">UV protection of<\/td>\n<p> polycarbonate<\/p>\n<td style=\"width: 243.133px; height: 24px; text-align: right;\">yes<\/td>\n<\/tr>\n<tr style=\"height: 24px;\">\n<td style=\"width: 185.867px; height: 24px; text-align: left;\">Steel<\/td>\n<p> Wall Strength<\/p>\n<td style=\"width: 243.133px; height: 24px; text-align: right;\">1mm<\/td>\n<\/tr>\n<tr style=\"height: 35px;\">\n<td style=\"width: 185.867px; height: 35px; text-align: left;\">Distance between curves<\/td>\n<td style=\"width: 243.133px; height: 35px; text-align: right;\">0.98 m<\/td>\n<\/tr>\n<tr style=\"height: 24px;\">\n<td style=\"width: 170.4px; height: 24px; text-align: left;\">type<\/td>\n<td style=\"width: 268.6px; height: 24px; text-align: right;\">passable on both sides<\/td>\n<\/tr>\n<tr style=\"height: 24px;\">\n<td style=\"width: 170.4px; height: 24px; text-align: left;\">Front<\/td>\n<p> doors<\/p>\n<td style=\"width: 268.6px; height: 24px; text-align: right;\">2 pcs<\/td>\n<\/tr>\n<tr style=\"height: 35px;\">\n<td style=\"width: 170.4px; height: 35px; text-align: left;\">Ventilation window front<\/td>\n<td style=\"width: 268.6px; height: 35px; text-align: right;\">2 pcs<\/td>\n<\/tr>\n<tr style=\"height: 24px;\">\n<td style=\"width: 185.867px; height: 24px; text-align: left;\">Polycarbonate<\/td>\n<p> anchoring<\/p>\n<td style=\"width: 243.133px; height: 24px; text-align: right;\">Screws with washers and nuts M5<\/td>\n<\/tr>\n<tr style=\"height: 24px;\">\n<td style=\"width: 185.867px; height: 24px; text-align: left;\">anchor feet &#8221; T &#8220;<\/td>\n<td style=\"width: 243.133px; height: 24px; text-align: right;\">Included in the package<\/td>\n<\/tr>\n<tr style=\"height: 24px;\">\n<td style=\"width: 185.867px; height: 24px; text-align: left;\">base<\/td>\n<td style=\"width: 243.133px; height: 24px; text-align: right;\">We recommend<\/td>\n<\/tr>\n<tr style=\"height: 24px;\">\n<td style=\"width: 185.867px; height: 24px; text-align: left;\">Anchoring<\/td>\n<td style=\"width: 243.133px; height: 24px; text-align: right;\">Related <a href=\"https:\/\/agroflex.cz\/kategorie-produktu\/zubehor\/kotveni-skleniku\/\" target=\"_blank\" rel=\"noopener\">Products<\/a><\/td>\n<\/tr>\n<tr style=\"height: 24px;\">\n<td style=\"width: 185.867px; height: 24px; text-align: left;\">Polycarbonate<\/td>\n<p> warranty<\/p>\n<td style=\"width: 243.133px; height: 24px; text-align: right;\">10 years<\/td>\n<\/tr>\n<tr style=\"height: 35px;\">\n<td style=\"width: 185.867px; height: 35px; text-align: left;\">Construction<\/td>\n<p> warranty<\/p>\n<td style=\"width: 243.133px; height: 35px; text-align: right;\">5 years<\/td>\n<\/tr>\n<\/tbody>\n<\/table>\n<p><span style=\"font-size: 10pt;\">In case you don&#8217;t want to worry about assembling the necessary greenhouse accessories, we offer complete various <a href=\"https:\/\/agroflex.cz\/kategorie-produktu\/zubehor\/sada-prislusenstvi\/\"><strong>sets \/ sets of greenhouse accessories.<\/strong><\/a><\/span>[\/vc_column_text][vc_separator style=&#8221;shadow&#8221; border_width=&#8221;5&#8243;][\/vc_column][vc_column width=&#8221;1\/2&#8243;][vc_separator style=&#8221;shadow&#8221; border_width=&#8221;5&#8243;][vc_column_text css=&#8221;&#8221; text_larger=&#8221;no&#8221; woodmart_inline=&#8221;no&#8221;]<\/p>\n<div class=\"vc_row wpb_row vc_row-fluid\">\n<div class=\"wpb_column vc_column_container vc_col-sm-12\">\n<div class=\"vc_column-inner\">\n<div class=\"wpb_wrapper\">\n<div class=\"wpb_text_column wpb_content_element\">\n<div class=\"wpb_wrapper\">\n<h4 style=\"text-align: center;\">Foundations for a greenhouse<\/h4>\n<p>To ensure the durability of the greenhouse, it is recommended to install it on a pre-prepared base &#8211; a foundation, made on the basis of its dimensions around the perimeter of the base, for example, in the form of a frame with a thickness of 100&#8230; 200 mm, which will significantly reduce the corrosion activity.<\/p>\n<p>The garden greenhouse can be fixed according to the priority of each customer, it can be installed in the ground (fixation is provided by anchor feet), wooden prisms 10 x 10cm or on a concrete base. The frame of the greenhouse should be fixed to the foundation with screws or nails to prevent it from tipping over under the influence of strong gusts of wind. <\/p>\n<p>However, in general, anchoring to a concrete base is a better choice that will significantly reduce corrosion activity.<\/p>\n<\/div>\n<\/div>\n<\/div>\n<\/div>\n<\/div>\n<\/div>\n<p>[\/vc_column_text]<div class=\"widget_products \"><div class=\"widget woocommerce widget_products\"><ul class=\"product_list_widget\"><li>\n\t\t<span class=\"widget-product-wrap\">\n\t\t<a href=\"https:\/\/agroflex.cz\/en\/product\/botanik-sheet-metal-base-for-greenhouses\/\" title=\"Botanik Sheet Metal Base for Greenhouses\" class=\"widget-product-img\">\n\t\t\t<img decoding=\"async\" width=\"300\" height=\"300\" src=\"https:\/\/agroflex.cz\/wp-content\/uploads\/2023\/09\/Zakladna-pro-zahradni-skleniky-Agroflex-300x300.jpg\" class=\"attachment-woocommerce_thumbnail size-woocommerce_thumbnail\" alt=\"\" srcset=\"https:\/\/agroflex.cz\/wp-content\/uploads\/2023\/09\/Zakladna-pro-zahradni-skleniky-Agroflex-300x300.jpg 300w, https:\/\/agroflex.cz\/wp-content\/uploads\/2023\/09\/Zakladna-pro-zahradni-skleniky-Agroflex-150x150.jpg 150w\" sizes=\"(max-width: 300px) 100vw, 300px\" \/>\t\t<\/a>\n\t\t<span class=\"widget-product-info\">\n\t\t\t<a href=\"https:\/\/agroflex.cz\/en\/product\/botanik-sheet-metal-base-for-greenhouses\/\" title=\"Botanik Sheet Metal Base for Greenhouses\" class=\"wd-entities-title\">\n\t\t\t\tBotanik Sheet Metal Base for Greenhouses\t\t\t<\/a>\n\t\t\t\t\t\t\t\t\t\t\t\t\t<span class=\"price\"><span class=\"woocommerce-Price-amount amount\" aria-hidden=\"true\"><bdi>968<span class=\"woocommerce-Price-currencySymbol\">&#75;&#269;<\/span><\/bdi><\/span> <span aria-hidden=\"true\">&ndash;<\/span> <span class=\"woocommerce-Price-amount amount\" aria-hidden=\"true\"><bdi>3 267<span class=\"woocommerce-Price-currencySymbol\">&#75;&#269;<\/span><\/bdi><\/span><span class=\"screen-reader-text\">Price range: 968&#75;&#269; through 3 267&#75;&#269;<\/span><\/span>\n\t\t<\/span>\n\t<\/span>\n\t<\/li>\n<\/ul><\/div><\/div>[vc_separator style=&#8221;shadow&#8221; border_width=&#8221;5&#8243;][vc_column_text css=&#8221;&#8221; text_larger=&#8221;no&#8221; woodmart_inline=&#8221;no&#8221;]<\/p>\n<div class=\"vc_row wpb_row vc_row-fluid\">\n<div class=\"wpb_column vc_column_container vc_col-sm-12\">\n<div class=\"vc_column-inner\">\n<div class=\"wpb_wrapper\">\n<div class=\"wpb_text_column wpb_content_element\">\n<div class=\"wpb_wrapper\">\n<h4 style=\"text-align: center;\">Mountings<\/h4>\n<p>Assembling a greenhouse is also simple and does not require special skills. Only a minimal set of tools is needed \u2013 a wrench, a screwdriver, a knife. You will receive detailed instructions along with the greenhouse. The illustrated instruction will further simplify the process of building a greenhouse,   <\/p>\n<p>If you don&#8217;t have time for installation, <a href=\"https:\/\/agroflex.cz\/montaz-skleniku\/\" target=\"_blank\" rel=\"noopener\"><strong>you can order installation<\/strong><\/a> from our specialists, who will assemble everything for you with high expertise and in the shortest possible time. Although the assembly of the entire greenhouse is simple, it takes the most time to cut and edge the polycarbonate and mount it on both front sides of the greenhouse. That is why we offer you the possibility of ordering this part <a href=\"https:\/\/agroflex.cz\/montaz-skleniku\/\" target=\"_blank\" rel=\"noopener\"><strong>of the assembly<\/strong><\/a>, which is carried out in our warehouse, you will receive both front sides filled with polycarbonate from the carrier.  <\/p>\n<p>The greenhouse can be modified and the implementation of extensions is possible in the future, so the theoretical length of the greenhouse is unlimited<\/p>\n<\/div>\n<\/div>\n<\/div>\n<\/div>\n<\/div>\n<\/div>\n<p>[\/vc_column_text][vc_separator style=&#8221;shadow&#8221; border_width=&#8221;5&#8243;][vc_column_text woodmart_inline=&#8221;no&#8221; text_larger=&#8221;no&#8221;]<\/p>\n<h4 style=\"text-align: center;\">Alternatives<\/h4>\n<p>[\/vc_column_text]<div class=\"widget_products \"><div class=\"widget woocommerce widget_products\"><ul class=\"product_list_widget\"><li>\n\t\t<span class=\"widget-product-wrap\">\n\t\t<a href=\"https:\/\/agroflex.cz\/en\/product\/strong-polycarbonate-greenhouse-rimessa-l30v\/\" title=\"Strong polycarbonate greenhouse RIMESSA L30V\" class=\"widget-product-img\">\n\t\t\t<img decoding=\"async\" width=\"300\" height=\"300\" src=\"https:\/\/agroflex.cz\/wp-content\/uploads\/2023\/09\/zahradni-skleniky-Agroflex-1-300x300.jpg\" class=\"attachment-woocommerce_thumbnail size-woocommerce_thumbnail\" alt=\"garden greenhouse Agroflex Rimessa L30V\" \/>\t\t<\/a>\n\t\t<span class=\"widget-product-info\">\n\t\t\t<a href=\"https:\/\/agroflex.cz\/en\/product\/strong-polycarbonate-greenhouse-rimessa-l30v\/\" title=\"Strong polycarbonate greenhouse RIMESSA L30V\" class=\"wd-entities-title\">\n\t\t\t\tStrong polycarbonate greenhouse RIMESSA L30V\t\t\t<\/a>\n\t\t\t\t\t\t\t<div class=\"star-rating\" role=\"img\" aria-label=\"Rated 5.00 out of 5\"><span style=\"width:100%\">Rated <strong class=\"rating\">5.00<\/strong> out of 5<\/span><\/div>\t\t\t\t\t\t<span class=\"price\"><span class=\"woocommerce-Price-amount amount\" aria-hidden=\"true\"><bdi>22 243<span class=\"woocommerce-Price-currencySymbol\">&#75;&#269;<\/span><\/bdi><\/span> <span aria-hidden=\"true\">&ndash;<\/span> <span class=\"woocommerce-Price-amount amount\" aria-hidden=\"true\"><bdi>79 930<span class=\"woocommerce-Price-currencySymbol\">&#75;&#269;<\/span><\/bdi><\/span><span class=\"screen-reader-text\">Price range: 22 243&#75;&#269; through 79 930&#75;&#269;<\/span><\/span>\n\t\t<\/span>\n\t<\/span>\n\t<\/li>\n<\/ul><\/div><\/div>[vc_separator style=&#8221;shadow&#8221; border_width=&#8221;5&#8243;][\/vc_column][\/vc_row]<\/p>\n<\/div>","protected":false},"excerpt":{"rendered":"<p><span style=\"font-size: 10pt;\"><span style=\"color: #ff0000;\"><strong>NEWS!<\/strong><\/span>  Greenhouse width 3.5m, height 2.8m, length from 4m. Polycarbonate greenhouse suitable for a wide range of requirements. Sturdy extremely wide greenhouse for the garden. High-quality polycarbonate with a strong UV filter (does not brittle, does not turn yellow). Resistant to wind and snow.<br \/>\n<\/span><\/p>\n","protected":false},"featured_media":20138,"comment_status":"open","ping_status":"closed","template":"","meta":[],"product_brand":[419],"product_cat":[569,572],"product_tag":[],"class_list":{"0":"post-20070","1":"product","2":"type-product","3":"status-publish","4":"has-post-thumbnail","6":"product_brand-agroflex","7":"product_cat-polycarbonate-greenhouses","8":"product_cat-greenhouses-type-a","10":"first","11":"instock","12":"taxable","13":"shipping-taxable","14":"purchasable","15":"product-type-variable","16":"has-default-attributes"},"_links":{"self":[{"href":"https:\/\/agroflex.cz\/en\/wp-json\/wp\/v2\/product\/20070","targetHints":{"allow":["GET"]}}],"collection":[{"href":"https:\/\/agroflex.cz\/en\/wp-json\/wp\/v2\/product"}],"about":[{"href":"https:\/\/agroflex.cz\/en\/wp-json\/wp\/v2\/types\/product"}],"replies":[{"embeddable":true,"href":"https:\/\/agroflex.cz\/en\/wp-json\/wp\/v2\/comments?post=20070"}],"wp:featuredmedia":[{"embeddable":true,"href":"https:\/\/agroflex.cz\/en\/wp-json\/wp\/v2\/media\/20138"}],"wp:attachment":[{"href":"https:\/\/agroflex.cz\/en\/wp-json\/wp\/v2\/media?parent=20070"}],"wp:term":[{"taxonomy":"product_brand","embeddable":true,"href":"https:\/\/agroflex.cz\/en\/wp-json\/wp\/v2\/product_brand?post=20070"},{"taxonomy":"product_cat","embeddable":true,"href":"https:\/\/agroflex.cz\/en\/wp-json\/wp\/v2\/product_cat?post=20070"},{"taxonomy":"product_tag","embeddable":true,"href":"https:\/\/agroflex.cz\/en\/wp-json\/wp\/v2\/product_tag?post=20070"}],"curies":[{"name":"wp","href":"https:\/\/api.w.org\/{rel}","templated":true}]}}