{"id":20702,"date":"2023-09-04T21:01:22","date_gmt":"2023-09-04T21:01:22","guid":{"rendered":"https:\/\/agroflex.cz\/product\/fixed-garden-greenhouse-titan\/"},"modified":"2025-09-22T16:32:00","modified_gmt":"2025-09-22T16:32:00","slug":"fixed-garden-greenhouse-titan","status":"publish","type":"product","link":"https:\/\/agroflex.cz\/en\/product\/fixed-garden-greenhouse-titan\/","title":{"rendered":"Fixed garden greenhouse TITAN"},"content":{"rendered":"<div class=\"wpb-content-wrapper\"><p>[vc_row][vc_column][vc_separator style=&#8221;shadow&#8221; border_width=&#8221;5&#8243;][vc_column_text css=&#8221;&#8221; text_larger=&#8221;no&#8221; woodmart_inline=&#8221;no&#8221;]<\/p>\n<h2 style=\"text-align: center;\"><strong>Polycarbonate greenhouse TITAN<br \/>\n<\/strong><\/h2>\n<p>Garden mountain arched solid polycarbonate greenhouse TITAN professional greenhouse for garden. The main difference from most greenhouses is the double arch curve. Solid handmade welded arcs are galvanized on the outside and inside of the steel, thanks to which you will not be afraid of rust throughout the entire operation, mechanical galvanizing is treated at the weld site (anti-corrosion protection &#8211; the content of pure zinc is around 90%). Steel is used as a working material.   <\/p>\n<p>The arches are resistant to wind up to 40m\/s, a heavy load on the greenhouse during the winter period of operation during heavy snowfall. Construction with a load of up to 350 kg made of high-quality 40 x 20 and 20&#215;20 steels. They use square connectors (spider) to connect the steel. Greenhouse passable on both sides.   <\/p>\n<p>As an alternative, we also offer the highly durable Agroflex <a href=\"https:\/\/agroflex.cz\/produkt\/sklenik-z-polykarbonatu-agroflex-titan-lux-2\/\"><strong>TITAN LUX<\/strong><\/a> or <a href=\"https:\/\/agroflex.cz\/produkt\/polykarbonatovy-sklenik-agroflex-atlant\/\"><strong>ATLANT<\/strong><\/a> garden greenhouse. We also offer cheaper versions of Agroflex <strong><a href=\"https:\/\/agroflex.cz\/produkt\/zahradni-sklenik-agroflex-standard\/\">STANDARD<\/a><\/strong> or <strong><a href=\"https:\/\/agroflex.cz\/produkt\/zahradni-sklenik-agroflex-titan-lt1\/\">TITAN LT1<\/a><\/strong>[\/vc_column_text][vc_separator][vc_column_text css=&#8221;&#8221; text_larger=&#8221;no&#8221; woodmart_inline=&#8221;no&#8221;]<\/p>\n<h3 style=\"text-align: center;\">Polycarbonate glazing<\/h3>\n<p>Special certified hollow polycarbonate for greenhouses with UV filter. The advantage of this product is its high thermal insulation against glass. Resistant to mechanical damage, weathering, and hail. Exceptional translucency of polycarbonate (clarity &#8211; up to 86%).   <\/p>\n<p>You can choose from several designs, the TITAN greenhouse fitted with 4mm, 6mm polycarbonate, which guarantees trouble-free and long life. For more demanding customers and professionals, we offer TITAN greenhouse versions fitted with 8mm polycarbonate. <\/p>\n<p>Polycarbonate is supplied in a roll and is attached to the structure with self-tapping screws.[\/vc_column_text][\/vc_column][\/vc_row][vc_row][vc_column width=&#8221;1\/2&#8243;][vc_separator style=&#8221;shadow&#8221; border_width=&#8221;5&#8243;][vc_text_separator title=&#8221;Recommended accessories :&#8221; title_align=&#8221;separator_align_left&#8221; align=&#8221;align_left&#8221; style=&#8221;dotted&#8221;]<div class=\"widget_products \"><div class=\"widget woocommerce widget_products\"><ul class=\"product_list_widget\"><li>\n\t\t<span class=\"widget-product-wrap\">\n\t\t<a href=\"https:\/\/agroflex.cz\/en\/product\/aero-100-automatic-greenhouse-window-opener\/\" title=\"AERO-100 Automatic Greenhouse Window Opener\" class=\"widget-product-img\">\n\t\t\t<img decoding=\"async\" width=\"300\" height=\"300\" src=\"https:\/\/agroflex.cz\/wp-content\/uploads\/2023\/09\/avtomat2-1-300x300.jpg\" class=\"attachment-woocommerce_thumbnail size-woocommerce_thumbnail\" alt=\"Olejov\u00fd p\u00edst do sklen\u00edku\" srcset=\"https:\/\/agroflex.cz\/wp-content\/uploads\/2023\/09\/avtomat2-1-300x300.jpg 300w, https:\/\/agroflex.cz\/wp-content\/uploads\/2023\/09\/avtomat2-1-150x150.jpg 150w, https:\/\/agroflex.cz\/wp-content\/uploads\/2023\/09\/avtomat2-1-600x600.jpg 600w, https:\/\/agroflex.cz\/wp-content\/uploads\/2023\/09\/avtomat2-1.jpg 690w\" sizes=\"(max-width: 300px) 100vw, 300px\" \/>\t\t<\/a>\n\t\t<span class=\"widget-product-info\">\n\t\t\t<a href=\"https:\/\/agroflex.cz\/en\/product\/aero-100-automatic-greenhouse-window-opener\/\" title=\"AERO-100 Automatic Greenhouse Window Opener\" class=\"wd-entities-title\">\n\t\t\t\tAERO-100 Automatic Greenhouse Window Opener\t\t\t<\/a>\n\t\t\t\t\t\t\t\t\t\t\t\t\t<span class=\"price\"><del aria-hidden=\"true\"><span class=\"woocommerce-Price-amount amount\"><bdi>1 632<span class=\"woocommerce-Price-currencySymbol\">&#75;&#269;<\/span><\/bdi><\/span><\/del> <span class=\"screen-reader-text\">Original price was: 1 632&#075;&#269;.<\/span><ins aria-hidden=\"true\"><span class=\"woocommerce-Price-amount amount\"><bdi>1 531<span class=\"woocommerce-Price-currencySymbol\">&#75;&#269;<\/span><\/bdi><\/span><\/ins><span class=\"screen-reader-text\">Current price is: 1 531&#075;&#269;.<\/span><\/span>\n\t\t<\/span>\n\t<\/span>\n\t<\/li>\n<\/ul><\/div><\/div>[vc_separator style=&#8221;shadow&#8221; border_width=&#8221;5&#8243;][vc_column_text text_larger=&#8221;no&#8221; woodmart_inline=&#8221;no&#8221;]<\/p>\n<h4 style=\"text-align: center;\"><span style=\"color: #000000;\"><strong>Greenhouse parameters:<\/strong><\/span><\/h4>\n<table style=\"height: 533px; width: 86.8334%;\">\n<tbody>\n<tr style=\"height: 24px;\">\n<td style=\"width: 185.867px; height: 24px; text-align: left;\">Type of construction<\/td>\n<td style=\"width: 268.6px; height: 24px; text-align: right;\">Fixed &#8211; arches and double tube<\/td>\n<\/tr>\n<tr style=\"height: 24px;\">\n<td style=\"width: 185.867px; height: 24px; text-align: left;\">Permissible load<\/td>\n<td style=\"width: 268.6px; height: 24px; text-align: right;\">350 kg<\/td>\n<\/tr>\n<tr style=\"height: 24px;\">\n<td style=\"width: 185.867px; height: 24px; text-align: left;\">wind<\/td>\n<p> resistance<\/p>\n<td style=\"width: 268.6px; height: 24px; text-align: right;\">40 m\/s<\/td>\n<\/tr>\n<tr style=\"height: 24px;\">\n<td style=\"width: 185.867px; height: 24px; text-align: left;\">width<\/td>\n<td style=\"width: 268.6px; height: 24px; text-align: right;\">3 m<\/td>\n<\/tr>\n<tr style=\"height: 24px;\">\n<td style=\"width: 185.867px; height: 24px; text-align: left;\">height<\/td>\n<td style=\"width: 268.6px; height: 24px; text-align: right;\">2 m<\/td>\n<\/tr>\n<tr style=\"height: 24px;\">\n<td style=\"width: 185.867px; height: 24px; text-align: left;\">Length (variants)<\/td>\n<td style=\"width: 268.6px; height: 24px; text-align: right;\"> 4 m; 6 m; 8 m; 10 m; 12 m (longer can be done &#8211; modulation in 2 m increments)<\/td>\n<\/tr>\n<tr style=\"height: 24px;\">\n<td style=\"width: 185.867px; height: 24px; text-align: left;\">Glazing<\/td>\n<p> material<\/p>\n<td style=\"width: 268.6px; height: 24px; text-align: right;\">polycarbonate 4mm, 6mm, 8mm<\/td>\n<\/tr>\n<tr style=\"height: 24px;\">\n<td style=\"width: 185.867px; height: 24px; text-align: left;\">UV protection of<\/td>\n<p> polycarbonate<\/p>\n<td style=\"width: 268.6px; height: 24px; text-align: right;\">yes<\/td>\n<\/tr>\n<tr style=\"height: 35px;\">\n<td style=\"width: 185.867px; height: 35px; text-align: left;\">Distance between curves<\/td>\n<td style=\"width: 268.6px; height: 35px; text-align: right;\">0.65 meters<\/td>\n<\/tr>\n<tr style=\"height: 35px;\">\nArch <\/p>\n<td style=\"width: 185.867px; height: 35px; text-align: left;\">Reinforcement Bars<\/td>\n<td style=\"width: 243.133px; height: 35px; text-align: right;\">3 lines<\/td>\n<\/tr>\n<tr style=\"height: 24px;\">\n<td style=\"width: 161.267px; height: 24px; text-align: left;\">Internal<\/td>\n<p> reinforcement<\/p>\n<td style=\"width: 292.733px; height: 24px; text-align: right;\"> Double Steel<\/td>\n<\/tr>\n<tr style=\"height: 24px;\">\n<td style=\"width: 185.867px; height: 24px; text-align: left;\">type<\/td>\n<td style=\"width: 268.6px; height: 24px; text-align: right;\">passable on both sides<\/td>\n<\/tr>\n<tr style=\"height: 24px;\">\n<td style=\"width: 185.867px; height: 24px; text-align: left;\">Front<\/td>\n<p> doors<\/p>\n<td style=\"width: 268.6px; height: 24px; text-align: right;\">2 pcs<\/td>\n<\/tr>\n<tr style=\"height: 35px;\">\n<td style=\"width: 185.867px; height: 35px; text-align: left;\">Ventilation window front<\/td>\n<td style=\"width: 268.6px; height: 35px; text-align: right;\">2 pcs<\/td>\n<\/tr>\n<tr style=\"height: 24px;\">\n<td style=\"width: 185.867px; height: 24px; text-align: left;\">Polycarbonate<\/td>\n<p> anchoring<\/p>\n<td style=\"width: 268.6px; height: 24px; text-align: right;\">Screws with washers and nuts M5<\/td>\n<\/tr>\n<tr style=\"height: 24px;\">\n<td style=\"width: 185.867px; height: 24px; text-align: left;\">Anchoring<\/td>\n<td style=\"width: 243.133px; height: 24px; text-align: right;\">Related <a href=\"https:\/\/agroflex.cz\/en\/kategorie-produktu\/greenhouse-anchoring\/\" target=\"_blank\" rel=\"noopener\">Products<\/a><\/td>\n<\/tr>\n<tr style=\"height: 24px;\">\n<td style=\"width: 185.867px; height: 23px; text-align: left;\">Polycarbonate<\/td>\n<p> warranty<\/p>\n<td style=\"width: 268.6px; height: 23px; text-align: right;\">10 years<\/td>\n<\/tr>\n<tr style=\"height: 35px;\">\n<td style=\"width: 185.867px; height: 35px; text-align: left;\">Construction<\/td>\n<p> warranty<\/p>\n<td style=\"width: 268.6px; height: 35px; text-align: right;\">5 years<\/td>\n<\/tr>\n<tr style=\"height: 24px;\">\n<td style=\"width: 185.867px; height: 24px; text-align: left;\">base<\/td>\n<td style=\"width: 268.6px; height: 24px; text-align: right;\">Not necessary<\/td>\n<\/tr>\n<\/tbody>\n<\/table>\n<p><span style=\"font-size: 10pt;\">In case you don&#8217;t want to worry about assembling the necessary greenhouse accessories, we offer complete various <\/span><a href=\"https:\/\/agroflex.cz\/en\/kategorie-produktu\/set-of-accessories\/\"><strong><span style=\"font-size: 10pt;\">sets \/ sets of greenhouse accessories.<\/span><\/strong><\/a>[\/vc_column_text][vc_separator style=&#8221;shadow&#8221; border_width=&#8221;5&#8243;][\/vc_column][vc_column width=&#8221;1\/2&#8243;][vc_separator style=&#8221;shadow&#8221; border_width=&#8221;5&#8243;][vc_column_text css=&#8221;&#8221; text_larger=&#8221;no&#8221; woodmart_inline=&#8221;no&#8221;]<\/p>\n<div class=\"vc_row wpb_row vc_row-fluid\">\n<div class=\"wpb_column vc_column_container vc_col-sm-12\">\n<div class=\"vc_column-inner\">\n<div class=\"wpb_wrapper\">\n<div class=\"wpb_text_column wpb_content_element\">\n<div class=\"wpb_wrapper\">\n<h4 style=\"text-align: center;\">Foundations for a greenhouse<\/h4>\n<p>To ensure the durability of the greenhouse, it is recommended to install it on a pre-prepared base &#8211; a foundation, made on the basis of its dimensions around the perimeter of the base, for example, in the form of a frame with a thickness of 100&#8230; 200 mm, which will significantly reduce the corrosion activity.<\/p>\n<p>The frame of the greenhouse should be fixed to the foundation with screws or nails to prevent it from tipping over in strong winds.<\/p>\n<p>The greenhouse can be fixed according to the priority of each customer, it can be installed in the ground (fixation is provided by anchor feet), wooden prisms 10 x 10 cm or on a concrete base. However, in general, anchoring to a concrete base is a better choice that will significantly reduce corrosion activity. <\/p>\n<\/div>\n<\/div>\n<\/div>\n<\/div>\n<\/div>\n<\/div>\n<p>[\/vc_column_text]<div class=\"widget_products \"><div class=\"widget woocommerce widget_products\"><ul class=\"product_list_widget\"><li>\n\t\t<span class=\"widget-product-wrap\">\n\t\t<a href=\"https:\/\/agroflex.cz\/en\/product\/botanik-sheet-metal-base-for-greenhouses\/\" title=\"Botanik Sheet Metal Base for Greenhouses\" class=\"widget-product-img\">\n\t\t\t<img decoding=\"async\" width=\"300\" height=\"300\" src=\"https:\/\/agroflex.cz\/wp-content\/uploads\/2023\/09\/Zakladna-pro-zahradni-skleniky-Agroflex-300x300.jpg\" class=\"attachment-woocommerce_thumbnail size-woocommerce_thumbnail\" alt=\"\" srcset=\"https:\/\/agroflex.cz\/wp-content\/uploads\/2023\/09\/Zakladna-pro-zahradni-skleniky-Agroflex-300x300.jpg 300w, https:\/\/agroflex.cz\/wp-content\/uploads\/2023\/09\/Zakladna-pro-zahradni-skleniky-Agroflex-150x150.jpg 150w\" sizes=\"(max-width: 300px) 100vw, 300px\" \/>\t\t<\/a>\n\t\t<span class=\"widget-product-info\">\n\t\t\t<a href=\"https:\/\/agroflex.cz\/en\/product\/botanik-sheet-metal-base-for-greenhouses\/\" title=\"Botanik Sheet Metal Base for Greenhouses\" class=\"wd-entities-title\">\n\t\t\t\tBotanik Sheet Metal Base for Greenhouses\t\t\t<\/a>\n\t\t\t\t\t\t\t\t\t\t\t\t\t<span class=\"price\"><span class=\"woocommerce-Price-amount amount\" aria-hidden=\"true\"><bdi>968<span class=\"woocommerce-Price-currencySymbol\">&#75;&#269;<\/span><\/bdi><\/span> <span aria-hidden=\"true\">&ndash;<\/span> <span class=\"woocommerce-Price-amount amount\" aria-hidden=\"true\"><bdi>3 267<span class=\"woocommerce-Price-currencySymbol\">&#75;&#269;<\/span><\/bdi><\/span><span class=\"screen-reader-text\">Price range: 968&#75;&#269; through 3 267&#75;&#269;<\/span><\/span>\n\t\t<\/span>\n\t<\/span>\n\t<\/li>\n<\/ul><\/div><\/div>[vc_separator style=&#8221;shadow&#8221; border_width=&#8221;5&#8243;][vc_column_text css=&#8221;&#8221; text_larger=&#8221;no&#8221; woodmart_inline=&#8221;no&#8221;]<\/p>\n<div class=\"vc_row wpb_row vc_row-fluid\">\n<div class=\"wpb_column vc_column_container vc_col-sm-12\">\n<div class=\"vc_column-inner\">\n<div class=\"wpb_wrapper\">\n<div class=\"wpb_text_column wpb_content_element\">\n<div class=\"wpb_wrapper\">\n<h4 style=\"text-align: center;\">Mountings<\/h4>\n<p>Assembling a greenhouse is also simple and does not require special skills. Only a minimal set of tools is needed \u2013 a wrench, a screwdriver, a knife. You will receive detailed instructions along with the greenhouse. The illustrated instruction will further simplify the process of building a greenhouse,   <\/p>\n<div class=\"wpb_text_column wpb_content_element\">\n<div class=\"wpb_wrapper\">\n<div class=\"wpb_text_column wpb_content_element\">\n<div class=\"wpb_wrapper\">\n<p>If you don&#8217;t have time for installation, <a href=\"https:\/\/agroflex.cz\/en\/assembling-the-greenhouse\/\" target=\"_blank\" rel=\"noopener\"><strong>you can order installation<\/strong><\/a> from our specialists, who will assemble everything for you with high expertise and in the shortest possible time. Although the assembly of the entire greenhouse is simple, it takes the most time to cut and edge the polycarbonate and mount it on both front sides of the greenhouse. That is why we offer you the possibility of ordering this part <a href=\"https:\/\/agroflex.cz\/en\/assembling-the-greenhouse\/\" target=\"_blank\" rel=\"noopener\"><strong>of the assembly<\/strong><\/a>, which is carried out in our warehouse, you will receive both front sides filled with polycarbonate from the carrier.  <\/p>\n<p>The greenhouse can be modified and the implementation of extensions is possible in the future, so the theoretical length of the greenhouse is unlimited.<\/p>\n<\/div>\n<\/div>\n<\/div>\n<\/div>\n<\/div>\n<\/div>\n<\/div>\n<\/div>\n<\/div>\n<\/div>\n<p>[\/vc_column_text][vc_separator style=&#8221;shadow&#8221; border_width=&#8221;5&#8243;][vc_column_text woodmart_inline=&#8221;no&#8221; text_larger=&#8221;no&#8221;]<\/p>\n<h4 style=\"text-align: center;\">Alternatives<\/h4>\n<p>[\/vc_column_text]<div class=\"widget_products \"><div class=\"widget woocommerce widget_products\"><ul class=\"product_list_widget\"><li>\n\t\t<span class=\"widget-product-wrap\">\n\t\t<a href=\"https:\/\/agroflex.cz\/en\/product\/premium-polycarbonate-greenhouse-titan-lux\/\" title=\"Premium polycarbonate greenhouse TITAN LUX\" class=\"widget-product-img\">\n\t\t\t<img decoding=\"async\" width=\"300\" height=\"300\" src=\"https:\/\/agroflex.cz\/wp-content\/uploads\/2023\/09\/zahradni-sklenik-300x300.jpg\" class=\"attachment-woocommerce_thumbnail size-woocommerce_thumbnail\" alt=\"polykarbon\u00e1tov\u00fd sklen\u00edk\" \/>\t\t<\/a>\n\t\t<span class=\"widget-product-info\">\n\t\t\t<a href=\"https:\/\/agroflex.cz\/en\/product\/premium-polycarbonate-greenhouse-titan-lux\/\" title=\"Premium polycarbonate greenhouse TITAN LUX\" class=\"wd-entities-title\">\n\t\t\t\tPremium polycarbonate greenhouse TITAN LUX\t\t\t<\/a>\n\t\t\t\t\t\t\t<div class=\"star-rating\" role=\"img\" aria-label=\"Rated 5.00 out of 5\"><span style=\"width:100%\">Rated <strong class=\"rating\">5.00<\/strong> out of 5<\/span><\/div>\t\t\t\t\t\t<span class=\"price\"><span class=\"woocommerce-Price-amount amount\" aria-hidden=\"true\"><bdi>22 363<span class=\"woocommerce-Price-currencySymbol\">&#75;&#269;<\/span><\/bdi><\/span> <span aria-hidden=\"true\">&ndash;<\/span> <span class=\"woocommerce-Price-amount amount\" aria-hidden=\"true\"><bdi>67 086<span class=\"woocommerce-Price-currencySymbol\">&#75;&#269;<\/span><\/bdi><\/span><span class=\"screen-reader-text\">Price range: 22 363&#75;&#269; through 67 086&#75;&#269;<\/span><\/span>\n\t\t<\/span>\n\t<\/span>\n\t<\/li>\n<\/ul><\/div><\/div>[vc_separator style=&#8221;shadow&#8221; border_width=&#8221;5&#8243;][\/vc_column][\/vc_row]<\/p>\n<\/div>","protected":false},"excerpt":{"rendered":"<p><span style=\"font-size: 10pt;\"><span style=\"color: #ff0000;\"><strong>TOP!<\/strong> <\/span>Greenhouse width 3m, height 2m, length from 4m. Greenhouse with a massive double steel structure. Highly weather-resistant garden greenhouse. The filling is made of 4 mm, 6 mm or 8 mm polycarbonate board with a UV filter (does not brittle, does not turn yellow).<br \/>\n<\/span><\/p>\n<p><span style=\"color: #ff6600;\"><strong> <\/strong><\/span><\/p>\n","protected":false},"featured_media":12047,"comment_status":"open","ping_status":"closed","template":"","meta":[],"product_brand":[419],"product_cat":[569,703,570,1024],"product_tag":[],"class_list":{"0":"post-20702","1":"product","2":"type-product","3":"status-publish","4":"has-post-thumbnail","6":"product_brand-agroflex","7":"product_cat-polycarbonate-greenhouses","8":"product_cat-garden-greenhouses-events","9":"product_cat-arched-greenhouses","10":"product_cat-fixed-greenhouses","12":"first","13":"instock","14":"sale","15":"taxable","16":"shipping-taxable","17":"purchasable","18":"product-type-variable","19":"has-default-attributes"},"_links":{"self":[{"href":"https:\/\/agroflex.cz\/en\/wp-json\/wp\/v2\/product\/20702","targetHints":{"allow":["GET"]}}],"collection":[{"href":"https:\/\/agroflex.cz\/en\/wp-json\/wp\/v2\/product"}],"about":[{"href":"https:\/\/agroflex.cz\/en\/wp-json\/wp\/v2\/types\/product"}],"replies":[{"embeddable":true,"href":"https:\/\/agroflex.cz\/en\/wp-json\/wp\/v2\/comments?post=20702"}],"wp:featuredmedia":[{"embeddable":true,"href":"https:\/\/agroflex.cz\/en\/wp-json\/wp\/v2\/media\/12047"}],"wp:attachment":[{"href":"https:\/\/agroflex.cz\/en\/wp-json\/wp\/v2\/media?parent=20702"}],"wp:term":[{"taxonomy":"product_brand","embeddable":true,"href":"https:\/\/agroflex.cz\/en\/wp-json\/wp\/v2\/product_brand?post=20702"},{"taxonomy":"product_cat","embeddable":true,"href":"https:\/\/agroflex.cz\/en\/wp-json\/wp\/v2\/product_cat?post=20702"},{"taxonomy":"product_tag","embeddable":true,"href":"https:\/\/agroflex.cz\/en\/wp-json\/wp\/v2\/product_tag?post=20702"}],"curies":[{"name":"wp","href":"https:\/\/api.w.org\/{rel}","templated":true}]}}