{"id":22863,"date":"2025-05-02T10:45:27","date_gmt":"2025-05-02T10:45:27","guid":{"rendered":"https:\/\/agroflex.cz\/product\/pool-enclosure-tulipan-l40\/"},"modified":"2025-09-19T08:19:31","modified_gmt":"2025-09-19T08:19:31","slug":"pool-enclosure-tulipan-l40","status":"publish","type":"product","link":"https:\/\/agroflex.cz\/en\/product\/pool-enclosure-tulipan-l40\/","title":{"rendered":"Pool enclosure TULIPAN L40"},"content":{"rendered":"<div class=\"wpb-content-wrapper\"><p>[vc_row][vc_column][vc_separator style=&#8221;shadow&#8221; border_width=&#8221;5&#8243;][vc_column_text css=&#8221;&#8221; text_larger=&#8221;no&#8221; woodmart_inline=&#8221;no&#8221;]<\/p>\n<h2 style=\"text-align: center;\">Pool enclosure <strong>TULIPAN L40<br \/>\n<\/strong><\/h2>\n<p data-start=\"177\" data-end=\"259\"><strong data-start=\"177\" data-end=\"259\">Multi-purpose professional greenhouse with folding structure<\/strong><\/p>\n<p data-start=\"261\" data-end=\"611\">Agroflex TULIPAN XL is a large-capacity polycarbonate greenhouse that combines elegance, practicality and high durability. In addition to its traditional use for growing crops, it is also an affordable and aesthetically attractive alternative to <strong data-start=\"494\" data-end=\"515\">swimming pool roofing<\/strong>. Thanks to its universal design and modern technical solutions, it is perfect for any garden.  <\/p>\n<h3 data-start=\"613\" data-end=\"636\">Key features:<\/h3>\n<ul data-start=\"638\" data-end=\"1153\">\n<li data-start=\"638\" data-end=\"720\">\n<p data-start=\"640\" data-end=\"720\"><strong data-start=\"640\" data-end=\"663\">Multi-purpose use<\/strong> \u2013 ideal as a garden greenhouse or as a cover for the pool.<\/p>\n<\/li>\n<li data-start=\"721\" data-end=\"824\">\n<p data-start=\"723\" data-end=\"824\"><strong data-start=\"723\" data-end=\"762\">ANTI-STORM side opening system<\/strong> \u2013 provides better wind resistance and easy ventilation.<\/p>\n<\/li>\n<li data-start=\"825\" data-end=\"939\">\n<p data-start=\"827\" data-end=\"939\"><strong data-start=\"827\" data-end=\"870\">Folding arched roof and side parts<\/strong> \u2013 allow the roof to be opened from one or both sides as needed.<\/p>\n<\/li>\n<li data-start=\"940\" data-end=\"1026\">\n<p data-start=\"942\" data-end=\"1026\"><strong data-start=\"942\" data-end=\"971\">Sliding elements with a width of 1 m<\/strong> \u2013 convenient access to the pool and easy handling.<\/p>\n<\/li>\n<li data-start=\"1027\" data-end=\"1153\">\n<p data-start=\"1029\" data-end=\"1153\"><strong data-start=\"1029\" data-end=\"1052\">Robust construction<\/strong> \u2013 made of 40 \u00d7 20 \u00d7 1 mm double-arch profiles for maximum stability and long service life.<\/p>\n<\/li>\n<\/ul>\n<h3 data-start=\"1155\" data-end=\"1177\">Material and finishes:<\/h3>\n<ul data-start=\"1179\" data-end=\"1588\">\n<li data-start=\"1179\" data-end=\"1290\">\n<p data-start=\"1181\" data-end=\"1290\"><strong data-start=\"1181\" data-end=\"1214\">Certified UV polycarbonate<\/strong> \u2013 provides high light transmission and effective protection against UV radiation.<\/p>\n<\/li>\n<li data-start=\"1428\" data-end=\"1588\">\n<p data-start=\"1430\" data-end=\"1588\"><strong data-start=\"1430\" data-end=\"1463\">Coloured polycarbonate on request<\/strong> \u2013 choose the shade that best matches the surroundings (specify when ordering, an additional charge of approx. 5-9% \u2013 we will inform you of the exact price immediately).<\/p>\n<\/li>\n<li data-start=\"1428\" data-end=\"1588\">In the case of using a garden greenhouse as <strong>an affordable pool roofing<\/strong> , the metal structure can be treated with a special color coating, which will not only improve the appearance, but also extend the life of the galvanized surface.<\/li>\n<\/ul>\n<p><strong data-start=\"70\" data-end=\"94\">Important:<\/strong><br data-start=\"94\" data-end=\"97\">We do not recommend installing a greenhouse in open and windy areas, such as fields, plains or other uncovered areas where strong winds can occur. In such conditions, there is a risk of damage to the plastic opening mechanisms. We recommend choosing a more protected location or securing the structure with additional safety features.[\/vc_column_text][vc_separator][\/vc_column][\/vc_row][vc_row][vc_column width=&#8221;1\/2&#8243;][vc_separator style=&#8221;shadow&#8221; border_width=&#8221;5&#8243;][vc_text_separator title=&#8221;Recommended accessories :&#8221; title_align=&#8221;separator_align_left&#8221; align=&#8221;align_left&#8221; style=&#8221;dotted&#8221;]<div class=\"widget_products \"><div class=\"widget woocommerce widget_products\"><ul class=\"product_list_widget\"><li>\n\t\t<span class=\"widget-product-wrap\">\n\t\t<a href=\"https:\/\/agroflex.cz\/en\/product\/aero-100-automatic-greenhouse-window-opener\/\" title=\"AERO-100 Automatic Greenhouse Window Opener\" class=\"widget-product-img\">\n\t\t\t<img decoding=\"async\" width=\"300\" height=\"300\" src=\"https:\/\/agroflex.cz\/wp-content\/uploads\/2023\/09\/avtomat2-1-300x300.jpg\" class=\"attachment-woocommerce_thumbnail size-woocommerce_thumbnail\" alt=\"Olejov\u00fd p\u00edst do sklen\u00edku\" srcset=\"https:\/\/agroflex.cz\/wp-content\/uploads\/2023\/09\/avtomat2-1-300x300.jpg 300w, https:\/\/agroflex.cz\/wp-content\/uploads\/2023\/09\/avtomat2-1-150x150.jpg 150w, https:\/\/agroflex.cz\/wp-content\/uploads\/2023\/09\/avtomat2-1-600x600.jpg 600w, https:\/\/agroflex.cz\/wp-content\/uploads\/2023\/09\/avtomat2-1.jpg 690w\" sizes=\"(max-width: 300px) 100vw, 300px\" \/>\t\t<\/a>\n\t\t<span class=\"widget-product-info\">\n\t\t\t<a href=\"https:\/\/agroflex.cz\/en\/product\/aero-100-automatic-greenhouse-window-opener\/\" title=\"AERO-100 Automatic Greenhouse Window Opener\" class=\"wd-entities-title\">\n\t\t\t\tAERO-100 Automatic Greenhouse Window Opener\t\t\t<\/a>\n\t\t\t\t\t\t\t\t\t\t\t\t\t<span class=\"price\"><del aria-hidden=\"true\"><span class=\"woocommerce-Price-amount amount\"><bdi>1 632<span class=\"woocommerce-Price-currencySymbol\">&#75;&#269;<\/span><\/bdi><\/span><\/del> <span class=\"screen-reader-text\">Original price was: 1 632&#075;&#269;.<\/span><ins aria-hidden=\"true\"><span class=\"woocommerce-Price-amount amount\"><bdi>1 531<span class=\"woocommerce-Price-currencySymbol\">&#75;&#269;<\/span><\/bdi><\/span><\/ins><span class=\"screen-reader-text\">Current price is: 1 531&#075;&#269;.<\/span><\/span>\n\t\t<\/span>\n\t<\/span>\n\t<\/li>\n<\/ul><\/div><\/div>[vc_separator style=&#8221;shadow&#8221; border_width=&#8221;5&#8243;][vc_column_text css=&#8221;&#8221; text_larger=&#8221;no&#8221; woodmart_inline=&#8221;no&#8221;]<\/p>\n<h4 style=\"text-align: center;\"><span style=\"color: #000000;\"><strong>Greenhouse parameters:<\/strong><\/span><\/h4>\n<table>\n<tbody>\n<tr style=\"height: 24px;\">\n<td style=\"width: 201px; height: 24px; text-align: left;\">Type of construction<\/td>\n<td style=\"width: 262px; height: 24px; text-align: right;\">Detachable arches<\/td>\n<\/tr>\n<tr style=\"height: 24px;\">\n<td style=\"width: 201px; height: 24px; text-align: left;\">Permissible load<\/td>\n<td style=\"width: 262px; height: 24px; text-align: right;\">300 kg<\/td>\n<\/tr>\n<tr style=\"height: 24px;\">\n<td style=\"width: 201px; height: 24px; text-align: left;\">width<\/td>\n<td style=\"width: 262px; height: 24px; text-align: right;\">4.00 m<\/td>\n<\/tr>\n<tr style=\"height: 24px;\">\n<td style=\"width: 201px; height: 24px; text-align: left;\">height<\/td>\n<td style=\"width: 262px; height: 24px; text-align: right;\">2.24 m<\/td>\n<\/tr>\n<tr style=\"height: 24px;\">\n<td style=\"width: 201px; height: 24px; text-align: left;\">Length (variants)<\/td>\n<td style=\"width: 262px; height: 24px; text-align: right;\">3.98m; 5.95m; 7.91m; 9.88m; 11.84 (extension after 1.964m is also possible)<\/td>\n<\/tr>\n<tr style=\"height: 24px;\">\n<td style=\"width: 201px; height: 24px; text-align: left;\">Glazing<\/td>\n<p> material<\/p>\n<td style=\"width: 262px; height: 24px; text-align: right;\">polycarbonate 4 mm (clarity &#8211; up to 86%).<\/td>\n<\/tr>\n<tr style=\"height: 24px;\">\n<td style=\"width: 201px; height: 24px; text-align: left;\">UV protection<\/td>\n<td style=\"width: 262px; height: 24px; text-align: right;\">yes (one-sided)<\/td>\n<\/tr>\n<tr style=\"height: 24px;\">\n<td style=\"width: 201px; height: 24px; text-align: left;\">Construction<\/td>\n<p> material<\/p>\n<td style=\"width: 262px; height: 24px; text-align: right;\"> Galvanized steel &#8211; Jekl square 40\u044520 \u043c\u043c<\/td>\n<\/tr>\n<tr style=\"height: 24px;\">\n<td style=\"width: 201px; height: 24px; text-align: left;\">Steel<\/td>\n<p> Wall Strength<\/p>\n<td style=\"width: 262px; height: 24px; text-align: right;\">1 mm<\/td>\n<\/tr>\n<tr style=\"height: 35px;\">\n<td style=\"width: 201px; height: 35px; text-align: left;\">Distance between curves<\/td>\n<td style=\"width: 262px; height: 35px; text-align: right;\">1 meter<\/td>\n<\/tr>\n<tr style=\"height: 24px;\">\n<td style=\"width: 201px; height: 24px; text-align: left;\">type<\/td>\n<td style=\"width: 262px; height: 24px; text-align: right;\">passable on both sides<\/td>\n<\/tr>\n<tr style=\"height: 24px;\">\n<td style=\"width: 201px; height: 24px; text-align: left;\">Front<\/td>\n<p> doors<\/p>\n<td style=\"width: 262px; height: 24px; text-align: right;\">2 pcs<\/td>\n<\/tr>\n<tr style=\"height: 24px;\">\n<td style=\"width: 201px; height: 24px; text-align: left;\">Polycarbonate<\/td>\n<p> anchoring<\/p>\n<td style=\"width: 262px; height: 24px; text-align: right;\">yes<\/td>\n<\/tr>\n<tr style=\"height: 24px;\">\n<td style=\"width: 201px; height: 24px; text-align: left;\">Polycarbonate<\/td>\n<p> warranty<\/p>\n<td style=\"width: 262px; height: 24px; text-align: right;\">10 years<\/td>\n<\/tr>\n<tr style=\"height: 35px;\">\n<td style=\"width: 201px; height: 35px; text-align: left;\">Construction<\/td>\n<p> warranty<\/p>\n<td style=\"width: 262px; height: 35px; text-align: right;\">2 years<\/td>\n<\/tr>\n<tr style=\"height: 24px;\">\n<td style=\"width: 185.867px; height: 24px; text-align: left;\">base<\/td>\n<td style=\"width: 282.967px; height: 24px; text-align: right;\">We recommend installing it in a concrete foundation<\/td>\n<\/tr>\n<\/tbody>\n<\/table>\n<p><span style=\"font-size: 10pt;\">In case you don&#8217;t want to worry about assembling the necessary greenhouse accessories, we offer complete various <a href=\"https:\/\/agroflex.cz\/kategorie-produktu\/accessoires\/sada-prislusenstvi\/\"><strong>sets \/ sets of greenhouse accessories.<\/strong><\/a><\/span>[\/vc_column_text][vc_separator style=&#8221;shadow&#8221; border_width=&#8221;5&#8243;][\/vc_column][vc_column width=&#8221;1\/2&#8243;][vc_separator style=&#8221;shadow&#8221; border_width=&#8221;5&#8243;][vc_column_text css=&#8221;&#8221; text_larger=&#8221;no&#8221; woodmart_inline=&#8221;no&#8221;]<\/p>\n<div class=\"vc_row wpb_row vc_row-fluid\">\n<div class=\"wpb_column vc_column_container vc_col-sm-12\">\n<div class=\"vc_column-inner\">\n<div class=\"wpb_wrapper\">\n<div class=\"wpb_text_column wpb_content_element\">\n<div class=\"wpb_wrapper\">\n<h4 style=\"text-align: center;\">Foundations for a greenhouse<\/h4>\n<p>To ensure the durability of the greenhouse, it is recommended to install it on a pre-prepared base &#8211; a foundation, made on the basis of its dimensions around the perimeter of the base, for example, in the form of a frame with a thickness of 100&#8230; 200 mm, which will significantly reduce the corrosion activity. The frame of the greenhouse should be fixed to the foundation with screws or nails to prevent it from tipping over in strong winds. <\/p>\n<p>The polycarbonate greenhouse can thus be fixed according to the priority of each customer, it can be installed in the ground (fixation is provided by anchor feet), wooden prisms 20 x 20 cm or on a concrete base. However, in general, anchoring to a concrete base is a better choice that will significantly reduce corrosion activity.<\/p>\n<\/div>\n<\/div>\n<\/div>\n<\/div>\n<\/div>\n<\/div>\n<p>[\/vc_column_text]<div class=\"widget_products \"><div class=\"widget woocommerce widget_products\"><ul class=\"product_list_widget\"><li>\n\t\t<span class=\"widget-product-wrap\">\n\t\t<a href=\"https:\/\/agroflex.cz\/en\/product\/uni-sheet-metal-base-for-greenhouse\/\" title=\"UNI Sheet Metal Base for Greenhouse\" class=\"widget-product-img\">\n\t\t\t<img decoding=\"async\" width=\"300\" height=\"300\" src=\"https:\/\/agroflex.cz\/wp-content\/uploads\/2023\/09\/Plechova-zakladna-ke-skleniku-9-300x300.jpeg\" class=\"attachment-woocommerce_thumbnail size-woocommerce_thumbnail\" alt=\"\" srcset=\"https:\/\/agroflex.cz\/wp-content\/uploads\/2023\/09\/Plechova-zakladna-ke-skleniku-9-300x300.jpeg 300w, https:\/\/agroflex.cz\/wp-content\/uploads\/2023\/09\/Plechova-zakladna-ke-skleniku-9-150x150.jpeg 150w\" sizes=\"(max-width: 300px) 100vw, 300px\" \/>\t\t<\/a>\n\t\t<span class=\"widget-product-info\">\n\t\t\t<a href=\"https:\/\/agroflex.cz\/en\/product\/uni-sheet-metal-base-for-greenhouse\/\" title=\"UNI Sheet Metal Base for Greenhouse\" class=\"wd-entities-title\">\n\t\t\t\tUNI Sheet Metal Base for Greenhouse\t\t\t<\/a>\n\t\t\t\t\t\t\t\t\t\t\t\t\t<span class=\"price\"><span class=\"woocommerce-Price-amount amount\" aria-hidden=\"true\"><bdi>1 452<span class=\"woocommerce-Price-currencySymbol\">&#75;&#269;<\/span><\/bdi><\/span> <span aria-hidden=\"true\">&ndash;<\/span> <span class=\"woocommerce-Price-amount amount\" aria-hidden=\"true\"><bdi>3 116<span class=\"woocommerce-Price-currencySymbol\">&#75;&#269;<\/span><\/bdi><\/span><span class=\"screen-reader-text\">Price range: 1 452&#75;&#269; through 3 116&#75;&#269;<\/span><\/span>\n\t\t<\/span>\n\t<\/span>\n\t<\/li>\n<\/ul><\/div><\/div>[vc_separator style=&#8221;shadow&#8221; border_width=&#8221;5&#8243;][vc_column_text css=&#8221;&#8221; text_larger=&#8221;no&#8221; woodmart_inline=&#8221;no&#8221;]<\/p>\n<div class=\"vc_row wpb_row vc_row-fluid\">\n<div class=\"wpb_column vc_column_container vc_col-sm-12\">\n<div class=\"vc_column-inner\">\n<div class=\"wpb_wrapper\">\n<div class=\"wpb_text_column wpb_content_element\">\n<div class=\"wpb_wrapper\">\n<h4 style=\"text-align: center;\">Mountings<\/h4>\n<p>Assembling a greenhouse is also simple and does not require special skills. Only a minimal set of tools is needed \u2013 a wrench, a screwdriver, a knife. You will receive detailed instructions along with the greenhouse. The illustrated instruction will further simplify the process of building a greenhouse,   <\/p>\n<p>If you don&#8217;t have time for installation, <a href=\"https:\/\/agroflex.cz\/montaz-skleniku\/\" target=\"_blank\" rel=\"noopener\"><strong>you can order installation<\/strong><\/a> from our specialists, who will assemble everything for you with high expertise and in the shortest possible time. Although the assembly of the entire greenhouse is simple, it takes the most time to cut and edge the polycarbonate and mount it on both front sides of the greenhouse. That is why we offer you the possibility of ordering this part <a href=\"https:\/\/agroflex.cz\/montaz-skleniku\/\" target=\"_blank\" rel=\"noopener\"><strong>of the assembly<\/strong><\/a>, which is carried out in our warehouse, you will receive both front sides filled with polycarbonate from the carrier. <\/p>\n<p>The greenhouse can be modified and the implementation of extensions is possible in the future, so the theoretical length of the greenhouse is unlimited.<\/p>\n<\/div>\n<\/div>\n<\/div>\n<\/div>\n<\/div>\n<\/div>\n<p>[\/vc_column_text][vc_separator style=&#8221;shadow&#8221; border_width=&#8221;5&#8243;][vc_column_text woodmart_inline=&#8221;no&#8221; text_larger=&#8221;no&#8221;]<\/p>\n<h4 style=\"text-align: center;\">Alternatives<\/h4>\n<p>[\/vc_column_text]<div class=\"widget_products \"><div class=\"widget woocommerce widget_products\"><ul class=\"product_list_widget\"><li>\n\t\t<span class=\"widget-product-wrap\">\n\t\t<a href=\"https:\/\/agroflex.cz\/en\/product\/windproof-garden-greenhouse-profi-plus\/\" title=\"Windproof garden greenhouse PROFI PLUS\" class=\"widget-product-img\">\n\t\t\t<img decoding=\"async\" width=\"300\" height=\"300\" src=\"https:\/\/agroflex.cz\/wp-content\/uploads\/2023\/09\/polykarbonatovy-sklenik-4x6m-1-300x300.png\" class=\"attachment-woocommerce_thumbnail size-woocommerce_thumbnail\" alt=\"Polycarbonate greenhouse 8mm\" srcset=\"https:\/\/agroflex.cz\/wp-content\/uploads\/2023\/09\/polykarbonatovy-sklenik-4x6m-1-300x300.png 300w, https:\/\/agroflex.cz\/wp-content\/uploads\/2023\/09\/polykarbonatovy-sklenik-4x6m-1-800x800.png 800w, https:\/\/agroflex.cz\/wp-content\/uploads\/2023\/09\/polykarbonatovy-sklenik-4x6m-1-150x150.png 150w, https:\/\/agroflex.cz\/wp-content\/uploads\/2023\/09\/polykarbonatovy-sklenik-4x6m-1-768x768.png 768w, https:\/\/agroflex.cz\/wp-content\/uploads\/2023\/09\/polykarbonatovy-sklenik-4x6m-1-600x600.png 600w, https:\/\/agroflex.cz\/wp-content\/uploads\/2023\/09\/polykarbonatovy-sklenik-4x6m-1.png 1024w\" sizes=\"(max-width: 300px) 100vw, 300px\" \/>\t\t<\/a>\n\t\t<span class=\"widget-product-info\">\n\t\t\t<a href=\"https:\/\/agroflex.cz\/en\/product\/windproof-garden-greenhouse-profi-plus\/\" title=\"Windproof garden greenhouse PROFI PLUS\" class=\"wd-entities-title\">\n\t\t\t\tWindproof garden greenhouse PROFI PLUS\t\t\t<\/a>\n\t\t\t\t\t\t\t\t\t\t\t\t\t<span class=\"price\"><span class=\"woocommerce-Price-amount amount\" aria-hidden=\"true\"><bdi>47 295<span class=\"woocommerce-Price-currencySymbol\">&#75;&#269;<\/span><\/bdi><\/span> <span aria-hidden=\"true\">&ndash;<\/span> <span class=\"woocommerce-Price-amount amount\" aria-hidden=\"true\"><bdi>111 967<span class=\"woocommerce-Price-currencySymbol\">&#75;&#269;<\/span><\/bdi><\/span><span class=\"screen-reader-text\">Price range: 47 295&#75;&#269; through 111 967&#75;&#269;<\/span><\/span>\n\t\t<\/span>\n\t<\/span>\n\t<\/li>\n<\/ul><\/div><\/div>[vc_separator style=&#8221;shadow&#8221; border_width=&#8221;5&#8243;][\/vc_column][\/vc_row]<\/p>\n<\/div>","protected":false},"excerpt":{"rendered":"<p style=\"text-align: justify;\"><span style=\"font-size: 10pt;\"><span style=\"color: #993300;\"><strong>NEWS!  <\/strong><\/span>Greenhouse width 4m, height 2.24m, length from 4m. The new &#8220;ANTI-STORM&#8221; side opening system is windproof. Sliding part with a width of 1 meter. The greenhouse provides full ventilation, natural watering with rainwater. Robust construction. Special certified translucent polycarbonate for 4 mm thick greenhouses with UV filter. The greenhouse is passable on both sides.      <\/span><\/p>\n<p><strong> <\/strong><\/p>\n","protected":false},"featured_media":18279,"comment_status":"open","ping_status":"closed","template":"","meta":[],"product_brand":[419],"product_cat":[898],"product_tag":[],"class_list":{"0":"post-22863","1":"product","2":"type-product","3":"status-publish","4":"has-post-thumbnail","6":"product_brand-agroflex","7":"product_cat-covering-the-pool","9":"first","10":"instock","11":"taxable","12":"shipping-taxable","13":"purchasable","14":"product-type-variable","15":"has-default-attributes"},"_links":{"self":[{"href":"https:\/\/agroflex.cz\/en\/wp-json\/wp\/v2\/product\/22863","targetHints":{"allow":["GET"]}}],"collection":[{"href":"https:\/\/agroflex.cz\/en\/wp-json\/wp\/v2\/product"}],"about":[{"href":"https:\/\/agroflex.cz\/en\/wp-json\/wp\/v2\/types\/product"}],"replies":[{"embeddable":true,"href":"https:\/\/agroflex.cz\/en\/wp-json\/wp\/v2\/comments?post=22863"}],"wp:featuredmedia":[{"embeddable":true,"href":"https:\/\/agroflex.cz\/en\/wp-json\/wp\/v2\/media\/18279"}],"wp:attachment":[{"href":"https:\/\/agroflex.cz\/en\/wp-json\/wp\/v2\/media?parent=22863"}],"wp:term":[{"taxonomy":"product_brand","embeddable":true,"href":"https:\/\/agroflex.cz\/en\/wp-json\/wp\/v2\/product_brand?post=22863"},{"taxonomy":"product_cat","embeddable":true,"href":"https:\/\/agroflex.cz\/en\/wp-json\/wp\/v2\/product_cat?post=22863"},{"taxonomy":"product_tag","embeddable":true,"href":"https:\/\/agroflex.cz\/en\/wp-json\/wp\/v2\/product_tag?post=22863"}],"curies":[{"name":"wp","href":"https:\/\/api.w.org\/{rel}","templated":true}]}}