{"id":23025,"date":"2023-09-04T21:05:32","date_gmt":"2023-09-04T21:05:32","guid":{"rendered":"https:\/\/agroflex.cz\/product\/pool-enclosure-agroflex-tulipan-b50\/"},"modified":"2025-09-19T08:19:51","modified_gmt":"2025-09-19T08:19:51","slug":"pool-enclosure-agroflex-tulipan-b50","status":"publish","type":"product","link":"https:\/\/agroflex.cz\/en\/product\/pool-enclosure-agroflex-tulipan-b50\/","title":{"rendered":"Pool enclosure Agroflex TULIPAN B50"},"content":{"rendered":"<div class=\"wpb-content-wrapper\"><p>[vc_row][vc_column][vc_separator style=&#8221;shadow&#8221; border_width=&#8221;5&#8243;][vc_column_text text_larger=&#8221;no&#8221; woodmart_inline=&#8221;no&#8221;]<\/p>\n<h2 style=\"text-align: center;\"><strong>Pool enclosure TULIPAN B50<br \/>\n<\/strong><\/h2>\n<p>This is a novelty of 2024! A pool enclosure is the ideal solution for protecting your pool and its surroundings from adverse weather conditions. This high-quality shelter provides pleasant shade on hot summer days, protects against rain and wind, and allows you to extend the bathing season. Thanks to its modern design and highly durable materials, the pavilion is not only practical, but also aesthetically pleasing. It is easy to install and maintain, while offering ample space for comfortable movement around the pool. This pavilion is a great choice for anyone who wants to enjoy comfortable swimming all year round. The enclosure is windproof. The 1 metre-wide sliding roof and side sections with a 40 x 20 thick steel construction form a stable structure and guarantee high durability. It is also suitable for mountainous areas. The pool enclosure has wide double doors at both ends and is passable. Inside, tables or deck chairs can be placed and you can relax comfortably with the whole family or company.[\/vc_column_text][vc_separator wd_hide_on_desktop=&#8221;no&#8221; wd_hide_on_tablet=&#8221;no&#8221; wd_hide_on_mobile=&#8221;no&#8221;][vc_column_text woodmart_inline=&#8221;no&#8221; text_larger=&#8221;no&#8221;]<\/p>\n<h3 style=\"text-align: center;\">Polycarbonate glazing<\/h3>\n<p>Special certified hollow polycarbonate for garden greenhouses with UV filter. The advantage of this product is its high thermal insulation against glass. Resistant to mechanical damage, weathering, and hail. The water temperature is higher thanks to the enclosure than without the roof.   <\/p>\n<p><strong><span style=\"color: #ff0000;\">Notification:<\/span> We do not recommend anchoring a garden greenhouse greenhouse in an area where there is a strong wind, e.g. a field, etc. Strong winds can damage plastic opening components.  <\/strong>[\/vc_column_text][\/vc_column][\/vc_row][vc_row][vc_column width=&#8221;1\/2&#8243;][vc_separator style=&#8221;shadow&#8221; border_width=&#8221;5&#8243;][vc_column_text text_larger=&#8221;no&#8221; woodmart_inline=&#8221;no&#8221;]<\/p>\n<h4 style=\"text-align: center;\"><span style=\"color: #000000;\"><strong>Parameters:<\/strong><\/span><\/h4>\n<table>\n<tbody>\n<tr style=\"height: 24px;\">\n<td style=\"width: 201px; height: 24px; text-align: left;\">Type of construction<\/td>\n<td style=\"width: 262px; height: 24px; text-align: right;\">collapsible<\/td>\n<\/tr>\n<tr style=\"height: 24px;\">\n<td style=\"width: 201px; height: 24px; text-align: left;\">Permissible load<\/td>\n<td style=\"width: 262px; height: 24px; text-align: right;\">350 kg<\/td>\n<\/tr>\n<tr style=\"height: 24px;\">\n<td style=\"width: 201px; height: 24px; text-align: left;\">width<\/td>\n<td style=\"width: 262px; height: 24px; text-align: right;\">5.38 m<\/td>\n<\/tr>\n<tr style=\"height: 24px;\">\n<td style=\"width: 201px; height: 24px; text-align: left;\">height<\/td>\n<td style=\"width: 262px; height: 24px; text-align: right;\">2.43 m<\/td>\n<\/tr>\n<tr style=\"height: 24px;\">\n<td style=\"width: 201px; height: 24px; text-align: left;\">Length (variants)<\/td>\n<td style=\"width: 262px; height: 24px; text-align: right;\">3.98m; 5.95m; 7.91m; 9.88m; 11.84 (longer extensions of 1,964m are also possible)<\/td>\n<\/tr>\n<tr style=\"height: 24px;\">\n<td style=\"width: 201px; height: 24px; text-align: left;\">Glazing<\/td>\n<p> material<\/p>\n<td style=\"width: 262px; height: 24px; text-align: right;\">polycarbonate 4 mm (clarity &#8211; up to 86%).<\/td>\n<\/tr>\n<tr style=\"height: 24px;\">\n<td style=\"width: 201px; height: 24px; text-align: left;\">UV protection<\/td>\n<td style=\"width: 262px; height: 24px; text-align: right;\">yes (one-sided)<\/td>\n<\/tr>\n<tr style=\"height: 24px;\">\n<td style=\"width: 201px; height: 24px; text-align: left;\">Construction<\/td>\n<p> material<\/p>\n<td style=\"width: 262px; height: 24px; text-align: right;\">Powder Coated Galvanized Steel<\/td>\n<\/tr>\n<tr style=\"height: 24px;\">\n<td style=\"width: 201px; height: 24px; text-align: left;\">Color<\/td>\n<td style=\"width: 262px; height: 24px; text-align: right;\">RAL 9003 (white) or RAL 8017 (brown)<\/td>\n<\/tr>\n<tr style=\"height: 24px;\">\n<td style=\"width: 161.267px; height: 24px; text-align: left;\">Internal<\/td>\n<p> reinforcement<\/p>\n<td style=\"width: 292.733px; height: 24px; text-align: right;\"> Double Steel<\/td>\n<\/tr>\n<tr style=\"height: 35px;\">\n<td style=\"width: 201px; height: 35px; text-align: left;\">Distance between curves<\/td>\n<td style=\"width: 262px; height: 35px; text-align: right;\">1 meter<\/td>\n<\/tr>\n<tr style=\"height: 24px;\">\n<td style=\"width: 201px; height: 24px; text-align: left;\">type<\/td>\n<td style=\"width: 262px; height: 24px; text-align: right;\">passable on both sides<\/td>\n<\/tr>\n<tr style=\"height: 24px;\">\n<td style=\"width: 201px; height: 24px; text-align: left;\">Front<\/td>\n<p> doors<\/p>\n<td style=\"width: 262px; height: 24px; text-align: right;\">2 pcs<\/td>\n<\/tr>\n<tr style=\"height: 24px;\">\n<td style=\"width: 201px; height: 24px; text-align: left;\">Polycarbonate<\/td>\n<p> anchoring<\/p>\n<td style=\"width: 262px; height: 24px; text-align: right;\">yes<\/td>\n<\/tr>\n<tr style=\"height: 24px;\">\n<td style=\"width: 201px; height: 24px; text-align: left;\">Polycarbonate<\/td>\n<p> warranty<\/p>\n<td style=\"width: 262px; height: 24px; text-align: right;\">10 years<\/td>\n<\/tr>\n<tr style=\"height: 35px;\">\n<td style=\"width: 201px; height: 35px; text-align: left;\">Construction<\/td>\n<p> warranty<\/p>\n<td style=\"width: 262px; height: 35px; text-align: right;\">2 years<\/td>\n<\/tr>\n<\/tbody>\n<\/table>\n<p>[\/vc_column_text][vc_separator style=&#8221;shadow&#8221; border_width=&#8221;5&#8243;][\/vc_column][vc_column width=&#8221;1\/2&#8243;][vc_separator style=&#8221;shadow&#8221; border_width=&#8221;5&#8243;][vc_column_text text_larger=&#8221;no&#8221; woodmart_inline=&#8221;no&#8221;]<\/p>\n<div class=\"vc_row wpb_row vc_row-fluid\">\n<div class=\"wpb_column vc_column_container vc_col-sm-12\">\n<div class=\"vc_column-inner\">\n<div class=\"wpb_wrapper\">\n<div class=\"wpb_text_column wpb_content_element\">\n<div class=\"wpb_wrapper\">\n<h4 style=\"text-align: center;\">Mountings<\/h4>\n<p>The installation of the enclosure is simple and does not require special skills. Only a minimal set of tools is needed \u2013 a wrench, a screwdriver, a knife. You will receive detailed instructions along with the greenhouse. The illustrated instruction will further simplify the process of building a greenhouse,   <\/p>\n<p>If you don&#8217;t have time for installation, <a href=\"\/?p=128\">you can order installation<\/a> from our specialists, who will assemble everything for you with high expertise and in the shortest possible time. The roofing can be modified and it is possible to implement extensions in the future, so the theoretical length of the greenhouse is unlimited<\/p>\n<\/div>\n<\/div>\n<\/div>\n<\/div>\n<\/div>\n<\/div>\n<p>[\/vc_column_text][vc_separator style=&#8221;shadow&#8221; border_width=&#8221;5&#8243;][vc_column_text woodmart_inline=&#8221;no&#8221; text_larger=&#8221;no&#8221;]<\/p>\n<h4 style=\"text-align: center;\">Alternatives<\/h4>\n<p>[\/vc_column_text]<div class=\"widget_products \"><div class=\"widget woocommerce widget_products\"><ul class=\"product_list_widget\"><li>\n\t\t<span class=\"widget-product-wrap\">\n\t\t<a href=\"https:\/\/agroflex.cz\/en\/product\/swimming-pool-cover-agroflex-tulipan\/\" title=\"Swimming pool cover Agroflex TULIPAN\" class=\"widget-product-img\">\n\t\t\t<img decoding=\"async\" width=\"300\" height=\"300\" src=\"https:\/\/agroflex.cz\/wp-content\/uploads\/2023\/09\/zastreseni-bazenu-Botanik-Tulipan-300x300.jpg\" class=\"attachment-woocommerce_thumbnail size-woocommerce_thumbnail\" alt=\"zast\u0159e\u0161en\u00ed baz\u00e9n\u016f , pool roofing\" srcset=\"https:\/\/agroflex.cz\/wp-content\/uploads\/2023\/09\/zastreseni-bazenu-Botanik-Tulipan-300x300.jpg 300w, https:\/\/agroflex.cz\/wp-content\/uploads\/2023\/09\/zastreseni-bazenu-Botanik-Tulipan-150x150.jpg 150w\" sizes=\"(max-width: 300px) 100vw, 300px\" \/>\t\t<\/a>\n\t\t<span class=\"widget-product-info\">\n\t\t\t<a href=\"https:\/\/agroflex.cz\/en\/product\/swimming-pool-cover-agroflex-tulipan\/\" title=\"Swimming pool cover Agroflex TULIPAN\" class=\"wd-entities-title\">\n\t\t\t\tSwimming pool cover Agroflex TULIPAN\t\t\t<\/a>\n\t\t\t\t\t\t\t<div class=\"star-rating\" role=\"img\" aria-label=\"Rated 5.00 out of 5\"><span style=\"width:100%\">Rated <strong class=\"rating\">5.00<\/strong> out of 5<\/span><\/div>\t\t\t\t\t\t<span class=\"price\"><span class=\"woocommerce-Price-amount amount\" aria-hidden=\"true\"><bdi>30 875<span class=\"woocommerce-Price-currencySymbol\">&#75;&#269;<\/span><\/bdi><\/span> <span aria-hidden=\"true\">&ndash;<\/span> <span class=\"woocommerce-Price-amount amount\" aria-hidden=\"true\"><bdi>73 575<span class=\"woocommerce-Price-currencySymbol\">&#75;&#269;<\/span><\/bdi><\/span><span class=\"screen-reader-text\">Price range: 30 875&#75;&#269; through 73 575&#75;&#269;<\/span><\/span>\n\t\t<\/span>\n\t<\/span>\n\t<\/li>\n<\/ul><\/div><\/div>[vc_separator style=&#8221;shadow&#8221; border_width=&#8221;5&#8243;][\/vc_column][\/vc_row]<\/p>\n<\/div>","protected":false},"excerpt":{"rendered":"<p style=\"text-align: justify;\"><span style=\"font-size: 10pt;\"><span style=\"color: #993300;\"><strong>NEWS!<\/strong> <\/span>Robust galvanized steel construction with powder coated. Width 5.38m, height 2.43m, length from 4m. The new &#8220;ANTI-STORM&#8221; side opening system is windproof. Sliding part with a width of 1 meter. Special certified translucent polycarbonate with a thickness of 4 mm with a UV filter.<br \/>\n<\/span><\/p>\n<p><strong> <\/strong><\/p>\n","protected":false},"featured_media":23038,"comment_status":"open","ping_status":"closed","template":"","meta":[],"product_brand":[419],"product_cat":[898],"product_tag":[],"class_list":{"0":"post-23025","1":"product","2":"type-product","3":"status-publish","4":"has-post-thumbnail","6":"product_brand-agroflex","7":"product_cat-covering-the-pool","9":"first","10":"instock","11":"taxable","12":"shipping-taxable","13":"purchasable","14":"product-type-variable","15":"has-default-attributes"},"_links":{"self":[{"href":"https:\/\/agroflex.cz\/en\/wp-json\/wp\/v2\/product\/23025","targetHints":{"allow":["GET"]}}],"collection":[{"href":"https:\/\/agroflex.cz\/en\/wp-json\/wp\/v2\/product"}],"about":[{"href":"https:\/\/agroflex.cz\/en\/wp-json\/wp\/v2\/types\/product"}],"replies":[{"embeddable":true,"href":"https:\/\/agroflex.cz\/en\/wp-json\/wp\/v2\/comments?post=23025"}],"wp:featuredmedia":[{"embeddable":true,"href":"https:\/\/agroflex.cz\/en\/wp-json\/wp\/v2\/media\/23038"}],"wp:attachment":[{"href":"https:\/\/agroflex.cz\/en\/wp-json\/wp\/v2\/media?parent=23025"}],"wp:term":[{"taxonomy":"product_brand","embeddable":true,"href":"https:\/\/agroflex.cz\/en\/wp-json\/wp\/v2\/product_brand?post=23025"},{"taxonomy":"product_cat","embeddable":true,"href":"https:\/\/agroflex.cz\/en\/wp-json\/wp\/v2\/product_cat?post=23025"},{"taxonomy":"product_tag","embeddable":true,"href":"https:\/\/agroflex.cz\/en\/wp-json\/wp\/v2\/product_tag?post=23025"}],"curies":[{"name":"wp","href":"https:\/\/api.w.org\/{rel}","templated":true}]}}