{"id":25591,"date":"2023-09-04T21:05:07","date_gmt":"2023-09-04T21:05:07","guid":{"rendered":"https:\/\/agroflex.cz\/product\/greenhouse-polycarbonate-titan-lt1\/"},"modified":"2025-09-20T14:35:40","modified_gmt":"2025-09-20T14:35:40","slug":"greenhouse-polycarbonate-titan-lt1","status":"publish","type":"product","link":"https:\/\/agroflex.cz\/en\/product\/greenhouse-polycarbonate-titan-lt1\/","title":{"rendered":"Greenhouse polycarbonate TITAN LT1"},"content":{"rendered":"<div class=\"wpb-content-wrapper\"><p>[vc_row][vc_column][vc_separator style=&#8221;shadow&#8221; border_width=&#8221;5&#8243;][\/vc_column][\/vc_row][vc_row][vc_column][vc_column_text text_larger=&#8221;no&#8221; woodmart_inline=&#8221;no&#8221;]<\/p>\n<h2 style=\"text-align: center;\"><strong>  Garden greenhouse made of polycarbonate TITAN LT1<br \/>\n<\/strong><\/h2>\n<p>Nice and practical durable garden arched garden greenhouse. The main difference from most greenhouses is the double arch beam. The greenhouse is made of steel. The arches and partitions are galvanized on the outside and inside of the steel, and at the weld point they are treated with mechanical galvanizing (<a href=\"\/?page_id=5731\">anti-corrosion protection<\/a> \u2013 the content of pure zinc is around 90%). The arches are resistant to wind, heavy load on the greenhouse. Construction with a load of up to 200 kg, a double 20\u00d720 steel with a thickness of 1 mm lasts for a long time. The distance between the arches is 1 meter. However, for regions that do not have the strictest climatic conditions, this is more than enough.       <\/p>\n<p>This greenhouse is a light variation of the Agroflex <strong><a href=\"https:\/\/agroflex.cz\/fr\/produit\/serre-de-jardin-fixe-titan\/\">TITAN,<\/a><\/strong> <a href=\"https:\/\/agroflex.cz\/produkt\/polykarbonatovy-sklenik-agroflex-atlant\/\"><strong>ATLANT<\/strong><\/a> or <a href=\"https:\/\/agroflex.cz\/produkt\/sklenik-z-polykarbonatu-agroflex-titan-lux-2\/\"><strong>TITAN LUX<\/strong><\/a> greenhouse. We also offer cheaper versions of Agroflex <strong><a href=\"https:\/\/agroflex.cz\/produkt\/zahradni-sklenik-agroflex-standard\/\">STANDARD.<\/a><\/strong>[\/vc_column_text][vc_separator][vc_column_text css=&#8221;&#8221; text_larger=&#8221;no&#8221; woodmart_inline=&#8221;no&#8221;]<\/p>\n<h4 style=\"text-align: center;\">Polycarbonate glazing<\/h4>\n<p>Special certified hollow polycarbonate for greenhouses with UV filter. The advantage of this product is its high thermal insulation against glass. Resistant to mechanical damage, weathering, and hail. Exceptional translucency of polycarbonate (clarity &#8211; up to 86%).   <\/p>\n<p>You can choose from several designs, the TITAN LT1 polycarbonate greenhouse fitted with 4mm, 6mm polycarbonate, which guarantees trouble-free and long life. For more demanding customers and professionals, we offer the TITAN LT1 garden greenhouse version fitted with 8mm polycarbonate. <\/p>\n<p>Polycarbonate is supplied in a roll and is attached to the structure with self-tapping screws.[\/vc_column_text][\/vc_column][\/vc_row][vc_row][vc_column width=&#8221;1\/2&#8243;][vc_separator style=&#8221;shadow&#8221; border_width=&#8221;5&#8243;][vc_text_separator title=&#8221;Recommended accessories :&#8221; title_align=&#8221;separator_align_left&#8221; align=&#8221;align_left&#8221; style=&#8221;dotted&#8221;]<div class=\"widget_products \"><div class=\"widget woocommerce widget_products\"><ul class=\"product_list_widget\"><li>\n\t\t<span class=\"widget-product-wrap\">\n\t\t<a href=\"https:\/\/agroflex.cz\/en\/product\/antidust-3500-vapour-permeable-ventilation-tape\/\" title=\"AntiDust 3500 vapour-permeable ventilation tape\" class=\"widget-product-img\">\n\t\t\t<img decoding=\"async\" width=\"300\" height=\"300\" src=\"https:\/\/agroflex.cz\/wp-content\/uploads\/2023\/09\/Ventilacni-paska-Antidust-300x300.jpg\" class=\"attachment-woocommerce_thumbnail size-woocommerce_thumbnail\" alt=\"\" srcset=\"https:\/\/agroflex.cz\/wp-content\/uploads\/2023\/09\/Ventilacni-paska-Antidust-300x300.jpg 300w, https:\/\/agroflex.cz\/wp-content\/uploads\/2023\/09\/Ventilacni-paska-Antidust-150x150.jpg 150w\" sizes=\"(max-width: 300px) 100vw, 300px\" \/>\t\t<\/a>\n\t\t<span class=\"widget-product-info\">\n\t\t\t<a href=\"https:\/\/agroflex.cz\/en\/product\/antidust-3500-vapour-permeable-ventilation-tape\/\" title=\"AntiDust 3500 vapour-permeable ventilation tape\" class=\"wd-entities-title\">\n\t\t\t\tAntiDust 3500 vapour-permeable ventilation tape\t\t\t<\/a>\n\t\t\t\t\t\t\t<div class=\"star-rating\" role=\"img\" aria-label=\"Rated 5.00 out of 5\"><span style=\"width:100%\">Rated <strong class=\"rating\">5.00<\/strong> out of 5<\/span><\/div>\t\t\t\t\t\t<span class=\"price\"><span class=\"woocommerce-Price-amount amount\"><bdi>789<span class=\"woocommerce-Price-currencySymbol\">&#75;&#269;<\/span><\/bdi><\/span><\/span>\n\t\t<\/span>\n\t<\/span>\n\t<\/li>\n<\/ul><\/div><\/div>[vc_separator style=&#8221;shadow&#8221; border_width=&#8221;5&#8243;][vc_column_text text_larger=&#8221;no&#8221; woodmart_inline=&#8221;no&#8221;]<\/p>\n<h4 style=\"text-align: center;\"><span style=\"color: #000000;\"><strong>Greenhouse parameters:<\/strong><\/span><\/h4>\n<table style=\"height: 533px; width: 85.9877%;\">\n<tbody>\n<tr style=\"height: 24px;\">\n<td style=\"width: 185.867px; height: 24px; text-align: left;\">Type of construction<\/td>\n<td style=\"width: 268.6px; height: 24px; text-align: right;\">demountable<\/td>\n<\/tr>\n<tr style=\"height: 24px;\">\n<td style=\"width: 185.867px; height: 24px; text-align: left;\">Permissible load<\/td>\n<td style=\"width: 268.6px; height: 24px; text-align: right;\">200 kg<\/td>\n<\/tr>\n<tr style=\"height: 24px;\">\n<td style=\"width: 185.867px; height: 24px; text-align: left;\">wind<\/td>\n<p> resistance<\/p>\n<td style=\"width: 268.6px; height: 24px; text-align: right;\">20 m\/s<\/td>\n<\/tr>\n<tr style=\"height: 24px;\">\n<td style=\"width: 185.867px; height: 24px; text-align: left;\">width<\/td>\n<td style=\"width: 268.6px; height: 24px; text-align: right;\">3 m<\/td>\n<\/tr>\n<tr style=\"height: 24px;\">\n<td style=\"width: 185.867px; height: 24px; text-align: left;\">height<\/td>\n<td style=\"width: 268.6px; height: 24px; text-align: right;\">2.1 m<\/td>\n<\/tr>\n<tr style=\"height: 24px;\">\n<td style=\"width: 185.867px; height: 24px; text-align: left;\">Length (variants)<\/td>\n<td style=\"width: 268.6px; height: 24px; text-align: right;\">2 m; 4 m; 6 m; 8 m; 10 m; 12 m (longer can be done &#8211; modulation in 2 m increments)<\/td>\n<\/tr>\n<tr style=\"height: 24px;\">\n<td style=\"width: 185.867px; height: 24px; text-align: left;\">Glazing<\/td>\n<p> material<\/p>\n<td style=\"width: 268.6px; height: 24px; text-align: right;\">polycarbonate 4mm, 6mm, 8mm<\/td>\n<\/tr>\n<tr style=\"height: 24px;\">\n<td style=\"width: 185.867px; height: 24px; text-align: left;\">Area weight<\/td>\n<td style=\"width: 243.133px; height: 24px; text-align: right;\">800 g\/m2 &#8211; 1700 g\/m2<\/td>\n<\/tr>\n<tr style=\"height: 24px;\">\n<td style=\"width: 185.867px; height: 24px; text-align: left;\">UV protection of<\/td>\n<p> polycarbonate<\/p>\n<td style=\"width: 243.133px; height: 24px; text-align: right;\">yes<\/td>\n<\/tr>\n<tr style=\"height: 24px;\">\n<td style=\"width: 185.867px; height: 24px; text-align: left;\">Dimensions of the boards<\/td>\n<td style=\"width: 268.6px; height: 24px; text-align: right;\">6 x 2.1 m<\/td>\n<\/tr>\n<tr style=\"height: 24px;\">\n<td style=\"width: 185.867px; height: 10px; text-align: left;\">Construction<\/td>\n<p> material<\/p>\n<td style=\"width: 268.6px; height: 10px; text-align: right;\">galvanized steel<\/td>\n<\/tr>\n<tr style=\"height: 35px;\">\n<td style=\"width: 185.867px; height: 35px; text-align: left;\">Distance between curves<\/td>\n<td style=\"width: 268.6px; height: 35px; text-align: right;\">1 meter<\/td>\n<\/tr>\n<tr style=\"height: 35px;\">\nArch <\/p>\n<td style=\"width: 185.867px; height: 35px; text-align: left;\">Reinforcement Bars<\/td>\n<td style=\"width: 243.133px; height: 35px; text-align: right;\">3 lines<\/td>\n<\/tr>\n<tr style=\"height: 24px;\">\n<td style=\"width: 185.867px; height: 24px; text-align: left;\">type<\/td>\n<td style=\"width: 268.6px; height: 24px; text-align: right;\">passable on both sides<\/td>\n<\/tr>\n<tr style=\"height: 24px;\">\n<td style=\"width: 185.867px; height: 24px; text-align: left;\">Front<\/td>\n<p> doors<\/p>\n<td style=\"width: 268.6px; height: 24px; text-align: right;\">2 pcs<\/td>\n<\/tr>\n<tr style=\"height: 35px;\">\n<td style=\"width: 185.867px; height: 35px; text-align: left;\">Ventilation window front<\/td>\n<td style=\"width: 268.6px; height: 35px; text-align: right;\">2 pcs<\/td>\n<\/tr>\n<tr style=\"height: 24px;\">\n<td style=\"width: 185.867px; height: 24px; text-align: left;\">Polycarbonate<\/td>\n<p> anchoring<\/p>\n<td style=\"width: 268.6px; height: 24px; text-align: right;\">Screws with washers and nuts M5<\/td>\n<\/tr>\n<tr style=\"height: 24px;\">\n<td style=\"width: 185.867px; height: 24px; text-align: left;\">Anchoring<\/td>\n<td style=\"width: 243.133px; height: 24px; text-align: right;\">Related <a href=\"https:\/\/agroflex.cz\/en\/kategorie-produktu\/greenhouse-anchoring\/\" target=\"_blank\" rel=\"noopener\">Products<\/a><\/td>\n<\/tr>\n<tr style=\"height: 24px;\">\n<td style=\"width: 185.867px; height: 23px; text-align: left;\">Polycarbonate<\/td>\n<p> warranty<\/p>\n<td style=\"width: 268.6px; height: 23px; text-align: right;\">10 years<\/td>\n<\/tr>\n<tr style=\"height: 35px;\">\n<td style=\"width: 185.867px; height: 35px; text-align: left;\">Construction<\/td>\n<p> warranty<\/p>\n<td style=\"width: 268.6px; height: 35px; text-align: right;\">5 years<\/td>\n<\/tr>\n<tr style=\"height: 24px;\">\n<td style=\"width: 185.867px; height: 24px; text-align: left;\">base<\/td>\n<td style=\"width: 268.6px; height: 24px; text-align: right;\">Not necessary<\/td>\n<\/tr>\n<\/tbody>\n<\/table>\n<p><span style=\"font-size: 10pt;\">In case you don&#8217;t want to worry about assembling the necessary greenhouse accessories, we offer complete various <a href=\"https:\/\/agroflex.cz\/en\/kategorie-produktu\/set-of-accessories\/\"><strong>sets \/ sets of greenhouse accessories.<\/strong><\/a><\/span>[\/vc_column_text][vc_separator style=&#8221;shadow&#8221; border_width=&#8221;5&#8243;][\/vc_column][vc_column width=&#8221;1\/2&#8243;][vc_separator style=&#8221;shadow&#8221; border_width=&#8221;5&#8243;][vc_column_text css=&#8221;&#8221; text_larger=&#8221;no&#8221; woodmart_inline=&#8221;no&#8221;]<\/p>\n<div class=\"vc_row wpb_row vc_row-fluid\">\n<div class=\"wpb_column vc_column_container vc_col-sm-12\">\n<div class=\"vc_column-inner\">\n<div class=\"wpb_wrapper\">\n<div class=\"wpb_text_column wpb_content_element\">\n<div class=\"wpb_wrapper\">\n<h4 style=\"text-align: center;\">Foundations for a greenhouse<\/h4>\n<p>To ensure the durability of the greenhouse, it is recommended to install it on a pre-prepared base &#8211; a foundation, made on the basis of its dimensions around the perimeter of the base, for example, in the form of a frame with a thickness of 100&#8230; 200 mm, which will significantly reduce the corrosion activity. The frame of the greenhouse should be fixed to the foundation with screws or nails to prevent it from tipping over in strong winds. <\/p>\n<p>The polycarbonate greenhouse can be fixed according to the priority of each customer, it can be installed in the ground (fixation is provided by anchor feet), wooden prisms 10 x 10cm or on a concrete base. However, in general, anchoring to a concrete base is a better choice that will significantly reduce corrosion activity.<\/p>\n<\/div>\n<\/div>\n<\/div>\n<\/div>\n<\/div>\n<\/div>\n<p>[\/vc_column_text]<div class=\"widget_products \"><div class=\"widget woocommerce widget_products\"><ul class=\"product_list_widget\"><li>\n\t\t<span class=\"widget-product-wrap\">\n\t\t<a href=\"https:\/\/agroflex.cz\/en\/product\/botanik-sheet-metal-base-for-greenhouses\/\" title=\"Botanik Sheet Metal Base for Greenhouses\" class=\"widget-product-img\">\n\t\t\t<img decoding=\"async\" width=\"300\" height=\"300\" src=\"https:\/\/agroflex.cz\/wp-content\/uploads\/2023\/09\/Zakladna-pro-zahradni-skleniky-Agroflex-300x300.jpg\" class=\"attachment-woocommerce_thumbnail size-woocommerce_thumbnail\" alt=\"\" srcset=\"https:\/\/agroflex.cz\/wp-content\/uploads\/2023\/09\/Zakladna-pro-zahradni-skleniky-Agroflex-300x300.jpg 300w, https:\/\/agroflex.cz\/wp-content\/uploads\/2023\/09\/Zakladna-pro-zahradni-skleniky-Agroflex-150x150.jpg 150w\" sizes=\"(max-width: 300px) 100vw, 300px\" \/>\t\t<\/a>\n\t\t<span class=\"widget-product-info\">\n\t\t\t<a href=\"https:\/\/agroflex.cz\/en\/product\/botanik-sheet-metal-base-for-greenhouses\/\" title=\"Botanik Sheet Metal Base for Greenhouses\" class=\"wd-entities-title\">\n\t\t\t\tBotanik Sheet Metal Base for Greenhouses\t\t\t<\/a>\n\t\t\t\t\t\t\t\t\t\t\t\t\t<span class=\"price\"><span class=\"woocommerce-Price-amount amount\" aria-hidden=\"true\"><bdi>968<span class=\"woocommerce-Price-currencySymbol\">&#75;&#269;<\/span><\/bdi><\/span> <span aria-hidden=\"true\">&ndash;<\/span> <span class=\"woocommerce-Price-amount amount\" aria-hidden=\"true\"><bdi>3 267<span class=\"woocommerce-Price-currencySymbol\">&#75;&#269;<\/span><\/bdi><\/span><span class=\"screen-reader-text\">Price range: 968&#75;&#269; through 3 267&#75;&#269;<\/span><\/span>\n\t\t<\/span>\n\t<\/span>\n\t<\/li>\n<\/ul><\/div><\/div>[vc_separator style=&#8221;shadow&#8221; border_width=&#8221;5&#8243;][vc_column_text css=&#8221;&#8221; text_larger=&#8221;no&#8221; woodmart_inline=&#8221;no&#8221;]<\/p>\n<div class=\"wpb_column vc_column_container vc_col-sm-12\">\n<div class=\"vc_column-inner\">\n<div class=\"wpb_wrapper\">\n<div class=\"wpb_text_column wpb_content_element\">\n<div class=\"wpb_wrapper\">\n<h4 style=\"text-align: center;\">Mountings<\/h4>\n<p>Assembling a greenhouse is also simple and does not require special skills. Only a minimal set of tools is needed \u2013 a wrench, a screwdriver, a knife. You will receive detailed instructions along with the greenhouse. The illustrated instruction will further simplify the process of building a greenhouse,   <\/p>\n<p>If you don&#8217;t have time for installation, <a href=\"https:\/\/agroflex.cz\/en\/assembling-the-greenhouse\/\" target=\"_blank\" rel=\"noopener\"><strong>you can order installation<\/strong><\/a> from our specialists, who will assemble everything for you with high expertise and in the shortest possible time. Although the assembly of the entire greenhouse is simple, it takes the most time to cut and edge the polycarbonate and mount it on both front sides of the greenhouse. That is why we offer you the possibility of ordering this part <a href=\"https:\/\/agroflex.cz\/en\/assembling-the-greenhouse\/\" target=\"_blank\" rel=\"noopener\"><strong>of the assembly<\/strong><\/a>, which is carried out in our warehouse, you will receive both front sides filled with polycarbonate from the carrier. <\/p>\n<p>The greenhouse can be modified and the implementation of extensions is possible in the future, so the theoretical length of the greenhouse is unlimited.<\/p>\n<\/div>\n<\/div>\n<\/div>\n<\/div>\n<\/div>\n<p>[\/vc_column_text][vc_separator style=&#8221;shadow&#8221; border_width=&#8221;5&#8243;][vc_column_text woodmart_inline=&#8221;no&#8221; text_larger=&#8221;no&#8221;]<\/p>\n<h4 style=\"text-align: center;\">Alternatives<\/h4>\n<p>[\/vc_column_text]<div class=\"widget_products \"><div class=\"widget woocommerce widget_products\"><ul class=\"product_list_widget\"><li>\n\t\t<span class=\"widget-product-wrap\">\n\t\t<a href=\"https:\/\/agroflex.cz\/en\/product\/robust-polycarbonate-greenhouse-atlant\/\" title=\"Robust polycarbonate greenhouse ATLANT\" class=\"widget-product-img\">\n\t\t\t<img decoding=\"async\" width=\"300\" height=\"300\" src=\"https:\/\/agroflex.cz\/wp-content\/uploads\/2023\/09\/Skleniky-z-polykarbonatu-Atlant-Agroflex-1-300x300.jpg\" class=\"attachment-woocommerce_thumbnail size-woocommerce_thumbnail\" alt=\"polykarbon\u00e1tov\u00fd sklen\u00edk celoro\u010dn\u00ed sklen\u00edk\" srcset=\"https:\/\/agroflex.cz\/wp-content\/uploads\/2023\/09\/Skleniky-z-polykarbonatu-Atlant-Agroflex-1-300x300.jpg 300w, https:\/\/agroflex.cz\/wp-content\/uploads\/2023\/09\/Skleniky-z-polykarbonatu-Atlant-Agroflex-1-150x150.jpg 150w, https:\/\/agroflex.cz\/wp-content\/uploads\/2023\/09\/Skleniky-z-polykarbonatu-Atlant-Agroflex-1-600x600.jpg 600w, https:\/\/agroflex.cz\/wp-content\/uploads\/2023\/09\/Skleniky-z-polykarbonatu-Atlant-Agroflex-1.jpg 660w\" sizes=\"(max-width: 300px) 100vw, 300px\" \/>\t\t<\/a>\n\t\t<span class=\"widget-product-info\">\n\t\t\t<a href=\"https:\/\/agroflex.cz\/en\/product\/robust-polycarbonate-greenhouse-atlant\/\" title=\"Robust polycarbonate greenhouse ATLANT\" class=\"wd-entities-title\">\n\t\t\t\tRobust polycarbonate greenhouse ATLANT\t\t\t<\/a>\n\t\t\t\t\t\t\t\t\t\t\t\t\t<span class=\"price\"><span class=\"woocommerce-Price-amount amount\" aria-hidden=\"true\"><bdi>18 890<span class=\"woocommerce-Price-currencySymbol\">&#75;&#269;<\/span><\/bdi><\/span> <span aria-hidden=\"true\">&ndash;<\/span> <span class=\"woocommerce-Price-amount amount\" aria-hidden=\"true\"><bdi>56 519<span class=\"woocommerce-Price-currencySymbol\">&#75;&#269;<\/span><\/bdi><\/span><span class=\"screen-reader-text\">Price range: 18 890&#75;&#269; through 56 519&#75;&#269;<\/span><\/span>\n\t\t<\/span>\n\t<\/span>\n\t<\/li>\n<\/ul><\/div><\/div>[vc_separator style=&#8221;shadow&#8221; border_width=&#8221;5&#8243;][\/vc_column][\/vc_row]<\/p>\n<\/div>","protected":false},"excerpt":{"rendered":"<p><span style=\"font-size: 10pt;\"><span style=\"color: #ff0000;\"><strong>PRICE HIT !<\/strong><\/span>  Greenhouse width 3m, height 2.1m, length from 4m. Durable mountain polycarbonate greenhouse with double steel construction. Weather and snow resistance. Special polycarbonate for greenhouses with a UV filter.    Greenhouse passable on both sides.<\/span><\/p>\n","protected":false},"featured_media":32501,"comment_status":"open","ping_status":"closed","template":"","meta":[],"product_brand":[419],"product_cat":[569,703,570],"product_tag":[],"class_list":{"0":"post-25591","1":"product","2":"type-product","3":"status-publish","4":"has-post-thumbnail","6":"product_brand-agroflex","7":"product_cat-polycarbonate-greenhouses","8":"product_cat-garden-greenhouses-events","9":"product_cat-arched-greenhouses","11":"first","12":"instock","13":"sale","14":"taxable","15":"shipping-taxable","16":"purchasable","17":"product-type-variable","18":"has-default-attributes"},"_links":{"self":[{"href":"https:\/\/agroflex.cz\/en\/wp-json\/wp\/v2\/product\/25591","targetHints":{"allow":["GET"]}}],"collection":[{"href":"https:\/\/agroflex.cz\/en\/wp-json\/wp\/v2\/product"}],"about":[{"href":"https:\/\/agroflex.cz\/en\/wp-json\/wp\/v2\/types\/product"}],"replies":[{"embeddable":true,"href":"https:\/\/agroflex.cz\/en\/wp-json\/wp\/v2\/comments?post=25591"}],"wp:featuredmedia":[{"embeddable":true,"href":"https:\/\/agroflex.cz\/en\/wp-json\/wp\/v2\/media\/32501"}],"wp:attachment":[{"href":"https:\/\/agroflex.cz\/en\/wp-json\/wp\/v2\/media?parent=25591"}],"wp:term":[{"taxonomy":"product_brand","embeddable":true,"href":"https:\/\/agroflex.cz\/en\/wp-json\/wp\/v2\/product_brand?post=25591"},{"taxonomy":"product_cat","embeddable":true,"href":"https:\/\/agroflex.cz\/en\/wp-json\/wp\/v2\/product_cat?post=25591"},{"taxonomy":"product_tag","embeddable":true,"href":"https:\/\/agroflex.cz\/en\/wp-json\/wp\/v2\/product_tag?post=25591"}],"curies":[{"name":"wp","href":"https:\/\/api.w.org\/{rel}","templated":true}]}}