{"id":18235,"date":"2025-07-23T13:24:35","date_gmt":"2025-07-23T13:24:35","guid":{"rendered":"https:\/\/agroflex.cz\/product\/film-agricole-bache-pour-serre-tunnel-couverture-pour-serres-transparent\/"},"modified":"2025-09-22T14:54:08","modified_gmt":"2025-09-22T14:54:08","slug":"film-agricole-bache-pour-serre-tunnel-couverture-pour-serres-transparent","status":"publish","type":"product","link":"https:\/\/agroflex.cz\/fr\/produit\/film-agricole-bache-pour-serre-tunnel-couverture-pour-serres-transparent\/","title":{"rendered":"Agrofilm &#8211; Film polytunnel &#8211; Couverture de serre, transparente."},"content":{"rendered":"","protected":false},"excerpt":{"rendered":"<p>Film poly\u00e9thyl\u00e8ne r\u00e9sistant aux UV pour serres, couverture de serre.<\/p>\n<p>Dimensions&nbsp;:<\/p>\n<p>&#8211; largeur 600m<\/p>\n<p>&#8211; longueur 100m<\/p>\n<p>&#8211; \u00e9paisseur 100\u03bcm<\/p>\n<p>&#8211; superficie 600m2<\/p>\n<p>&#8211; film transparent<\/p>\n<p>couleur adapt\u00e9 pour couvrir des zones, polytunnels &#8211; exposition directe au soleil pendant 8 mois.<\/p>\n","protected":false},"featured_media":18237,"comment_status":"closed","ping_status":"closed","template":"","meta":[],"product_brand":[419],"product_cat":[523,524],"product_tag":[],"class_list":{"0":"post-18235","1":"product","2":"type-product","3":"status-publish","4":"has-post-thumbnail","6":"product_brand-agroflex","7":"product_cat-accessoires","8":"product_cat-film-agricole-transparent","10":"first","11":"instock","12":"sale","13":"taxable","14":"shipping-taxable","15":"purchasable","16":"product-type-simple"},"_links":{"self":[{"href":"https:\/\/agroflex.cz\/fr\/wp-json\/wp\/v2\/product\/18235","targetHints":{"allow":["GET"]}}],"collection":[{"href":"https:\/\/agroflex.cz\/fr\/wp-json\/wp\/v2\/product"}],"about":[{"href":"https:\/\/agroflex.cz\/fr\/wp-json\/wp\/v2\/types\/product"}],"replies":[{"embeddable":true,"href":"https:\/\/agroflex.cz\/fr\/wp-json\/wp\/v2\/comments?post=18235"}],"wp:featuredmedia":[{"embeddable":true,"href":"https:\/\/agroflex.cz\/fr\/wp-json\/wp\/v2\/media\/18237"}],"wp:attachment":[{"href":"https:\/\/agroflex.cz\/fr\/wp-json\/wp\/v2\/media?parent=18235"}],"wp:term":[{"taxonomy":"product_brand","embeddable":true,"href":"https:\/\/agroflex.cz\/fr\/wp-json\/wp\/v2\/product_brand?post=18235"},{"taxonomy":"product_cat","embeddable":true,"href":"https:\/\/agroflex.cz\/fr\/wp-json\/wp\/v2\/product_cat?post=18235"},{"taxonomy":"product_tag","embeddable":true,"href":"https:\/\/agroflex.cz\/fr\/wp-json\/wp\/v2\/product_tag?post=18235"}],"curies":[{"name":"wp","href":"https:\/\/api.w.org\/{rel}","templated":true}]}}