{"id":18396,"date":"2023-09-14T20:21:01","date_gmt":"2023-09-14T20:21:01","guid":{"rendered":"https:\/\/agroflex.cz\/product\/serre-en-polycarbonate-rimessa-l30v\/"},"modified":"2026-03-30T16:31:12","modified_gmt":"2026-03-30T16:31:12","slug":"serre-en-polycarbonate-rimessa-l30v","status":"publish","type":"product","link":"https:\/\/agroflex.cz\/fr\/produit\/serre-en-polycarbonate-rimessa-l30v\/","title":{"rendered":"Serre en polycarbonate RIMESSA L30V"},"content":{"rendered":"<div class=\"wpb-content-wrapper\"><p>[vc_row][vc_column][vc_separator style=\u00a0\u00bbshadow\u00a0\u00bb border_width=\u00a0\u00bb5&Prime;][vc_column_text css=\u00a0\u00bb\u00a0\u00bb text_larger=\u00a0\u00bbno\u00a0\u00bb woodmart_inline=\u00a0\u00bbno\u00a0\u00bb]<\/p>\n<h2 style=\"text-align: center;\">Serre de jardin en polycarbonate RIMESSA L30V<span id=\"1\" class=\"HALYaf KKjvXb\" role=\"tabpanel\"><\/span><\/h2>\n<p>La serre de jardin <span id=\"1\" class=\"HALYaf KKjvXb\" role=\"tabpanel\"><span class=\"zRhise\"><span class=\"PkjLuf \" title=\"Serre toute l\u2019ann\u00e9e\">d\u2019\u00e9questre toute l\u2019ann\u00e9e<\/span><\/span><\/span>en polycarbonate avec une combinaison de parois droites et d\u2019un toit vo\u00fbt\u00e9 RIMESSA L30V est un choix appropri\u00e9 pour les jardiniers \u00e0 la recherche d\u2019une structure fiable et durable pour la culture des plantes.<\/p>\n<p>La structure de la serre est en acier de haute qualit\u00e9, ce qui assure sa stabilit\u00e9 et sa r\u00e9sistance. Le rev\u00eatement est en polycarbonate durable, qui prot\u00e8ge les plantes de la lumi\u00e8re excessive du soleil et poss\u00e8de d\u2019excellentes propri\u00e9t\u00e9s d\u2019isolation. L\u2019assemblage est relativement simple gr\u00e2ce au kit d\u2019instructions fourni.  <\/p>\n<p>L\u2019acier de la structure est galvanis\u00e9 \u00e0 l\u2019ext\u00e9rieur et \u00e0 l\u2019int\u00e9rieur de l\u2019acier \u00e0 l\u2019aide de la m\u00e9thode dite \u00e0 chaud, gr\u00e2ce \u00e0 laquelle vous n\u2019aurez pas peur de la rouille tout au long de l\u2019exploitation. L\u2019acier galvanis\u00e9 est utilis\u00e9 comme mat\u00e9riau de tuyau. La serre a une double construction en acier avec une charge allant jusqu\u2019\u00e0 350 kg en acier de qualit\u00e9 40&#215;20 et 20&#215;20 d\u2019une \u00e9paisseur de 1 mm. Ils utilisent des accouplements carr\u00e9s (araign\u00e9e) pour relier les profil\u00e9s.    <\/p>\n<p>Les serres de cette s\u00e9rie sont tr\u00e8s solides et fiables. Ils sont con\u00e7us en tenant compte de toutes les conditions climatiques et peuvent r\u00e9sister non seulement \u00e0 des vents forts avec des rafales allant jusqu\u2019\u00e0 40 m \/ s, mais \u00e9galement \u00e0 une couche d\u2019un m\u00e8tre de neige. L\u2019avant et l\u2019arri\u00e8re avant ont des portes battantes, chaque porte contient des fen\u00eatres de ventilation. Serre en polycarbonate praticable des deux c\u00f4t\u00e9s.   <\/p>\n<p>Nous proposons \u00e9galement une variante plus large de la serre Agroflex <strong><a href=\"https:\/\/agroflex.cz\/produkt\/zahradni-sklenik-agroflex-rimessa-l40\/\"><span style=\"text-decoration: underline;\">Rimessa L40<\/span><\/a><\/strong> ou m\u00eame une variante plus \u00e9troite des serres <span style=\"text-decoration: underline;\"><strong><a href=\"https:\/\/agroflex.cz\/produkt\/sklenik-z-polykarbonatu-agroflex-rimessa-l25\/\">Rimessa L25<\/a><\/strong><\/span> ou <span style=\"text-decoration: underline;\"><strong><a href=\"https:\/\/agroflex.cz\/produkt\/zahradni-sklenik-agroflex-rimessa-l27\/\">Rimessa L27<\/a>.<\/strong><\/span>[\/vc_column_text][vc_separator][vc_column_text css=\u00a0\u00bb\u00a0\u00bb text_larger=\u00a0\u00bbno\u00a0\u00bb woodmart_inline=\u00a0\u00bbno\u00a0\u00bb]<\/p>\n<h4 style=\"text-align: center;\">Vitrage en polycarbonate<\/h4>\n<p>Polycarbonate creux premium certifi\u00e9 sp\u00e9cial pour les serres de jardin avec filtre UV. L\u2019avantage de ce produit est sa haute isolation thermique contre le verre. R\u00e9sistant aux dommages m\u00e9caniques, aux intemp\u00e9ries et \u00e0 la gr\u00eale. Translucidit\u00e9 exceptionnelle du polycarbonate (clart\u00e9 &#8211; jusqu\u2019\u00e0 86&nbsp;%).   <\/p>\n<p>Vous pouvez choisir parmi plusieurs mod\u00e8les, la serre de jardin RIMESSA L30V \u00e9quip\u00e9e de polycarbonate de 4 mm, 6 mm, qui garantit sans probl\u00e8me et une longue dur\u00e9e de vie. Pour les clients et les professionnels plus exigeants, nous proposons des versions de serres de jardin RIMESSA L30V \u00e9quip\u00e9es de polycarbonate de 8 mm \u00e0 10 mm. <\/p>\n<p>Le polycarbonate est fourni en rouleau et est fix\u00e9 \u00e0 la structure \u00e0 l\u2019aide de vis autotaraudeuses.[\/vc_column_text][\/vc_column][\/vc_row][vc_row][vc_column width=\u00a0\u00bb1\/2&Prime;][vc_separator style=\u00a0\u00bbshadow\u00a0\u00bb border_width=\u00a0\u00bb5&Prime;][vc_text_separator title=\u00a0\u00bbAccessoires recommand\u00e9s :\u00a0\u00bb title_align=\u00a0\u00bbseparator_align_left\u00a0\u00bb align=\u00a0\u00bbalign_left\u00a0\u00bb]<div class=\"widget_products \"><div class=\"widget woocommerce widget_products\"><ul class=\"product_list_widget\"><li>\n\t\t<span class=\"widget-product-wrap\">\n\t\t<a href=\"https:\/\/agroflex.cz\/fr\/produit\/aero-100-ouvre-fenetre-de-serre-automatique\/\" title=\"AERO-100 Ouvre-fen\u00eatre de serre automatique\" class=\"widget-product-img\">\n\t\t\t<img decoding=\"async\" width=\"300\" height=\"300\" src=\"https:\/\/agroflex.cz\/wp-content\/uploads\/2023\/09\/avtomat2-1-300x300.jpg\" class=\"attachment-woocommerce_thumbnail size-woocommerce_thumbnail\" alt=\"Olejov\u00fd p\u00edst do sklen\u00edku\" srcset=\"https:\/\/agroflex.cz\/wp-content\/uploads\/2023\/09\/avtomat2-1-300x300.jpg 300w, https:\/\/agroflex.cz\/wp-content\/uploads\/2023\/09\/avtomat2-1-150x150.jpg 150w, https:\/\/agroflex.cz\/wp-content\/uploads\/2023\/09\/avtomat2-1-600x600.jpg 600w, https:\/\/agroflex.cz\/wp-content\/uploads\/2023\/09\/avtomat2-1.jpg 690w\" sizes=\"(max-width: 300px) 100vw, 300px\" \/>\t\t<\/a>\n\t\t<span class=\"widget-product-info\">\n\t\t\t<a href=\"https:\/\/agroflex.cz\/fr\/produit\/aero-100-ouvre-fenetre-de-serre-automatique\/\" title=\"AERO-100 Ouvre-fen\u00eatre de serre automatique\" class=\"wd-entities-title\">\n\t\t\t\tAERO-100 Ouvre-fen\u00eatre de serre automatique\t\t\t<\/a>\n\t\t\t\t\t\t\t\t\t\t\t\t\t<span class=\"price\"><del aria-hidden=\"true\"><span class=\"woocommerce-Price-amount amount\"><bdi>1 632<span class=\"woocommerce-Price-currencySymbol\">&#75;&#269;<\/span><\/bdi><\/span><\/del> <span class=\"screen-reader-text\">Le prix initial \u00e9tait\u00a0: 1 632&#075;&#269;.<\/span><ins aria-hidden=\"true\"><span class=\"woocommerce-Price-amount amount\"><bdi>1 531<span class=\"woocommerce-Price-currencySymbol\">&#75;&#269;<\/span><\/bdi><\/span><\/ins><span class=\"screen-reader-text\">Le prix actuel est\u00a0: 1 531&#075;&#269;.<\/span><\/span>\n\t\t<\/span>\n\t<\/span>\n\t<\/li>\n<\/ul><\/div><\/div>[vc_separator style=\u00a0\u00bbshadow\u00a0\u00bb border_width=\u00a0\u00bb5&Prime;][vc_column_text text_larger=\u00a0\u00bbno\u00a0\u00bb woodmart_inline=\u00a0\u00bbno\u00a0\u00bb]<\/p>\n<h4 style=\"text-align: center;\"><span style=\"color: #000000;\">Param\u00e8tres de la serre :<\/span><\/h4>\n<table>\n<tbody>\n<tr style=\"height: 24px;\">\n<td style=\"width: 185.867px; height: 24px; text-align: left;\">Type de construction<\/td>\n<td style=\"width: 243.133px; height: 24px; text-align: right;\">Arches amovibles<\/td>\n<\/tr>\n<tr style=\"height: 24px;\">\n<td style=\"width: 185.867px; height: 24px; text-align: left;\">Charge<\/td>\n<p> admissible<\/p>\n<td style=\"width: 243.133px; height: 24px; text-align: right;\">350 kg\/m2<\/td>\n<\/tr>\n<tr style=\"height: 24px;\">\n<td style=\"width: 185.867px; height: 24px; text-align: left;\">Largeur<\/td>\n<td style=\"width: 243.133px; height: 24px; text-align: right;\">3 mois<\/td>\n<\/tr>\n<tr style=\"height: 24px;\">\n<td style=\"width: 185.867px; height: 24px; text-align: left;\">hauteur<\/td>\n<td style=\"width: 243.133px; height: 24px; text-align: right;\">2,27 m<\/td>\n<\/tr>\n<tr style=\"height: 24px;\">\n<td style=\"width: 185.867px; height: 24px; text-align: left;\">Longueur (variantes)<\/td>\n<td style=\"width: 243.133px; height: 24px; text-align: right;\">4,02 m ; 6,02 m ; 8,02 m ; 10,02 m ; 12,02 m (plus long &#8211; la modulation par incr\u00e9ments de 2 m est possible)<\/td>\n<\/tr>\n<tr style=\"height: 24px;\">\n<td style=\"width: 185.867px; height: 24px; text-align: left;\">Mat\u00e9riau du<\/td>\n<p> vitrage<\/p>\n<td style=\"width: 243.133px; height: 24px; text-align: right;\">Polycarbonate 4mm, 6mm, 8mm, 10mm<\/td>\n<\/tr>\n<tr style=\"height: 24px;\">\nPoids <\/p>\n<td style=\"width: 185.867px; height: 24px; text-align: left;\">de la surface<\/td>\n<td style=\"width: 243.133px; height: 24px; text-align: right;\">800 g\/m2 \u00e0 1700 g\/m2<\/td>\n<\/tr>\n<tr style=\"height: 24px;\">\n<td style=\"width: 185.867px; height: 24px; text-align: left;\">Protection UV du<\/td>\n<p> polycarbonate<\/p>\n<td style=\"width: 243.133px; height: 24px; text-align: right;\">oui<\/td>\n<\/tr>\n<tr style=\"height: 24px;\">\n<td style=\"width: 161.267px; height: 24px; text-align: left;\">Mat\u00e9riaux de construction<\/td>\n<td style=\"width: 292.733px; height: 24px; text-align: right;\">acier galvanis\u00e9<\/td>\n<\/tr>\n<tr style=\"height: 24px;\">\nRenfort <\/p>\n<td style=\"width: 161.267px; height: 24px; text-align: left;\">interne<\/td>\n<td style=\"width: 292.733px; height: 24px; text-align: right;\"> Double acier 40\u044520 et 20x20mm<\/td>\n<\/tr>\n<tr style=\"height: 24px;\">\n<td style=\"width: 161.267px; height: 24px; text-align: left;\">Barres d\u2019armature<\/td>\n<td style=\"width: 292.733px; height: 24px; text-align: right;\">7 lignes<\/td>\n<\/tr>\n<tr style=\"height: 24px;\">\nR\u00e9sistance de la paroi <\/p>\n<td style=\"width: 185.867px; height: 24px; text-align: left;\">en acier<\/td>\n<td style=\"width: 243.133px; height: 24px; text-align: right;\">1 millim\u00e8tre<\/td>\n<\/tr>\n<tr style=\"height: 35px;\">\n<td style=\"width: 185.867px; height: 35px; text-align: left;\">Distance entre les<\/td>\n<p> courbes<\/p>\n<td style=\"width: 243.133px; height: 35px; text-align: right;\">1 m\u00e8tre<\/td>\n<\/tr>\n<tr style=\"height: 24px;\">\n<td style=\"width: 170.4px; height: 24px; text-align: left;\">type<\/td>\n<td style=\"width: 268.6px; height: 24px; text-align: right;\">praticable des deux c\u00f4t\u00e9s<\/td>\n<\/tr>\n<tr style=\"height: 24px;\">\n<td style=\"width: 170.4px; height: 24px; text-align: left;\">Portes d\u2019entr\u00e9e<\/td>\n<td style=\"width: 268.6px; height: 24px; text-align: right;\">2 pi\u00e8ces<\/td>\n<\/tr>\n<tr style=\"height: 35px;\">\n<td style=\"width: 170.4px; height: 35px; text-align: left;\">Fen\u00eatre de ventilation avant<\/td>\n<td style=\"width: 268.6px; height: 35px; text-align: right;\">2 pi\u00e8ces<\/td>\n<\/tr>\n<tr style=\"height: 24px;\">\n<td style=\"width: 185.867px; height: 24px; text-align: left;\">Ancrage en polycarbonate<\/td>\n<td style=\"width: 243.133px; height: 24px; text-align: right;\">Vis avec rondelles et \u00e9crous M5<\/td>\n<\/tr>\n<tr style=\"height: 24px;\">\n<td style=\"width: 185.867px; height: 24px; text-align: left;\">pieds d\u2019ancrage \u00a0\u00bb T \u00bb<\/td>\n<td style=\"width: 243.133px; height: 24px; text-align: right;\">Inclus dans le forfait<\/td>\n<\/tr>\n<tr style=\"height: 24px;\">\n<td style=\"width: 185.867px; height: 24px; text-align: left;\">base<\/td>\n<td style=\"width: 243.133px; height: 24px; text-align: right;\">Nous recommandons<\/td>\n<\/tr>\n<tr style=\"height: 24px;\">\n<td style=\"width: 185.867px; height: 24px; text-align: left;\">Ancrage<\/td>\n<td style=\"width: 243.133px; height: 24px; text-align: right;\"><a href=\"https:\/\/agroflex.cz\/kategorie-produktu\/accessoires\/kotveni-skleniku\/\" target=\"_blank\" rel=\"noopener\">Produits<\/a> connexes<\/td>\n<\/tr>\n<tr style=\"height: 24px;\">\n<td style=\"width: 185.867px; height: 24px; text-align: left;\">Garantie polycarbonate<\/td>\n<td style=\"width: 243.133px; height: 24px; text-align: right;\">10 ans<\/td>\n<\/tr>\n<tr style=\"height: 35px;\">\n<td style=\"width: 185.867px; height: 35px; text-align: left;\">Garantie de construction<\/td>\n<td style=\"width: 243.133px; height: 35px; text-align: right;\">5 ans<\/td>\n<\/tr>\n<\/tbody>\n<\/table>\n<p><span style=\"font-size: 10pt;\">Au cas o\u00f9 vous ne voudriez pas vous soucier de l\u2019assemblage des accessoires de serre n\u00e9cessaires, nous proposons divers <a href=\"https:\/\/agroflex.cz\/kategorie-produktu\/accessoires\/sada-prislusenstvi\/\"><strong>ensembles complets \/ ensembles d\u2019accessoires de serre.<\/strong><\/a><\/span>[\/vc_column_text][vc_separator style=\u00a0\u00bbshadow\u00a0\u00bb border_width=\u00a0\u00bb5&Prime;][\/vc_column][vc_column width=\u00a0\u00bb1\/2&Prime;][vc_separator style=\u00a0\u00bbshadow\u00a0\u00bb border_width=\u00a0\u00bb5&Prime;][vc_column_text text_larger=\u00a0\u00bbno\u00a0\u00bb woodmart_inline=\u00a0\u00bbno\u00a0\u00bb]<\/p>\n<div class=\"vc_row wpb_row vc_row-fluid\">\n<div class=\"wpb_column vc_column_container vc_col-sm-12\">\n<div class=\"vc_column-inner\">\n<div class=\"wpb_wrapper\">\n<div class=\"wpb_text_column wpb_content_element\">\n<div class=\"wpb_wrapper\">\n<h4 style=\"text-align: center;\">Fondations pour une serre<\/h4>\n<p>Pour assurer la durabilit\u00e9 de la serre, il est recommand\u00e9 de l\u2019installer sur une base pr\u00e9-pr\u00e9par\u00e9e &#8211; une fondation, r\u00e9alis\u00e9e sur la base de ses dimensions autour du p\u00e9rim\u00e8tre de la base, par exemple, sous la forme d\u2019un cadre d\u2019une \u00e9paisseur de 100&#8230; 200 mm, ce qui r\u00e9duira consid\u00e9rablement l\u2019activit\u00e9 de corrosion. Le cadre de la serre doit \u00eatre fix\u00e9 \u00e0 la fondation avec des vis ou des clous pour \u00e9viter qu\u2019il ne se renverse par vent fort. <\/p>\n<p>La serre de jardin peut \u00eatre fix\u00e9e selon la priorit\u00e9 de chaque client, elle peut \u00eatre install\u00e9e dans le sol (la fixation est assur\u00e9e par des pieds d\u2019ancrage), des prismes en bois 10 x 10cm ou sur un socle en b\u00e9ton. Le cadre de la serre doit \u00eatre fix\u00e9 \u00e0 la fondation \u00e0 l\u2019aide de vis ou de clous pour \u00e9viter qu\u2019elle ne se renverse sous l\u2019influence de fortes rafales de vent.  Cependant, en g\u00e9n\u00e9ral, l\u2019ancrage \u00e0 une base en b\u00e9ton est un meilleur choix qui r\u00e9duira consid\u00e9rablement l\u2019activit\u00e9 de corrosion.<\/p>\n<\/div>\n<\/div>\n<\/div>\n<\/div>\n<\/div>\n<\/div>\n<p>[\/vc_column_text]<div class=\"widget_products \"><div class=\"widget woocommerce widget_products\"><ul class=\"product_list_widget\"><li>\n\t\t<span class=\"widget-product-wrap\">\n\t\t<a href=\"https:\/\/agroflex.cz\/fr\/produit\/base-en-tole-botanik-pour-serres\/\" title=\"Base en t\u00f4le Botanik pour serres\" class=\"widget-product-img\">\n\t\t\t<img decoding=\"async\" width=\"300\" height=\"300\" src=\"https:\/\/agroflex.cz\/wp-content\/uploads\/2023\/09\/Zakladna-pro-zahradni-skleniky-Agroflex-300x300.jpg\" class=\"attachment-woocommerce_thumbnail size-woocommerce_thumbnail\" alt=\"\" srcset=\"https:\/\/agroflex.cz\/wp-content\/uploads\/2023\/09\/Zakladna-pro-zahradni-skleniky-Agroflex-300x300.jpg 300w, https:\/\/agroflex.cz\/wp-content\/uploads\/2023\/09\/Zakladna-pro-zahradni-skleniky-Agroflex-150x150.jpg 150w\" sizes=\"(max-width: 300px) 100vw, 300px\" \/>\t\t<\/a>\n\t\t<span class=\"widget-product-info\">\n\t\t\t<a href=\"https:\/\/agroflex.cz\/fr\/produit\/base-en-tole-botanik-pour-serres\/\" title=\"Base en t\u00f4le Botanik pour serres\" class=\"wd-entities-title\">\n\t\t\t\tBase en t\u00f4le Botanik pour serres\t\t\t<\/a>\n\t\t\t\t\t\t\t\t\t\t\t\t\t<span class=\"price\"><span class=\"woocommerce-Price-amount amount\" aria-hidden=\"true\"><bdi>968<span class=\"woocommerce-Price-currencySymbol\">&#75;&#269;<\/span><\/bdi><\/span> <span aria-hidden=\"true\">\u00a0\u2013\u00a0<\/span> <span class=\"woocommerce-Price-amount amount\" aria-hidden=\"true\"><bdi>3 267<span class=\"woocommerce-Price-currencySymbol\">&#75;&#269;<\/span><\/bdi><\/span><span class=\"screen-reader-text\">Plage de prix\u00a0: 968&#75;&#269; \u00e0 3 267&#75;&#269;<\/span><\/span>\n\t\t<\/span>\n\t<\/span>\n\t<\/li>\n<\/ul><\/div><\/div>[vc_separator style=\u00a0\u00bbshadow\u00a0\u00bb border_width=\u00a0\u00bb5&Prime;][vc_column_text css=\u00a0\u00bb\u00a0\u00bb text_larger=\u00a0\u00bbno\u00a0\u00bb woodmart_inline=\u00a0\u00bbno\u00a0\u00bb]<\/p>\n<div class=\"vc_row wpb_row vc_row-fluid\">\n<div class=\"wpb_column vc_column_container vc_col-sm-12\">\n<div class=\"vc_column-inner\">\n<div class=\"wpb_wrapper\">\n<div class=\"wpb_text_column wpb_content_element\">\n<div class=\"wpb_wrapper\">\n<h5 style=\"text-align: center;\">Fixations<\/h5>\n<p>L\u2019assemblage d\u2019une serre est \u00e9galement simple et ne n\u00e9cessite pas de comp\u00e9tences particuli\u00e8res. Seul un ensemble minimal d\u2019outils est n\u00e9cessaire \u2013 une cl\u00e9, un tournevis, un couteau. Vous recevrez des instructions d\u00e9taill\u00e9es avec la serre. Les instructions illustr\u00e9es simplifieront davantage le processus de construction d\u2019une serre,   <\/p>\n<p>Si vous n\u2019avez pas le temps de l\u2019installer, <a href=\"https:\/\/agroflex.cz\/montaz-skleniku\/\" target=\"_blank\" rel=\"noopener\"><strong>vous pouvez commander l\u2019installation<\/strong><\/a> aupr\u00e8s de nos sp\u00e9cialistes, qui assembleront tout pour vous avec une grande expertise et dans les plus brefs d\u00e9lais. Bien que l\u2019assemblage de l\u2019ensemble de la serre soit simple, il faut le plus de temps pour couper et d\u00e9limiter le polycarbonate et le monter sur les deux c\u00f4t\u00e9s avant de la serre. C\u2019est pourquoi nous vous offrons la possibilit\u00e9 de commander cette partie <a href=\"https:\/\/agroflex.cz\/montaz-skleniku\/\" target=\"_blank\" rel=\"noopener\"><strong>de l\u2019assemblage<\/strong><\/a>, qui est effectu\u00e9e dans notre entrep\u00f4t, vous recevrez les deux faces avant remplies de polycarbonate du transporteur.  <\/p>\n<p>La serre peut \u00eatre modifi\u00e9e et la mise en \u0153uvre d\u2019extensions est possible \u00e0 l\u2019avenir, de sorte que la longueur th\u00e9orique de la serre est illimit\u00e9e<\/p>\n<\/div>\n<\/div>\n<\/div>\n<\/div>\n<\/div>\n<\/div>\n<p>[\/vc_column_text][vc_separator style=\u00a0\u00bbshadow\u00a0\u00bb border_width=\u00a0\u00bb5&Prime;][vc_column_text woodmart_inline=\u00a0\u00bbno\u00a0\u00bb text_larger=\u00a0\u00bbno\u00a0\u00bb]<\/p>\n<h4 style=\"text-align: center;\">Alternatives<\/h4>\n<p>[\/vc_column_text]<div class=\"widget_products \"><div class=\"widget woocommerce widget_products\"><ul class=\"product_list_widget\"><li>\n\t\t<span class=\"widget-product-wrap\">\n\t\t<a href=\"https:\/\/agroflex.cz\/fr\/produit\/serre-en-polycarbonate-haut-de-gamme-titan-lux\/\" title=\"Serre en polycarbonate haut de gamme TITAN LUX\" class=\"widget-product-img\">\n\t\t\t<img decoding=\"async\" width=\"300\" height=\"300\" src=\"https:\/\/agroflex.cz\/wp-content\/uploads\/2023\/09\/zahradni-sklenik-300x300.jpg\" class=\"attachment-woocommerce_thumbnail size-woocommerce_thumbnail\" alt=\"polykarbon\u00e1tov\u00fd sklen\u00edk\" \/>\t\t<\/a>\n\t\t<span class=\"widget-product-info\">\n\t\t\t<a href=\"https:\/\/agroflex.cz\/fr\/produit\/serre-en-polycarbonate-haut-de-gamme-titan-lux\/\" title=\"Serre en polycarbonate haut de gamme TITAN LUX\" class=\"wd-entities-title\">\n\t\t\t\tSerre en polycarbonate haut de gamme TITAN LUX\t\t\t<\/a>\n\t\t\t\t\t\t\t<div class=\"star-rating\" role=\"img\" aria-label=\"Note 5.00 sur 5\"><span style=\"width:100%\">Note <strong class=\"rating\">5.00<\/strong> sur 5<\/span><\/div>\t\t\t\t\t\t<span class=\"price\"><span class=\"woocommerce-Price-amount amount\" aria-hidden=\"true\"><bdi>22 363<span class=\"woocommerce-Price-currencySymbol\">&#75;&#269;<\/span><\/bdi><\/span> <span aria-hidden=\"true\">\u00a0\u2013\u00a0<\/span> <span class=\"woocommerce-Price-amount amount\" aria-hidden=\"true\"><bdi>67 086<span class=\"woocommerce-Price-currencySymbol\">&#75;&#269;<\/span><\/bdi><\/span><span class=\"screen-reader-text\">Plage de prix\u00a0: 22 363&#75;&#269; \u00e0 67 086&#75;&#269;<\/span><\/span>\n\t\t<\/span>\n\t<\/span>\n\t<\/li>\n<\/ul><\/div><\/div>[vc_separator style=\u00a0\u00bbshadow\u00a0\u00bb border_width=\u00a0\u00bb5&Prime;][\/vc_column][\/vc_row]<\/p>\n<\/div>","protected":false},"excerpt":{"rendered":"<p><span style=\"font-size: 10pt;\"><span style=\"color: #ff0000;\"><strong>Retour au d\u00e9but!  <\/strong><\/span>La largeur de la serre est de 3 m, la hauteur de 2,27 m, la longueur de 2 m. Cette serre en polycarbonate est id\u00e9ale pour les cultivateurs exigeants et est con\u00e7ue pour la culture de plantes hautes. Il a une double construction ultra-r\u00e9sistante, galvanis\u00e9e en acier. Le polycarbonate sp\u00e9cial avec un filtre UV est r\u00e9sistant \u00e0 la gr\u00eale. La serre est \u00e9galement adapt\u00e9e aux zones montagneuses, r\u00e9sistantes au vent et \u00e0 la neige.    <\/span><\/p>\n<div class=\"mb-2 flex gap-3 empty:hidden -ml-2\">\n<div class=\"items-center justify-start rounded-xl p-1 flex\">\n<div class=\"flex items-center\"><\/div>\n<\/div>\n<\/div>\n<p><span style=\"font-size: 10pt;\"> <\/span><\/p>\n","protected":false},"featured_media":18404,"comment_status":"open","ping_status":"closed","template":"","meta":[],"product_brand":[419],"product_cat":[479,687,686],"product_tag":[],"class_list":{"0":"post-18396","1":"product","2":"type-product","3":"status-publish","4":"has-post-thumbnail","6":"product_brand-agroflex","7":"product_cat-serres-en-polycarbonate","8":"product_cat-serres-de-jardin-evenements","9":"product_cat-serres-de-type-a","11":"first","12":"onbackorder","13":"sale","14":"taxable","15":"shipping-taxable","16":"purchasable","17":"product-type-variable","18":"has-default-attributes"},"_links":{"self":[{"href":"https:\/\/agroflex.cz\/fr\/wp-json\/wp\/v2\/product\/18396","targetHints":{"allow":["GET"]}}],"collection":[{"href":"https:\/\/agroflex.cz\/fr\/wp-json\/wp\/v2\/product"}],"about":[{"href":"https:\/\/agroflex.cz\/fr\/wp-json\/wp\/v2\/types\/product"}],"replies":[{"embeddable":true,"href":"https:\/\/agroflex.cz\/fr\/wp-json\/wp\/v2\/comments?post=18396"}],"wp:featuredmedia":[{"embeddable":true,"href":"https:\/\/agroflex.cz\/fr\/wp-json\/wp\/v2\/media\/18404"}],"wp:attachment":[{"href":"https:\/\/agroflex.cz\/fr\/wp-json\/wp\/v2\/media?parent=18396"}],"wp:term":[{"taxonomy":"product_brand","embeddable":true,"href":"https:\/\/agroflex.cz\/fr\/wp-json\/wp\/v2\/product_brand?post=18396"},{"taxonomy":"product_cat","embeddable":true,"href":"https:\/\/agroflex.cz\/fr\/wp-json\/wp\/v2\/product_cat?post=18396"},{"taxonomy":"product_tag","embeddable":true,"href":"https:\/\/agroflex.cz\/fr\/wp-json\/wp\/v2\/product_tag?post=18396"}],"curies":[{"name":"wp","href":"https:\/\/api.w.org\/{rel}","templated":true}]}}