{"id":18760,"date":"2023-09-14T18:41:26","date_gmt":"2023-09-14T18:41:26","guid":{"rendered":"https:\/\/agroflex.cz\/product\/serre-de-jardin-haut-de-gamme-optima-lux\/"},"modified":"2025-09-19T08:05:41","modified_gmt":"2025-09-19T08:05:41","slug":"serre-de-jardin-haut-de-gamme-optima-lux","status":"publish","type":"product","link":"https:\/\/agroflex.cz\/fr\/produit\/serre-de-jardin-haut-de-gamme-optima-lux\/","title":{"rendered":"Serre de jardin haut de gamme OPTIMA LUX"},"content":{"rendered":"<div class=\"wpb-content-wrapper\"><p>[vc_row][vc_column][vc_separator style=\u00a0\u00bbshadow\u00a0\u00bb border_width=\u00a0\u00bb5&Prime;][vc_column_text css=\u00a0\u00bb\u00a0\u00bb text_larger=\u00a0\u00bbno\u00a0\u00bb woodmart_inline=\u00a0\u00bbno\u00a0\u00bb]<\/p>\n<h2 style=\"text-align: center;\"><strong>  Serre en polycarbonate OPTIMA LUX<\/strong><\/h2>\n<p>Belle <span id=\"1\" class=\"HALYaf KKjvXb\" role=\"tabpanel\"><span class=\"zRhise\"><span class=\"PkjLuf \" title=\"Serre toute l\u2019ann\u00e9e\">serre professionnelle toute l\u2019ann\u00e9e<\/span><\/span><\/span> en polycarbonate OPTIMA LUX a une conception renforc\u00e9e, une serre extr\u00eamement durable de qualit\u00e9 sup\u00e9rieure. La principale diff\u00e9rence avec la plupart des serres est la poutre \u00e0 double arche. L\u2019acier galvanis\u00e9 est recouvert d\u2019un rev\u00eatement polym\u00e8re fabriqu\u00e9 par Jotun (Norv\u00e8ge). Ce mod\u00e8le de serre pr\u00e9sente des avantages uniques. De plus, il y a un autre avantage indispensable de cette serre, \u00e0 savoir \u00ab\u00a0la protection contre la corrosion. Le zinc prot\u00e8ge le m\u00e9tal de la corrosion, et le rev\u00eatement qui en r\u00e9sulte prot\u00e8ge la galvanisation elle-m\u00eame.     <\/p>\n<p>Espacement des arcs 0,65 cm, Construction avec une charge allant jusqu\u2019\u00e0 350 kg \/ m2 en acier 20\u00d720 de haute qualit\u00e9 d\u2019une \u00e9paisseur de 1,2 mm, ce qui est plus que les serres similaires d\u2019autres fabricants. Ils utilisent des connecteurs carr\u00e9s (araign\u00e9e) pour relier l\u2019acier. L\u2019avant et l\u2019arri\u00e8re avant ont des portes battantes, chaque porte contient des fen\u00eatres de ventilation. Serre praticable des deux c\u00f4t\u00e9s.   <\/p>\n<h4 style=\"text-align: center;\"><strong>AVANTAGES ET AVANTAGES DE LA SERRE :<br \/>\n<\/strong><\/h4>\n<p>Les serres de cette s\u00e9rie sont tr\u00e8s solides et fiables. Ils sont con\u00e7us en tenant compte de toutes les conditions climatiques et peuvent r\u00e9sister non seulement \u00e0 des vents forts avec des rafales allant jusqu\u2019\u00e0 30 m \/ s, mais \u00e9galement \u00e0 une couche d\u2019un m\u00e8tre de neige. Il est \u00e0 noter que gr\u00e2ce \u00e0 la structure arqu\u00e9e, lors du d\u00e9gel, la neige glisse d\u2019elle-m\u00eame de la serre.  <\/p>\n<p>Vous n\u2019avez donc pas besoin d\u2019aller dans vos jardins m\u00eame pendant la p\u00e9riode o\u00f9 vos serres sont particuli\u00e8rement enneig\u00e9es. Seuls nos clients n\u2019ont pas \u00e0 se soucier de l\u2019entretien et du nettoyage des serres. <\/p>\n<p>Un contr\u00f4le de qualit\u00e9 accru \u00e0 chaque \u00e9tape de la production nous permet d\u2019\u00eatre s\u00fbrs de la qualit\u00e9 et de la fiabilit\u00e9 des serres et nous pouvons garantir une prolongation de la dur\u00e9e de vie \u00e0 20 ans.[\/vc_column_text][vc_separator][vc_column_text css=\u00a0\u00bb\u00a0\u00bb text_larger=\u00a0\u00bbno\u00a0\u00bb woodmart_inline=\u00a0\u00bbno\u00a0\u00bb]<\/p>\n<div class=\"vc_row wpb_row vc_row-fluid\">\n<div class=\"wpb_column vc_column_container vc_col-sm-12\">\n<div class=\"vc_column-inner\">\n<div class=\"wpb_wrapper\">\n<div class=\"wpb_text_column wpb_content_element\">\n<div class=\"wpb_wrapper\">\n<h4 style=\"text-align: center;\">Vitrage en polycarbonate<\/h4>\n<p>Polycarbonate creux certifi\u00e9 sp\u00e9cial pour les serres avec filtre UV. L\u2019avantage de ce produit est sa haute isolation thermique contre le verre. R\u00e9sistant aux dommages m\u00e9caniques, aux intemp\u00e9ries et \u00e0 la gr\u00eale. Translucidit\u00e9 exceptionnelle du polycarbonate (clart\u00e9 \u2013 jusqu\u2019\u00e0 86 %).   <\/p>\n<p>Vous pouvez choisir parmi plusieurs mod\u00e8les, la serre OPTIMA LUX \u00e9quip\u00e9e de polycarbonate de 4 mm, 6 mm, ce qui garantit sans probl\u00e8me et une longue dur\u00e9e de vie. Pour les clients plus exigeants et les professionnels, nous proposons des versions de serre OPTIMA LUX \u00e9quip\u00e9es de polycarbonate de 8 mm. <\/p>\n<p>Le polycarbonate est fourni en rouleau et est fix\u00e9 \u00e0 la structure \u00e0 l\u2019aide de vis autotaraudeuses.<\/p>\n<\/div>\n<\/div>\n<\/div>\n<\/div>\n<\/div>\n<\/div>\n<p>[\/vc_column_text][\/vc_column][\/vc_row][vc_row][vc_column width=\u00a0\u00bb1\/2&Prime;][vc_separator style=\u00a0\u00bbshadow\u00a0\u00bb border_width=\u00a0\u00bb5&Prime;][vc_text_separator title=\u00a0\u00bbAccessoires recommand\u00e9s :\u00a0\u00bb title_align=\u00a0\u00bbseparator_align_left\u00a0\u00bb align=\u00a0\u00bbalign_left\u00a0\u00bb style=\u00a0\u00bbdotted\u00a0\u00bb]<div class=\"widget_products \"><div class=\"widget woocommerce widget_products\"><ul class=\"product_list_widget\"><li>\n\t\t<span class=\"widget-product-wrap\">\n\t\t<a href=\"https:\/\/agroflex.cz\/fr\/produit\/aero-100-ouvre-fenetre-de-serre-automatique\/\" title=\"AERO-100 Ouvre-fen\u00eatre de serre automatique\" class=\"widget-product-img\">\n\t\t\t<img decoding=\"async\" width=\"300\" height=\"300\" src=\"https:\/\/agroflex.cz\/wp-content\/uploads\/2023\/09\/avtomat2-1-300x300.jpg\" class=\"attachment-woocommerce_thumbnail size-woocommerce_thumbnail\" alt=\"Olejov\u00fd p\u00edst do sklen\u00edku\" srcset=\"https:\/\/agroflex.cz\/wp-content\/uploads\/2023\/09\/avtomat2-1-300x300.jpg 300w, https:\/\/agroflex.cz\/wp-content\/uploads\/2023\/09\/avtomat2-1-150x150.jpg 150w, https:\/\/agroflex.cz\/wp-content\/uploads\/2023\/09\/avtomat2-1-600x600.jpg 600w, https:\/\/agroflex.cz\/wp-content\/uploads\/2023\/09\/avtomat2-1.jpg 690w\" sizes=\"(max-width: 300px) 100vw, 300px\" \/>\t\t<\/a>\n\t\t<span class=\"widget-product-info\">\n\t\t\t<a href=\"https:\/\/agroflex.cz\/fr\/produit\/aero-100-ouvre-fenetre-de-serre-automatique\/\" title=\"AERO-100 Ouvre-fen\u00eatre de serre automatique\" class=\"wd-entities-title\">\n\t\t\t\tAERO-100 Ouvre-fen\u00eatre de serre automatique\t\t\t<\/a>\n\t\t\t\t\t\t\t\t\t\t\t\t\t<span class=\"price\"><del aria-hidden=\"true\"><span class=\"woocommerce-Price-amount amount\"><bdi>1 632<span class=\"woocommerce-Price-currencySymbol\">&#75;&#269;<\/span><\/bdi><\/span><\/del> <span class=\"screen-reader-text\">Le prix initial \u00e9tait\u00a0: 1 632&#075;&#269;.<\/span><ins aria-hidden=\"true\"><span class=\"woocommerce-Price-amount amount\"><bdi>1 531<span class=\"woocommerce-Price-currencySymbol\">&#75;&#269;<\/span><\/bdi><\/span><\/ins><span class=\"screen-reader-text\">Le prix actuel est\u00a0: 1 531&#075;&#269;.<\/span><\/span>\n\t\t<\/span>\n\t<\/span>\n\t<\/li>\n<\/ul><\/div><\/div>[vc_separator style=\u00a0\u00bbshadow\u00a0\u00bb border_width=\u00a0\u00bb5&Prime;][vc_column_text css=\u00a0\u00bb\u00a0\u00bb text_larger=\u00a0\u00bbno\u00a0\u00bb woodmart_inline=\u00a0\u00bbno\u00a0\u00bb]<\/p>\n<h5 style=\"text-align: center;\"><span style=\"color: #000000;\"><strong>Param\u00e8tres de la serre :<\/strong><\/span><\/h5>\n<table>\n<tbody>\n<tr style=\"height: 24px;\">\n<td style=\"width: 185.867px; height: 24px; text-align: center;\">Type de construction<\/td>\n<td style=\"width: 243.133px; height: 24px; text-align: center;\">Arceaux amovibles &#8211; se composent de deux parties<\/td>\n<\/tr>\n<tr style=\"height: 24px;\">\n<td style=\"width: 185.867px; height: 24px; text-align: center;\">Charge<\/td>\n<p> admissible<\/p>\n<td style=\"width: 243.133px; height: 24px; text-align: center;\">300 kg\/m2<\/td>\n<\/tr>\n<tr style=\"height: 24px;\">\nr\u00e9sistance <\/p>\n<td style=\"width: 185.867px; height: 24px; text-align: center;\">au vent<\/td>\n<td style=\"width: 243.133px; height: 24px; text-align: center;\">30 m\/s<\/td>\n<\/tr>\n<tr style=\"height: 24px;\">\n<td style=\"width: 185.867px; height: 24px; text-align: center;\">Largeur<\/td>\n<td style=\"width: 243.133px; height: 24px; text-align: center;\">2,5 m<\/td>\n<\/tr>\n<tr style=\"height: 24px;\">\n<td style=\"width: 185.867px; height: 24px; text-align: center;\">hauteur<\/td>\n<td style=\"width: 243.133px; height: 24px; text-align: center;\">2,25 m<\/td>\n<\/tr>\n<tr style=\"height: 24px;\">\n<td style=\"width: 185.867px; height: 24px; text-align: center;\">Longueur (variantes)<\/td>\n<td style=\"width: 243.133px; height: 24px; text-align: center;\">4 m ; 6 m ; 8 m ; (modulation par incr\u00e9ments de 2 m)<\/td>\n<\/tr>\n<tr style=\"height: 24px;\">\n<td style=\"width: 185.867px; height: 24px; text-align: center;\">Mat\u00e9riau du<\/td>\n<p> vitrage<\/p>\n<td style=\"width: 243.133px; height: 24px; text-align: center;\">polycarbonate 4mm, 6mm, 8mm<\/td>\n<\/tr>\n<tr style=\"height: 24px;\">\n<td style=\"width: 185.867px; height: 24px; text-align: center;\">Protection<\/td>\n<p> UV<\/p>\n<td style=\"width: 243.133px; height: 24px; text-align: center;\">oui<\/td>\n<\/tr>\n<tr style=\"height: 24px;\">\n<td style=\"width: 185.867px; height: 24px; text-align: center;\">Dimensions des planches<\/td>\n<td style=\"width: 243.133px; height: 24px; text-align: center;\">6 x 2,1 m<\/td>\n<\/tr>\n<tr style=\"height: 24px;\">\n<td style=\"width: 185.867px; height: 10px; text-align: center;\">Mat\u00e9riaux de construction<\/td>\n<td style=\"width: 243.133px; height: 10px; text-align: center;\">Acier galvanis\u00e9 enduit de poudre<\/td>\n<\/tr>\n<tr style=\"height: 24px;\">\nR\u00e9sistance de la paroi <\/p>\n<td style=\"width: 185.867px; height: 24px; text-align: center;\">en acier<\/td>\n<td style=\"width: 243.133px; height: 24px; text-align: center;\">1,2 mm (plus que les serres similaires d\u2019autres fabricants)<\/td>\n<\/tr>\n<tr style=\"height: 35px;\">\n<td style=\"width: 185.867px; height: 35px; text-align: center;\">Distance entre les<\/td>\n<p> courbes<\/p>\n<td style=\"width: 243.133px; height: 35px; text-align: center;\">0,65 m<\/td>\n<\/tr>\n<tr style=\"height: 35px;\">\n<td style=\"width: 185.867px; height: 35px; text-align: center;\">Barres de renfort d\u2019arche<\/td>\n<td style=\"width: 243.133px; height: 35px; text-align: center;\">3 lignes<\/td>\n<\/tr>\n<tr style=\"height: 24px;\">\n<td style=\"width: 170.4px; height: 24px; text-align: center;\">type<\/td>\n<td style=\"width: 268.6px; height: 24px; text-align: center;\">praticable des deux c\u00f4t\u00e9s<\/td>\n<\/tr>\n<tr style=\"height: 24px;\">\n<td style=\"width: 170.4px; height: 24px; text-align: center;\">Portes d\u2019entr\u00e9e<\/td>\n<td style=\"width: 268.6px; height: 24px; text-align: center;\">2 pi\u00e8ces<\/td>\n<\/tr>\n<tr style=\"height: 35px;\">\n<td style=\"width: 170.4px; height: 35px; text-align: center;\">Fen\u00eatre de ventilation avant<\/td>\n<td style=\"width: 268.6px; height: 35px; text-align: center;\">2 pi\u00e8ces<\/td>\n<\/tr>\n<tr style=\"height: 24px;\">\n<td style=\"width: 185.867px; height: 24px; text-align: center;\">Ancrage en polycarbonate<\/td>\n<td style=\"width: 243.133px; height: 24px; text-align: center;\">Vis avec rondelles et \u00e9crous M5<\/td>\n<\/tr>\n<tr style=\"height: 24px;\">\n<td style=\"width: 185.867px; height: 24px; text-align: center;\">Ancrage au sol<\/td>\n<td style=\"width: 243.133px; height: 24px; text-align: center;\"><a href=\"https:\/\/agroflex.cz\/kategorie-produktu\/accessoires\/kotveni-skleniku\/\" target=\"_blank\" rel=\"noopener\">Produits<\/a> connexes<\/td>\n<\/tr>\n<tr style=\"height: 24px;\">\n<td style=\"width: 185.867px; height: 24px; text-align: center;\">Garantie polycarbonate<\/td>\n<td style=\"width: 243.133px; height: 24px; text-align: center;\">10 ans<\/td>\n<\/tr>\n<tr style=\"height: 35px;\">\n<td style=\"width: 185.867px; height: 35px; text-align: center;\">Garantie de construction<\/td>\n<td style=\"width: 243.133px; height: 35px; text-align: center;\">5 ans<\/td>\n<\/tr>\n<tr style=\"height: 24px;\">\n<td style=\"width: 185.867px; height: 24px; text-align: center;\">base<\/td>\n<td style=\"width: 243.133px; height: 24px; text-align: center;\">Pas n\u00e9cessaire<\/td>\n<\/tr>\n<\/tbody>\n<\/table>\n<p><span style=\"font-size: 10pt;\">Au cas o\u00f9 vous ne voudriez pas vous soucier de l\u2019assemblage des accessoires de serre n\u00e9cessaires, nous proposons divers <\/span><a href=\"https:\/\/agroflex.cz\/kategorie-produktu\/accessoires\/sada-prislusenstvi\/\"><strong><span style=\"font-size: 10pt;\">ensembles complets \/ ensembles d\u2019accessoires de serre.<\/span><\/strong><\/a>[\/vc_column_text][vc_separator style=\u00a0\u00bbshadow\u00a0\u00bb border_width=\u00a0\u00bb5&Prime;][\/vc_column][vc_column width=\u00a0\u00bb1\/2&Prime;][vc_separator style=\u00a0\u00bbshadow\u00a0\u00bb border_width=\u00a0\u00bb5&Prime;][vc_column_text css=\u00a0\u00bb\u00a0\u00bb text_larger=\u00a0\u00bbno\u00a0\u00bb woodmart_inline=\u00a0\u00bbno\u00a0\u00bb]<\/p>\n<div class=\"vc_row wpb_row vc_row-fluid\">\n<div class=\"wpb_column vc_column_container vc_col-sm-12\">\n<div class=\"vc_column-inner\">\n<div class=\"wpb_wrapper\">\n<div class=\"wpb_text_column wpb_content_element\">\n<div class=\"wpb_wrapper\">\n<h4 style=\"text-align: center;\">Fondations pour une serre<\/h4>\n<p>Pour assurer la durabilit\u00e9 de la serre, il est recommand\u00e9 de l\u2019installer sur une base pr\u00e9-pr\u00e9par\u00e9e &#8211; une fondation, r\u00e9alis\u00e9e sur la base de ses dimensions autour du p\u00e9rim\u00e8tre de la base, par exemple, sous la forme d\u2019un cadre d\u2019une \u00e9paisseur de 100&#8230; 200 mm, ce qui r\u00e9duira consid\u00e9rablement l\u2019activit\u00e9 de corrosion. Le cadre de la serre doit \u00eatre fix\u00e9 \u00e0 la fondation avec des vis ou des clous pour \u00e9viter qu\u2019il ne se renverse par vent fort. <\/p>\n<p>La serre peut \u00eatre fix\u00e9e selon la priorit\u00e9 de chaque client, elle peut \u00eatre install\u00e9e dans le sol (la fixation est assur\u00e9e par des pieds d\u2019ancrage), des prismes en bois de 10 x 10 cm ou sur un socle en b\u00e9ton. Cependant, en g\u00e9n\u00e9ral, l\u2019ancrage \u00e0 une base en b\u00e9ton est un meilleur choix qui r\u00e9duira consid\u00e9rablement l\u2019activit\u00e9 de corrosion. <\/p>\n<\/div>\n<\/div>\n<\/div>\n<\/div>\n<\/div>\n<\/div>\n<p>[\/vc_column_text]<div class=\"widget_products \"><div class=\"widget woocommerce widget_products\"><ul class=\"product_list_widget\"><li>\n\t\t<span class=\"widget-product-wrap\">\n\t\t<a href=\"https:\/\/agroflex.cz\/fr\/produit\/base-en-tole-botanik-pour-serres\/\" title=\"Base en t\u00f4le Botanik pour serres\" class=\"widget-product-img\">\n\t\t\t<img decoding=\"async\" width=\"300\" height=\"300\" src=\"https:\/\/agroflex.cz\/wp-content\/uploads\/2023\/09\/Zakladna-pro-zahradni-skleniky-Agroflex-300x300.jpg\" class=\"attachment-woocommerce_thumbnail size-woocommerce_thumbnail\" alt=\"\" srcset=\"https:\/\/agroflex.cz\/wp-content\/uploads\/2023\/09\/Zakladna-pro-zahradni-skleniky-Agroflex-300x300.jpg 300w, https:\/\/agroflex.cz\/wp-content\/uploads\/2023\/09\/Zakladna-pro-zahradni-skleniky-Agroflex-150x150.jpg 150w\" sizes=\"(max-width: 300px) 100vw, 300px\" \/>\t\t<\/a>\n\t\t<span class=\"widget-product-info\">\n\t\t\t<a href=\"https:\/\/agroflex.cz\/fr\/produit\/base-en-tole-botanik-pour-serres\/\" title=\"Base en t\u00f4le Botanik pour serres\" class=\"wd-entities-title\">\n\t\t\t\tBase en t\u00f4le Botanik pour serres\t\t\t<\/a>\n\t\t\t\t\t\t\t\t\t\t\t\t\t<span class=\"price\"><span class=\"woocommerce-Price-amount amount\" aria-hidden=\"true\"><bdi>968<span class=\"woocommerce-Price-currencySymbol\">&#75;&#269;<\/span><\/bdi><\/span> <span aria-hidden=\"true\">\u00a0\u2013\u00a0<\/span> <span class=\"woocommerce-Price-amount amount\" aria-hidden=\"true\"><bdi>3 267<span class=\"woocommerce-Price-currencySymbol\">&#75;&#269;<\/span><\/bdi><\/span><span class=\"screen-reader-text\">Plage de prix\u00a0: 968&#75;&#269; \u00e0 3 267&#75;&#269;<\/span><\/span>\n\t\t<\/span>\n\t<\/span>\n\t<\/li>\n<\/ul><\/div><\/div>[vc_separator style=\u00a0\u00bbshadow\u00a0\u00bb border_width=\u00a0\u00bb5&Prime;][vc_column_text css=\u00a0\u00bb\u00a0\u00bb text_larger=\u00a0\u00bbno\u00a0\u00bb woodmart_inline=\u00a0\u00bbno\u00a0\u00bb]<\/p>\n<div class=\"vc_row wpb_row vc_row-fluid\">\n<div class=\"wpb_column vc_column_container vc_col-sm-12\">\n<div class=\"vc_column-inner\">\n<div class=\"wpb_wrapper\">\n<div class=\"wpb_text_column wpb_content_element\">\n<div class=\"wpb_wrapper\">\n<h5 style=\"text-align: center;\">Fixations<\/h5>\n<p>L\u2019assemblage d\u2019une serre est \u00e9galement simple et ne n\u00e9cessite pas de comp\u00e9tences particuli\u00e8res. Seul un ensemble minimal d\u2019outils est n\u00e9cessaire \u2013 une cl\u00e9, un tournevis, un couteau. Vous recevrez des instructions d\u00e9taill\u00e9es avec la serre. Les instructions illustr\u00e9es simplifieront davantage le processus de construction d\u2019une serre,   <\/p>\n<p>Si vous n\u2019avez pas le temps de l\u2019installer, <a href=\"https:\/\/agroflex.cz\/montaz-skleniku\/\" target=\"_blank\" rel=\"noopener\"><strong>vous pouvez commander l\u2019installation<\/strong><\/a> aupr\u00e8s de nos sp\u00e9cialistes, qui assembleront tout pour vous avec une grande expertise et dans les plus brefs d\u00e9lais. Bien que l\u2019assemblage de l\u2019ensemble de la serre soit simple, il faut le plus de temps pour couper et d\u00e9limiter le polycarbonate et le monter sur les deux c\u00f4t\u00e9s avant de la serre. C\u2019est pourquoi nous vous offrons la possibilit\u00e9 de commander cette partie <a href=\"https:\/\/agroflex.cz\/montaz-skleniku\/\" target=\"_blank\" rel=\"noopener\"><strong>de l\u2019assemblage<\/strong><\/a>, qui est effectu\u00e9e dans notre entrep\u00f4t, vous recevrez les deux faces avant remplies de polycarbonate du transporteur.  <\/p>\n<p>La serre peut \u00eatre modifi\u00e9e et la mise en \u0153uvre d\u2019extensions est possible \u00e0 l\u2019avenir, de sorte que la longueur th\u00e9orique de la serre est illimit\u00e9e.<\/p>\n<\/div>\n<\/div>\n<\/div>\n<\/div>\n<\/div>\n<\/div>\n<p>[\/vc_column_text][vc_separator style=\u00a0\u00bbshadow\u00a0\u00bb border_width=\u00a0\u00bb5&Prime;][vc_column_text woodmart_inline=\u00a0\u00bbno\u00a0\u00bb text_larger=\u00a0\u00bbno\u00a0\u00bb]<\/p>\n<h4 style=\"text-align: center;\">Alternatives<\/h4>\n<p>[\/vc_column_text]<div class=\"widget_products \"><div class=\"widget woocommerce widget_products\"><ul class=\"product_list_widget\"><li>\n\t\t<span class=\"widget-product-wrap\">\n\t\t<a href=\"https:\/\/agroflex.cz\/fr\/produit\/serre-de-jardin-solide-rimessa-l27\/\" title=\"Serre de jardin solide RIMESSA L27\" class=\"widget-product-img\">\n\t\t\t<img decoding=\"async\" width=\"300\" height=\"300\" src=\"https:\/\/agroflex.cz\/wp-content\/uploads\/2023\/09\/Skleniky-z-polykarbonatu-300x300.jpg\" class=\"attachment-woocommerce_thumbnail size-woocommerce_thumbnail\" alt=\"polykarbon\u00e1tov\u00fd sklen\u00edk\" srcset=\"https:\/\/agroflex.cz\/wp-content\/uploads\/2023\/09\/Skleniky-z-polykarbonatu-300x300.jpg 300w, https:\/\/agroflex.cz\/wp-content\/uploads\/2023\/09\/Skleniky-z-polykarbonatu-150x150.jpg 150w\" sizes=\"(max-width: 300px) 100vw, 300px\" \/>\t\t<\/a>\n\t\t<span class=\"widget-product-info\">\n\t\t\t<a href=\"https:\/\/agroflex.cz\/fr\/produit\/serre-de-jardin-solide-rimessa-l27\/\" title=\"Serre de jardin solide RIMESSA L27\" class=\"wd-entities-title\">\n\t\t\t\tSerre de jardin solide RIMESSA L27\t\t\t<\/a>\n\t\t\t\t\t\t\t<div class=\"star-rating\" role=\"img\" aria-label=\"Note 5.00 sur 5\"><span style=\"width:100%\">Note <strong class=\"rating\">5.00<\/strong> sur 5<\/span><\/div>\t\t\t\t\t\t<span class=\"price\"><span class=\"woocommerce-Price-amount amount\" aria-hidden=\"true\"><bdi>19 140<span class=\"woocommerce-Price-currencySymbol\">&#75;&#269;<\/span><\/bdi><\/span> <span aria-hidden=\"true\">\u00a0\u2013\u00a0<\/span> <span class=\"woocommerce-Price-amount amount\" aria-hidden=\"true\"><bdi>61 753<span class=\"woocommerce-Price-currencySymbol\">&#75;&#269;<\/span><\/bdi><\/span><span class=\"screen-reader-text\">Plage de prix\u00a0: 19 140&#75;&#269; \u00e0 61 753&#75;&#269;<\/span><\/span>\n\t\t<\/span>\n\t<\/span>\n\t<\/li>\n<\/ul><\/div><\/div>[vc_separator style=\u00a0\u00bbshadow\u00a0\u00bb border_width=\u00a0\u00bb5&Prime;][\/vc_column][\/vc_row]<\/p>\n<\/div>","protected":false},"excerpt":{"rendered":"<p style=\"text-align: justify;\"><span style=\"font-size: 10pt;\">Largeur de la serre 2,5 m, hauteur 2,25 m, longueur \u00e0 partir de 4 m. Serre de jardin avec double construction en acier. Les cristaux sont recouverts d\u2019un rev\u00eatement polym\u00e8re. Polycarbonate sp\u00e9cial pour les serres avec filtre UV. Construction de haute qualit\u00e9 et mat\u00e9riaux r\u00e9sistants au vent, \u00e0 la neige et \u00e0 la gr\u00eale.<br \/>\n<\/span><\/p>\n","protected":false},"featured_media":18761,"comment_status":"open","ping_status":"closed","template":"","meta":[],"product_brand":[419],"product_cat":[479,687,803,804],"product_tag":[],"class_list":{"0":"post-18760","1":"product","2":"type-product","3":"status-publish","4":"has-post-thumbnail","6":"product_brand-agroflex","7":"product_cat-serres-en-polycarbonate","8":"product_cat-serres-de-jardin-evenements","9":"product_cat-serres-voutees","10":"product_cat-serres-colorees","12":"first","13":"instock","14":"sale","15":"taxable","16":"shipping-taxable","17":"purchasable","18":"product-type-variable","19":"has-default-attributes"},"_links":{"self":[{"href":"https:\/\/agroflex.cz\/fr\/wp-json\/wp\/v2\/product\/18760","targetHints":{"allow":["GET"]}}],"collection":[{"href":"https:\/\/agroflex.cz\/fr\/wp-json\/wp\/v2\/product"}],"about":[{"href":"https:\/\/agroflex.cz\/fr\/wp-json\/wp\/v2\/types\/product"}],"replies":[{"embeddable":true,"href":"https:\/\/agroflex.cz\/fr\/wp-json\/wp\/v2\/comments?post=18760"}],"wp:featuredmedia":[{"embeddable":true,"href":"https:\/\/agroflex.cz\/fr\/wp-json\/wp\/v2\/media\/18761"}],"wp:attachment":[{"href":"https:\/\/agroflex.cz\/fr\/wp-json\/wp\/v2\/media?parent=18760"}],"wp:term":[{"taxonomy":"product_brand","embeddable":true,"href":"https:\/\/agroflex.cz\/fr\/wp-json\/wp\/v2\/product_brand?post=18760"},{"taxonomy":"product_cat","embeddable":true,"href":"https:\/\/agroflex.cz\/fr\/wp-json\/wp\/v2\/product_cat?post=18760"},{"taxonomy":"product_tag","embeddable":true,"href":"https:\/\/agroflex.cz\/fr\/wp-json\/wp\/v2\/product_tag?post=18760"}],"curies":[{"name":"wp","href":"https:\/\/api.w.org\/{rel}","templated":true}]}}